{"id":566,"date":"2022-07-24T22:56:06","date_gmt":"2022-07-24T20:56:06","guid":{"rendered":"https:\/\/webs.uab.cat\/programa-universitat-empresa\/desarrollamos-conectamos-impactamos\/"},"modified":"2026-01-28T16:34:38","modified_gmt":"2026-01-28T14:34:38","slug":"desarrollamos-conectamos-impactamos","status":"publish","type":"page","link":"https:\/\/webs.uab.cat\/programa-universitat-empresa\/desarrollamos-conectamos-impactamos\/?lang=es","title":{"rendered":"Desarrollamos &#8211; Conectamos &#8211; Impactamos"},"content":{"rendered":"\n<div class=\"wp-block-media-text alignwide is-stacked-on-mobile\" style=\"grid-template-columns:25% auto\"><figure class=\"wp-block-media-text__media\"><img loading=\"lazy\" decoding=\"async\" width=\"1024\" height=\"1024\" src=\"https:\/\/webs.uab.cat\/programa-universitat-empresa\/wp-content\/uploads\/sites\/77\/2023\/09\/Logo_PUEFEE-2-1024x1024.jpg\" alt=\"\" class=\"wp-image-1005 size-full\" srcset=\"https:\/\/webs.uab.cat\/programa-universitat-empresa\/wp-content\/uploads\/sites\/77\/2023\/09\/Logo_PUEFEE-2-1024x1024.jpg 1024w, https:\/\/webs.uab.cat\/programa-universitat-empresa\/wp-content\/uploads\/sites\/77\/2023\/09\/Logo_PUEFEE-2-300x300.jpg 300w, https:\/\/webs.uab.cat\/programa-universitat-empresa\/wp-content\/uploads\/sites\/77\/2023\/09\/Logo_PUEFEE-2-150x150.jpg 150w, https:\/\/webs.uab.cat\/programa-universitat-empresa\/wp-content\/uploads\/sites\/77\/2023\/09\/Logo_PUEFEE-2-768x768.jpg 768w, https:\/\/webs.uab.cat\/programa-universitat-empresa\/wp-content\/uploads\/sites\/77\/2023\/09\/Logo_PUEFEE-2.jpg 1066w\" sizes=\"auto, (max-width: 1024px) 100vw, 1024px\" \/><\/figure><div class=\"wp-block-media-text__content\">\n\n<p>El Programa Universitat-Empresa (PUE) es una iniciativa pionera de la<a href=\"https:\/\/www.uab.cat\/economia-empresa\/\" data-type=\"URL\" data-id=\"https:\/\/www.uab.cat\/economia-empresa\/\" target=\"_blank\" rel=\"noreferrer noopener\"> Facultat d&#8217;Economia i Empresa<\/a> de la UAB para acercar la universidad a la empresa y facilitar la profesionalizaci\u00f3n del estudiante por medio de su formaci\u00f3n pr\u00e1ctica en la empresa.<br \/><br \/>El programa permite al alumnado aplicar los conocimientos recibidos en la universidad y les facilita su incorporaci\u00f3n al mundo profesional con ocho meses de experiencia en una empresa o instituci\u00f3n.<\/p>\n\n\n<p>El PUE es mucho m\u00e1s que pr\u00e1cticas en empresas. El programa permite entrar en contacto con el mundo de la empresa, pero tambi\u00e9n inculca la cultura del esfuerzo, del compromiso, y proporciona a los estudiantes determinaci\u00f3n y confianza en ellos mismos.<\/p>\n\n\n<p>El PUE es financiado por las empresas e instituciones que participan en \u00e9l y es administrado por la <a rel=\"noreferrer noopener\" href=\"https:\/\/www.uab.cat\/parc-recerca\/\" data-type=\"URL\" data-id=\"https:\/\/www.uab.cat\/parc-recerca\/\" target=\"_blank\">Fundaci\u00f3 Parc de Recerca UAB<\/a><\/p>\n\n\n<p><\/p>\n\n<\/div><\/div>\n\n\n\n<div class=\"wp-block-columns alignwide is-layout-flex wp-container-core-columns-is-layout-9d6595d7 wp-block-columns-is-layout-flex\">\n<div class=\"wp-block-column has-text-color has-background has-link-color wp-elements-f76d815f3d9e9f3bd335a7a92dfb1cc4 is-layout-flow wp-block-column-is-layout-flow\" style=\"color:#000000;background-color:#f0f1f3;padding-top:2em;padding-right:2em;padding-bottom:2em;padding-left:2em\">\n<h2 class=\"wp-block-heading has-text-align-center\" id=\"single\" style=\"font-size:30px\"><strong><strong>S\u00e9 un alumno PUE<\/strong><\/strong><\/h2>\n\n\n<div class=\"wp-block-image\">\n<figure class=\"aligncenter size-full is-resized\"><img loading=\"lazy\" decoding=\"async\" width=\"500\" height=\"300\" src=\"https:\/\/webs.uab.cat\/programa-universitat-empresa\/wp-content\/uploads\/sites\/77\/2022\/07\/student_2.png\" alt=\"\" class=\"wp-image-188\" style=\"width:470px;height:300px\" srcset=\"https:\/\/webs.uab.cat\/programa-universitat-empresa\/wp-content\/uploads\/sites\/77\/2022\/07\/student_2.png 500w, https:\/\/webs.uab.cat\/programa-universitat-empresa\/wp-content\/uploads\/sites\/77\/2022\/07\/student_2-300x180.png 300w\" sizes=\"auto, (max-width: 500px) 100vw, 500px\" \/><\/figure>\n<\/div>\n\n\n<p>Si est\u00e1s en 1\u00ba o 2\u00ba de los grados de ADE o Econom\u00eda, y buscas una experiencia que te permita compaginar los dos \u00faltimos cursos del grado con un entorno laboral<\/p>\n\n\n\n<div class=\"wp-block-buttons alignfull is-horizontal is-content-justification-center is-layout-flex wp-container-core-buttons-is-layout-499968f5 wp-block-buttons-is-layout-flex\">\n<div class=\"wp-block-button has-custom-width wp-block-button__width-100\"><a class=\"wp-block-button__link has-white-color has-text-color has-background no-border-radius wp-element-button\" href=\"https:\/\/webs.uab.cat\/programa-universitat-empresa\/alumnes\/?lang=es\" style=\"background-color:#000000\">\u00a1TE INTERESA!<\/a><\/div>\n<\/div>\n<\/div>\n\n\n\n<div class=\"wp-block-column has-text-color has-background has-link-color wp-elements-ff2bf873ec191d56c32e95caea5ac390 is-layout-flow wp-block-column-is-layout-flow\" style=\"color:#000000;background-color:#f0f1f3;padding-top:2em;padding-right:2em;padding-bottom:2em;padding-left:2em\">\n<h2 class=\"wp-block-heading has-text-align-center\" id=\"family\" style=\"font-size:30px\"><strong><strong>Convi\u00e9rtete en una empresa PUE<\/strong><\/strong><\/h2>\n\n\n<div class=\"wp-block-image\">\n<figure class=\"aligncenter size-thumbnail is-resized\"><img loading=\"lazy\" decoding=\"async\" width=\"150\" height=\"150\" src=\"https:\/\/webs.uab.cat\/programa-universitat-empresa\/wp-content\/uploads\/sites\/77\/2022\/07\/briefcase-150x150.png\" alt=\"\" class=\"wp-image-190\" style=\"width:280px;height:300px\" srcset=\"https:\/\/webs.uab.cat\/programa-universitat-empresa\/wp-content\/uploads\/sites\/77\/2022\/07\/briefcase-150x150.png 150w, https:\/\/webs.uab.cat\/programa-universitat-empresa\/wp-content\/uploads\/sites\/77\/2022\/07\/briefcase-300x300.png 300w, https:\/\/webs.uab.cat\/programa-universitat-empresa\/wp-content\/uploads\/sites\/77\/2022\/07\/briefcase.png 512w\" sizes=\"auto, (max-width: 150px) 100vw, 150px\" \/><\/figure>\n<\/div>\n\n\n<p>El talento que buscas te est\u00e1 esperando. <br>Aqu\u00ed puedes encontrar a los mejores estudiantes de ADE y Econom\u00eda: tus futuros colaboradores.<\/p>\n\n\n\n<div class=\"wp-block-buttons alignfull is-horizontal is-content-justification-center is-layout-flex wp-container-core-buttons-is-layout-499968f5 wp-block-buttons-is-layout-flex\">\n<div class=\"wp-block-button has-custom-width wp-block-button__width-100 is-style-fill\"><a class=\"wp-block-button__link has-white-color has-text-color has-background no-border-radius wp-element-button\" href=\"https:\/\/webs.uab.cat\/programa-universitat-empresa\/universidad-y-empresa-una-relacion-clave\/?lang=es\" style=\"background-color:#000000\">DESCUBRE M\u00c1S<\/a><\/div>\n<\/div>\n<\/div>\n<\/div>\n\n\n\n<div class=\"wp-block-cover alignfull is-light\"><span aria-hidden=\"true\" class=\"wp-block-cover__background has-white-background-color has-background-dim-100 has-background-dim\"><\/span><div class=\"wp-block-cover__inner-container is-layout-flow wp-block-cover-is-layout-flow\">\n<h2 class=\"wp-block-heading has-text-align-center\">Una iniciativa de \u00e9xito desde el curso 1989\/1990<\/h2>\n\n\n\n<p class=\"has-text-align-center\">El Programa Universidad-Empresa lleva m\u00e1s de treinta a\u00f1os formando estudiantes altamente cualificados para entrar en el mundo laboral.<\/p>\n\n\n\n<div class=\"wp-block-columns alignfull has-text-color has-background is-layout-flex wp-container-core-columns-is-layout-9d6595d7 wp-block-columns-is-layout-flex\" style=\"color:#000000;background-color:#ffffff\">\n<div class=\"wp-block-column is-layout-flow wp-block-column-is-layout-flow\">\n<h2 class=\"wp-block-heading has-text-align-center has-text-color\" style=\"color:#0bb4aa;line-height:1.3\">2.541<\/h2>\n\n\n\n<p class=\"has-text-align-center\">alumnos han participado en el PUE<\/p>\n<\/div>\n\n\n\n<div class=\"wp-block-column is-layout-flow wp-block-column-is-layout-flow\">\n<h2 class=\"wp-block-heading has-text-align-center has-text-color\" style=\"color:#0bb4aa;line-height:1.3\"><strong>1<\/strong>82<\/h2>\n\n\n\n<p class=\"has-text-align-center\">empresas han acogido estudiantes<\/p>\n<\/div>\n\n\n\n<div class=\"wp-block-column is-layout-flow wp-block-column-is-layout-flow\">\n<h2 class=\"wp-block-heading has-text-align-center has-text-color\" style=\"color:#0bb4aa;line-height:1.3\">98%<\/h2>\n\n\n\n<p class=\"has-text-align-center\">de ocupaci\u00f3n de los alumnos<\/p>\n<\/div>\n<\/div>\n<\/div><\/div>\n\n\n\n<ul class=\"wp-block-social-links is-layout-flex wp-block-social-links-is-layout-flex\">\n\n\n\n<\/ul>\n","protected":false},"excerpt":{"rendered":"<p>El Programa Universitat-Empresa (PUE) es una iniciativa pionera de la Facultat d&#8217;Economia i Empresa de la UAB para acercar la universidad a la empresa y facilitar la profesionalizaci\u00f3n del estudiante por medio de su formaci\u00f3n pr\u00e1ctica en la empresa. El programa permite al alumnado aplicar los conocimientos recibidos en la universidad y les facilita su [&hellip;]<\/p>\n","protected":false},"author":61,"featured_media":0,"parent":0,"menu_order":0,"comment_status":"closed","ping_status":"closed","template":"index.php","meta":{"footnotes":""},"class_list":["post-566","page","type-page","status-publish","hentry"],"_links":{"self":[{"href":"https:\/\/webs.uab.cat\/programa-universitat-empresa\/wp-json\/wp\/v2\/pages\/566","targetHints":{"allow":["GET"]}}],"collection":[{"href":"https:\/\/webs.uab.cat\/programa-universitat-empresa\/wp-json\/wp\/v2\/pages"}],"about":[{"href":"https:\/\/webs.uab.cat\/programa-universitat-empresa\/wp-json\/wp\/v2\/types\/page"}],"author":[{"embeddable":true,"href":"https:\/\/webs.uab.cat\/programa-universitat-empresa\/wp-json\/wp\/v2\/users\/61"}],"replies":[{"embeddable":true,"href":"https:\/\/webs.uab.cat\/programa-universitat-empresa\/wp-json\/wp\/v2\/comments?post=566"}],"version-history":[{"count":45,"href":"https:\/\/webs.uab.cat\/programa-universitat-empresa\/wp-json\/wp\/v2\/pages\/566\/revisions"}],"predecessor-version":[{"id":1294,"href":"https:\/\/webs.uab.cat\/programa-universitat-empresa\/wp-json\/wp\/v2\/pages\/566\/revisions\/1294"}],"wp:attachment":[{"href":"https:\/\/webs.uab.cat\/programa-universitat-empresa\/wp-json\/wp\/v2\/media?parent=566"}],"curies":[{"name":"wp","href":"https:\/\/api.w.org\/{rel}","templated":true}]}}