{"id":599,"date":"2023-02-22T21:17:58","date_gmt":"2023-02-22T19:17:58","guid":{"rendered":"https:\/\/webs.uab.cat\/programa-universitat-empresa\/faqs\/"},"modified":"2026-01-28T16:35:27","modified_gmt":"2026-01-28T14:35:27","slug":"faqs","status":"publish","type":"page","link":"https:\/\/webs.uab.cat\/programa-universitat-empresa\/faqs\/?lang=es","title":{"rendered":"FAQS"},"content":{"rendered":"\n<dl class=\"pir\">\n<dt>\u00bfCu\u00e1ntas plazas hay en el PUE?<\/dt>\n\n\n\n<dd>60 plazas (curso 2026\/2027).<\/dd>\n\n\n\n<dt>\u00bfEs necesario tener un nivel de ingl\u00e9s determinado para poder entrar en el PUE?<\/dt>\n\n\n\n<dd>No, para entrar en el PUE no existe ning\u00fan requerimiento sobre el ingl\u00e9s. Sin embargo, para la mayor\u00eda de posiciones de pr\u00e1cticas es indispensable (en algunas piden un B2.2 y en otras un C1.1). Por lo tanto, si quieres tener m\u00e1s opciones para elegir las pr\u00e1cticas que m\u00e1s te interesen, deber\u00edas procurar acreditar un nivel de ingl\u00e9s.<\/dd>\n\n\n\n<dt>\u00bfLas becas y ayudas para los estudios universitarios son incompatibles con el PUE?<\/dt>\n\n\n\n<dd>La beca General del Ministerio o la beca de Equidad de la Generalidad son compatibles con el PUE.<\/dd>\n\n\n\n<dt>Si estoy cursando tercero, \u00bfpuedo pedir la preinscripci\u00f3n en el PUE para hacer s\u00f3lo cuarto?<\/dt>\n\n\n\n<dd>No. El programa est\u00e1 dise\u00f1ado para realizarlo en dos cursos, tercero y cuarto.<\/dd>\n\n\n\n<dt>Si estoy cursando el grado de ADE o Econom\u00eda en ingl\u00e9s, \u00bfpuedo realizar el PUE?<\/dt>\n\n\n\n<dd>No. En el PUE s\u00f3lo pueden participar los estudiantes de los grados de ADE (c\u00f3digo 1416) y Econom\u00eda (c\u00f3digo 1407).<\/dd>\n\n\n\n<dt>He realizado la preinscripci\u00f3n. \u00bfCu\u00e1ndo sabr\u00e9 si he sido seleccionado?<\/dt>\n\n\n\n<dd>La Comisi\u00f3n de Admisi\u00f3n se re\u00fane tras el cierre de las actas del segundo cuatrimestre (a mediados de julio). Se informa a los estudiantes, justo antes de la fecha de inicio del per\u00edodo de matriculaci\u00f3n del pr\u00f3ximo curso.<\/dd>\n\n\n\n<dt>En caso de ser seleccionado, \u00bfcu\u00e1ndo debo hacer la matr\u00edcula de tercero?<\/dt>\n\n\n\n<dd>Los estudiantes del PUE se matriculan a principios de septiembre.<\/dd>\n\n\n\n<dt>En el caso de ser seleccionado, \u00bfpuedo renunciar a la plaza?<\/dt>\n\n\n\n<dd>S\u00ed, puedes renunciar a tu plaza enviando un correo electr\u00f3nico a la direcci\u00f3n del PUE, indicando tus motivos.<\/dd>\n\n\n\n<dt>Como alumno PUE, \u00bfdebo participar en las actividades adicionales que el programa organiza?<\/dt>\n\n\n\n<dd>S\u00ed. Los alumnos PUE se comprometen a realizar las actividades adicionales (seminarios, conferencias, visitas,&#8230;) que el programa organiza. En el momento de ser admitido, dispondr\u00e1s de un calendario de las actividades m\u00e1s cercanas.<\/dd>\n\n\n\n<dt>\u00bfLas pr\u00e1cticas son de jornada completa o de media jornada?<\/dt>\n\n\n\n<dd>Las pr\u00e1cticas son de jornada completa.<\/dd>\n\n\n\n<dt>\u00bfLos horarios de las pr\u00e1cticas se adaptan al horario personal?<\/dt>\n\n\n\n<dd>No. Durante el periodo de pr\u00e1cticas el estudiante realiza el mismo horario que el resto de trabajadores de la empresa o instituci\u00f3n asignada.<\/dd>\n\n\n\n<dt>Estoy haciendo unas pr\u00e1cticas extracurriculares, \u00bflas podr\u00eda convalidar con la asignatura de Pr\u00e1cticas PUE?<\/dt>\n\n\n\n<dd>No. Las pr\u00e1cticas extracurriculares no pueden convalidarse con las Pr\u00e1cticas PUE.<\/dd>\n<\/dl>\n","protected":false},"excerpt":{"rendered":"","protected":false},"author":61,"featured_media":0,"parent":0,"menu_order":0,"comment_status":"closed","ping_status":"closed","template":"","meta":{"footnotes":""},"class_list":["post-599","page","type-page","status-publish","hentry"],"_links":{"self":[{"href":"https:\/\/webs.uab.cat\/programa-universitat-empresa\/wp-json\/wp\/v2\/pages\/599","targetHints":{"allow":["GET"]}}],"collection":[{"href":"https:\/\/webs.uab.cat\/programa-universitat-empresa\/wp-json\/wp\/v2\/pages"}],"about":[{"href":"https:\/\/webs.uab.cat\/programa-universitat-empresa\/wp-json\/wp\/v2\/types\/page"}],"author":[{"embeddable":true,"href":"https:\/\/webs.uab.cat\/programa-universitat-empresa\/wp-json\/wp\/v2\/users\/61"}],"replies":[{"embeddable":true,"href":"https:\/\/webs.uab.cat\/programa-universitat-empresa\/wp-json\/wp\/v2\/comments?post=599"}],"version-history":[{"count":15,"href":"https:\/\/webs.uab.cat\/programa-universitat-empresa\/wp-json\/wp\/v2\/pages\/599\/revisions"}],"predecessor-version":[{"id":1295,"href":"https:\/\/webs.uab.cat\/programa-universitat-empresa\/wp-json\/wp\/v2\/pages\/599\/revisions\/1295"}],"wp:attachment":[{"href":"https:\/\/webs.uab.cat\/programa-universitat-empresa\/wp-json\/wp\/v2\/media?parent=599"}],"curies":[{"name":"wp","href":"https:\/\/api.w.org\/{rel}","templated":true}]}}