{"id":682,"date":"2023-02-28T14:44:59","date_gmt":"2023-02-28T12:44:59","guid":{"rendered":"https:\/\/webs.uab.cat\/programa-universitat-empresa\/equipo\/"},"modified":"2025-02-11T17:22:54","modified_gmt":"2025-02-11T15:22:54","slug":"equipo","status":"publish","type":"page","link":"https:\/\/webs.uab.cat\/programa-universitat-empresa\/equipo\/?lang=es","title":{"rendered":"Equipo"},"content":{"rendered":"\n<h2 class=\"wp-block-heading\">Equipo de direcci\u00f3n:<\/h2>\n\n\n\n<p><strong>Direcci\u00f3n<\/strong>: Carlos Guallarte Nuez<br><strong>Coordinaci\u00f3n<\/strong>: Teresa Obis Artal<br><strong>Secretar\u00eda<\/strong>: Eul\u00e0lia Aymerich Boira<\/p>\n\n\n\n<h2 class=\"wp-block-heading\">Comissi\u00f3n de Admissiones:<\/h2>\n\n\n\n<p><strong>Decano Facultad de Econom\u00eda y Empresa<\/strong>: Alejandro Rialp Criado<br><strong>Vice-decano de Inserci\u00f3n Laboral, Emprendimiento y Pr\u00e1cticas<\/strong>: Stefan Van Hemmen<br><strong>Director PUE<\/strong>: Carlos Guallarte Nuez<br><strong>Coordinadora PUE<\/strong>: Teresa Obis Artal<\/p>\n\n\n\n<p><\/p>\n","protected":false},"excerpt":{"rendered":"<p>Equipo de direcci\u00f3n: Direcci\u00f3n: Carlos Guallarte NuezCoordinaci\u00f3n: Teresa Obis ArtalSecretar\u00eda: Eul\u00e0lia Aymerich Boira Comissi\u00f3n de Admissiones: Decano Facultad de Econom\u00eda y Empresa: Alejandro Rialp CriadoVice-decano de Inserci\u00f3n Laboral, Emprendimiento y Pr\u00e1cticas: Stefan Van HemmenDirector PUE: Carlos Guallarte NuezCoordinadora PUE: Teresa Obis Artal<\/p>\n","protected":false},"author":61,"featured_media":0,"parent":0,"menu_order":0,"comment_status":"closed","ping_status":"closed","template":"","meta":{"footnotes":""},"class_list":["post-682","page","type-page","status-publish","hentry"],"_links":{"self":[{"href":"https:\/\/webs.uab.cat\/programa-universitat-empresa\/wp-json\/wp\/v2\/pages\/682","targetHints":{"allow":["GET"]}}],"collection":[{"href":"https:\/\/webs.uab.cat\/programa-universitat-empresa\/wp-json\/wp\/v2\/pages"}],"about":[{"href":"https:\/\/webs.uab.cat\/programa-universitat-empresa\/wp-json\/wp\/v2\/types\/page"}],"author":[{"embeddable":true,"href":"https:\/\/webs.uab.cat\/programa-universitat-empresa\/wp-json\/wp\/v2\/users\/61"}],"replies":[{"embeddable":true,"href":"https:\/\/webs.uab.cat\/programa-universitat-empresa\/wp-json\/wp\/v2\/comments?post=682"}],"version-history":[{"count":8,"href":"https:\/\/webs.uab.cat\/programa-universitat-empresa\/wp-json\/wp\/v2\/pages\/682\/revisions"}],"predecessor-version":[{"id":1209,"href":"https:\/\/webs.uab.cat\/programa-universitat-empresa\/wp-json\/wp\/v2\/pages\/682\/revisions\/1209"}],"wp:attachment":[{"href":"https:\/\/webs.uab.cat\/programa-universitat-empresa\/wp-json\/wp\/v2\/media?parent=682"}],"curies":[{"name":"wp","href":"https:\/\/api.w.org\/{rel}","templated":true}]}}