{"id":8,"date":"2022-07-24T22:58:08","date_gmt":"2022-07-24T20:58:08","guid":{"rendered":"https:\/\/webs.uab.cat\/programa-universitat-empresa\/?page_id=8"},"modified":"2023-03-17T11:30:49","modified_gmt":"2023-03-17T09:30:49","slug":"alumnes","status":"publish","type":"page","link":"https:\/\/webs.uab.cat\/programa-universitat-empresa\/alumnes\/","title":{"rendered":"Sigues un alumne PUE"},"content":{"rendered":"\n<p class=\"has-text-align-left has-normal-font-size\">El Programa-Universitat Empresa  proporciona als estudiants de 3r i 4t curs dels graus d&#8217;ADE i Economia (queden exclosos els graus en angl\u00e8s), una formaci\u00f3 integral que es combina amb pr\u00e0ctiques en empreses i institucions.<\/p>\n\n\n\n<p class=\"has-normal-font-size\">Inclou actuacions encaminades a guiar el desenvolupament de les compet\u00e8ncies transversals i espec\u00edfiques; a fer possible l&#8217;autonomia, la iniciativa i l&#8217;autoconeixement de cada estudiant; a informar i orientar sobre sortides professionals i a afavorir la transici\u00f3 a la vida professional.<\/p>\n\n\n\n<p class=\"has-normal-font-size\">La inscripci\u00f3 al PUE no representa cap cost addicional a la matricula habitual del curs. Durant el per\u00edode de pr\u00e0ctiques, els estudiants reben un ajut a l&#8217;estudi. <\/p>\n\n\n\n<div class=\"wp-block-columns alignwide is-layout-flex wp-container-core-columns-is-layout-9d6595d7 wp-block-columns-is-layout-flex\">\n<div class=\"wp-block-column has-text-color has-background has-link-color wp-elements-afb8938abe5b3a7b85c8aeea17043146 is-layout-flow wp-block-column-is-layout-flow\" style=\"background-color:#f0f1f3;color:#000000;padding-top:2em;padding-right:2em;padding-bottom:2em;padding-left:2em\">\n<h2 class=\"has-text-align-center wp-block-heading\" id=\"single\" style=\"font-size:30px\"><strong>Doc\u00e8ncia adaptada<\/strong><\/h2>\n\n\n\n<figure class=\"wp-block-image size-full\"><img loading=\"lazy\" decoding=\"async\" width=\"900\" height=\"600\" src=\"https:\/\/webs.uab.cat\/programa-universitat-empresa\/wp-content\/uploads\/sites\/77\/2022\/07\/Icona_Docencia_2.png\" alt=\"\" class=\"wp-image-53\" srcset=\"https:\/\/webs.uab.cat\/programa-universitat-empresa\/wp-content\/uploads\/sites\/77\/2022\/07\/Icona_Docencia_2.png 900w, https:\/\/webs.uab.cat\/programa-universitat-empresa\/wp-content\/uploads\/sites\/77\/2022\/07\/Icona_Docencia_2-300x200.png 300w, https:\/\/webs.uab.cat\/programa-universitat-empresa\/wp-content\/uploads\/sites\/77\/2022\/07\/Icona_Docencia_2-768x512.png 768w\" sizes=\"auto, (max-width: 900px) 100vw, 900px\" \/><\/figure>\n\n\n\n<p class=\"has-small-font-size\" style=\"line-height:1.5\">Les assignatures dels cursos tercer i quart dels graus d\u2019ADE i ECO amb un calendari propi.<\/p>\n<\/div>\n\n\n\n<div class=\"wp-block-column has-text-color has-background has-link-color wp-elements-e455c4cdef797c923790b4da1655041f is-layout-flow wp-block-column-is-layout-flow\" style=\"background-color:#f0f1f3;color:#000000;padding-top:2em;padding-right:2em;padding-bottom:2em;padding-left:2em\">\n<h2 class=\"has-text-align-center wp-block-heading\" id=\"family\" style=\"font-size:30px\"><strong><strong>Pr\u00e0ctiques externes<\/strong><\/strong><\/h2>\n\n\n\n<figure class=\"wp-block-image size-full\"><img loading=\"lazy\" decoding=\"async\" width=\"900\" height=\"600\" src=\"https:\/\/webs.uab.cat\/programa-universitat-empresa\/wp-content\/uploads\/sites\/77\/2022\/07\/Icona_Practiques_2.png\" alt=\"\" class=\"wp-image-54\" srcset=\"https:\/\/webs.uab.cat\/programa-universitat-empresa\/wp-content\/uploads\/sites\/77\/2022\/07\/Icona_Practiques_2.png 900w, https:\/\/webs.uab.cat\/programa-universitat-empresa\/wp-content\/uploads\/sites\/77\/2022\/07\/Icona_Practiques_2-300x200.png 300w, https:\/\/webs.uab.cat\/programa-universitat-empresa\/wp-content\/uploads\/sites\/77\/2022\/07\/Icona_Practiques_2-768x512.png 768w\" sizes=\"auto, (max-width: 900px) 100vw, 900px\" \/><\/figure>\n\n\n\n<p class=\"has-small-font-size\">Tindr\u00e0s dos per\u00edodes de pr\u00e0ctiques de quatre mesos, en empreses o institucions.<br>Troba les pr\u00e0ctiques que et faran cr\u00e9ixer, que encaixin amb el que ets i amb el que vols arribar a ser. <\/p>\n<\/div>\n\n\n\n<div class=\"wp-block-column has-text-color has-background has-link-color wp-elements-a7e3efc8fec93ac674bd2efc2e9467ca is-layout-flow wp-block-column-is-layout-flow\" style=\"background-color:#f0f1f3;color:#000000;padding-top:2em;padding-right:2em;padding-bottom:2em;padding-left:2em\">\n<h2 class=\"has-text-align-center wp-block-heading\" id=\"patron\" style=\"font-size:30px\">Formaci\u00f3 addicional<\/h2>\n\n\n\n<figure class=\"wp-block-image size-full\"><img loading=\"lazy\" decoding=\"async\" width=\"900\" height=\"600\" src=\"https:\/\/webs.uab.cat\/programa-universitat-empresa\/wp-content\/uploads\/sites\/77\/2022\/07\/Icona_Habilitats_2.png\" alt=\"\" class=\"wp-image-55\" srcset=\"https:\/\/webs.uab.cat\/programa-universitat-empresa\/wp-content\/uploads\/sites\/77\/2022\/07\/Icona_Habilitats_2.png 900w, https:\/\/webs.uab.cat\/programa-universitat-empresa\/wp-content\/uploads\/sites\/77\/2022\/07\/Icona_Habilitats_2-300x200.png 300w, https:\/\/webs.uab.cat\/programa-universitat-empresa\/wp-content\/uploads\/sites\/77\/2022\/07\/Icona_Habilitats_2-768x512.png 768w\" sizes=\"auto, (max-width: 900px) 100vw, 900px\" \/><\/figure>\n\n\n\n<p class=\"has-small-font-size\">Formaci\u00f3 espec\u00edfica: emprenedoria, lideratge i digitalitzaci\u00f3.<br>Assistir\u00e0s a confer\u00e8ncies amb continguts actuals i a <em>workshops<\/em> que et permetran desenvolupar aquelles habilitats i capacitats importants per a la teva transici\u00f3 a la vida laboral.<\/p>\n<\/div>\n<\/div>\n\n\n\n<div class=\"wp-block-group alignfull\"><div class=\"wp-block-group__inner-container is-layout-flow wp-block-group-is-layout-flow\">\n<h2 class=\"has-text-align-center wp-block-heading\"><strong>Si vols ser alumne PUE &#8230;<\/strong><\/h2>\n<\/div><\/div>\n\n\n\n<div class=\"wp-block-columns alignwide is-layout-flex wp-container-core-columns-is-layout-9d6595d7 wp-block-columns-is-layout-flex\">\n<div class=\"wp-block-column has-text-color has-background has-link-color wp-elements-a99acc321716648bbce316bf36c33d5f is-layout-flow wp-block-column-is-layout-flow\" style=\"background-color:#8de0a97a;color:#000000;padding-top:2em;padding-right:2em;padding-bottom:2em;padding-left:2em\">\n<h2 class=\"wp-block-heading\" id=\"single\" style=\"font-size:40px\"><strong>1r curs<\/strong><\/h2>\n\n\n\n<ul class=\"has-normal-font-size wp-block-list\"><li><strong>Estigues atent al teu expedient acad\u00e8mic: <\/strong>seria bo mantenir una nota mitjana de 7 o superior.<\/li><li><strong>Millora el teu nivell angl\u00e8s:<\/strong> et ser\u00e0 \u00fatil per poder accedir a la majoria de les posicions de pr\u00e0ctiques.<\/li><li>Des del primer moment, <strong>comen\u00e7a a informar-te <\/strong>sobre el PUE.<\/li><\/ul>\n\n\n\n<div class=\"wp-block-buttons alignfull is-horizontal is-content-justification-center is-layout-flex wp-container-core-buttons-is-layout-499968f5 wp-block-buttons-is-layout-flex\">\n<div class=\"wp-block-button has-custom-width wp-block-button__width-100\"><a class=\"wp-block-button__link has-primary-color has-text-color has-background\" href=\"https:\/\/webs.uab.cat\/programa-universitat-empresa\/diptic-informatiu\/\" style=\"background-color:#f2f2f2\">M\u00c9S InformaCI\u00d3<\/a><\/div>\n<\/div>\n<\/div>\n\n\n\n<div class=\"wp-block-column has-text-color has-background has-link-color wp-elements-c8c0df25aa6122de30c506e63257873c is-layout-flow wp-block-column-is-layout-flow\" style=\"background-color:#6bd14969;color:#000000;padding-top:2em;padding-right:2em;padding-bottom:2em;padding-left:2em\">\n<h2 class=\"wp-block-heading\" id=\"family\" style=\"font-size:40px\"><strong>2n curs<\/strong><\/h2>\n\n\n\n<ul class=\"has-normal-font-size wp-block-list\"><li><strong>Continua atent al teu expedient acad\u00e8mic i al teu nivell d&#8217;angl\u00e8s.<\/strong><\/li><li><strong>Participa a les reunions informatives:<\/strong> al <strong>febrer<\/strong>, hi haur\u00e0 les primeres. Estigues atent al teu correu!<\/li><li><strong>Fes la preinscripci\u00f3.<\/strong><\/li><li><strong>Admissi\u00f3:<\/strong> es comunica a finals de juliol.<\/li><\/ul>\n\n\n\n<div class=\"wp-block-buttons alignfull is-horizontal is-content-justification-center is-layout-flex wp-container-core-buttons-is-layout-499968f5 wp-block-buttons-is-layout-flex\">\n<div class=\"wp-block-button has-custom-width wp-block-button__width-100\"><a class=\"wp-block-button__link has-primary-color has-text-color has-background\" href=\"https:\/\/webs.uab.cat\/programa-universitat-empresa\/preinscripcio\/\" style=\"background-color:#f2f2f2\">preinscripci\u00f3<\/a><\/div>\n<\/div>\n<\/div>\n<\/div>\n\n\n\n<h2 class=\"has-text-align-center wp-block-heading\">Quan siguis alumne PUE &#8230;<\/h2>\n\n\n\n<div class=\"wp-block-columns alignwide is-layout-flex wp-container-core-columns-is-layout-9d6595d7 wp-block-columns-is-layout-flex\">\n<div class=\"wp-block-column has-text-color has-background has-link-color wp-elements-7d7c8d09a2d096348957e71ec717836b is-layout-flow wp-block-column-is-layout-flow\" style=\"background-color:#0bbfad4d;color:#000000;padding-top:2em;padding-right:2em;padding-bottom:2em;padding-left:2em\">\n<h2 class=\"wp-block-heading\" id=\"single\" style=\"font-size:40px\"><strong>3r curs<\/strong><\/h2>\n\n\n\n<ul class=\"has-normal-font-size wp-block-list\"><li><strong>Setembre &#8211; Desembre:<\/strong> Doc\u00e8ncia (1r quadrimestre, inclosa l&#8217;avaluaci\u00f3).<\/li><li><strong>Gener &#8211; Abril:<\/strong> 1r per\u00edode de pr\u00e0ctiques.<\/li><li><strong>Maig &#8211; Juliol:<\/strong> Doc\u00e8ncia (2n quadrimestre, inclosa l&#8217;avaluaci\u00f3)<\/li><\/ul>\n<\/div>\n\n\n\n<div class=\"wp-block-column has-text-color has-background has-link-color wp-elements-2cb25a4126be6f2b531041a3417611f4 is-layout-flow wp-block-column-is-layout-flow\" style=\"background-color:#0bb5ad78;color:#000000;padding-top:2em;padding-right:2em;padding-bottom:2em;padding-left:2em\">\n<h2 class=\"wp-block-heading\" id=\"family\" style=\"font-size:40px\"><strong>4t curs<\/strong><\/h2>\n\n\n\n<ul class=\"has-normal-font-size wp-block-list\"><li><strong>Setembre &#8211; Desembre:<\/strong> 2n per\u00edode de pr\u00e0ctiques.<\/li><li><strong>Gener &#8211; Juny:<\/strong> Doc\u00e8ncia i avaluaci\u00f3.<\/li><\/ul>\n\n\n\n<div class=\"wp-block-buttons alignfull is-horizontal is-content-justification-center is-layout-flex wp-container-core-buttons-is-layout-499968f5 wp-block-buttons-is-layout-flex\">\n<div class=\"wp-block-button has-custom-width wp-block-button__width-100\"><a class=\"wp-block-button__link has-primary-color has-text-color has-background\" href=\"https:\/\/webs.uab.cat\/programa-universitat-empresa\/pla-docent\/\" style=\"background-color:#f2f2f2\">Pla docent de 3r i 4t<\/a><\/div>\n<\/div>\n<\/div>\n<\/div>\n\n\n\n<h2 class=\"has-text-align-center wp-block-heading\" id=\"informacioestudiant\">Ets estudiant, vols m\u00e9s informaci\u00f3?<\/h2>\n\n\n<script>\nvar gform;gform||(document.addEventListener(\"gform_main_scripts_loaded\",function(){gform.scriptsLoaded=!0}),document.addEventListener(\"gform\/theme\/scripts_loaded\",function(){gform.themeScriptsLoaded=!0}),window.addEventListener(\"DOMContentLoaded\",function(){gform.domLoaded=!0}),gform={domLoaded:!1,scriptsLoaded:!1,themeScriptsLoaded:!1,isFormEditor:()=>\"function\"==typeof InitializeEditor,callIfLoaded:function(o){return!(!gform.domLoaded||!gform.scriptsLoaded||!gform.themeScriptsLoaded&&!gform.isFormEditor()||(gform.isFormEditor()&&console.warn(\"The use of gform.initializeOnLoaded() is deprecated in the form editor context and will be removed in Gravity Forms 3.1.\"),o(),0))},initializeOnLoaded:function(o){gform.callIfLoaded(o)||(document.addEventListener(\"gform_main_scripts_loaded\",()=>{gform.scriptsLoaded=!0,gform.callIfLoaded(o)}),document.addEventListener(\"gform\/theme\/scripts_loaded\",()=>{gform.themeScriptsLoaded=!0,gform.callIfLoaded(o)}),window.addEventListener(\"DOMContentLoaded\",()=>{gform.domLoaded=!0,gform.callIfLoaded(o)}))},hooks:{action:{},filter:{}},addAction:function(o,r,e,t){gform.addHook(\"action\",o,r,e,t)},addFilter:function(o,r,e,t){gform.addHook(\"filter\",o,r,e,t)},doAction:function(o){gform.doHook(\"action\",o,arguments)},applyFilters:function(o){return gform.doHook(\"filter\",o,arguments)},removeAction:function(o,r){gform.removeHook(\"action\",o,r)},removeFilter:function(o,r,e){gform.removeHook(\"filter\",o,r,e)},addHook:function(o,r,e,t,n){null==gform.hooks[o][r]&&(gform.hooks[o][r]=[]);var d=gform.hooks[o][r];null==n&&(n=r+\"_\"+d.length),gform.hooks[o][r].push({tag:n,callable:e,priority:t=null==t?10:t})},doHook:function(r,o,e){var t;if(e=Array.prototype.slice.call(e,1),null!=gform.hooks[r][o]&&((o=gform.hooks[r][o]).sort(function(o,r){return o.priority-r.priority}),o.forEach(function(o){\"function\"!=typeof(t=o.callable)&&(t=window[t]),\"action\"==r?t.apply(null,e):e[0]=t.apply(null,e)})),\"filter\"==r)return e[0]},removeHook:function(o,r,t,n){var e;null!=gform.hooks[o][r]&&(e=(e=gform.hooks[o][r]).filter(function(o,r,e){return!!(null!=n&&n!=o.tag||null!=t&&t!=o.priority)}),gform.hooks[o][r]=e)}});\n<\/script>\n\n                <div class='gf_browser_gecko gform_wrapper gravity-theme gform-theme--no-framework' data-form-theme='gravity-theme' data-form-index='0' id='gform_wrapper_1' >\n                        <div class='gform_heading'>\n                            <p class='gform_description'><\/p>\n                        <\/div><form method='post' enctype='multipart\/form-data'  id='gform_1'  action='\/programa-universitat-empresa\/wp-json\/wp\/v2\/pages\/8' data-formid='1' novalidate>\n                        <div class='gform-body gform_body'><div id='gform_fields_1' class='gform_fields top_label form_sublabel_below description_below validation_below'><div id=\"field_1_11\" class=\"gfield gfield--type-honeypot gform_validation_container field_sublabel_below gfield--has-description field_description_below field_validation_below gfield_visibility_visible\"  ><label class='gfield_label gform-field-label' for='input_1_11'>Email<\/label><div class='ginput_container'><input name='input_11' id='input_1_11' type='text' value='' autocomplete='new-password'\/><\/div><div class='gfield_description' id='gfield_description_1_11'>Aquest camp nom\u00e9s \u00e9s per validaci\u00f3 i no s&#8217;ha de modificar.<\/div><\/div><div id=\"field_1_7\" class=\"gfield gfield--type-text gfield--width-full gfield_contains_required field_sublabel_below gfield--no-description field_description_below field_validation_below gfield_visibility_visible\"  ><label class='gfield_label gform-field-label' for='input_1_7'>Nom i Cognoms<span class=\"gfield_required\"><span class=\"gfield_required gfield_required_text\">(Obligatori)<\/span><\/span><\/label><div class='ginput_container ginput_container_text'><input name='input_7' id='input_1_7' type='text' value='' class='large'     aria-required=\"true\" aria-invalid=\"false\"   \/><\/div><\/div><div id=\"field_1_8\" class=\"gfield gfield--type-text gfield--width-full gfield_contains_required field_sublabel_below gfield--no-description field_description_below field_validation_below gfield_visibility_visible\"  ><label class='gfield_label gform-field-label' for='input_1_8'>Grau<span class=\"gfield_required\"><span class=\"gfield_required gfield_required_text\">(Obligatori)<\/span><\/span><\/label><div class='ginput_container ginput_container_text'><input name='input_8' id='input_1_8' type='text' value='' class='large'     aria-required=\"true\" aria-invalid=\"false\"   \/><\/div><\/div><div id=\"field_1_4\" class=\"gfield gfield--type-email gfield--width-full gfield_contains_required field_sublabel_below gfield--no-description field_description_below field_validation_below gfield_visibility_visible\"  ><label class='gfield_label gform-field-label' for='input_1_4'>Correu electr\u00f2nic<span class=\"gfield_required\"><span class=\"gfield_required gfield_required_text\">(Obligatori)<\/span><\/span><\/label><div class='ginput_container ginput_container_email'>\n                            <input name='input_4' id='input_1_4' type='email' value='' class='large'    aria-required=\"true\" aria-invalid=\"false\"  \/>\n                        <\/div><\/div><div id=\"field_1_10\" class=\"gfield gfield--type-text gfield--width-full field_sublabel_below gfield--no-description field_description_below field_validation_below gfield_visibility_visible\"  ><label class='gfield_label gform-field-label' for='input_1_10'>Tel\u00e8fon<\/label><div class='ginput_container ginput_container_text'><input name='input_10' id='input_1_10' type='text' value='' class='large'      aria-invalid=\"false\"   \/><\/div><\/div><div id=\"field_1_6\" class=\"gfield gfield--type-textarea gfield--width-full gfield_contains_required field_sublabel_below gfield--no-description field_description_below field_validation_below gfield_visibility_visible\"  ><label class='gfield_label gform-field-label' for='input_1_6'>Qu\u00e8 necessites saber?<span class=\"gfield_required\"><span class=\"gfield_required gfield_required_text\">(Obligatori)<\/span><\/span><\/label><div class='ginput_container ginput_container_textarea'><textarea name='input_6' id='input_1_6' class='textarea large'     aria-required=\"true\" aria-invalid=\"false\"   rows='10' cols='50'><\/textarea><\/div><\/div><\/div><\/div>\n        <div class='gform-footer gform_footer top_label'> <input type='submit' id='gform_submit_button_1' class='gform_button button' onclick='gform.submission.handleButtonClick(this);' data-submission-type='submit' value='Envia'  \/> \n            <input type='hidden' class='gform_hidden' name='gform_submission_method' data-js='gform_submission_method_1' value='postback' \/>\n            <input type='hidden' class='gform_hidden' name='gform_theme' data-js='gform_theme_1' id='gform_theme_1' value='gravity-theme' \/>\n            <input type='hidden' class='gform_hidden' name='gform_style_settings' data-js='gform_style_settings_1' id='gform_style_settings_1' value='[]' \/>\n            <input type='hidden' class='gform_hidden' name='is_submit_1' value='1' \/>\n            <input type='hidden' class='gform_hidden' name='gform_submit' value='1' \/>\n            \n            <input type='hidden' class='gform_hidden' name='gform_currency' data-currency='USD' value='2Q9CHgvI8kco\/nh\/1fQQskBnvXG6myz5Td3wBTv\/1gqSlpukbZcWjoR07yHjLnXQUB1\/p5KKel2SUqyrB+XGPbd4DDSeiDPTIp4CqsDW1fmsAXk=' \/>\n            <input type='hidden' class='gform_hidden' name='gform_unique_id' value='' \/>\n            <input type='hidden' class='gform_hidden' name='state_1' value='WyJbXSIsIjg4MTIzNDZjMzY1MTQxOGU4NDEyNTc1MWUyYTUwN2U3Il0=' \/>\n            <input type='hidden' autocomplete='off' class='gform_hidden' name='gform_target_page_number_1' id='gform_target_page_number_1' value='0' \/>\n            <input type='hidden' autocomplete='off' class='gform_hidden' name='gform_source_page_number_1' id='gform_source_page_number_1' value='1' \/>\n            <input type='hidden' name='gform_field_values' value='' \/>\n            \n        <\/div>\n                        <\/form>\n                        <\/div><script>\ngform.initializeOnLoaded( function() {gformInitSpinner( 1, 'https:\/\/webs.uab.cat\/programa-universitat-empresa\/wp-content\/plugins\/gravityforms\/images\/spinner.svg', true );jQuery('#gform_ajax_frame_1').on('load',function(){var contents = jQuery(this).contents().find('*').html();var is_postback = contents.indexOf('GF_AJAX_POSTBACK') >= 0;if(!is_postback){return;}var form_content = jQuery(this).contents().find('#gform_wrapper_1');var is_confirmation = jQuery(this).contents().find('#gform_confirmation_wrapper_1').length > 0;var is_redirect = contents.indexOf('gformRedirect(){') >= 0;var is_form = form_content.length > 0 && ! is_redirect && ! is_confirmation;var mt = parseInt(jQuery('html').css('margin-top'), 10) + parseInt(jQuery('body').css('margin-top'), 10) + 100;if(is_form){jQuery('#gform_wrapper_1').html(form_content.html());if(form_content.hasClass('gform_validation_error')){jQuery('#gform_wrapper_1').addClass('gform_validation_error');} else {jQuery('#gform_wrapper_1').removeClass('gform_validation_error');}setTimeout( function() { \/* delay the scroll by 50 milliseconds to fix a bug in chrome *\/  }, 50 );if(window['gformInitDatepicker']) {gformInitDatepicker();}if(window['gformInitPriceFields']) {gformInitPriceFields();}var current_page = jQuery('#gform_source_page_number_1').val();gformInitSpinner( 1, 'https:\/\/webs.uab.cat\/programa-universitat-empresa\/wp-content\/plugins\/gravityforms\/images\/spinner.svg', true );jQuery(document).trigger('gform_page_loaded', [1, current_page]);window['gf_submitting_1'] = false;}else if(!is_redirect){var confirmation_content = jQuery(this).contents().find('.GF_AJAX_POSTBACK').html();if(!confirmation_content){confirmation_content = contents;}jQuery('#gform_wrapper_1').replaceWith(confirmation_content);jQuery(document).trigger('gform_confirmation_loaded', [1]);window['gf_submitting_1'] = false;wp.a11y.speak(jQuery('#gform_confirmation_message_1').text());}else{jQuery('#gform_1').append(contents);if(window['gformRedirect']) {gformRedirect();}}jQuery(document).trigger(\"gform_pre_post_render\", [{ formId: \"1\", currentPage: \"current_page\", abort: function() { this.preventDefault(); } }]);        if (event && event.defaultPrevented) {                return;        }        const gformWrapperDiv = document.getElementById( \"gform_wrapper_1\" );        if ( gformWrapperDiv ) {            const visibilitySpan = document.createElement( \"span\" );            visibilitySpan.id = \"gform_visibility_test_1\";            gformWrapperDiv.insertAdjacentElement( \"afterend\", visibilitySpan );        }        const visibilityTestDiv = document.getElementById( \"gform_visibility_test_1\" );        let postRenderFired = false;        function triggerPostRender() {            if ( postRenderFired ) {                return;            }            postRenderFired = true;            gform.core.triggerPostRenderEvents( 1, current_page );            if ( visibilityTestDiv ) {                visibilityTestDiv.parentNode.removeChild( visibilityTestDiv );            }        }        function debounce( func, wait, immediate ) {            var timeout;            return function() {                var context = this, args = arguments;                var later = function() {                    timeout = null;                    if ( !immediate ) func.apply( context, args );                };                var callNow = immediate && !timeout;                clearTimeout( timeout );                timeout = setTimeout( later, wait );                if ( callNow ) func.apply( context, args );            };        }        const debouncedTriggerPostRender = debounce( function() {            triggerPostRender();        }, 200 );        if ( visibilityTestDiv && visibilityTestDiv.offsetParent === null ) {            const observer = new MutationObserver( ( mutations ) => {                mutations.forEach( ( mutation ) => {                    if ( mutation.type === 'attributes' && visibilityTestDiv.offsetParent !== null ) {                        debouncedTriggerPostRender();                        observer.disconnect();                    }                });            });            observer.observe( document.body, {                attributes: true,                childList: false,                subtree: true,                attributeFilter: [ 'style', 'class' ],            });        } else {            triggerPostRender();        }    } );} );\n<\/script>\n","protected":false},"excerpt":{"rendered":"<p>El Programa-Universitat Empresa proporciona als estudiants de 3r i 4t curs dels graus d&#8217;ADE i Economia (queden exclosos els graus en angl\u00e8s), una formaci\u00f3 integral que es combina amb pr\u00e0ctiques en empreses i institucions. Inclou actuacions encaminades a guiar el desenvolupament de les compet\u00e8ncies transversals i espec\u00edfiques; a fer possible l&#8217;autonomia, la iniciativa i l&#8217;autoconeixement [&hellip;]<\/p>\n","protected":false},"author":61,"featured_media":0,"parent":0,"menu_order":0,"comment_status":"closed","ping_status":"closed","template":"","meta":{"footnotes":""},"class_list":["post-8","page","type-page","status-publish","hentry"],"_links":{"self":[{"href":"https:\/\/webs.uab.cat\/programa-universitat-empresa\/wp-json\/wp\/v2\/pages\/8","targetHints":{"allow":["GET"]}}],"collection":[{"href":"https:\/\/webs.uab.cat\/programa-universitat-empresa\/wp-json\/wp\/v2\/pages"}],"about":[{"href":"https:\/\/webs.uab.cat\/programa-universitat-empresa\/wp-json\/wp\/v2\/types\/page"}],"author":[{"embeddable":true,"href":"https:\/\/webs.uab.cat\/programa-universitat-empresa\/wp-json\/wp\/v2\/users\/61"}],"replies":[{"embeddable":true,"href":"https:\/\/webs.uab.cat\/programa-universitat-empresa\/wp-json\/wp\/v2\/comments?post=8"}],"version-history":[{"count":48,"href":"https:\/\/webs.uab.cat\/programa-universitat-empresa\/wp-json\/wp\/v2\/pages\/8\/revisions"}],"predecessor-version":[{"id":854,"href":"https:\/\/webs.uab.cat\/programa-universitat-empresa\/wp-json\/wp\/v2\/pages\/8\/revisions\/854"}],"wp:attachment":[{"href":"https:\/\/webs.uab.cat\/programa-universitat-empresa\/wp-json\/wp\/v2\/media?parent=8"}],"curies":[{"name":"wp","href":"https:\/\/api.w.org\/{rel}","templated":true}]}}