{"id":2,"date":"2026-02-24T11:11:23","date_gmt":"2026-02-24T09:11:23","guid":{"rendered":"https:\/\/webs.uab.cat\/projecte-ainhoa\/?page_id=2"},"modified":"2026-02-25T14:15:46","modified_gmt":"2026-02-25T12:15:46","slug":"home","status":"publish","type":"page","link":"https:\/\/webs.uab.cat\/projecte-ainhoa\/","title":{"rendered":""},"content":{"rendered":"\n<div class=\"wp-block-columns alignwide is-layout-flex wp-container-core-columns-is-layout-9d6595d7 wp-block-columns-is-layout-flex\">\n<div class=\"wp-block-column is-layout-flow wp-block-column-is-layout-flow\" style=\"flex-basis:33.33%\">\n<p class=\"wp-block-uab-info missatge\">El projecte <br>PDC2025-164948-I00 est\u00e0 finan\u00e7at per: <\/p>\n\n\n\n<figure class=\"wp-block-image size-large\"><img loading=\"lazy\" decoding=\"async\" width=\"1024\" height=\"251\" src=\"https:\/\/webs.uab.cat\/projecte-ainhoa\/wp-content\/uploads\/sites\/721\/2026\/02\/MICIUAEI-1024x251.jpg\" alt=\"\" class=\"wp-image-7\" srcset=\"https:\/\/webs.uab.cat\/projecte-ainhoa\/wp-content\/uploads\/sites\/721\/2026\/02\/MICIUAEI-1024x251.jpg 1024w, https:\/\/webs.uab.cat\/projecte-ainhoa\/wp-content\/uploads\/sites\/721\/2026\/02\/MICIUAEI-300x74.jpg 300w, https:\/\/webs.uab.cat\/projecte-ainhoa\/wp-content\/uploads\/sites\/721\/2026\/02\/MICIUAEI-768x189.jpg 768w, https:\/\/webs.uab.cat\/projecte-ainhoa\/wp-content\/uploads\/sites\/721\/2026\/02\/MICIUAEI-1536x377.jpg 1536w, https:\/\/webs.uab.cat\/projecte-ainhoa\/wp-content\/uploads\/sites\/721\/2026\/02\/MICIUAEI-2048x503.jpg 2048w, https:\/\/webs.uab.cat\/projecte-ainhoa\/wp-content\/uploads\/sites\/721\/2026\/02\/MICIUAEI-1200x295.jpg 1200w, https:\/\/webs.uab.cat\/projecte-ainhoa\/wp-content\/uploads\/sites\/721\/2026\/02\/MICIUAEI-1980x486.jpg 1980w\" sizes=\"auto, (max-width: 1024px) 100vw, 1024px\" \/><\/figure>\n<\/div>\n\n\n\n<div class=\"wp-block-column is-layout-flow wp-block-column-is-layout-flow\" style=\"flex-basis:66.66%\">\n<p>El projecte\u00a0AINHOA t\u00e9 com a objectiu desenvolupar i avan\u00e7ar etapes en la comercialitzaci\u00f3 d\u2019un sistema no invasiu per mesurar la glucosa en sang, basat en sensors planars de microones, assistit per intel\u00b7lig\u00e8ncia artificial (IA). Les microones permeten obtenir informaci\u00f3 sobre la glucosa en interactuar amb els teixits, per\u00f2 la complexitat de la sang, la pres\u00e8ncia de la pell, factors fisiol\u00f2gics i la baixa sensibilitat de les senyals fan necess\u00e0ria la IA per millorar la precisi\u00f3.<br>L\u2019equip ja va validar la tecnologia en el marc del projecte PID2022-139181OB-I00, aconseguint mesurar glucosa, sodi i potassi en solucions aquoses. Ara, l\u2019objectiu \u00e9s crear un prototip funcional (TRL-7) per a proves in vivo en voluntaris, que serveixi com a base per establir aliances amb empreses i hospitals, i facilitar la transfer\u00e8ncia tecnol\u00f2gica al mercat.<\/p>\n<\/div>\n<\/div>\n\n\n\n<p><\/p>\n","protected":false},"excerpt":{"rendered":"<p>El projecte\u00a0AINHOA t\u00e9 com a objectiu desenvolupar i avan\u00e7ar etapes en la comercialitzaci\u00f3 d\u2019un sistema no invasiu per mesurar la glucosa en sang, basat en sensors planars de microones, assistit per intel\u00b7lig\u00e8ncia artificial (IA). Les microones permeten obtenir informaci\u00f3 sobre la glucosa en interactuar amb els teixits, per\u00f2 la complexitat de la sang, la pres\u00e8ncia [&hellip;]<\/p>\n","protected":false},"author":2651,"featured_media":0,"parent":0,"menu_order":0,"comment_status":"closed","ping_status":"open","template":"","meta":{"footnotes":""},"class_list":["post-2","page","type-page","status-publish","hentry"],"_links":{"self":[{"href":"https:\/\/webs.uab.cat\/projecte-ainhoa\/wp-json\/wp\/v2\/pages\/2","targetHints":{"allow":["GET"]}}],"collection":[{"href":"https:\/\/webs.uab.cat\/projecte-ainhoa\/wp-json\/wp\/v2\/pages"}],"about":[{"href":"https:\/\/webs.uab.cat\/projecte-ainhoa\/wp-json\/wp\/v2\/types\/page"}],"author":[{"embeddable":true,"href":"https:\/\/webs.uab.cat\/projecte-ainhoa\/wp-json\/wp\/v2\/users\/2651"}],"replies":[{"embeddable":true,"href":"https:\/\/webs.uab.cat\/projecte-ainhoa\/wp-json\/wp\/v2\/comments?post=2"}],"version-history":[{"count":3,"href":"https:\/\/webs.uab.cat\/projecte-ainhoa\/wp-json\/wp\/v2\/pages\/2\/revisions"}],"predecessor-version":[{"id":21,"href":"https:\/\/webs.uab.cat\/projecte-ainhoa\/wp-json\/wp\/v2\/pages\/2\/revisions\/21"}],"wp:attachment":[{"href":"https:\/\/webs.uab.cat\/projecte-ainhoa\/wp-json\/wp\/v2\/media?parent=2"}],"curies":[{"name":"wp","href":"https:\/\/api.w.org\/{rel}","templated":true}]}}