{"id":2,"date":"2023-07-17T10:04:30","date_gmt":"2023-07-17T08:04:30","guid":{"rendered":"https:\/\/webs.uab.cat\/projectecult\/?page_id=2"},"modified":"2024-11-06T11:25:19","modified_gmt":"2024-11-06T09:25:19","slug":"pagina-exemple","status":"publish","type":"page","link":"https:\/\/webs.uab.cat\/projectecult\/pagina-exemple\/","title":{"rendered":"Qui Som"},"content":{"rendered":"\n<p><\/p>\n\n\n\n<figure class=\"wp-block-image alignwide size-full\"><img loading=\"lazy\" decoding=\"async\" width=\"1024\" height=\"472\" src=\"https:\/\/webs.uab.cat\/projectecult\/wp-content\/uploads\/sites\/457\/2023\/07\/Quim-som.webp\" alt=\"\" class=\"wp-image-103\" srcset=\"https:\/\/webs.uab.cat\/projectecult\/wp-content\/uploads\/sites\/457\/2023\/07\/Quim-som.webp 1024w, https:\/\/webs.uab.cat\/projectecult\/wp-content\/uploads\/sites\/457\/2023\/07\/Quim-som-300x138.webp 300w, https:\/\/webs.uab.cat\/projectecult\/wp-content\/uploads\/sites\/457\/2023\/07\/Quim-som-768x354.webp 768w\" sizes=\"auto, (max-width: 1024px) 100vw, 1024px\" \/><\/figure>\n\n\n\n<h2 class=\"wp-block-heading has-text-align-center has-verd-tropic-color has-text-color has-large-font-size\"><strong>EQUIP DE RECERCA I DE TREBALL<\/strong><\/h2>\n\n\n\n<div class=\"wp-block-columns is-layout-flex wp-container-core-columns-is-layout-9d6595d7 wp-block-columns-is-layout-flex\">\n<div class=\"wp-block-column is-layout-flow wp-block-column-is-layout-flow\">\n<figure class=\"wp-block-image size-full is-resized\"><img loading=\"lazy\" decoding=\"async\" width=\"215\" height=\"215\" src=\"https:\/\/webs.uab.cat\/projectecult\/wp-content\/uploads\/sites\/457\/2023\/07\/jULIA.png\" alt=\"\" class=\"wp-image-106\" style=\"width:209px;height:209px\" srcset=\"https:\/\/webs.uab.cat\/projectecult\/wp-content\/uploads\/sites\/457\/2023\/07\/jULIA.png 215w, https:\/\/webs.uab.cat\/projectecult\/wp-content\/uploads\/sites\/457\/2023\/07\/jULIA-150x150.png 150w\" sizes=\"auto, (max-width: 215px) 100vw, 215px\" \/><\/figure>\n\n\n\n<p class=\"has-text-align-center\"><strong>Dra. J\u00falia Llompart Esbert<\/strong>&nbsp;<\/p>\n\n\n\n<p class=\"has-text-align-center\"><sub><strong>Investigadora principal<\/strong><\/sub><\/p>\n\n\n\n<p class=\"has-text-align-center\"><sup>Universitat Aut\u00f2noma de Barcelona <\/sup><\/p>\n<\/div>\n\n\n\n<div class=\"wp-block-column is-layout-flow wp-block-column-is-layout-flow\">\n<figure class=\"wp-block-image size-full\"><img loading=\"lazy\" decoding=\"async\" width=\"211\" height=\"207\" src=\"https:\/\/webs.uab.cat\/projectecult\/wp-content\/uploads\/sites\/457\/2023\/07\/Melinda.png\" alt=\"\" class=\"wp-image-107\" \/><\/figure>\n\n\n\n<p class=\"has-text-align-center\"><strong>Dra. Melinda Ann Dooly Owenby<\/strong><\/p>\n\n\n\n<p class=\"has-text-align-center\"><sup>Universitat Aut\u00f2noma de Barcelona <\/sup><\/p>\n<\/div>\n\n\n\n<div class=\"wp-block-column is-layout-flow wp-block-column-is-layout-flow\">\n<figure class=\"wp-block-image size-full\"><img loading=\"lazy\" decoding=\"async\" width=\"215\" height=\"215\" src=\"https:\/\/webs.uab.cat\/projectecult\/wp-content\/uploads\/sites\/457\/2023\/07\/Reinaldo.png\" alt=\"\" class=\"wp-image-108\" srcset=\"https:\/\/webs.uab.cat\/projectecult\/wp-content\/uploads\/sites\/457\/2023\/07\/Reinaldo.png 215w, https:\/\/webs.uab.cat\/projectecult\/wp-content\/uploads\/sites\/457\/2023\/07\/Reinaldo-150x150.png 150w\" sizes=\"auto, (max-width: 215px) 100vw, 215px\" \/><\/figure>\n\n\n\n<p class=\"has-text-align-center\"><strong>Dr. J. Reinaldo Mart\u00ednez-Fern\u00e1ndez<\/strong><\/p>\n\n\n\n<p class=\"has-text-align-center\"><sup>Universitat Aut\u00f2noma de Barcelona <\/sup><\/p>\n<\/div>\n<\/div>\n\n\n\n<div class=\"wp-block-columns is-layout-flex wp-container-core-columns-is-layout-9d6595d7 wp-block-columns-is-layout-flex\">\n<div class=\"wp-block-column is-layout-flow wp-block-column-is-layout-flow\">\n<figure class=\"wp-block-image size-full\"><img loading=\"lazy\" decoding=\"async\" width=\"209\" height=\"226\" src=\"https:\/\/webs.uab.cat\/projectecult\/wp-content\/uploads\/sites\/457\/2023\/07\/Dolors.png\" alt=\"\" class=\"wp-image-114\" \/><\/figure>\n\n\n\n<p class=\"has-text-align-center\"><strong>Dra. Dolors Masats Viladoms<\/strong><\/p>\n\n\n\n<p class=\"has-text-align-center\"><sup>Universitat Aut\u00f2noma de Barcelona <\/sup><\/p>\n<\/div>\n\n\n\n<div class=\"wp-block-column is-layout-flow wp-block-column-is-layout-flow\">\n<figure class=\"wp-block-image size-full\"><img loading=\"lazy\" decoding=\"async\" width=\"214\" height=\"214\" src=\"https:\/\/webs.uab.cat\/projectecult\/wp-content\/uploads\/sites\/457\/2023\/07\/Emilee.png\" alt=\"\" class=\"wp-image-115\" srcset=\"https:\/\/webs.uab.cat\/projectecult\/wp-content\/uploads\/sites\/457\/2023\/07\/Emilee.png 214w, https:\/\/webs.uab.cat\/projectecult\/wp-content\/uploads\/sites\/457\/2023\/07\/Emilee-150x150.png 150w\" sizes=\"auto, (max-width: 214px) 100vw, 214px\" \/><\/figure>\n\n\n\n<p class=\"has-text-align-center\"><strong>Dra. Emilee Moore de Luca<\/strong><\/p>\n\n\n\n<p class=\"has-text-align-center\"><sup>Universitat Aut\u00f2noma de Barcelona<\/sup><\/p>\n<\/div>\n\n\n\n<div class=\"wp-block-column is-layout-flow wp-block-column-is-layout-flow\">\n<figure class=\"wp-block-image size-full\"><img loading=\"lazy\" decoding=\"async\" width=\"215\" height=\"226\" src=\"https:\/\/webs.uab.cat\/projectecult\/wp-content\/uploads\/sites\/457\/2023\/07\/Claudia.png\" alt=\"\" class=\"wp-image-116\" \/><\/figure>\n\n\n\n<p class=\"has-text-align-center\"><strong>Dra. Claudia Vallejo Rubinstein<\/strong><\/p>\n\n\n\n<p class=\"has-text-align-center\"><sup>Universitat Aut\u00f2noma de Barcelona<\/sup><\/p>\n<\/div>\n<\/div>\n\n\n\n<div class=\"wp-block-columns is-layout-flex wp-container-core-columns-is-layout-9d6595d7 wp-block-columns-is-layout-flex\">\n<div class=\"wp-block-column is-layout-flow wp-block-column-is-layout-flow\">\n<figure class=\"wp-block-image size-full\"><img loading=\"lazy\" decoding=\"async\" width=\"211\" height=\"211\" src=\"https:\/\/webs.uab.cat\/projectecult\/wp-content\/uploads\/sites\/457\/2023\/07\/Celia-1.png\" alt=\"\" class=\"wp-image-121\" srcset=\"https:\/\/webs.uab.cat\/projectecult\/wp-content\/uploads\/sites\/457\/2023\/07\/Celia-1.png 211w, https:\/\/webs.uab.cat\/projectecult\/wp-content\/uploads\/sites\/457\/2023\/07\/Celia-1-150x150.png 150w\" sizes=\"auto, (max-width: 211px) 100vw, 211px\" \/><\/figure>\n\n\n\n<p class=\"has-text-align-center\"><strong>C\u00e8lia Pratginest\u00f3s<\/strong><\/p>\n\n\n\n<p class=\"has-text-align-center\"><sup>Universitat Aut\u00f2noma de Barcelona<\/sup><\/p>\n<\/div>\n\n\n\n<div class=\"wp-block-column is-layout-flow wp-block-column-is-layout-flow\">\n<figure class=\"wp-block-image size-full is-resized\"><img loading=\"lazy\" decoding=\"async\" width=\"211\" height=\"225\" src=\"https:\/\/webs.uab.cat\/projectecult\/wp-content\/uploads\/sites\/457\/2023\/07\/Denis-1.png\" alt=\"\" class=\"wp-image-122\" style=\"width:199px;height:211px\" \/><\/figure>\n\n\n\n<p class=\"has-text-align-center\"><strong>Dra. Denise Holgu\u00edn Vaca<\/strong><\/p>\n\n\n\n<p class=\"has-text-align-center\"><sup>Universitat Aut\u00f2noma de Barcelona<\/sup><\/p>\n<\/div>\n\n\n\n<div class=\"wp-block-column is-layout-flow wp-block-column-is-layout-flow\">\n<figure class=\"wp-block-image size-full\"><img loading=\"lazy\" decoding=\"async\" width=\"224\" height=\"224\" src=\"https:\/\/webs.uab.cat\/projectecult\/wp-content\/uploads\/sites\/457\/2023\/09\/Diego-Luis.jpg\" alt=\"\" class=\"wp-image-223\" srcset=\"https:\/\/webs.uab.cat\/projectecult\/wp-content\/uploads\/sites\/457\/2023\/09\/Diego-Luis.jpg 224w, https:\/\/webs.uab.cat\/projectecult\/wp-content\/uploads\/sites\/457\/2023\/09\/Diego-Luis-150x150.jpg 150w\" sizes=\"auto, (max-width: 224px) 100vw, 224px\" \/><\/figure>\n\n\n\n<p class=\"has-text-align-center\"><strong>Diego Albuquerque<\/strong><\/p>\n\n\n\n<p class=\"has-text-align-center\"><sub>Universitat Aut\u00f2noma de Barcelona<\/sub><\/p>\n<\/div>\n<\/div>\n\n\n\n<div class=\"wp-block-columns is-layout-flex wp-container-core-columns-is-layout-9d6595d7 wp-block-columns-is-layout-flex\">\n<div class=\"wp-block-column is-layout-flow wp-block-column-is-layout-flow\">\n<p class=\"has-text-align-center\"><\/p>\n\n\n\n<p class=\"has-text-align-center\"><\/p>\n<\/div>\n\n\n\n<div class=\"wp-block-column is-layout-flow wp-block-column-is-layout-flow\">\n<figure class=\"wp-block-image size-full is-resized\"><img loading=\"lazy\" decoding=\"async\" width=\"294\" height=\"306\" src=\"https:\/\/webs.uab.cat\/projectecult\/wp-content\/uploads\/sites\/457\/2024\/10\/ss.jpg\" alt=\"\" class=\"wp-image-1055\" style=\"width:199px;height:211px\" srcset=\"https:\/\/webs.uab.cat\/projectecult\/wp-content\/uploads\/sites\/457\/2024\/10\/ss.jpg 294w, https:\/\/webs.uab.cat\/projectecult\/wp-content\/uploads\/sites\/457\/2024\/10\/ss-288x300.jpg 288w\" sizes=\"auto, (max-width: 294px) 100vw, 294px\" \/><\/figure>\n\n\n\n<p class=\"has-text-align-center\"><strong>Saba Mohamed Bibi<\/strong><\/p>\n\n\n\n<p class=\"has-text-align-center\"><sup>Universitat de Barcelona<\/sup><\/p>\n<\/div>\n\n\n\n<div class=\"wp-block-column is-layout-flow wp-block-column-is-layout-flow\">\n<p class=\"has-text-align-center\"><\/p>\n\n\n\n<p class=\"has-text-align-center\"><\/p>\n<\/div>\n<\/div>\n\n\n\n<h2 class=\"wp-block-heading has-text-align-center has-verd-tropic-color has-text-color has-large-font-size\">SOCIS EN ALIAN\u00c7A<\/h2>\n\n\n\n<div class=\"wp-block-columns is-layout-flex wp-container-core-columns-is-layout-9d6595d7 wp-block-columns-is-layout-flex\">\n<div class=\"wp-block-column is-layout-flow wp-block-column-is-layout-flow\">\n<figure class=\"wp-block-image size-large\"><img loading=\"lazy\" decoding=\"async\" width=\"1024\" height=\"431\" src=\"https:\/\/webs.uab.cat\/projectecult\/wp-content\/uploads\/sites\/457\/2023\/10\/Socis_2-1024x431.png\" alt=\"\" class=\"wp-image-357\" srcset=\"https:\/\/webs.uab.cat\/projectecult\/wp-content\/uploads\/sites\/457\/2023\/10\/Socis_2-1024x431.png 1024w, https:\/\/webs.uab.cat\/projectecult\/wp-content\/uploads\/sites\/457\/2023\/10\/Socis_2-300x126.png 300w, https:\/\/webs.uab.cat\/projectecult\/wp-content\/uploads\/sites\/457\/2023\/10\/Socis_2-768x323.png 768w, https:\/\/webs.uab.cat\/projectecult\/wp-content\/uploads\/sites\/457\/2023\/10\/Socis_2-1536x647.png 1536w, https:\/\/webs.uab.cat\/projectecult\/wp-content\/uploads\/sites\/457\/2023\/10\/Socis_2-2048x862.png 2048w, https:\/\/webs.uab.cat\/projectecult\/wp-content\/uploads\/sites\/457\/2023\/10\/Socis_2-1200x505.png 1200w, https:\/\/webs.uab.cat\/projectecult\/wp-content\/uploads\/sites\/457\/2023\/10\/Socis_2-1980x834.png 1980w\" sizes=\"auto, (max-width: 1024px) 100vw, 1024px\" \/><\/figure>\n<\/div>\n<\/div>\n\n\n\n<h2 class=\"wp-block-heading has-text-align-center has-verd-tropic-color has-text-color has-large-font-size\"><strong>NENS i NENES I JOVES PARTICIPANTS<\/strong><\/h2>\n\n\n\n<div class=\"wp-block-columns is-layout-flex wp-container-core-columns-is-layout-9d6595d7 wp-block-columns-is-layout-flex\">\n<div class=\"wp-block-column has-gris-pubilla-background-color has-background is-layout-flow wp-block-column-is-layout-flow\">\n<p class=\"has-text-align-center\"><strong>Alumnat universitari<\/strong><\/p>\n\n\n\n<ul class=\"wp-block-list\">\n<li>Mestres en formaci\u00f3<\/li>\n\n\n\n<li>Pedagogs i pedagogues en formaci\u00f3<\/li>\n\n\n\n<li>Educadors i educadores socials en formaci\u00f3<\/li>\n<\/ul>\n<\/div>\n\n\n\n<div class=\"wp-block-column has-gris-pubilla-background-color has-background is-layout-flow wp-block-column-is-layout-flow\">\n<p class=\"has-text-align-center\"><strong>Participants d&#8217;AFEX<\/strong>\u2013<strong>AFFM<\/strong><\/p>\n\n\n\n<ul class=\"wp-block-list\">\n<li>Educaci\u00f3 Prim\u00e0ria<\/li>\n\n\n\n<li>Educaci\u00f3 secund\u00e0ria<\/li>\n<\/ul>\n\n\n\n<ul class=\"wp-block-list\">\n<li>Dinamitzadores d\u2019AFEX-AFFM<\/li>\n<\/ul>\n<\/div>\n\n\n\n<div class=\"wp-block-column has-gris-pubilla-background-color has-background is-layout-flow wp-block-column-is-layout-flow\">\n<p class=\"has-text-align-center\"><strong>Dinamitzadores d&#8217;AFEX-AFFM<\/strong><\/p>\n\n\n\n<ul class=\"wp-block-list\">\n<li>Joves<\/li>\n<\/ul>\n<\/div>\n<\/div>\n\n\n\n<div class=\"wp-block-columns is-layout-flex wp-container-core-columns-is-layout-9d6595d7 wp-block-columns-is-layout-flex\">\n<div class=\"wp-block-column has-gris-pubilla-background-color has-background is-layout-flow wp-block-column-is-layout-flow\">\n<p class=\"has-text-align-center\"><strong>Persones volunt\u00e0ries de la FAS<\/strong><\/p>\n\n\n\n<ul class=\"wp-block-list\">\n<li>Alumnat universitari de la Facultat de Ci\u00e8ncies de l\u2019Educaci\u00f3.<\/li>\n<\/ul>\n<\/div>\n<\/div>\n\n\n\n<h2 class=\"wp-block-heading has-text-align-center has-verd-tropic-color has-text-color has-large-font-size\" style=\"text-transform:uppercase\"><strong>Consultors i consultores nacionals i internacionals<\/strong><\/h2>\n\n\n\n<p><strong>Dra. Mari Bergroth,\u00a0<\/strong>AboAkademi, Vasaa, Finl\u00e0ndia.<\/p>\n\n\n\n<p><strong>Dr. Adil Moustaoui<\/strong>, Universidad Complutense de Madrid, Espanya.<\/p>\n\n\n\n<p><strong>Dra. Carolina Gandulfo<\/strong>, Universidad Nacional del Nordeste, Argentina.<\/p>\n\n\n\n<p><strong>Dra. Luci Nussbaum<\/strong>, Universitat Aut\u00f2noma de Barcelona, Espanya.<\/p>\n\n\n\n<p><strong>Dra. Henar Rodr\u00edguez<\/strong>,\u00a0CETIE, Centro Transdisciplinar para la Investigaci\u00f3n en Educaci\u00f3n, Universidad de Valladolid, Espanya.<\/p>\n\n\n\n<p><\/p>\n","protected":false},"excerpt":{"rendered":"<p>EQUIP DE RECERCA I DE TREBALL Dra. J\u00falia Llompart Esbert&nbsp; Investigadora principal Universitat Aut\u00f2noma de Barcelona Dra. Melinda Ann Dooly Owenby Universitat Aut\u00f2noma de Barcelona Dr. J. Reinaldo Mart\u00ednez-Fern\u00e1ndez Universitat Aut\u00f2noma de Barcelona Dra. Dolors Masats Viladoms Universitat Aut\u00f2noma de Barcelona Dra. Emilee Moore de Luca Universitat Aut\u00f2noma de Barcelona Dra. Claudia Vallejo Rubinstein Universitat [&hellip;]<\/p>\n","protected":false},"author":2713,"featured_media":0,"parent":0,"menu_order":0,"comment_status":"closed","ping_status":"open","template":"","meta":{"footnotes":""},"class_list":["post-2","page","type-page","status-publish","hentry"],"_links":{"self":[{"href":"https:\/\/webs.uab.cat\/projectecult\/wp-json\/wp\/v2\/pages\/2","targetHints":{"allow":["GET"]}}],"collection":[{"href":"https:\/\/webs.uab.cat\/projectecult\/wp-json\/wp\/v2\/pages"}],"about":[{"href":"https:\/\/webs.uab.cat\/projectecult\/wp-json\/wp\/v2\/types\/page"}],"author":[{"embeddable":true,"href":"https:\/\/webs.uab.cat\/projectecult\/wp-json\/wp\/v2\/users\/2713"}],"replies":[{"embeddable":true,"href":"https:\/\/webs.uab.cat\/projectecult\/wp-json\/wp\/v2\/comments?post=2"}],"version-history":[{"count":85,"href":"https:\/\/webs.uab.cat\/projectecult\/wp-json\/wp\/v2\/pages\/2\/revisions"}],"predecessor-version":[{"id":1065,"href":"https:\/\/webs.uab.cat\/projectecult\/wp-json\/wp\/v2\/pages\/2\/revisions\/1065"}],"wp:attachment":[{"href":"https:\/\/webs.uab.cat\/projectecult\/wp-json\/wp\/v2\/media?parent=2"}],"curies":[{"name":"wp","href":"https:\/\/api.w.org\/{rel}","templated":true}]}}