{"id":55,"date":"2021-01-18T17:21:07","date_gmt":"2021-01-18T17:21:07","guid":{"rendered":"https:\/\/webs.uab.cat\/projectemencioencarnasanahujayll\/8-de-marc-2022\/"},"modified":"2022-09-07T11:23:32","modified_gmt":"2022-09-07T11:23:32","slug":"8-de-marc-2022","status":"publish","type":"page","link":"https:\/\/webs.uab.cat\/projectemencioencarnasanahujayll\/8-de-marc-2022\/","title":{"rendered":"8 de mar\u00e7 2022"},"content":{"rendered":"\n<figure class=\"wp-block-embed is-type-video is-provider-youtube wp-block-embed-youtube wp-embed-aspect-16-9 wp-has-aspect-ratio\"><div class=\"wp-block-embed__wrapper\">\n<iframe loading=\"lazy\" title=\"FEMINIST INDISCIPLINES AGAINST CAPITALISM - Shahrzad Mojab and Chiara Bottici\" width=\"580\" height=\"326\" src=\"https:\/\/www.youtube.com\/embed\/mfE2KM0nBzk?feature=oembed\" frameborder=\"0\" allow=\"accelerometer; autoplay; clipboard-write; encrypted-media; gyroscope; picture-in-picture; web-share\" referrerpolicy=\"strict-origin-when-cross-origin\" allowfullscreen><\/iframe>\n<\/div><figcaption>Pon\u00e8ncia de la Pr. Shahrzad Mojab i la Pr. Chiara Bottici a la Jornada Internacional Feminist Indisciplines against Capitalism. Organitzada pel M\u00ednor en Estudis de G\u00e8nere de la Universitat Aut\u00f2noma de Barcelona en el marc del projecte Encarna Sanahuja Yll<\/figcaption><\/figure>\n","protected":false},"excerpt":{"rendered":"","protected":false},"author":20,"featured_media":0,"parent":0,"menu_order":0,"comment_status":"closed","ping_status":"closed","template":"","meta":{"footnotes":""},"class_list":["post-55","page","type-page","status-publish","hentry"],"_links":{"self":[{"href":"https:\/\/webs.uab.cat\/projectemencioencarnasanahujayll\/wp-json\/wp\/v2\/pages\/55","targetHints":{"allow":["GET"]}}],"collection":[{"href":"https:\/\/webs.uab.cat\/projectemencioencarnasanahujayll\/wp-json\/wp\/v2\/pages"}],"about":[{"href":"https:\/\/webs.uab.cat\/projectemencioencarnasanahujayll\/wp-json\/wp\/v2\/types\/page"}],"author":[{"embeddable":true,"href":"https:\/\/webs.uab.cat\/projectemencioencarnasanahujayll\/wp-json\/wp\/v2\/users\/20"}],"replies":[{"embeddable":true,"href":"https:\/\/webs.uab.cat\/projectemencioencarnasanahujayll\/wp-json\/wp\/v2\/comments?post=55"}],"version-history":[{"count":1,"href":"https:\/\/webs.uab.cat\/projectemencioencarnasanahujayll\/wp-json\/wp\/v2\/pages\/55\/revisions"}],"predecessor-version":[{"id":268,"href":"https:\/\/webs.uab.cat\/projectemencioencarnasanahujayll\/wp-json\/wp\/v2\/pages\/55\/revisions\/268"}],"wp:attachment":[{"href":"https:\/\/webs.uab.cat\/projectemencioencarnasanahujayll\/wp-json\/wp\/v2\/media?parent=55"}],"curies":[{"name":"wp","href":"https:\/\/api.w.org\/{rel}","templated":true}]}}