{"id":68,"date":"2020-05-22T21:58:31","date_gmt":"2020-05-22T19:58:31","guid":{"rendered":"https:\/\/webs.uab.cat\/promise\/projecte-promise\/"},"modified":"2022-07-14T09:25:44","modified_gmt":"2022-07-14T07:25:44","slug":"projecte-promise","status":"publish","type":"page","link":"https:\/\/webs.uab.cat\/promise\/es\/","title":{"rendered":"Proyecto Promise"},"content":{"rendered":"<div class=\"entry-content\">\n<p><img loading=\"lazy\" decoding=\"async\" class=\"alignnone size-full wp-image-65\" src=\"https:\/\/webs.uab.cat\/promise\/wp-content\/uploads\/sites\/37\/2020\/05\/Top-Promise-Project.jpg\" alt=\"\" width=\"960\" height=\"250\" srcset=\"https:\/\/webs.uab.cat\/promise\/wp-content\/uploads\/sites\/37\/2020\/05\/Top-Promise-Project.jpg 960w, https:\/\/webs.uab.cat\/promise\/wp-content\/uploads\/sites\/37\/2020\/05\/Top-Promise-Project-300x78.jpg 300w, https:\/\/webs.uab.cat\/promise\/wp-content\/uploads\/sites\/37\/2020\/05\/Top-Promise-Project-768x200.jpg 768w\" sizes=\"auto, (max-width: 960px) 100vw, 960px\" \/><\/p>\n<p>PROMISE (Promoting Youth Involvement and Social Engagement) es un Proyecto de Investigaci\u00f3n financiado por la UE (Programa Marco Horizonte 2020) a ejecutar entre Mayo de 2016 y Abril de 2019 por 12 instituciones (en Estonia, Finlandia, Alemania, Italia, Portugal, Eslovaquia, Espa\u00f1a, la Federaci\u00f3n Rusa, Croacia y el Reino Unido). El proyecto es financiado por el Programa Marco para Investigaci\u00f3n e Innovaci\u00f3n de la Uni\u00f3n Europea Horizonte 2020, propuesta no. 693221.<\/p>\n<p><strong>Objetivos<\/strong><\/p>\n<div class=\" et_pb_row_inner et_pb_row_inner_1\">\n<div class=\"et_pb_column et_pb_column_3_8 et_pb_column_inner et_pb_column_inner_1\">\n<div class=\"et_pb_text et_pb_module et_pb_bg_layout_light et_pb_text_align_left et_pb_text_2\">\n<p>Muchos j\u00f3venes van a la cabeza en las nuevas tendencias sociales, culturales y pol\u00edticas, sirvi\u00e9ndose de su energ\u00eda y creatividad, pero tambi\u00e9n desde la frustraci\u00f3n ante los desaf\u00edos que afrontan. PROMISE quiere investigar las respuestas de los j\u00f3venes a estos desaf\u00edos, y busca maneras de transformarlas en mejoras sociales. Con un mayor entendimiento de las experiencias, valores y actitudes de los j\u00f3venes europeos, PROMISE estudia los obst\u00e1culos y oportunidades para su participaci\u00f3n social.<\/p>\n<\/div>\n<\/div>\n<\/div>\n<div class=\"et_pb_text et_pb_module et_pb_bg_layout_light et_pb_text_align_left et_pb_text_3\">\n<p>PROMISE busca comprender y ampliar el rol de los j\u00f3venes en el cambio social. Para ello, se acerca con especial atenci\u00f3n los j\u00f3venes que realizan iniciativas at\u00edpicas, y con frecuencia \u201cen conflicto\u201d con las autoridades y normas vigentes. J\u00f3venes con comportamientos irregulares o informales a la hora de trazar su papel en la sociedad, suscitan a menudo respuestas negativas y penalizadoras en las autoridades, lo que trae consigo marginalizaci\u00f3n y estigmatizaci\u00f3n. Estos desencuentros reducen las posibilidades de participaci\u00f3n de los j\u00f3venes, y como consecuencia, buena parte de su creatividad, innovaci\u00f3n y energ\u00eda queda desaprovechada. PROMISE asume que entre los j\u00f3venes \u201cen conflicto\u201d existen oportunidades relevantes para el cambio social, lo que convierte su situaci\u00f3n en \u00e1rea de vital inter\u00e9s para pol\u00edticos y expertos.<\/p>\n<\/div>\n<\/div>\n","protected":false},"excerpt":{"rendered":"<p>PROMISE (Promoting Youth Involvement and Social Engagement) es un Proyecto de Investigaci\u00f3n financiado por la UE (Programa Marco Horizonte 2020) a ejecutar entre Mayo de 2016 y Abril de 2019 por 12 instituciones (en Estonia, Finlandia, Alemania, Italia, Portugal, Eslovaquia, Espa\u00f1a, la Federaci\u00f3n Rusa, Croacia y el Reino Unido). El proyecto es financiado por el [&hellip;]<\/p>\n","protected":false},"author":34,"featured_media":0,"parent":0,"menu_order":0,"comment_status":"closed","ping_status":"closed","template":"","meta":{"footnotes":""},"class_list":["post-68","page","type-page","status-publish","hentry"],"_links":{"self":[{"href":"https:\/\/webs.uab.cat\/promise\/es\/wp-json\/wp\/v2\/pages\/68","targetHints":{"allow":["GET"]}}],"collection":[{"href":"https:\/\/webs.uab.cat\/promise\/es\/wp-json\/wp\/v2\/pages"}],"about":[{"href":"https:\/\/webs.uab.cat\/promise\/es\/wp-json\/wp\/v2\/types\/page"}],"author":[{"embeddable":true,"href":"https:\/\/webs.uab.cat\/promise\/es\/wp-json\/wp\/v2\/users\/34"}],"replies":[{"embeddable":true,"href":"https:\/\/webs.uab.cat\/promise\/es\/wp-json\/wp\/v2\/comments?post=68"}],"version-history":[{"count":3,"href":"https:\/\/webs.uab.cat\/promise\/es\/wp-json\/wp\/v2\/pages\/68\/revisions"}],"predecessor-version":[{"id":96,"href":"https:\/\/webs.uab.cat\/promise\/es\/wp-json\/wp\/v2\/pages\/68\/revisions\/96"}],"wp:attachment":[{"href":"https:\/\/webs.uab.cat\/promise\/es\/wp-json\/wp\/v2\/media?parent=68"}],"curies":[{"name":"wp","href":"https:\/\/api.w.org\/{rel}","templated":true}]}}