{"id":13,"date":"2020-05-23T00:14:24","date_gmt":"2020-05-22T22:14:24","guid":{"rendered":"http:\/\/blogs.uab.cat\/promise\/?page_id=13"},"modified":"2022-07-14T09:28:37","modified_gmt":"2022-07-14T07:28:37","slug":"equip","status":"publish","type":"page","link":"https:\/\/webs.uab.cat\/promise\/equip\/","title":{"rendered":"Equip"},"content":{"rendered":"\n<h4 class=\"wp-block-heading\">Equip a Espanya<\/h4>\n\n\n\n<p>PROMISE involucra equips d\u2019investigadors de 12 organitzacions diferents a tot Europa. El projecte est\u00e0 sent coordinat per la Universitat de Manchester. Els membres de l\u2019equip espanyol s\u00f3n:<\/p>\n\n\n\n<h3 class=\"wp-block-heading\"><a href=\"https:\/\/igop.uab.cat\/promise-2\/#zyab-ibanez\">Zyab Iba\u00f1ez<\/a><\/h3>\n\n\n<div class=\"wp-block-image\">\n<figure class=\"alignleft\"><a href=\"https:\/\/igop.uab.cat\/wp-content\/uploads\/2017\/02\/939e71a0697fcd735fdb1b0e7622fac5.jpg\"><img decoding=\"async\" src=\"https:\/\/igop.uab.cat\/wp-content\/uploads\/2017\/02\/939e71a0697fcd735fdb1b0e7622fac5.jpg\" alt=\"Zyab-Iba\u00f1ez-Agapp\" class=\"wp-image-3560\"\/><\/a><\/figure>\n<\/div>\n\n\n<p>Zyab Ib\u00e1\u00f1ez \u00e9s investigador postdoctoral a l\u2019Institut de Govern i Pol\u00edtiques P\u00fabliques (IGOP) de la Universitat Aut\u00f2noma de Barcelona. \u00c9s doctor en Ci\u00e8ncies Pol\u00edtiques i Socials per l\u2019Institut Universitari Europeu de Flor\u00e8ncia de 2007, i M\u00e0ster en Avaluaci\u00f3 Ambiental de l\u2019Escola d\u2019Economia de Londres. La seva investigaci\u00f3 combina les an\u00e0lisis institucionals entre pa\u00efsos i estudis de casos d\u2019organitzaci\u00f3 per explorar com els diferents r\u00e8gims institucionals donen forma al disseny i implementaci\u00f3 de pol\u00edtiques p\u00fabliques en les \u00e0rees d\u2019ocupaci\u00f3, temps de treball i la migraci\u00f3. Com a investigador, ha estat involucrat en diversos projectes finan\u00e7ats per la UE i nacionals, com RECWOWE i m\u00f2bil identitats. Actualment \u00e9s part de l\u2019equip IGOP la realitzaci\u00f3 del projecte: Promoci\u00f3 de la Participaci\u00f3 dels Joves i la Mobilitzaci\u00f3 Social (PROMISE), un projecte d\u2019investigaci\u00f3 finan\u00e7at per la UE en el marc del Programa de Recerca i Innovaci\u00f3 Horitz\u00f3 2020 de la Comissi\u00f3 Europea, que va des de maig el 2016 a l&#8217;abril de 2019.<\/p>\n\n\n\n<h3 class=\"wp-block-heading\"><a href=\"https:\/\/igop.uab.cat\/promise-2\/#margarita-leon\">Margarita Le\u00f3n<\/a><\/h3>\n\n\n<div class=\"wp-block-image\">\n<figure class=\"alignleft\"><a href=\"https:\/\/igop.uab.cat\/wp-content\/uploads\/2017\/02\/Marga-Leon.jpg\" target=\"_blank\" rel=\"noopener noreferrer\"><img decoding=\"async\" src=\"https:\/\/igop.uab.cat\/wp-content\/uploads\/2017\/02\/Marga-Leon.jpg\" alt=\"Marga-Leon\" class=\"wp-image-3563\"\/><\/a><\/figure>\n<\/div>\n\n\n<p>Margarita Le\u00f3n \u00e9s professora de Ci\u00e8ncies Pol\u00edtiques a la Universitat Aut\u00f2noma de Barcelona. Del 2010 al 2015 va ser investigadora Ram\u00f3n i Cajal a l\u2019Institut de Govern i Pol\u00edtiques P\u00fabliques (IGOP) d\u2019aquesta universitat. Ha estat professora de pol\u00edtica p\u00fablica comparada a la Universitat de Kent (2004-2010) i investigadora Marie Curie a l\u2019Institut Universitari Europeu de Flor\u00e8ncia. Es va doctorar a la London School of Economics amb una beca del V Programa Marc Europeu. Compte a m\u00e9s, amb un M\u00e0ster en Investigaci\u00f3 Sociol\u00f2gica per la Universitat d\u2019Essex (1995) i una llicenciatura en Sociologia per la Universitat d\u2019Alacant (1994). Ha publicat articles en nombroses revistes cient\u00edfiques d\u2019impacte internacional. \u00c9s co-editora juntament amb Ana M. Guill\u00e9n del llibre The Spanish Welfare State in European Context (Ashgate, 2011) i editora de The Transformation of Care in European Societies (Palgrave, 2014). Les seves \u00e0rees principals de recerca s\u00f3n la pol\u00edtica p\u00fablica comparada i la reforma de l\u2019Estat del Benestar. \u00c9s membre del comit\u00e8 executiu de la Xarxa Europea de Pol\u00edtica social (ESPAnet) i de la Xarxa Espanyola de Pol\u00edtica Social (REPS).<\/p>\n\n\n\n<p><strong>M\u00e9s informaci\u00f3:<\/strong>&nbsp;https:\/\/uab.academia.edu\/MargaritaLeon<\/p>\n\n\n\n<h3 class=\"wp-block-heading\"><a href=\"https:\/\/igop.uab.cat\/promise-2\/#gabriela-de-carvalho\">Gabriela de Carvalho<\/a><\/h3>\n\n\n<div class=\"wp-block-image\">\n<figure class=\"alignleft\"><a href=\"https:\/\/igop.uab.cat\/wp-content\/uploads\/2017\/02\/Gabriella-Carvalho.jpg\"><img decoding=\"async\" src=\"https:\/\/igop.uab.cat\/wp-content\/uploads\/2017\/02\/Gabriella-Carvalho.jpg\" alt=\"Gabriella Carvalho\" class=\"wp-image-3609\"\/><\/a><\/figure>\n<\/div>\n\n\n<p>Estudiant de doctorat en Pol\u00edtica, Pol\u00edtiques i Relacions Internacionals de la Universitat Aut\u00f2noma de Barcelona (Espanya). T\u00e9 un t\u00edtol de Llicenciatura en Relacions Internacionals de la direcci\u00f3 de m\u00e0rqueting de l\u2019Escola Superior de Propaganda \/ Brasil (ESPM), un Mestratge en Ci\u00e8ncies en Desenvolupament d\u2019Am\u00e8rica Llatina des del Kings College de Londres i un M\u00e0ster en Arts en Ci\u00e8ncies Pol\u00edtiques de la Universitat Aut\u00f2noma de Barcelona. Els seus interessos de recerca es centren en les pol\u00edtiques d\u2019inversi\u00f3 social, els programes de transfer\u00e8ncies condicionades, la pobresa i les desigualtats socials, centrant-se en les experi\u00e8ncies d\u2019Am\u00e8rica Llatina. A m\u00e9s, ella tamb\u00e9 est\u00e0 interessat en l\u2019estudi de metodologies quantitatives i qualitatives aplicades a les Ci\u00e8ncies Socials.<\/p>\n\n\n\n<h3 class=\"wp-block-heading\"><a href=\"https:\/\/igop.uab.cat\/promise-2\/#lara-maestripieri\">Lara Maestripieri<\/a><\/h3>\n\n\n<div class=\"wp-block-image\">\n<figure class=\"alignleft\"><a href=\"https:\/\/igop.uab.cat\/wp-content\/uploads\/2017\/02\/Lara_Maestripieri.jpg\"><img decoding=\"async\" src=\"https:\/\/igop.uab.cat\/wp-content\/uploads\/2017\/02\/Lara_Maestripieri.jpg\" alt=\"Lara_Maestripieri\" class=\"wp-image-3612\"\/><\/a><\/figure>\n<\/div>\n\n\n<p>Lara Maestripieri \u00e9s becaria post-doctorat al Departament de Ci\u00e8ncies Pol\u00edtiques i Socials de la Universitat de Pavia, on treballa com a investigadora en el projecte finan\u00e7at per la UE CRESSI \u2013 La creaci\u00f3 d\u2019un espai econ\u00f2mic per a la Innovaci\u00f3 Social. Entre 2011 i 2014, que ha estat designada com a investigadora dels projectes FLOWS i WILCO finan\u00e7ats pel UE (Laboratori de Pol\u00edtiques Socials \u2013 Polit\u00e8cnic de Mil\u00e0), que treballen respectivament en les pol\u00edtiques locals d\u2019assist\u00e8ncia social a favor de la participaci\u00f3 laboral de les dones i la lluita contra la marginaci\u00f3 dels joves. El 2015, va rebre una subvenci\u00f3 de la Fundaci\u00f3 Giangiacomo Feltrinelli per estudiar els factors determinants de l\u2019educaci\u00f3 sobre els joves treballadors italians. \u00c9s professora adjunta a la \u201cMetodologia de les Ci\u00e8ncies Socials\u201d, Universitat de Pavia, Pavia. \u00c9s doctora en Sociologia i Investigaci\u00f3 Social de la Universitat de Trento (2011) i M\u00e0ster en Ci\u00e8ncies Socials Aplicades \u2013 especialitzaci\u00f3 en M\u00e8todes d\u2019Investigaci\u00f3 Social de la Universitat Cat\u00f2lica de Mil\u00e0 (2006). L\u2019any 2017, ser\u00e0 nomenada com a Marie Sklodowska-Curie membre de l\u2019Institut de Govern i Pol\u00edtiques P\u00fabliques (IGOP) de la Universitat Aut\u00f2noma de Barcelona, estudiant temes de g\u00e8nere i la vulnerabilitat social en una perspectiva interseccional. Els seus principals interessos de recerca se centren en la transformaci\u00f3 del treball en la societat postindustrial, i en particular: els grups marginats en els mercats de treball (migrants, dones i joves); g\u00e8nere i vulnerabilitat social; professions emergents. Entre les seves publicacions m\u00e9s recents inclouen: Maestripieri, L. Kaseauru K. i Ranci C. (2016) L\u2019impacte de la participaci\u00f3 en el mercat laboral, l\u2019estructura familiar i els sistemes de benestar locals sobre la inseguretat econ\u00f2mica de les dones, les societats europees; Maestripieri, L. (2016) Professionalitzaci\u00f3 en el treball: El cas dels consultors de gesti\u00f3 italians, Ephemera: la teoria i la pol\u00edtica en l\u2019organitzaci\u00f3, 16 (2): 31-52; Cucca R. i Maestripieri L. (2016) \u201cVarietats de transicions postfordistes i desigualtats del mercat de treball\u201d en Cucca R. i Ranci C. (eds) ciutats desiguals. Abingdon i Nova York: Routledge, 21-44. Ella \u00e9s representant de Carrera Primerenca Els investigadors en el tauler de la \u201cSociologia dels grups professionals\u201d ISA RC 52 i ella \u00e9s part de la redacci\u00f3 de la Societat Italiana de Sociologia Econ\u00f2mica lloc web ([http:\/\/www.sociologia-economica.it) \/]www.sociologia-economica.it).<\/p>\n\n\n\n<h3 class=\"wp-block-heading\"><a href=\"https:\/\/igop.uab.cat\/promise-2\/#clara-rubio\">Clara Rubio<\/a><\/h3>\n\n\n<div class=\"wp-block-image\">\n<figure class=\"alignleft\"><a href=\"https:\/\/igop.uab.cat\/wp-content\/uploads\/2017\/02\/Clara-Rubio.jpg\"><img decoding=\"async\" src=\"https:\/\/igop.uab.cat\/wp-content\/uploads\/2017\/02\/Clara-Rubio.jpg\" alt=\"Clara Rubio\" class=\"wp-image-4303\"\/><\/a><\/figure>\n<\/div>\n\n\n<p>Clara Rubio Ros \u00e9s doctora en Antropologia Social per la Universitat de Lleida, t\u00e9 un M\u00e0ster en Joventut i Societat per la Universitat de Girona i \u00e9s licienciada en Pedagogia i en Antropologia Social i Cultural per la Universitat Aut\u00f2noma de Barcelona. Tamb\u00e9 ha estat investigadora convidada a The Royal Anthropological Institute i en l\u2019Open University. Les seves \u00e0rees d\u2019investigaci\u00f3 s\u00f3n: joventut, migraci\u00f3, moviments socials i les adscripcions identit\u00e0ries; i actualment \u00e9s membre dels grups de recerca de JOVIScom (Universitat Pompeu Fabra) i de Ciutadanies (Institut Catal\u00e0 d\u2019Antropologia). Treballa com a investigadora post-doctoral a l\u2019IGOP dins el projecte PROMISE sobre participaci\u00f3 juvenil. La seva publicaci\u00f3 m\u00e9s recent \u00e9s \u201cCatal\u00e0 university students and their previous and prospective experi\u00e8ncies period\u00edstiques abroad: answering the wh-questions in a context of economic crisi\u201d al Journal of Contemporary European Studies.[:es]<\/p>\n","protected":false},"excerpt":{"rendered":"<p>Equip a Espanya PROMISE involucra equips d\u2019investigadors de 12 organitzacions diferents a tot Europa. El projecte est\u00e0 sent coordinat per la Universitat de Manchester. Els membres de l\u2019equip espanyol s\u00f3n: Zyab Iba\u00f1ez Zyab Ib\u00e1\u00f1ez \u00e9s investigador postdoctoral a l\u2019Institut de Govern i Pol\u00edtiques P\u00fabliques (IGOP) de la Universitat Aut\u00f2noma de Barcelona. \u00c9s doctor en Ci\u00e8ncies [&hellip;]<\/p>\n","protected":false},"author":34,"featured_media":0,"parent":0,"menu_order":0,"comment_status":"closed","ping_status":"closed","template":"","meta":{"footnotes":""},"class_list":["post-13","page","type-page","status-publish","hentry"],"_links":{"self":[{"href":"https:\/\/webs.uab.cat\/promise\/wp-json\/wp\/v2\/pages\/13","targetHints":{"allow":["GET"]}}],"collection":[{"href":"https:\/\/webs.uab.cat\/promise\/wp-json\/wp\/v2\/pages"}],"about":[{"href":"https:\/\/webs.uab.cat\/promise\/wp-json\/wp\/v2\/types\/page"}],"author":[{"embeddable":true,"href":"https:\/\/webs.uab.cat\/promise\/wp-json\/wp\/v2\/users\/34"}],"replies":[{"embeddable":true,"href":"https:\/\/webs.uab.cat\/promise\/wp-json\/wp\/v2\/comments?post=13"}],"version-history":[{"count":2,"href":"https:\/\/webs.uab.cat\/promise\/wp-json\/wp\/v2\/pages\/13\/revisions"}],"predecessor-version":[{"id":100,"href":"https:\/\/webs.uab.cat\/promise\/wp-json\/wp\/v2\/pages\/13\/revisions\/100"}],"wp:attachment":[{"href":"https:\/\/webs.uab.cat\/promise\/wp-json\/wp\/v2\/media?parent=13"}],"curies":[{"name":"wp","href":"https:\/\/api.w.org\/{rel}","templated":true}]}}