{"id":38,"date":"2020-05-23T21:43:19","date_gmt":"2020-05-23T19:43:19","guid":{"rendered":"http:\/\/blogs.uab.cat\/promise\/?page_id=38"},"modified":"2022-07-14T09:09:24","modified_gmt":"2022-07-14T07:09:24","slug":"resultats","status":"publish","type":"page","link":"https:\/\/webs.uab.cat\/promise\/resultats\/","title":{"rendered":"Resultats"},"content":{"rendered":"<p><iframe loading=\"lazy\" title=\"Projecte PROMISE\" width=\"580\" height=\"326\" src=\"https:\/\/www.youtube.com\/embed\/KKdK6zNnwmM?feature=oembed\" frameborder=\"0\" allow=\"accelerometer; autoplay; clipboard-write; encrypted-media; gyroscope; picture-in-picture; web-share\" referrerpolicy=\"strict-origin-when-cross-origin\" allowfullscreen><\/iframe><\/p>\n<p><strong>P\u00f2ster 01<\/strong>: <a href=\"https:\/\/webs.uab.cat\/promise\/wp-content\/uploads\/sites\/37\/2020\/05\/Poster-01-PROMISE-Zyab-ES-2019.pdf\">Resum i propostes (ES) 2019<\/a><\/p>\n<p><strong>P\u00f2ster 02:<\/strong> <a href=\"https:\/\/webs.uab.cat\/promise\/wp-content\/uploads\/sites\/37\/2020\/05\/Poster-02-FOTOS-Zyab-ES-2019-web.pdf\">Presentem 4 experi\u00e8ncies (ES) 2019<\/a><\/p>\n<p><strong>P\u00f2ster 03:<\/strong> <a href=\"https:\/\/webs.uab.cat\/promise\/wp-content\/uploads\/sites\/37\/2020\/05\/Poster-03-CITES-Zyab-ES-2019.pdf\">Fragments de testimonis de 44 entrevistes (ES) 2019<\/a><\/p>\n","protected":false},"excerpt":{"rendered":"<p>P\u00f2ster 01: Resum i propostes (ES) 2019 P\u00f2ster 02: Presentem 4 experi\u00e8ncies (ES) 2019 P\u00f2ster 03: Fragments de testimonis de 44 entrevistes (ES) 2019<\/p>\n","protected":false},"author":34,"featured_media":0,"parent":0,"menu_order":0,"comment_status":"closed","ping_status":"closed","template":"","meta":{"footnotes":""},"class_list":["post-38","page","type-page","status-publish","hentry"],"_links":{"self":[{"href":"https:\/\/webs.uab.cat\/promise\/wp-json\/wp\/v2\/pages\/38","targetHints":{"allow":["GET"]}}],"collection":[{"href":"https:\/\/webs.uab.cat\/promise\/wp-json\/wp\/v2\/pages"}],"about":[{"href":"https:\/\/webs.uab.cat\/promise\/wp-json\/wp\/v2\/types\/page"}],"author":[{"embeddable":true,"href":"https:\/\/webs.uab.cat\/promise\/wp-json\/wp\/v2\/users\/34"}],"replies":[{"embeddable":true,"href":"https:\/\/webs.uab.cat\/promise\/wp-json\/wp\/v2\/comments?post=38"}],"version-history":[{"count":2,"href":"https:\/\/webs.uab.cat\/promise\/wp-json\/wp\/v2\/pages\/38\/revisions"}],"predecessor-version":[{"id":91,"href":"https:\/\/webs.uab.cat\/promise\/wp-json\/wp\/v2\/pages\/38\/revisions\/91"}],"wp:attachment":[{"href":"https:\/\/webs.uab.cat\/promise\/wp-json\/wp\/v2\/media?parent=38"}],"curies":[{"name":"wp","href":"https:\/\/api.w.org\/{rel}","templated":true}]}}