{"id":43,"date":"2019-05-13T10:27:52","date_gmt":"2019-05-13T10:27:52","guid":{"rendered":"https:\/\/webs.uab.cat\/rad\/activities\/"},"modified":"2023-03-08T09:06:47","modified_gmt":"2023-03-08T09:06:47","slug":"activities","status":"publish","type":"page","link":"https:\/\/webs.uab.cat\/rad\/en\/activities\/","title":{"rendered":"Activities"},"content":{"rendered":"\n<p>&nbsp;<strong>Project kick-off activities<\/strong><\/p>\n\n\n\n<ul class=\"wp-block-list\"><li>Project kick-off meeting in Barcelona, 6th May 2019.<\/li><li>RAD releases a <a rel=\"noreferrer noopener\" href=\"https:\/\/webs.uab.cat\/rad\/en\/videos\/\" target=\"_blank\">video<\/a> about the project.&nbsp;<\/li><\/ul>\n\n\n\n<p><strong>Knowledge transfer<\/strong><\/p>\n\n\n\n<ul class=\"wp-block-list\"><li>Presentation&nbsp;of the RAD project at TransMedia Catalonia <strong><a rel=\"noreferrer noopener\" href=\"https:\/\/grupsderecerca.uab.cat\/transmedia\/TMC_GAAD\" target=\"_blank\">Global Accessibilty Awareness<\/a><\/strong> day, 16th May 2019.<\/li><li>Advise to the Centre de Cultura Contempor\u00e0nia de Barcelona about how to make accessible the exhibition&nbsp;<em>Gameplay: Cultura del videojoc<\/em>, 4th October 2019.<\/li><li>Presentation of the RAD project at the Science Week in Barcelona, 26th October 2019.<\/li><li>Participation of Anna Matamala and Pilar Orero on ISO\/IEC JTC1\/SC35 User interfaces committee meeting. Busan (South Korea), 13-17 January 2020. Contributions to various standards, such as&nbsp;<strong><a rel=\"noreferrer noopener\" href=\"https:\/\/www.iso.org\/standard\/63061.html\" target=\"_blank\">ISO\/IEC TS 20071-21:2015 Information technology &#8211; User interface component accessibility &#8211; Part 21: Guidance on audio descriptions<\/a><\/strong>, and<strong> <a rel=\"noreferrer noopener\" href=\"https:\/\/www.iso.org\/standard\/69060.html\" target=\"_blank\">ISO-IEC TS 20071:25:2017 Information technology- User interface component accessiiblity &#8211; Part 25: Guidance on the audio presentation of text in videos, including captions, subtitles and other on-screen text<\/a><\/strong>, among others.<\/li><li>Presentation&nbsp;of the RAD project in a <a href=\"https:\/\/youtu.be\/bMolAE3PatQ\">video<\/a> to&nbsp; celebrate&nbsp;<strong><a rel=\"noreferrer noopener\" href=\"https:\/\/grupsderecerca.uab.cat\/transmedia\/TMC_GAAD\" target=\"_blank\">Global Accessibilty Awareness<\/a><\/strong> day, 21st&nbsp;May 2020.<\/li><li>Interview to Carme Mangiron about game localisation and accessibility by the research group&nbsp;Acesso Livre from the Universidade de Bras\u00edlia, 28th October 2020.&nbsp;<a rel=\"noreferrer noopener\" href=\"https:\/\/www.youtube.com\/watch?v=JkG69-mX7s0&amp;feature=youtu.be, 28 de octubre de 2020\" target=\"_blank\">https:\/\/www.youtube.com\/watch?v=JkG69-mX7s0&amp;feature=youtu.be, 28 de octubre de 2020<\/a><\/li><li>Invited talk by Anna Matamala entitled <em>&#8220;Audio Description and Audio Subtitling of Videoworks. A Place of Its Own&#8221;<\/em> at&nbsp;the Professional Meeting at LOOP Barcelona, orhanized by&nbsp;the European project A-Place. Linking places through networked artistic practices,&nbsp;18th November 2020.<\/li><li>Interview to Carme Mangiron, En Sincron\u00eda podcast. 9th June 2021.<a rel=\"noreferrer noopener\" href=\"https:\/\/www.youtube.com\/watch?v=aQH4oISmkA8\" target=\"_blank\">&nbsp;https:\/\/www.youtube.com\/watch?v=aQH4oISmkA8<\/a><\/li><li>Presentation of the&nbsp;RAD project at TransMedia Catalonia <a rel=\"noreferrer noopener\" href=\"https:\/\/webs.uab.cat\/rad\/wp-content\/uploads\/sites\/130\/2019\/05\/gaad_rad_press_release.pdf\" target=\"_blank\"><u><strong>Global Accessibilty Awareness<\/strong><\/u><\/a> day, 19th May 2022.<br><\/li><\/ul>\n\n\n\n<p><strong>Presentations and conferences<\/strong><\/p>\n\n\n\n<ul class=\"wp-block-list\"><li>Presentation of the RAD project at TransMedia Catalonia International Research Meeting, 11th November 2019.<\/li><li>Invited keynote speech by Anna Matamala at Inclusive Dialogue 2020, Moscow, 24th January 2020.<\/li><li>Invited conference by Anna Matamala entitled &#8220;<a rel=\"noreferrer noopener\" href=\"https:\/\/ddd.uab.cat\/record\/232574\" target=\"_blank\">Accessibility and audiovisual translation in a changing world<\/a>&#8220;, Universidad Aut\u00f3noma de Manizales, Colombia,\u00a026th September 2020.<\/li><li>Larreina-Morales, Mar\u00eda Eugenia. (2020). &#8220;Siguiente nivel: La accesibilidad a los videojuegos para personas ciegas&#8221;.\u00a0<em>VI Congreso de la Sociedad Espa\u00f1ola para las Ciencias del Videojuego.\u00a0<\/em>Online, 7th October 2020.<\/li><li>Invited conference by Anna Matamala entitled &#8220;Investigar en accesibilidad y traducci\u00f3n audiovisual&#8221;,\u00a0III SEMINARIO DEL GRUPO DE INNOVACI\u00d3N EDUCATIVA ARENA (Accesibilidad, traducci\u00f3n audiovisual y aprendizaje de lenguas). UNED, 10th November 2020.<\/li><li>Larreina-Morales, Mar\u00eda Eugenia. (2020).\u00a0&#8220;Game accessibility for blind and low vision players&#8221;.\u00a0<em>LEAD ME Winter Training School<\/em>. Online, 25th November 2020.<\/li><li>Hermosa-Ram\u00edrez, Irene.\u00a0(2021). A comprehensive approach to opera audio description.\u00a0ARSAD, Universitat Aut\u00f2noma de Barcelona (online), 26th January 2021.<\/li><li>Liu, Yuchen;\u00a0Tor-Carroggio, Irene;\u00a0Rovira-Esteva, Sara;\u00a0Casas-Tost, Helena.\u00a0(2021). Localisation guidelines to translate AD from Spanish into Chinese: A first proposal.\u00a0ARSAD, Universitat Aut\u00f2noma de Barcelona (online), 26th January 2021.<\/li><li>Machuca, \u00a0Mar\u00eda;\u00a0Matamala, Anna;\u00a0R\u00edos,\u00a0Antonio. (2021). &#8220;Prosodic analysis of audio descriptions in the VIW corpus in Catalan&#8221;. <a rel=\"noreferrer noopener\" href=\"https:\/\/ddd.uab.cat\/record\/237651\" target=\"_blank\">ARSAD<\/a>. Barcelona (online), 26th and 27th of January 2021.\u00a0<\/li><li>Mangiron, Carme. (2021). The RAD project.\u00a0ARSAD, Universitat Aut\u00f2noma de Barcelona (online), 26th January 2021.<\/li><li>Larreina-Morales, Mar\u00eda Eugenia; Mangiron, Carme. (2021). &#8220;Fun for All: Exploring new ways to improve game accessibility for blind players&#8221;. Media for All 9, UAB, online, 28th January 2021.<\/li><li>Larreina-Morales, Mar\u00eda Eugenia. (2021). &#8220;Audio Description: A Tool for Inclusion&#8221;.\u00a021st Festival Internazionale del Doppiaggio Voci Nell Ombra.\u00a0Online, 24-28 February 2021.<\/li><li>Invited keynote speech by Anna Matamala at <em>12th International Conference on Professional Communication and Translation Studies<\/em>. &#8220;<a rel=\"noreferrer noopener\" href=\"https:\/\/ddd.uab.cat\/record\/238268\" target=\"_blank\">Audio description research: what next?<\/a>&#8220;. Timi\u0219oara (online), 26th March 2021.<\/li><li>Liu,\u00a0Yuchen. (2021). \u201cAn introduction to media accessibility\u201d. Shanghai International Studies University. Shanghai, 19th April 2021.<\/li><li>Liu,\u00a0Yuchen. (2021). \u201cAn introduction to media accessibility\u201d. University of Nottingham Ningbo China. Ningbo, 28th April 2021.\u00a0<\/li><li>Orero, Pilar. (2021) Writing and implementing European funded project in the field of culture. Approaches in project creation. Tribulartistic, Romania, online. 1st May 2021.<\/li><li>Larreina, Mar\u00eda Eugenia. (2021). Improving game accessibility: the perspective of persons with visual disabilities. PhD Seminar, Universitat Aut\u00f2noma de Barcelona, 12th May 2021.<\/li><li>Larreina,\u00a0Mar\u00eda Eugenia. (2021). In their own words: game accessibility for persons with visual disabilities. TransMedia Catalonia International Meeting,\u00a0Universitat Aut\u00f2noma de Barcelona, 14th May 2021.<\/li><li>Orero, Pilar. (2021)\u00a0La inmersi\u00f3n: un nuevo formato para la formaci\u00f3n de una sociedad inclusiva.\u00a0Evento Digitalizaci\u00f3n una oportunidad para la formaci\u00f3n de una sociedad inclusiva. Asociaci\u00f3n de Regiones Fronterizas Europeas Online\u00a0\u00a0&#8211; Rub\u00ed&#8217;s City Hall (Barcelona). 9th\u00a0June 2021.<\/li><li>Liu,\u00a0Yuchen. (2021). \u201cThe translation of audio description scripts from Spanish into Chinese: A reception study\u201d. The 4<sup>th<\/sup>\u00a0SISU-LeCTIS Translation Studies Salon.\u00a0Shanghai, 18th June 2021.<\/li><li>Hermosa-Ram\u00edrez,\u00a0Irene. (2021). &#8220;Opera audio description: A lexico-grammatical corpus analysis of Catalan and Spanish scripts&#8221;.\u00a0Universidad del Pa\u00eds Vasco\/Euskal Herriko Unibertsitatea (online), 24th June 2021.<\/li><li>Matamala, Anna; Mangiron, Carme; Oncins, Estel\u00b7la; Orero, Pilar. (2021). Media accessibility research and training: TransMedia Catalonia research group. Ukrainian Translation Industry (UTI) Camp. Online. 24th July 2021.<\/li><li>Mangiron, Carme. (2021). Game accessibility: Taking inclusion to the next level. Presentation at HCI International 2021 Conference, online, 27th July 2021.<\/li><li>Mangiron, Carme. (2021).\u00a0Game Accessibility and Localisation: Bringing Entertainment to the Next Level. APTRAD Conference, Portugal (online), 9th September 2021.<\/li><li>Larreina-Morales, Mar\u00eda Eugenia; Mangiron, Carme. (2021). In players\u2019 words: Improving game accessibility for blind users. 7th IATIS\u00a0Conference, Universitat Pompeu Fabra, Barcelona, 15th September 2021.<\/li><li>Liu, Yuchen;\u00a0Rovira-Esteva, Sara;\u00a0Casas-Tost, Helena. (2021).\u00a0Localising AD scripts from Spanish into Chinese: guidelines for good practices.\u00a07th IATIS\u00a0Conference, Universitat Pompeu Fabra, Barcelona, 15th September 2021.<\/li><li>Orero, Pilar. (2021). Project presentation at European Comission EC ERGA SG1 Workshop, online,\u00a022nd September 2021.<\/li><li>Hermosa-Ram\u00edrez,\u00a0Irene.\u00a0(2021). State of the art of audio description for the scenic arts in Spain. Languages and the Media (online), 23rd September 2021.<\/li><li>Invited keynote speech by Maria Eugenia Larreina-Morales at <em>IV Congreso Nacional Retina Murcia<\/em> 2021. &#8220;La accesibilidad a los videojuegos: presente y futuro&#8221;.\u00a0 Murcia, 7th October 2021.<\/li><li>Invited oral communication by Carme Mangiron at III Congreso Latinoamericano de la Industria de la Traducci\u00f3n. &#8220;La localizaci\u00f3n de videojuegos: \u00faltimas tendencias y perspectivas futuras&#8221;. Online, 5th November 2021.<\/li><li>Matamala, Anna; Orero, Pilar. (2021).\u00a0&#8220;Equal opportunities beyond disabilities: Leaving no one behind media accessibility research&#8221;. Social Inequalities and Quality of Life conference. Romania (online), from 15th to 19th of November 2021.\u00a0<\/li><li>Invited keynote speech by Carme Mangiron at IV International Storytelling Revisited Conference . &#8220;Paving the way towards gender and social inclusion in video games&#8221;. Universitat de Vic (online), 24th November 2021.<\/li><li>Matamala, Anna. (2021). &#8220;<a rel=\"noreferrer noopener\" href=\"https:\/\/ddd.uab.cat\/record\/251441?ln=ca\" target=\"_blank\">New approaches to audio description research: words, voices, and collaborative processes<\/a>&#8220;. \u00a01st International Conference on Translation and Interpreting of Specialised Discourse: Theoretical and Practical Approaches to Accessibility. M\u00e1laga (online), 3rd and 4th of December 2021. Invited plenary conference.<\/li><li>Rica Peromingo, J.P.\u00a0(2021) &#8220;Accesibilidad ling\u00fc\u00edstica: las normas de aplicaci\u00f3n en aspectos traductol\u00f3gicos audiovisuales&#8221;. <em>Congreso Internacional sobre Traducci\u00f3n e Interpretaci\u00f3n de Discursos Especializados: Aproximaciones te\u00f3ricas y pr\u00e1cticas a la accesibilidad<\/em>. Universidad de M\u00e1laga (online), 3rd and 4th of December 2021. Invited plenary conference.<\/li><li>Rica Peromingo, J.P. (2021). &#8220;Traducci\u00f3n audiovisual y accesibilidad: investigaci\u00f3n y ense\u00f1anza en contextos profesionales y universitarios&#8221;. Universidad de Vigo (online), 9th of December de 2021. Invited plenary conference.<\/li><li>Hermosa-Ram\u00edrez,\u00a0Irene. (2022). &#8220;Craftsmanship and technology: two sides of the story in audio description&#8221;. Unlimited! 3 &#8211; Innovation for access: new interactions Conference. University of Antwerp (online), 11th February 2022.<\/li><li>Liu, Yuchen, Casas-Tost,\u00a0Helena, &amp; Sara Rovira-Esteva. (2022).\u00a0\u201cAD translation from Spanish into Chinese: A reception study\u201d.\u00a0<em>The 10th international conference of AIETI<\/em>. Minho, 17th June 2022.<\/li><li>Invited keynote speech by Carme Mangiron at Game accessibility Symposium. &#8220;Current research in game accessibility&#8221;. University of Bristol, 7th September 2022.<\/li><li>Larreina-Morales, Mar\u00eda Eugenia. (2022). &#8220;Diverse Features for Diverse Needs: a Game Accessibility Analysis Tool&#8221;. Everybody Plays: a Symposium on Neurodiversity and Games. Antwerp, 16th September 2022.<\/li><li>Liu, Yuchen. (2022). \u201cWho is responsible for defining objectivity in AD? Results of a reception study testing AD translation from Spanish into Chinese\u201d.\u00a0<em>The limits of objective audio description<\/em>. Hildesheim, 05-07 October 2022.<\/li><li>Larreina-Morales, Mar\u00eda Eugenia. (2022). \u201cGame Accessibility Guidelines: a Joint Effort by Users, Industry, and Academia\u201d. Languages &amp; The Media 2022, the 14th International Conference on Language Transfer in Audiovisual Media. Berlin, 8th\u00a0November 2022.<\/li><li>Liu,\u00a0Yuchen. (2022). \u201cAD translation from Spanish into Chinese: A reception study\u201d.\u00a0\u5f71\u89c6\u8bd1\u5236\u4e0e\u56fd\u9645\u4f20\u64ad\uff1a\u65b0\u65f6\u4ee3\u7684\u547d\u9898(Audiovisual translation and its international dissemination: a proposal in the new era). Beijing, 19th November 2022.<\/li><li>Larreina-Morales, Mar\u00eda Eugenia (2023). \u201cCurrent Trends in Game Accessibility \u2013 Features and Reviews\u201d.\u00a0Fun for All: 6th International Conference. Barcelona, 2-3 February 2023.\u00a0<\/li><\/ul>\n\n\n\n<p><strong>Lectures and seminars<\/strong><\/p>\n\n\n\n<ul class=\"wp-block-list\"><li>Invited seminar by Anna Matamala entitled &#8220;Media Accessibility: New environments, New Hybrid Audiovisual Modalities. CTIS, University of Manchester,&nbsp;19th November&nbsp;2019.<\/li><li>Matamala, Anna. (2020). &#8220;Media accessibility: research and practice&#8221; (3 h). Eurasian Subtitler&#8217;s League, Moscow, 23rd January 2020.<\/li><li>Mendoza, Nuria. (2020). &#8220;La audiodescripci\u00f3n para personas ciegas. Accesibilidad audiovisual de la cultura&#8221;, Universidad Internacional de Valencia, 3rd November 2020.<\/li><li>Oncins, Estel\u00b7la. (2020). &#8220;TransMedia Catalonia: Researching Media Accessibility&#8221;. Research seminar given at the M\u00e1ster Universitario en Traducci\u00f3n y Estudios Interculturales, Universitat Aut\u00f2noma de Barcelona, 19th November 2020.<\/li><li>Calvo Ferrer, Jos\u00e9 Ramon. (2020). &#8220;Accessibility in Video Games: Latest Trends and Research&#8221;. 2 h research seminar to postgraduate students,&nbsp;Department of Language of Linguistics,&nbsp;University of Essex, 11th December 2020.\u200b<\/li><li>Matamala,&nbsp;Anna. (2021). &#8220;<a rel=\"noreferrer noopener\" href=\"https:\/\/ddd.uab.cat\/record\/238352\" target=\"_blank\">User-centric research in media accessibility<\/a>&#8220;. Seminar Series&nbsp;in Hacettepe University, Turkey. 9th April 2021.<\/li><li>Belda, Jose Ram\u00f3n; Calvo-Ferrer, Jos\u00e9 Ram\u00f3n. (2021). &#8220;Accesibilidad y videojuegos educativos: La accesibilidad de los videojuegos utilizados en la educaci\u00f3n s\u00edncrona en l\u00ednea&#8221;. MA in Lenguas y Tecnolog\u00eda, Departamento de Ling\u00fc\u00edstica Aplicada de la Universidad Polit\u00e9cnica de Valencia, 26th May 2021.<\/li><li>Mangiron, Carme. (2021). &#8220;The ins and outs of game localisation and accessibility&#8221;. 3 h seminar,&nbsp;ALI&nbsp;&#8211; Accessibilit\u00e0, Lingue, Inclusione and Universit\u00e0 degli Studi di Macerata, 28th May 2021.<\/li><li>Mangiron, Carme. (2022). The Ins and Outs of Game Localization. Invited webinar. Universidade Aut\u00f3noma de Lisboa, 11th February 2022, online. Invited lecture.<\/li><li>Matamala, Anna. (2022). Current research on TAV and accessibility. TransMedia project presentation. 2-hour seminar to Master&#8217;s Degree in Translation and Interpreting students, Autonomous University of Manizales, 27th November 2022.<\/li><\/ul>\n\n\n\n<p><strong>International conferences organised by the RAD project<\/strong><\/p>\n\n\n\n<ul class=\"wp-block-list\"><li><strong><a href=\"https:\/\/grupsderecerca.uab.cat\/arsad\/\" target=\"_blank\" rel=\"noreferrer noopener\">Advanced Research Seminar in Audio Description<\/a><\/strong> (ARSAD), 26th and 27th January 2021.<\/li><\/ul>\n\n\n\n<p>&nbsp;<\/p>\n","protected":false},"excerpt":{"rendered":"<p>&nbsp;Project kick-off activities Project kick-off meeting in Barcelona, 6th May 2019. RAD releases a video about the project.&nbsp; Knowledge transfer Presentation&nbsp;of the RAD project at TransMedia Catalonia Global Accessibilty Awareness day, 16th May 2019. Advise to the Centre de Cultura Contempor\u00e0nia de Barcelona about how to make accessible the exhibition&nbsp;Gameplay: Cultura del videojoc, 4th October [&hellip;]<\/p>\n","protected":false},"author":20,"featured_media":0,"parent":0,"menu_order":0,"comment_status":"closed","ping_status":"closed","template":"","meta":{"footnotes":""},"class_list":["post-43","page","type-page","status-publish","hentry"],"_links":{"self":[{"href":"https:\/\/webs.uab.cat\/rad\/en\/wp-json\/wp\/v2\/pages\/43","targetHints":{"allow":["GET"]}}],"collection":[{"href":"https:\/\/webs.uab.cat\/rad\/en\/wp-json\/wp\/v2\/pages"}],"about":[{"href":"https:\/\/webs.uab.cat\/rad\/en\/wp-json\/wp\/v2\/types\/page"}],"author":[{"embeddable":true,"href":"https:\/\/webs.uab.cat\/rad\/en\/wp-json\/wp\/v2\/users\/20"}],"replies":[{"embeddable":true,"href":"https:\/\/webs.uab.cat\/rad\/en\/wp-json\/wp\/v2\/comments?post=43"}],"version-history":[{"count":42,"href":"https:\/\/webs.uab.cat\/rad\/en\/wp-json\/wp\/v2\/pages\/43\/revisions"}],"predecessor-version":[{"id":379,"href":"https:\/\/webs.uab.cat\/rad\/en\/wp-json\/wp\/v2\/pages\/43\/revisions\/379"}],"wp:attachment":[{"href":"https:\/\/webs.uab.cat\/rad\/en\/wp-json\/wp\/v2\/media?parent=43"}],"curies":[{"name":"wp","href":"https:\/\/api.w.org\/{rel}","templated":true}]}}