{"id":48,"date":"2019-05-13T10:01:22","date_gmt":"2019-05-13T10:01:22","guid":{"rendered":"https:\/\/webs.uab.cat\/rad\/inici-2\/"},"modified":"2022-08-05T12:10:18","modified_gmt":"2022-08-05T12:10:18","slug":"inici-2","status":"publish","type":"page","link":"https:\/\/webs.uab.cat\/rad\/es\/","title":{"rendered":"El proyecto RAD"},"content":{"rendered":"<p class=\"rtejustify\">&nbsp;<\/p>\n<p class=\"rtejustify\"><span style=\"font-size:16px;\"><span style=\"font-family:verdana,geneva,sans-serif;\">RAD&nbsp;(Investigaci\u00f3n en&nbsp;Audiodescripci\u00f3n: Locuci\u00f3n, Traducci\u00f3n y Nuevos \u00c1mbitos) es un proyecto de tres a\u00f1os&nbsp;<\/span><\/span><span style=\"font-family: verdana, geneva, sans-serif; font-size: 16px;\">(2019-2021), dirigido por&nbsp;Carme Mangiron y Anna Matamala (<a href=\"https:\/\/grupsderecerca.uab.cat\/transmedia\/\"><strong><u>grupo de investigaci\u00f3n&nbsp;<\/u><\/strong><\/a><\/span><a href=\"https:\/\/grupsderecerca.uab.cat\/transmedia\/\"><strong><u><u style=\"font-family: verdana, geneva, sans-serif; font-size: 16px;\">TransMedia Catalonia<\/u><\/u><\/strong><\/a><span style=\"font-family: verdana, geneva, sans-serif; font-size: 16px;\">) en la&nbsp;Universitat Aut\u00f2noma de Barcelona.&nbsp;<\/span><\/p>\n<p class=\"rtejustify\"><span style=\"font-size: 16px; font-family: verdana, geneva, sans-serif;\">El proyecto RAD est\u00e1 financiado por el&nbsp;Ministerio de Ciencia, Innovaci\u00f3n y Universidades de Espa\u00f1a, c\u00f3digo de referencia&nbsp;PGC2018-096566-B-I00 (MCIU\/AEI\/FEDER, UE).<\/span><\/p>\n<p class=\"rtejustify\">&nbsp;<\/p>\n<p><img loading=\"lazy\" decoding=\"async\" class=\" size-full wp-image-30\" alt=\"FEDER logo. Fondo Europeo de Desarrollo Regional\" src=\"https:\/\/webs.uab.cat\/rad\/wp-content\/uploads\/sites\/130\/2019\/05\/download.png\" width=\"250\" height=\"83\" srcset=\"https:\/\/webs.uab.cat\/rad\/wp-content\/uploads\/sites\/130\/2019\/05\/download.png 339w, https:\/\/webs.uab.cat\/rad\/wp-content\/uploads\/sites\/130\/2019\/05\/download-300x99.png 300w\" sizes=\"auto, (max-width: 250px) 100vw, 250px\" \/>&nbsp;&nbsp;<img loading=\"lazy\" decoding=\"async\" class=\" size-full wp-image-33\" alt=\"logo Ministerio de Ciencia, Innovaci\u00f3n y Universidades\" src=\"https:\/\/webs.uab.cat\/rad\/wp-content\/uploads\/sites\/130\/2019\/05\/logo_miisteri.jpeg\" width=\"216\" height=\"82\" srcset=\"https:\/\/webs.uab.cat\/rad\/wp-content\/uploads\/sites\/130\/2019\/05\/logo_miisteri.jpeg 364w, https:\/\/webs.uab.cat\/rad\/wp-content\/uploads\/sites\/130\/2019\/05\/logo_miisteri-300x114.jpeg 300w\" sizes=\"auto, (max-width: 216px) 100vw, 216px\" \/>&nbsp;<img loading=\"lazy\" decoding=\"async\" class=\" size-full wp-image-36\" alt=\"Logo Agencia Estatal de Investigaci\u00f3n\" src=\"https:\/\/webs.uab.cat\/rad\/wp-content\/uploads\/sites\/130\/2019\/05\/aei-solo-01-apaisado_250x250.jpg\" width=\"156\" height=\"119\"><\/p>\n","protected":false},"excerpt":{"rendered":"<p>&nbsp; RAD&nbsp;(Investigaci\u00f3n en&nbsp;Audiodescripci\u00f3n: Locuci\u00f3n, Traducci\u00f3n y Nuevos \u00c1mbitos) es un proyecto de tres a\u00f1os&nbsp;(2019-2021), dirigido por&nbsp;Carme Mangiron y Anna Matamala (grupo de investigaci\u00f3n&nbsp;TransMedia Catalonia) en la&nbsp;Universitat Aut\u00f2noma de Barcelona.&nbsp; El proyecto RAD est\u00e1 financiado por el&nbsp;Ministerio de Ciencia, Innovaci\u00f3n y Universidades de Espa\u00f1a, c\u00f3digo de referencia&nbsp;PGC2018-096566-B-I00 (MCIU\/AEI\/FEDER, UE). &nbsp; &nbsp;&nbsp;&nbsp;<\/p>\n","protected":false},"author":20,"featured_media":0,"parent":0,"menu_order":0,"comment_status":"closed","ping_status":"closed","template":"","meta":{"footnotes":""},"class_list":["post-48","page","type-page","status-publish","hentry"],"_links":{"self":[{"href":"https:\/\/webs.uab.cat\/rad\/es\/wp-json\/wp\/v2\/pages\/48","targetHints":{"allow":["GET"]}}],"collection":[{"href":"https:\/\/webs.uab.cat\/rad\/es\/wp-json\/wp\/v2\/pages"}],"about":[{"href":"https:\/\/webs.uab.cat\/rad\/es\/wp-json\/wp\/v2\/types\/page"}],"author":[{"embeddable":true,"href":"https:\/\/webs.uab.cat\/rad\/es\/wp-json\/wp\/v2\/users\/20"}],"replies":[{"embeddable":true,"href":"https:\/\/webs.uab.cat\/rad\/es\/wp-json\/wp\/v2\/comments?post=48"}],"version-history":[{"count":1,"href":"https:\/\/webs.uab.cat\/rad\/es\/wp-json\/wp\/v2\/pages\/48\/revisions"}],"predecessor-version":[{"id":106,"href":"https:\/\/webs.uab.cat\/rad\/es\/wp-json\/wp\/v2\/pages\/48\/revisions\/106"}],"wp:attachment":[{"href":"https:\/\/webs.uab.cat\/rad\/es\/wp-json\/wp\/v2\/media?parent=48"}],"curies":[{"name":"wp","href":"https:\/\/api.w.org\/{rel}","templated":true}]}}