{"id":50,"date":"2021-07-29T14:18:10","date_gmt":"2021-07-29T14:18:10","guid":{"rendered":"https:\/\/webs.uab.cat\/rad\/objetivos\/"},"modified":"2021-07-29T14:18:10","modified_gmt":"2021-07-29T14:18:10","slug":"objetivos","status":"publish","type":"page","link":"https:\/\/webs.uab.cat\/rad\/es\/objetivos\/","title":{"rendered":"Objetivos"},"content":{"rendered":"<p class=\"rtejustify\"><span style=\"font-size:16px;\"><span style=\"font-family:verdana,geneva,sans-serif;\">El proyecto tiene cuatro objetivos principales:<\/span><\/span><\/p>\n<p class=\"rtejustify\"><span style=\"font-size:16px;\"><span style=\"font-family:verdana,geneva,sans-serif;\">a) el an\u00e1lisis de la locuci\u00f3n de AD, con el foco en los aspectos pros\u00f3dicos e identificando&nbsp;las preferencias del usuario respecto a la transmisi\u00f3n oral;<\/span><\/span><\/p>\n<p class=\"rtejustify\"><span style=\"font-size:16px;\"><span style=\"font-family:verdana,geneva,sans-serif;\">b) el estudio de la traducci\u00f3n de AD como proceso de creaci\u00f3n en pares de lenguas poco investigadas como&nbsp;castellano\/catal\u00e1n y chino, y probando la recepci\u00f3n del usuario;<\/span><\/span><\/p>\n<p class=\"rtejustify\"><span style=\"font-size:16px;\"><span style=\"font-family:verdana,geneva,sans-serif;\">c) el an\u00e1lisis de la presencia y uso potencial de AD en un escenario t\u00edpicamente dirigido a adultos j\u00f3venes&nbsp;(videojuegos), identificando&nbsp;las necesidades del usuario y los requisitos;<\/span><\/span><\/p>\n<p class=\"rtejustify\"><span style=\"font-size:16px;\"><span style=\"font-family:verdana,geneva,sans-serif;\">d) el estudio de AD en&nbsp;\u00f3pera, un escenario t\u00edpicamente dirigido a adultos de m\u00e1s edad, identificando las necesidades&nbsp;del usuario y los requisitos.<\/span><\/span><\/p>\n<p class=\"rtejustify\"><span style=\"font-size:16px;\"><span style=\"font-family:verdana,geneva,sans-serif;\">La metodolog\u00eda del&nbsp;proyecto combinar\u00e1 la investigaci\u00f3n descriptiva y pruebas experimentales con usuarios por medio de&nbsp;cuestionarios, entrevistas o&nbsp;grupos focales.<\/span><\/span><\/p>\n","protected":false},"excerpt":{"rendered":"<p>El proyecto tiene cuatro objetivos principales: a) el an\u00e1lisis de la locuci\u00f3n de AD, con el foco en los aspectos pros\u00f3dicos e identificando&nbsp;las preferencias del usuario respecto a la transmisi\u00f3n oral; b) el estudio de la traducci\u00f3n de AD como proceso de creaci\u00f3n en pares de lenguas poco investigadas como&nbsp;castellano\/catal\u00e1n y chino, y probando la [&hellip;]<\/p>\n","protected":false},"author":20,"featured_media":0,"parent":0,"menu_order":0,"comment_status":"closed","ping_status":"closed","template":"","meta":{"footnotes":""},"class_list":["post-50","page","type-page","status-publish","hentry"],"_links":{"self":[{"href":"https:\/\/webs.uab.cat\/rad\/es\/wp-json\/wp\/v2\/pages\/50","targetHints":{"allow":["GET"]}}],"collection":[{"href":"https:\/\/webs.uab.cat\/rad\/es\/wp-json\/wp\/v2\/pages"}],"about":[{"href":"https:\/\/webs.uab.cat\/rad\/es\/wp-json\/wp\/v2\/types\/page"}],"author":[{"embeddable":true,"href":"https:\/\/webs.uab.cat\/rad\/es\/wp-json\/wp\/v2\/users\/20"}],"replies":[{"embeddable":true,"href":"https:\/\/webs.uab.cat\/rad\/es\/wp-json\/wp\/v2\/comments?post=50"}],"version-history":[{"count":0,"href":"https:\/\/webs.uab.cat\/rad\/es\/wp-json\/wp\/v2\/pages\/50\/revisions"}],"wp:attachment":[{"href":"https:\/\/webs.uab.cat\/rad\/es\/wp-json\/wp\/v2\/media?parent=50"}],"curies":[{"name":"wp","href":"https:\/\/api.w.org\/{rel}","templated":true}]}}