{"id":52,"date":"2019-05-13T10:27:42","date_gmt":"2019-05-13T10:27:42","guid":{"rendered":"https:\/\/webs.uab.cat\/rad\/participantes\/"},"modified":"2021-07-29T14:23:45","modified_gmt":"2021-07-29T14:23:45","slug":"participantes","status":"publish","type":"page","link":"https:\/\/webs.uab.cat\/rad\/es\/participantes\/","title":{"rendered":"Participantes"},"content":{"rendered":"<p><span style=\"font-size:16px;\"><span style=\"font-family:verdana,geneva,sans-serif;\"><u><strong><a href=\"http:\/\/grupsderecerca.uab.cat\/transmedia\/content\/carme-mangiron\">Carme Mangiron<\/a><\/strong><\/u>&nbsp;(investigadora principal)<\/span><\/span><\/p>\n<p><span style=\"font-size:16px;\"><span style=\"font-family:verdana,geneva,sans-serif;\"><u><strong><a href=\"http:\/\/grupsderecerca.uab.cat\/transmedia\/content\/anna-matamala\">Anna Matamala<\/a><\/strong><\/u>&nbsp;(investigadora principal)<\/span><\/span><\/p>\n<p>&nbsp;<\/p>\n<p><span style=\"font-size:16px;\"><span style=\"font-family:verdana,geneva,sans-serif;\"><strong>Investigadores de la&nbsp;Universitat Aut\u00f2noma de Barcelona<\/strong><\/span><\/span><\/p>\n<p><u><strong><span style=\"font-size:16px;\"><span style=\"font-family:verdana,geneva,sans-serif;\"><a href=\"http:\/\/grupsderecerca.uab.cat\/transmedia\/content\/olga-soler\">Olga Soler Vilageliu<\/a><\/span><\/span><\/strong><\/u><\/p>\n<p><u><strong><span style=\"font-size:16px;\"><span style=\"font-family:verdana,geneva,sans-serif;\"><a href=\"http:\/\/grupsderecerca.uab.cat\/transmedia\/content\/pilar-orero\">Pilar Orero<\/a><\/span><\/span><\/strong><\/u><\/p>\n<p><u><strong><span style=\"font-size:16px;\"><span style=\"font-family:verdana,geneva,sans-serif;\"><a href=\"http:\/\/grupsderecerca.uab.cat\/transmedia\/content\/miquel-edo-0\">Miquel Edo Juli\u00e0<\/a><\/span><\/span><\/strong><\/u><\/p>\n<p><u><strong><span style=\"font-size:16px;\"><span style=\"font-family:verdana,geneva,sans-serif;\"><a href=\"http:\/\/grupsderecerca.uab.cat\/transmedia\/content\/helena-casas-tost\">Helena Casas Tost<\/a><\/span><\/span><\/strong><\/u><\/p>\n<p><u><strong><span style=\"font-size:16px;\"><span style=\"font-family:verdana,geneva,sans-serif;\"><a href=\"http:\/\/grupsderecerca.uab.cat\/transmedia\/content\/sara-rovira-esteva\">Sara Rovira Esteva<\/a><\/span><\/span><\/strong><\/u><\/p>\n<p><u><strong><span style=\"font-size:16px;\"><span style=\"font-family:verdana,geneva,sans-serif;\"><a href=\"http:\/\/grupsderecerca.uab.cat\/transmedia\/content\/maria-j-machuca\">Mar\u00eda Jes\u00fas Machuca Ayuso<\/a><\/span><\/span><\/strong><\/u><\/p>\n<p><span style=\"font-size:16px;\"><span style=\"font-family:verdana,geneva,sans-serif;\">Antonio R\u00edos Mestre<\/span><\/span><\/p>\n<p>&nbsp;<\/p>\n<p><span style=\"font-size:16px;\"><span style=\"font-family:verdana,geneva,sans-serif;\"><strong>Investigadores de otras universidades<\/strong><\/span><\/span><\/p>\n<p><span style=\"font-size:16px;\"><span style=\"font-family:verdana,geneva,sans-serif;\">Jos\u00e9 Ramon Calvo Ferrer<\/span><\/span><\/p>\n<p><span style=\"font-size:16px;\"><span style=\"font-family:verdana,geneva,sans-serif;\">Juan Pedro Rica Peromingo<\/span><\/span><\/p>\n<p><span style=\"font-size:16px;\"><span style=\"font-family:verdana,geneva,sans-serif;\">Jos\u00e9&nbsp;Ramon Belda Medina<\/span><\/span><\/p>\n<p>&nbsp;<\/p>\n<p><font face=\"verdana, geneva, sans-serif\"><b>Miembros del grupo de trabajo<\/b><\/font><\/p>\n<p><span style=\"font-size:16px;\"><span style=\"font-family:verdana,geneva,sans-serif;\">Josep D\u00e1vila<\/span><\/span><\/p>\n<p><span style=\"font-size:16px;\"><span style=\"font-family:verdana,geneva,sans-serif;\">Nazaret Fresno<\/span><\/span><\/p>\n<p><span style=\"font-size:16px;\"><span style=\"font-family:verdana,geneva,sans-serif;\">Gian Maria Greco<\/span><\/span><\/p>\n<p><span style=\"font-family:verdana,geneva,sans-serif;\">Irene Hermosa<\/span><\/p>\n<p><span style=\"font-size:16px;\"><span style=\"font-family:verdana,geneva,sans-serif;\">Anna Jankowska<\/span><\/span><\/p>\n<p><span style=\"font-family:verdana,geneva,sans-serif;\">Mar\u00eda Eugenia Larreina<\/span><\/p>\n<p><span style=\"font-family:verdana,geneva,sans-serif;\">Yuchen Liu<\/span><\/p>\n<p><span style=\"font-family:verdana,geneva,sans-serif;\">Liudmila Navtanovich<\/span><\/p>\n<p>&nbsp;<\/p>\n<p><strong><span style=\"font-family:verdana,geneva,sans-serif;\">Miembros del grupo de trabajo entre enero de&nbsp;2019 y marzo de 2020<\/span><\/strong><\/p>\n<p><span style=\"font-family:verdana,geneva,sans-serif;\">Bel\u00e9n Agull\u00f3<\/span><\/p>\n<p><span style=\"font-family:verdana,geneva,sans-serif;\">Anita Fidyka<\/span><\/p>\n<p><span style=\"font-family:verdana,geneva,sans-serif;\">Irene Tor-Carrogio<\/span><\/p>\n","protected":false},"excerpt":{"rendered":"<p>Carme Mangiron&nbsp;(investigadora principal) Anna Matamala&nbsp;(investigadora principal) &nbsp; Investigadores de la&nbsp;Universitat Aut\u00f2noma de Barcelona Olga Soler Vilageliu Pilar Orero Miquel Edo Juli\u00e0 Helena Casas Tost Sara Rovira Esteva Mar\u00eda Jes\u00fas Machuca Ayuso Antonio R\u00edos Mestre &nbsp; Investigadores de otras universidades Jos\u00e9 Ramon Calvo Ferrer Juan Pedro Rica Peromingo Jos\u00e9&nbsp;Ramon Belda Medina &nbsp; Miembros del grupo de [&hellip;]<\/p>\n","protected":false},"author":20,"featured_media":0,"parent":0,"menu_order":0,"comment_status":"closed","ping_status":"closed","template":"","meta":{"footnotes":""},"class_list":["post-52","page","type-page","status-publish","hentry"],"_links":{"self":[{"href":"https:\/\/webs.uab.cat\/rad\/es\/wp-json\/wp\/v2\/pages\/52","targetHints":{"allow":["GET"]}}],"collection":[{"href":"https:\/\/webs.uab.cat\/rad\/es\/wp-json\/wp\/v2\/pages"}],"about":[{"href":"https:\/\/webs.uab.cat\/rad\/es\/wp-json\/wp\/v2\/types\/page"}],"author":[{"embeddable":true,"href":"https:\/\/webs.uab.cat\/rad\/es\/wp-json\/wp\/v2\/users\/20"}],"replies":[{"embeddable":true,"href":"https:\/\/webs.uab.cat\/rad\/es\/wp-json\/wp\/v2\/comments?post=52"}],"version-history":[{"count":0,"href":"https:\/\/webs.uab.cat\/rad\/es\/wp-json\/wp\/v2\/pages\/52\/revisions"}],"wp:attachment":[{"href":"https:\/\/webs.uab.cat\/rad\/es\/wp-json\/wp\/v2\/media?parent=52"}],"curies":[{"name":"wp","href":"https:\/\/api.w.org\/{rel}","templated":true}]}}