{"id":53,"date":"2019-05-13T10:27:52","date_gmt":"2019-05-13T10:27:52","guid":{"rendered":"https:\/\/webs.uab.cat\/rad\/actividades\/"},"modified":"2023-03-15T19:44:41","modified_gmt":"2023-03-15T19:44:41","slug":"actividades","status":"publish","type":"page","link":"https:\/\/webs.uab.cat\/rad\/es\/actividades\/","title":{"rendered":"Actividades"},"content":{"rendered":"\n<p>&nbsp;<\/p>\n\n\n\n<p><span style=\"font-family: verdana, geneva, sans-serif\"><span style=\"font-size: 16px\"><b>Actividades de inicio del proyecto<\/b><\/span><\/span><\/p>\n\n\n\n<ul class=\"wp-block-list\"><li><span style=\"font-size: 16px\"><span style=\"font-family: verdana,geneva,sans-serif\">Reuni\u00f3n de inicio del proyecto en&nbsp;Barcelona, 6 de mayo de&nbsp;2019.<\/span><\/span><\/li><li><span style=\"font-size: 16px\"><span style=\"font-family: verdana,geneva,sans-serif\">RAD lanza un <a href=\"https:\/\/webs.uab.cat\/rad\/es\/videos-2\/\" data-type=\"page\" data-id=\"56\" target=\"_blank\" rel=\"noreferrer noopener\"><u>v\u00eddeo<\/u><\/a> sobre el proyecto.<\/span><\/span><\/li><\/ul>\n\n\n\n<p>&nbsp;<\/p>\n\n\n\n<p><span style=\"font-family: verdana, geneva, sans-serif\"><span style=\"font-size: 16px\"><b>Transferencia de conocimientos<\/b><\/span><\/span><\/p>\n\n\n\n<ul class=\"wp-block-list\"><li><span style=\"font-size: 16px\"><span style=\"font-family: verdana,geneva,sans-serif\">Presentaci\u00f3n del proyecto&nbsp;RAD en el&nbsp;<u><strong><a rel=\"noopener\" href=\"http:\/\/grupsderecerca.uab.cat\/transmedia\/TMC_GAAD\" target=\"_blank\">D\u00eda Mundial para la Concienciaci\u00f3n de la Accesibilidad<\/a><\/strong><\/u>&nbsp;de TransMedia Catalonia, 16 de mayo de 2019.<\/span><\/span><\/li><li><span style=\"font-size: 16px\"><span style=\"font-family: verdana,geneva,sans-serif\">Asesoramiento al&nbsp;Centre de Cultura Contempor\u00e0nia de Barcelona sobre c\u00f3mo hacer accesible la exhibici\u00f3n&nbsp;<em>Gameplay: Cultura del videojoc<\/em>, 4 de octubre de&nbsp;2019.<\/span><\/span><\/li><li><span style=\"font-size: 16px\"><span style=\"font-family: verdana,geneva,sans-serif\">Presentaci\u00f3n del proyecto RAD en la Semana de la Ciencia de&nbsp;Barcelona, 26 de octubre de&nbsp;2019.<\/span><\/span><\/li><li><span style=\"font-size: 16px\"><span style=\"font-family: verdana,geneva,sans-serif\">Participaci\u00f3n&nbsp;de&nbsp;Anna Matamala y Pilar Orero en el encuentro del comit\u00e9&nbsp;ISO\/IEC JTC1\/SC35 User interfaces. Busan (Corea del Sur) del 13 al 17 de enero de 2020. Contribuci\u00f3n a&nbsp;varios est\u00e1ndares&nbsp;como el&nbsp;<u><strong><a rel=\"noopener\" href=\"https:\/\/www.iso.org\/standard\/63061.html\" target=\"_blank\">ISO\/IEC TS 20071-21:2015 Information technology &#8211; User interface component accessibility &#8211; Part 21: Guidance on audio descriptions<\/a><\/strong>,<\/u>&nbsp;y<strong>&nbsp;<\/strong><u><strong><a rel=\"noopener\" href=\"https:\/\/www.iso.org\/standard\/69060.html\" target=\"_blank\">ISO-IEC TS 20071:25:2017 Information technology- User interface component accessiiblity &#8211; Part 25: Guidance on the audio presentation of text in videos, including captions, subtitles and other on-screen text<\/a><\/strong><\/u>, entre otros.<\/span><\/span><\/li><li><span style=\"font-size: 16px\"><span style=\"font-family: verdana,geneva,sans-serif\">Presentaci\u00f3n del proyecto&nbsp;RAD en un&nbsp;<a href=\"https:\/\/youtu.be\/bMolAE3PatQ\">v\u00eddeo<\/a>&nbsp;para&nbsp;celebrar el&nbsp;<u><strong><a rel=\"noopener\" href=\"http:\/\/grupsderecerca.uab.cat\/transmedia\/TMC_GAAD\" target=\"_blank\">D\u00eda Mundial para la&nbsp;Concienciaci\u00f3n de la Accesibilidad<\/a><\/strong><\/u>, 21 de mayo de&nbsp;2020.<\/span><\/span><\/li><li><span style=\"font-size: 16px\"><span style=\"font-family: verdana,geneva,sans-serif\">Entrevista a&nbsp;Carme Mangiron sobre localizaci\u00f3n de videojuegos y accesibilidad por parte del grupo de investigaci\u00f3n&nbsp;Acesso Livre de la&nbsp;Universidade de Bras\u00edlia, 28 de octubre de 2020.&nbsp;<a rel=\"noreferrer noopener\" href=\"https:\/\/www.youtube.com\/watch?v=JkG69-mX7s0&amp;feature=youtu.be, 28 de octubre de 2020\" target=\"_blank\">https:\/\/www.youtube.com\/watch?v=JkG69-mX7s0&amp;feature=youtu.be, 28 de octubre de 2020<\/a><\/span><\/span><\/li><li><span style=\"font-size: 16px\"><span style=\"font-family: verdana,geneva,sans-serif\">Anna Matamala ofrece la charla <span style=\"font-size: 16px\"><span style=\"font-family: verdana,geneva,sans-serif\">\u00ab<\/span>Audio Description and Audio Subtitling of Videoworks. A Place of Its Own\u00bb como invitada del Professional Meeting en&nbsp;LOOP Barcelona, organizado por el proyecto europeo&nbsp;A-Place. Linking places through networked artistic practices,&nbsp;18 de noviembre de 2020.<\/span><\/span><\/span><\/li><li><span style=\"font-size: 16px\"><span style=\"font-family: verdana,geneva,sans-serif\">Entrevista a&nbsp;Carme Mangiron en el <em>podcast&nbsp;<\/em>En Sincron\u00eda. 9 de junio de&nbsp;2021.<\/span><a rel=\"noreferrer noopener\" href=\"https:\/\/www.youtube.com\/watch?v=aQH4oISmkA8\" target=\"_blank\">&nbsp;<span style=\"font-family: sans-serif, Arial, Verdana, 'Trebuchet MS'\">https:\/\/www.youtube.com\/watch?v=aQH4oISmkA8<\/span><\/a><\/span><br>&nbsp;<\/li><\/ul>\n\n\n\n<p>&nbsp;<\/p>\n\n\n\n<p><span style=\"font-family: verdana, geneva, sans-serif\"><span style=\"font-size: 16px\"><b>Presentaciones y&nbsp;conferencias<\/b><\/span><\/span><\/p>\n\n\n\n<ul class=\"wp-block-list\"><li><span style=\"font-size: 16px\"><span style=\"font-family: verdana,geneva,sans-serif\">Presentaci\u00f3n del proyecto\u00a0RAD en el encuentro internacional de investigaci\u00f3n TransMedia Catalonia, 11 de noviembre de 2019.<\/span><\/span><\/li><li><span style=\"font-size: 16px\"><span style=\"font-family: verdana,geneva,sans-serif\">Ponencia de Anna Matamala como invitada en\u00a0Inclusive Dialogue 2020, Mosc\u00fa, 24 de enero de\u00a02020.<\/span><\/span><\/li><li><span style=\"font-size: 16px;font-family: verdana, geneva, sans-serif\">Anna Matamala presenta \u00ab<a rel=\"noreferrer noopener\" href=\"https:\/\/ddd.uab.cat\/record\/232574\" target=\"_blank\">Accessibility and audiovisual translation in a changing world<\/a>\u00bb como invitada en una conferencia en la\u00a0Universidad Aut\u00f3noma de Manizales, Colombia,\u00a0<\/span><span style=\"font-size: 16px\"><span style=\"font-family: verdana,geneva,sans-serif\">26 de septiembre de 2020.<\/span><\/span><\/li><li><span style=\"font-size: 16px\"><span style=\"font-family: verdana,geneva,sans-serif\">Larreina-Morales, Mar\u00eda Eugenia. (2020). \u00abSiguiente nivel: La accesibilidad a los videojuegos para personas ciegas\u00bb.\u00a0<i>VI Congreso de la Sociedad Espa\u00f1ola para las Ciencias del Videojuego.\u00a0<\/i>Online, 7 de octubre de\u00a02020.<\/span><\/span><\/li><li><span style=\"font-size: 16px;font-family: verdana, geneva, sans-serif\">Anna Matamala presenta \u00abInvestigar en accesibilidad y traducci\u00f3n audiovi<\/span><span style=\"font-size: 16px\"><span style=\"font-family: verdana, geneva, sans-serif\">sual\u00bb, como invitada en el III SEMINARIO DEL GRUPO DE INNOVACI\u00d3N EDUCATIVA ARENA (<\/span><span style=\"font-family: verdana,geneva,sans-serif\">Accesibilidad, traducci\u00f3n audiovisual y aprendizaje de lenguas). UNED, 10 de noviembre de 2020.<\/span><\/span><\/li><li><span style=\"font-size: 16px\"><span style=\"font-family: verdana,geneva,sans-serif\">Larreina-Morales, Mar\u00eda Eugenia. (2020).\u00a0\u00abGame accessibility for blind and low vision players\u00bb.\u00a0<i>LEAD ME Winter Training School<\/i>. Online, 25 de noviembre de 2020.<\/span><\/span><\/li><li><span style=\"font-size: 16px\"><span style=\"font-family: verdana,geneva,sans-serif\">Hermosa, Irene. (2021).\u00a0A comprehensive approach to opera audio description.\u00a0ARSAD, Universitat Aut\u00f2noma de Barcelona (online), 26 de enero de\u00a02021.<\/span><\/span><\/li><li><span style=\"font-size: 16px\"><span style=\"font-family: verdana,geneva,sans-serif\">Liu, Yuchen;\u00a0Tor-Carroggio, Irene;\u00a0Rovira-Esteva, Sara;\u00a0Casas-Tost, Helena.\u00a0(2021). Localisation guidelines to translate AD from Spanish into Chinese: A first proposal.\u00a0ARSAD, Universitat Aut\u00f2noma de Barcelona (online), 26 de enero de\u00a02021.<span style=\"font-size: 16px\"><span style=\"font-family: verdana,geneva,sans-serif\">\u00a0<\/span><\/span><\/span><\/span><\/li><li><span style=\"font-size: 16px\"><span style=\"font-family: verdana,geneva,sans-serif\">Machuca, Mar\u00eda; Matamala, Anna; R\u00edos, Antonio. (2021). \u00abProsodic analysis of audio descriptions in the VIW corpus in Catalan\u00bb. <a rel=\"noreferrer noopener\" href=\"https:\/\/ddd.uab.cat\/record\/237651\" target=\"_blank\">ARSAD 2021<\/a>. Universitat Aut\u00f2noma de Barcelona (online), 26 y 27 de enero de 2021.<\/span><\/span><\/li><li><span style=\"font-size: 16px\"><span style=\"font-family: verdana,geneva,sans-serif\"><span style=\"font-size: 16px\"><span style=\"font-family: verdana,geneva,sans-serif\">Mangiron, Carme. (2021). The RAD project.\u00a0<\/span><\/span>ARSAD, Universitat Aut\u00f2noma de Barcelona (online), 26 de enero de\u00a02021.<\/span><\/span><\/li><li><span style=\"font-family: verdana,geneva,sans-serif\"><span style=\"font-size: 16px\">Larreina-Morales, Mar\u00eda Eugenia; Mangiron, Carme. (2021). \u00abFun for All: Exploring new ways to improve game accessibility for blind players\u00bb. Media for All 9, UAB, online, 28 de enero de\u00a02021.<\/span><\/span><\/li><li><span style=\"font-size: 16px\"><span style=\"font-family: verdana,geneva,sans-serif\">Larreina-Morales, Mar\u00eda Eugenia. (2021). \u00abAudio Description: A Tool for Inclusion\u00bb.\u00a0XXI Festival Internazionale del Doppiaggio Voci Nell Ombra.\u00a0Online, del 24 al 28 de febrero de 2021.<\/span><\/span><\/li><li><span style=\"font-size: 16px\"><span style=\"font-family: verdana,geneva,sans-serif\">Ponencia de Anna Matamala como invitada en \u00ab<a rel=\"noreferrer noopener\" href=\"https:\/\/ddd.uab.cat\/record\/238268\" target=\"_blank\">Audio description research: what next?<\/a>\u00ab. <em>12th International Conference on Professional Communication and Translation Studies<\/em>. Timi\u0219oara, 26 de marzo de\u00a02021.<\/span><\/span><\/li><li><span style=\"font-size: 16px\"><span style=\"font-family: verdana,geneva,sans-serif\">Liu, Yuchen. (2021). An introduction to media accessibility. Shangai International Studies University. Shangai, 19 de abril de\u00a02021.<span style=\"font-size: 16px\"><span style=\"font-family: verdana,geneva,sans-serif\">\u00a0<\/span><\/span><\/span><\/span><\/li><li><span style=\"font-size: 16px\"><span style=\"font-family: verdana,geneva,sans-serif\">Liu, Yuchen. (2021). An introduction to media accessibility. University of Notthingham Ningbo China. Ningbo, 28 de abril de\u00a02021.<\/span><\/span><\/li><li><span style=\"font-size: 16px\"><span style=\"font-family: verdana,geneva,sans-serif\">Orero, Pilar. (2021). Writing and implementing European funded project in the field of culture. Approaches in project creation. Tribulartistic, Romania, online. 1 de mayo de\u00a02021.<\/span><\/span><\/li><li><span style=\"font-family: verdana,geneva,sans-serif\"><span style=\"font-size: 16px\">Larreina, Mar\u00eda Eugenia. (2021). Improving game accessibility: the perspective of persons with visual disabilities. Seminario PhD, Universitat Aut\u00f2noma de Barcelona, 12 de mayo de\u00a02021.<\/span><\/span><\/li><li><span style=\"font-family: verdana,geneva,sans-serif\"><span style=\"font-size: 16px\">Larreina,\u00a0Mar\u00eda Eugenia. (2021). In their own words: game accessibility for persons with visual disabilities. TransMedia Catalonia International Meeting,\u00a0Universitat Aut\u00f2noma de Barcelona, 14 de mayo de 2021.<\/span><\/span><\/li><li><span style=\"font-size: 16px\"><span style=\"font-family: verdana,geneva,sans-serif\">Orero, Pilar. (2021)\u00a0<\/span><\/span><span style=\"font-family: verdana,geneva,sans-serif\"><span style=\"font-size: 16px\">La inmersi\u00f3n: un nuevo formato para la formaci\u00f3n de una sociedad inclusiva.\u00a0Evento Digitalizaci\u00f3n una oportunidad para la formaci\u00f3n de una sociedad inclusiva. Asociaci\u00f3n de Regiones Fronterizas Europeas Online\u00a0\u00a0&#8211; Ayuntamiento de Rub\u00ed\u00a0(Barcelona). 9 de junio de\u00a02021.<\/span><\/span><\/li><li><span style=\"font-size: 16px\"><span style=\"font-family: verdana,geneva,sans-serif\">Liu, Yuchen. (2021). The translation of audio description scripts from Spanish into Chinese: A reception study. IV Sal\u00f3n de Estudios de Traducci\u00f3n SISU-LeCTIS. Shangai, 18 de junio de 2021.<\/span><\/span><\/li><li><span style=\"font-size: 16px\"><span style=\"font-family: verdana,geneva,sans-serif\">Hermosa-Ramirez, Irene. (2021). Opera audio description: A lexico-grammatical corpus analysis of Catalan and Spanish scripts. Universidad del Pa\u00eds Vasco\/Euskal Herriko Unibertsitatea. Online. 24 de junio de 2021. <\/span><\/span><\/li><li><span style=\"font-size: 16px\"><span style=\"font-family: verdana,geneva,sans-serif\">Matamala, Anna; Mangiron, Carme; Oncins, Estel\u00b7la; Orero, Pilar. (2021). Media accessibility research and training: TransMedia Catalonia research group. Ukrainian Translation Industry (UTI) Camp. Online. 24 de julio de\u00a02021.<\/span><\/span><\/li><li><span style=\"font-family: verdana,geneva,sans-serif\"><span style=\"font-size: 16px\">Mangiron, Carme. (2021). Game accessibility: Taking inclusion to the next level. Presentaci\u00f3n en\u00a0HCI International 2021 Conference, online, 27 de julio de\u00a02021.<\/span><\/span><\/li><li><span style=\"font-family: verdana,geneva,sans-serif\"><span style=\"font-size: 16px\">Mangiron, Carme. (2021). Game accessibility and Localisation: Bringing Entertainment to the Next Level. APTRAD Conference. Portugal (online), 9 de septiembre de 2021.<\/span><\/span><\/li><li><span style=\"font-family: verdana,geneva,sans-serif\"><span style=\"font-size: 16px\">Larreina-Morales, Maria Eugenia; Mangiron, Carme. (2021). In players&#8217; words: Improving game accessibility for blind users. VII IATIS Conference, Universitat Pompeu Fabra. Barcelona, 15 de septiembre de 2021.<\/span><\/span><\/li><li><span style=\"font-family: verdana,geneva,sans-serif\"><span style=\"font-size: 16px\">Liu, Yuchen; Rovira-Esteva, Sara; Casas-Tost, Helena. (2021). Localising AD scripts from Spanish into Chinese: guidelines for good practices. VII IATIS Conference, Universitat Pompeu Fabra. Barcelona, 15 de septiembre de 2021. <\/span><\/span><\/li><li><span style=\"font-family: verdana,geneva,sans-serif\"><span style=\"font-size: 16px\">Orero, Pilar. (2021). Project presentation at European Comission EC ERGA SG1. Taller (online), 22 de septiembre de 2021.<\/span><\/span><\/li><li><span style=\"font-size: 16px\"><span style=\"font-family: verdana,geneva,sans-serif\">Hermosa-Ram\u00edrez, Irene. (2021). State of the art of audio description for scenic arts in Spain. Languages and the Media. Online, 23 de septiembre de 2021<\/span><\/span>.<\/li><li><span style=\"font-size: 16px\"><span style=\"font-family: verdana,geneva,sans-serif\">Larreina-Morales, Mar\u00eda Eugenia. (2021). \u00abLa accesibilidad a los videojuegos: presente y futuro\u00bb.\u00a0<i>IV Congreso Nacional Retina Murcia<\/i>.\u00a0Murcia, 7\u00a0de octubre de 2021. Ponencia invitada.<\/span><\/span><\/li><li><span style=\"font-size: 16px\"><span style=\"font-family: verdana,geneva,sans-serif\">Comunicaci\u00f3n oral de Carme Mangiron como invitada en \u00abLa localizaci\u00f3n de videojuegos: \u00faltimas tendencias y perspectivas futuras\u00bb. III Congreso Latinoamericano de la Industria de la Traducci\u00f3n, online, 5 de noviembre de 2021.<\/span><\/span><\/li><li><span style=\"font-size: 16px\"><span style=\"font-family: verdana,geneva,sans-serif\">Matamala, Anna; Orero, Pilar. (2021).\u00a0\u00abEqual opportunities beyond disabilities: Leaving no one behind media accessibility research\u00bb. Social Inequalities and Quality of Life conference. Romania (online), del 15 al 19 de noviembre de 2021.\u00a0<\/span><\/span><\/li><li><span style=\"font-size: 16px\"><span style=\"font-family: verdana,geneva,sans-serif\">Ponencia de Carme Mangiron como invitada en\u00a0\u00abPaving the way towards gender and social inclusion in video games\u00bb. IV International Storytelling Revisited Conference. Universitat de Vic (online), 24 de noviembre de 2021.<\/span><\/span><\/li><li><span style=\"font-family: verdana, geneva, sans-serif;font-size: 16px;letter-spacing: 0.05rem\">Ponencia de Anna Matamala como invitada en \u00ab<\/span><a title=\"https:\/\/ddd.uab.cat\/record\/251441?ln=ca\" rel=\"noopener\" style=\"font-family: verdana, geneva, sans-serif;font-size: 16px;letter-spacing: 0.05rem\" href=\"https:\/\/ddd.uab.cat\/record\/251441?ln=ca\" target=\"_blank\">New approaches to audio description research: words, voices, and collaborative processes<\/a><span style=\"font-family: verdana, geneva, sans-serif;font-size: 16px;letter-spacing: 0.05rem\">\u00ab. <\/span><em style=\"font-family: verdana, geneva, sans-serif;font-size: 16px;letter-spacing: 0.05rem\">I Congreso Internacional sobre Traducci\u00f3n e Interpretaci\u00f3n de Discursos Especializados: Aproximaciones te\u00f3ricas y pr\u00e1cticas a la accesibilidad.<\/em><span style=\"font-family: verdana, geneva, sans-serif;font-size: 16px;letter-spacing: 0.05rem\"> M\u00e1laga (online), 3 y 4 de diciembre de 2021.<\/span><\/li><li><span style=\"font-size: 16px\"><span style=\"font-family: verdana,geneva,sans-serif\">Rica Peromingo, J. P. (2021). Accesibilidad ling\u00fc\u00edstica: las normas de aplicaci\u00f3n en aspectos traductol\u00f3gicos audiovisuales\u00bb. <em>Congreso Internacional sobre Traducci\u00f3n e Interpretaci\u00f3n de Discursos Especializados: Aproximaciones te\u00f3ricas y pr\u00e1cticas a la accesibilidad.<\/em> Universidad de M\u00e1laga (online), 3 y 4 de diciembre de 2021<\/span><\/span>.<\/li><li><span style=\"font-size: 16px\"><span style=\"font-family: verdana,geneva,sans-serif\">Rica Peromingo, J. P. (2021). \u00abTraducci\u00f3n audiovisual y accesibilidad: investigaci\u00f3n y ense\u00f1anza en contextos profesionales y universitarios\u00bb. Universidad de Vigo (online), 9 de diciembre de 2021. Conferencia por invitaci\u00f3n.<\/span><\/span><\/li><li><span style=\"font-size: 16px\"><span style=\"font-family: verdana,geneva,sans-serif\">Ponencia de Carme Mangiron como invitada en \u00abCurrent research in game accessibility\u00bb. Game accessibility Symposium, University of Bristol, 7 de septiembre de 2022.<\/span><\/span><\/li><li><span style=\"font-size: 16px\"><span style=\"font-family: verdana,geneva,sans-serif\">Hermosa-Ram\u00edrez,\u00a0Irene. (2022). \u00abCraftsmanship and technology: two sides of the story in audio description\u00bb. Unlimited! 3 &#8211; Innovation for access: new interactions Conference. University of Antwerp (online), 11 de febrero de 2022.<\/span><\/span><\/li><li><span style=\"font-size: 16px\"><span style=\"font-family: verdana,geneva,sans-serif\">Liu, Yuchen; Casas-Tost,\u00a0Helena; Rovira-Esteva, Sara. (2022).\u00a0\u201cAD translation from Spanish into Chinese: A reception study\u201d.\u00a0<em>X Congreso Internacional de AIETI.<\/em> Minho, 17 de junio de 2022.<\/span><\/span><\/li><li><span style=\"font-size: 16px\"><span style=\"font-family: verdana,geneva,sans-serif\">Larreina-Morales, Mar\u00eda Eugenia. (2022). \u00abDiverse Features for Diverse Needs: a Game Accessibility Analysis Tool\u00bb. Everybody Plays: a Symposium on Neurodiversity and Games. Antwerp, 16 de septiembre de 2022.<\/span><\/span><\/li><li><span style=\"font-size: 16px\"><span style=\"font-family: verdana,geneva,sans-serif\">Liu, Yuchen. (2022). \u201cWho is responsible for defining objectivity in AD? Results of a reception study testing AD translation from Spanish into Chinese\u201d.\u00a0<em>The limits of objective audio description<\/em>. Hildesheim, 05-07 de octubre de 2022.<\/span><\/span><\/li><li><span style=\"font-size: 16px\"><span style=\"font-family: verdana,geneva,sans-serif\">Larreina-Morales, Mar\u00eda Eugenia. (2022). \u201cGame Accessibility Guidelines: a Joint Effort by Users, Industry, and Academia\u201d. Languages &amp; The Media 2022, the 14th International Conference on Language Transfer in Audiovisual Media. Berl\u00edn, 8 de noviembre de 2022.<\/span><\/span><\/li><li><span style=\"font-size: 16px\"><span style=\"font-family: verdana,geneva,sans-serif\">Liu, Yuchen. (2022). \u201cAD translation from Spanish into Chinese: A reception study\u201d.\u00a0\u5f71\u89c6\u8bd1\u5236\u4e0e\u56fd\u9645\u4f20\u64ad\uff1a\u65b0\u65f6\u4ee3\u7684\u547d\u9898 (Traducci\u00f3n audiovisual y su difusi\u00f3n internacional: una propuesta en la nueva era). Pek\u00edn, 19 de noviembre de 2022.<\/span><\/span><\/li><li><span style=\"font-size: 16px\"><span style=\"font-family: verdana,geneva,sans-serif\">Larreina-Morales, Mar\u00eda Eugenia. (2023).\u00bbCurrent Trends in Game Accessibility \u2014 Features and Reviews\u00bb. Fun for All: 6th International Conference. Barcelona, 2-3 de febrero de 2023.<\/span><\/span><\/li><\/ul>\n\n\n\n<p>&nbsp;<\/p>\n\n\n\n<p><span style=\"font-family: verdana, geneva, sans-serif\"><span style=\"font-size: 16px\"><b>Charlas y seminarios<\/b><\/span><\/span><\/p>\n\n\n\n<ul class=\"wp-block-list\"><li><span style=\"font-size: 16px\"><span style=\"font-family: verdana,geneva,sans-serif\">Seminario de Anna Matamala \u00abMedia Accessibility: New environments, New Hybrid Audiovisual Modalities\u00bb. CTIS, University of Manchester,&nbsp;19 de noviembre de 2019.<\/span><\/span><\/li><li><span style=\"font-size: 16px\"><span style=\"font-family: verdana,geneva,sans-serif\">Matamala, Anna. (2020). \u00abMedia accessibility: research and practice\u00bb (3 h). Eurasian Subtitler&#8217;s League, Mosc\u00fa, 23 de enero de 2020.<\/span><\/span><\/li><li><span style=\"font-family: verdana,geneva,sans-serif\"><span style=\"font-size: 16px\">Mendoza, Nuria. (2020). \u00abLa audiodescripci\u00f3n para personas ciegas. Accesibilidad audiovisual de la cultura\u00bb, Universidad Internacional de Valencia, 3 de noviembre de 2020.<\/span><\/span><\/li><li><span style=\"font-family: verdana,geneva,sans-serif\"><span style=\"font-size: 16px\">Oncins, Estel\u00b7la. (2020). \u00abTransMedia Catalonia: Researching Media Accessibility\u00bb. Seminario de investigaci\u00f3n en el M\u00e1ster Universitario en Traducci\u00f3n y Estudios Interculturales, Universitat Aut\u00f2noma de Barcelona, 19 de noviembre de 2020.<\/span><\/span><\/li><li><span style=\"font-family: verdana,geneva,sans-serif\"><span style=\"font-size: 16px\">Calvo Ferrer, Jos\u00e9 Ramon. (2020). \u00abAccessibility in Video Games: Latest Trends and Research\u00bb. seminario de investigaci\u00f3n de dos horas a estudiantes postgraduados, Department of Language of Linguistics,&nbsp;University of Essex, 11 de diciembre de 2020.\u200b<\/span><\/span><\/li><li><span style=\"font-size: 16px\"><span style=\"font-family: verdana,geneva,sans-serif\">Matamala,&nbsp;Anna. (2021). <\/span><\/span><span style=\"font-size: 18px\"><span style=\"font-family: verdana,geneva,sans-serif\">\u00ab<span style=\"font-family: sans-serif, Arial, Verdana, 'Trebuchet MS'\"><a rel=\"noreferrer noopener\" href=\"https:\/\/ddd.uab.cat\/record\/238352\" target=\"_blank\">User-centric research in media accessibility<\/a>\u00ab<\/span><\/span><\/span><span style=\"font-size: 16px\"><span style=\"font-family: verdana,geneva,sans-serif\"><span style=\"font-family: sans-serif, Arial, Verdana, 'Trebuchet MS'\">. <\/span>Serie de seminarios en Hacettepe University, Turqu\u00eda. 9 de abril de&nbsp;2021.<\/span><\/span><\/li><li><span style=\"font-size: 16px\"><span style=\"font-family: verdana,geneva,sans-serif\">Belda, Jose Ram\u00f3n; Calvo-Ferrer, Jos\u00e9 Ram\u00f3n. (2021). \u00abAccesibilidad y videojuegos educativos: La accesibilidad de los videojuegos utilizados en la educaci\u00f3n s\u00edncrona en l\u00ednea\u00bb. MA en Lenguas y Tecnolog\u00eda, Departamento de Ling\u00fc\u00edstica Aplicada de la Universidad Polit\u00e9cnica de Valencia, 26 de mayo de 2021.<\/span><\/span><\/li><li><span style=\"font-size: 16px\"><span style=\"font-family: verdana,geneva,sans-serif\">Mangiron, Carme. (2021). \u00abThe ins and outs of game localisation and accessibility\u00bb. Seminario de 3 horas,&nbsp;ALI&nbsp;&#8211; Accessibilit\u00e0, Lingue, Inclusione and Universit\u00e0 degli Studi di Macerata, 28 de mayo de&nbsp;2021.<\/span><\/span><\/li><li><span style=\"font-size: 16px\"><span style=\"font-family: verdana,geneva,sans-serif\">Mangiron, Carme. (2022). \u00abThe Ins and Outs of Game Localisation\u00bb. Webinar a Universidade Aut\u00f3noma de Lisboa (online), 11 de febrero de 2022.<\/span><\/span><\/li><li><span style=\"font-size: 16px\"><span style=\"font-family: verdana,geneva,sans-serif\">Matamala, Anna. (2022). Maestr\u00eda en Traducci\u00f3n e Interpretaci\u00f3n, Universidad Aut\u00f3noma de Manizales. Curso de 20 horas. Sesi\u00f3n de 2 horas sobre investigaciones actuales en TAV y accesibilidad, en la que se present\u00f3 el proyecto. 27 de noviembre de 2022.<\/span><\/span><\/li><\/ul>\n\n\n\n<p><span style=\"font-family: verdana,geneva,sans-serif\"><span style=\"font-size: 16px\"><b>Conferencias internacionales&nbsp;organizadas por el proyecto&nbsp;RAD<\/b><\/span><\/span><\/p>\n\n\n\n<ul class=\"wp-block-list\"><li><span style=\"font-size: 16px\"><span style=\"font-family: verdana,geneva,sans-serif\"><u><strong><a href=\"https:\/\/webs.uab.cat\/arsad\/\" target=\"_blank\" rel=\"noreferrer noopener\">Seminario de Investigaci\u00f3n Avanzada en&nbsp;Audiodescripci\u00f3<\/a>n<\/strong><\/u> (ARSAD), 26 y&nbsp;27 de enero de 2021.<\/span><\/span><\/li><\/ul>\n\n\n\n<p>&nbsp;<\/p>\n","protected":false},"excerpt":{"rendered":"<p>&nbsp; Actividades de inicio del proyecto Reuni\u00f3n de inicio del proyecto en&nbsp;Barcelona, 6 de mayo de&nbsp;2019. RAD lanza un v\u00eddeo sobre el proyecto. &nbsp; Transferencia de conocimientos Presentaci\u00f3n del proyecto&nbsp;RAD en el&nbsp;D\u00eda Mundial para la Concienciaci\u00f3n de la Accesibilidad&nbsp;de TransMedia Catalonia, 16 de mayo de 2019. Asesoramiento al&nbsp;Centre de Cultura Contempor\u00e0nia de Barcelona sobre c\u00f3mo [&hellip;]<\/p>\n","protected":false},"author":20,"featured_media":0,"parent":0,"menu_order":0,"comment_status":"closed","ping_status":"closed","template":"","meta":{"footnotes":""},"class_list":["post-53","page","type-page","status-publish","hentry"],"_links":{"self":[{"href":"https:\/\/webs.uab.cat\/rad\/es\/wp-json\/wp\/v2\/pages\/53","targetHints":{"allow":["GET"]}}],"collection":[{"href":"https:\/\/webs.uab.cat\/rad\/es\/wp-json\/wp\/v2\/pages"}],"about":[{"href":"https:\/\/webs.uab.cat\/rad\/es\/wp-json\/wp\/v2\/types\/page"}],"author":[{"embeddable":true,"href":"https:\/\/webs.uab.cat\/rad\/es\/wp-json\/wp\/v2\/users\/20"}],"replies":[{"embeddable":true,"href":"https:\/\/webs.uab.cat\/rad\/es\/wp-json\/wp\/v2\/comments?post=53"}],"version-history":[{"count":33,"href":"https:\/\/webs.uab.cat\/rad\/es\/wp-json\/wp\/v2\/pages\/53\/revisions"}],"predecessor-version":[{"id":400,"href":"https:\/\/webs.uab.cat\/rad\/es\/wp-json\/wp\/v2\/pages\/53\/revisions\/400"}],"wp:attachment":[{"href":"https:\/\/webs.uab.cat\/rad\/es\/wp-json\/wp\/v2\/media?parent=53"}],"curies":[{"name":"wp","href":"https:\/\/api.w.org\/{rel}","templated":true}]}}