{"id":56,"date":"2021-08-11T14:24:51","date_gmt":"2021-08-11T14:24:51","guid":{"rendered":"https:\/\/webs.uab.cat\/rad\/videos-2\/"},"modified":"2021-08-11T14:24:51","modified_gmt":"2021-08-11T14:24:51","slug":"videos-2","status":"publish","type":"page","link":"https:\/\/webs.uab.cat\/rad\/es\/videos-2\/","title":{"rendered":"V\u00eddeos"},"content":{"rendered":"<p><span style=\"font-size:16px;\"><u><strong>V\u00eddeo proyecto RAD<\/strong><\/u><\/span><\/p>\n<p><iframe loading=\"lazy\" frameborder=\"0\" height=\"360\" scrolling=\"no\" src=\"https:\/\/www.youtube.com\/embed\/akD4DIMk6do\" width=\"640\"><\/iframe><\/p>\n<p><u><strong>V\u00eddeo para celebrar el D\u00eda Mundial para la Concienciaci\u00f3n de la Accesibilidad<\/strong><\/u><\/p>\n<p>&nbsp;<\/p>\n<p><iframe loading=\"lazy\" allow=\"accelerometer; autoplay; encrypted-media; gyroscope; picture-in-picture\" allowfullscreen=\"\" frameborder=\"0\" height=\"360\" src=\"https:\/\/www.youtube.com\/embed\/QbBgPceVCUk\" width=\"640\"><\/iframe><\/p>\n<p><a href=\"https:\/\/www.youtube.com\/watch?v=QbBgPceVCUk&amp;feature=youtu.be\" target=\"_blank\" rel=\"noopener\"><strong>RAD: D\u00eda Mundial para la Concienciaci\u00f3n de la Accesibilidad&nbsp;2020 en&nbsp;TransMedia Catalonia<\/strong><\/a><\/p>\n","protected":false},"excerpt":{"rendered":"<p>V\u00eddeo proyecto RAD V\u00eddeo para celebrar el D\u00eda Mundial para la Concienciaci\u00f3n de la Accesibilidad &nbsp; RAD: D\u00eda Mundial para la Concienciaci\u00f3n de la Accesibilidad&nbsp;2020 en&nbsp;TransMedia Catalonia<\/p>\n","protected":false},"author":20,"featured_media":0,"parent":0,"menu_order":0,"comment_status":"closed","ping_status":"closed","template":"","meta":{"footnotes":""},"class_list":["post-56","page","type-page","status-publish","hentry"],"_links":{"self":[{"href":"https:\/\/webs.uab.cat\/rad\/es\/wp-json\/wp\/v2\/pages\/56","targetHints":{"allow":["GET"]}}],"collection":[{"href":"https:\/\/webs.uab.cat\/rad\/es\/wp-json\/wp\/v2\/pages"}],"about":[{"href":"https:\/\/webs.uab.cat\/rad\/es\/wp-json\/wp\/v2\/types\/page"}],"author":[{"embeddable":true,"href":"https:\/\/webs.uab.cat\/rad\/es\/wp-json\/wp\/v2\/users\/20"}],"replies":[{"embeddable":true,"href":"https:\/\/webs.uab.cat\/rad\/es\/wp-json\/wp\/v2\/comments?post=56"}],"version-history":[{"count":0,"href":"https:\/\/webs.uab.cat\/rad\/es\/wp-json\/wp\/v2\/pages\/56\/revisions"}],"wp:attachment":[{"href":"https:\/\/webs.uab.cat\/rad\/es\/wp-json\/wp\/v2\/media?parent=56"}],"curies":[{"name":"wp","href":"https:\/\/api.w.org\/{rel}","templated":true}]}}