{"id":58,"date":"2021-08-11T14:28:06","date_gmt":"2021-08-11T14:28:06","guid":{"rendered":"https:\/\/webs.uab.cat\/rad\/contacto\/"},"modified":"2021-08-11T14:28:06","modified_gmt":"2021-08-11T14:28:06","slug":"contacto","status":"publish","type":"page","link":"https:\/\/webs.uab.cat\/rad\/es\/contacto\/","title":{"rendered":"Contacto"},"content":{"rendered":"<p><span style=\"font-size:16px;\"><span style=\"font-family:verdana,geneva,sans-serif;\"><strong>Carme Mangiron<\/strong><\/span><\/span><br \/>\n<span style=\"font-size:16px;\"><span style=\"font-family:verdana,geneva,sans-serif;\">Directora del proyecto<\/span><\/span><br \/>\n<u><strong><span style=\"font-size:16px;\"><span style=\"font-family:verdana,geneva,sans-serif;\">carme.mangiron@uab.cat<\/span><\/span><\/strong><\/u><\/p>\n<p>&nbsp;<\/p>\n<p><strong><span style=\"font-size:16px;\"><span style=\"font-family:verdana,geneva,sans-serif;\">Universitat Aut\u00f2noma de Barcelona<\/span><\/span><\/strong><br \/>\n<span style=\"font-size:16px;\"><span style=\"font-family:verdana,geneva,sans-serif;\"><strong>Departament de Traducci\u00f3 i Interpretaci\u00f3 i Estudis de l&#8217;\u00c0sia Oriental.<\/strong>&nbsp;<\/span><\/span><br \/>\n<span style=\"font-size:16px;\"><span style=\"font-family:verdana,geneva,sans-serif;\">Despacho K\/1002<\/span><\/span><br \/>\n<span style=\"font-size:16px;\"><span style=\"font-family:verdana,geneva,sans-serif;\">08193 Bellaterra (Barcelona)<\/span><\/span><\/p>\n<p>&nbsp;<\/p>\n<p>&nbsp;<\/p>\n","protected":false},"excerpt":{"rendered":"<p>Carme Mangiron Directora del proyecto carme.mangiron@uab.cat &nbsp; Universitat Aut\u00f2noma de Barcelona Departament de Traducci\u00f3 i Interpretaci\u00f3 i Estudis de l&#8217;\u00c0sia Oriental.&nbsp; Despacho K\/1002 08193 Bellaterra (Barcelona) &nbsp; &nbsp;<\/p>\n","protected":false},"author":20,"featured_media":0,"parent":0,"menu_order":0,"comment_status":"closed","ping_status":"closed","template":"","meta":{"footnotes":""},"class_list":["post-58","page","type-page","status-publish","hentry"],"_links":{"self":[{"href":"https:\/\/webs.uab.cat\/rad\/es\/wp-json\/wp\/v2\/pages\/58","targetHints":{"allow":["GET"]}}],"collection":[{"href":"https:\/\/webs.uab.cat\/rad\/es\/wp-json\/wp\/v2\/pages"}],"about":[{"href":"https:\/\/webs.uab.cat\/rad\/es\/wp-json\/wp\/v2\/types\/page"}],"author":[{"embeddable":true,"href":"https:\/\/webs.uab.cat\/rad\/es\/wp-json\/wp\/v2\/users\/20"}],"replies":[{"embeddable":true,"href":"https:\/\/webs.uab.cat\/rad\/es\/wp-json\/wp\/v2\/comments?post=58"}],"version-history":[{"count":0,"href":"https:\/\/webs.uab.cat\/rad\/es\/wp-json\/wp\/v2\/pages\/58\/revisions"}],"wp:attachment":[{"href":"https:\/\/webs.uab.cat\/rad\/es\/wp-json\/wp\/v2\/media?parent=58"}],"curies":[{"name":"wp","href":"https:\/\/api.w.org\/{rel}","templated":true}]}}