{"id":60,"date":"2019-05-13T10:28:06","date_gmt":"2019-05-13T10:28:06","guid":{"rendered":"https:\/\/webs.uab.cat\/rad\/resultados\/"},"modified":"2023-03-15T19:58:58","modified_gmt":"2023-03-15T19:58:58","slug":"resultados","status":"publish","type":"page","link":"https:\/\/webs.uab.cat\/rad\/es\/resultados\/","title":{"rendered":"Resultados"},"content":{"rendered":"<p class=\"rtejustify\"><span style=\"font-family: verdana,geneva,sans-serif\"><strong><span style=\"font-size: 16px\">Publicaciones 2019<\/span><\/strong><\/span><\/p>\n<ul>\n<li class=\"rtejustify\"><span style=\"font-family: verdana,geneva,sans-serif\"><span style=\"font-size: 16px\">Matamala, Anna. (2019). L&#8217;audiodescripci\u00f3. En&nbsp;Anna Matamala. <em>Accessibilitat i traducci\u00f3 audiovisual<\/em>&nbsp;(p. 199-222). Vic: Eumo.<\/span><\/span><\/li>\n<li><span style=\"font-family: verdana,geneva,sans-serif\"><span style=\"font-size: 16px\">Orero, Pilar; Bestard, Joan; Edo, Miquel; Iturregui-Gallardo, Gonzalo; Matamala, Anna; Permuy H\u00e9rcules de Sol\u00e1s,&nbsp;Iris C. (2019). \u00ab<u><strong><a href=\"https:\/\/revistas.uma.es\/index.php\/trans\/article\/download\/4832\/6401\/\" target=\"_blank\" rel=\"noopener\">Opera Accessibility in the 21st&nbsp;century: new services, new possibilities<\/a><\/strong><\/u>\u00ab.&nbsp;<em>TRANS&nbsp;<\/em>23: 243-255.&nbsp;<\/span><\/span><\/li>\n<li class=\"rtejustify\"><span style=\"font-family: verdana,geneva,sans-serif\"><span style=\"font-size: 16px\">Tor-Carroggio, Irene; Orero, Pilar. (2019). User profiling in audio description reception studies: questionnaires for all.<\/span><\/span><span style=\"font-family: verdana,geneva,sans-serif\"><span style=\"font-size: 16px\">&nbsp;<em>Intralinea,&nbsp;<\/em><\/span><\/span><span style=\"font-size: 16px\"><span style=\"font-family: verdana,geneva,sans-serif\"><em>21.<\/em> <a href=\"http:\/\/www.intralinea.org\/specials\/article\/2410\" target=\"_blank\" rel=\"noopener\">http:\/\/www.intralinea.org\/specials\/article\/2410<\/a>&nbsp;&nbsp;<\/span><\/span><\/li>\n<\/ul>\n<p class=\"rtejustify\">\n<p class=\"rtejustify\"><span style=\"font-size: 16px\"><span style=\"font-family: verdana,geneva,sans-serif\"><strong>Publicaciones 2020<\/strong><\/span><\/span><\/p>\n<ul>\n<li><span style=\"font-size: 16px\"><span style=\"font-family: verdana,geneva,sans-serif\">Brescia, Marta; Matamala, Anna. (2020). La audiodescripci\u00f3n de la violencia Estudio descriptivo de tres pel\u00edculas de Quentin Tarantino.&nbsp;<em>TRANS: Revista de Traductolog\u00eda<\/em>, 24, 111-128&nbsp;<\/span><\/span><span style=\"font-family: verdana, geneva, sans-serif;font-size: 16px\">DOI: https:\/\/doi.org\/10.24310\/TRANS.2020.v0i24.9519.&nbsp;<\/span><a href=\"https:\/\/revistas.uma.es\/index.php\/trans\/article\/view\/9519\" target=\"_blank\" rel=\"noopener\"><span style=\"font-size: 16px\"><span style=\"font-family: verdana,geneva,sans-serif\">https:\/\/revistas.uma.es\/index.php\/trans\/article\/view\/9519<\/span><\/span><\/a><\/li>\n<li><span style=\"font-size: 16px\"><span style=\"font-family: verdana,geneva,sans-serif\">Hermosa-Ram\u00edrez,&nbsp;Irene. (2020). Delivery approaches in audio description for the scenic arts.&nbsp;<em>Parall\u00e8les<\/em>,&nbsp;<em>32<\/em>(2).&nbsp;https:\/\/www.paralleles.unige.ch\/en\/tous-les-numeros\/numero-32-2\/hermosa-ramirez\/&nbsp;<\/span><\/span><\/li>\n<li><span style=\"font-size: 16px\"><span style=\"font-family: verdana,geneva,sans-serif\">Larreina-Morales, Mar\u00eda Eugenia. (2020). Siguiente nivel: La accesibilidad a los videojuegos para personas ciegas (Next level: Accessibility to video games for blind people). <em>Proceedings of the VI Congreso de la Sociedad Espa\u00f1ola para las Ciencias del Videojuego, <\/em>47-56. Online, 7 y 8 de octubre de 2020.&nbsp;<a href=\"http:\/\/ceur-ws.org\/Vol-2719\/paper5.pdf\" target=\"_blank\" rel=\"noopener\">http:\/\/ceur-ws.org\/Vol-2719\/paper5.pdf<\/a><\/span><\/span><\/li>\n<li><span style=\"font-size: 16px\"><span style=\"font-family: verdana,geneva,sans-serif\">Machuca, Mar\u00eda; Matamala, Anna; R\u00edos, Antonio. (2020). \u00ab<a title=\"https:\/\/ddd.uab.cat\/record\/257038\" href=\"https:\/\/ddd.uab.cat\/record\/257038\" target=\"_blank\" rel=\"noopener\">Los audiodescriptores: voces neutras y voces agradables<\/a>\u00ab.&nbsp;<a title=\"https:\/\/loquens.revistas.csic.es\/index.php\/loquens\/article\/view\/86\/251\" href=\"https:\/\/loquens.revistas.csic.es\/index.php\/loquens\/article\/view\/86\/251\" target=\"_blank\" rel=\"noopener\"><em>Loquens<\/em><\/a>, 7(2), e076.<\/span><\/span><\/li>\n<li><span style=\"font-size: 16px\"><span style=\"font-family: verdana,geneva,sans-serif\">Machuca, Mar\u00eda Jes\u00fas; Matamala, Anna; R\u00edos, Antonio. (2020) Prosodic features in Spanish audio<\/span>&nbsp;<span style=\"font-family: verdana,geneva,sans-serif\">descriptions of the VIW corpus. En: Richart-Marset, Mabel y&nbsp;Francesca Calamita (eds.) 2020. <em>Traducci\u00f3n<\/em><\/span>&nbsp;<span style=\"font-family: verdana,geneva,sans-serif\"><em>y Accesibilidad en los medios de comunicaci\u00f3n: de la teor\u00eda a la pr\u00e1ctica \/ Translation and Media Accessibility:<\/em><\/span>&nbsp;<span style=\"font-family: verdana,geneva,sans-serif\"><em>from Theory to Practice<\/em>. <em>MonTI <\/em>12, pp. 53-77.<\/span><\/span><\/li>\n<li><span style=\"font-size: 16px\"><span style=\"font-family: verdana, geneva, sans-serif\">Oncins, Estel\u00b7la; Orero, Pilar. (2020). No audience left behind, one App fits all: an integrated approach to accessibility services. Jostrans, 34, 192-211.&nbsp;<\/span><span style=\"font-family: verdana,geneva,sans-serif\"><a href=\"https:\/\/www.jostrans.org\/issue34\/art_oncins.pdf\" target=\"_blank\" rel=\"noopener\">https:\/\/www.jostrans.org\/issue34\/art_oncins.pdf<\/a><\/span><\/span><\/li>\n<li><span style=\"font-size: 16px\"><span style=\"font-family: verdana,geneva,sans-serif\">Tor-Carroggio, Irene.&nbsp;(2020). The customer is always right: Study on Chinese persons with sight loss\u2019 opinion on audio description. <i>Disability &amp; Society<\/i>,&nbsp; doi: <u><a href=\"https:\/\/www.tandfonline.com\/eprint\/4AYV9MZ6ISSKYCRKX7QU\/full?target=10.1080\/09687599.2020.1713727\" target=\"_blank\" rel=\"noopener\">10.1080\/09687599.2020.1713727<\/a>&nbsp;<\/u><\/span><\/span><\/li>\n<li><span style=\"font-size: 16px\"><span style=\"font-family: verdana, geneva, sans-serif\">Tor-Carroggio, Irene; Vercauteren, Gert. (2020). When East meets West: A Comparison of Audio Description Guidelines in China and Europe.&nbsp;<em>Hikma,&nbsp;<\/em>19, 167-186.&nbsp;<\/span><a href=\"https:\/\/www.uco.es\/ucopress\/ojs\/index.php\/hikma\/article\/view\/12197\/11635\" target=\"_blank\" rel=\"noopener\"><span style=\"font-family: verdana,geneva,sans-serif\"><u>https:\/\/www.uco.es\/ucopress\/ojs\/index.php\/hikma\/article\/view\/12197\/11635<\/u><\/span><\/a><\/span><\/li>\n<\/ul>\n<p class=\"rtejustify\">\n<p class=\"rtejustify\"><span style=\"font-size: 16px\"><span style=\"font-family: verdana,geneva,sans-serif\"><strong>Publicaciones 2021<\/strong><\/span><\/span><\/p>\n<ul>\n<li><span style=\"font-size: 16px\"><span style=\"font-family: verdana,geneva,sans-serif\">Agull\u00f3, B.; Mangiron, C. (2021). Panor\u00e1mica de la localizaci\u00f3n y la accesibilidad de videojuegos. En C. Botella Tejera y B. Agull\u00f3 Garc\u00eda. <em>Mujeres en la traducci\u00f3n audiovisual. Perspectivas desde el mundo acad\u00e9mico y profesional<\/em>. Madrid: Sind\u00e9resis, 133-155.<\/span><\/span><\/li>\n<li><span style=\"font-size: 16px\"><span style=\"font-family: verdana,geneva,sans-serif\">Hermosa-Ram\u00edrez, Irene. (2021) \u201cThe hierarchisation of operatic signs through the lens of audio description: A corpus study. En: Calzada, Mar\u00eda y&nbsp;Sara Laviosa (ed.) 2021. <em>Reflexi\u00f3n cr\u00edtica en los estudios de traducci\u00f3n basados en corpus \/ CTS spring-cleaning: A critical reflection<\/em>. <em>MonTI<\/em> 13, pp. 184-219.&nbsp;http:\/\/hdl.handle.net\/10045\/115353<\/span><\/span><\/li>\n<li><span style=\"font-size: 16px\"><span style=\"font-family: verdana,geneva,sans-serif\">Mangiron, Carme. (2021). Panorama actual de la accesibilidad a los videojuegos. En Beatriz Reverter Oliver,&nbsp;Juan Jos\u00e9 Mart\u00ednez Sierra, Diana Gonz\u00e1lez Pastor y&nbsp;Jos\u00e9 Fernado Carrero (ed.). <em>Modalidades de traducci\u00f3n audiovisual: Completando el espectro<\/em>. Granada: Comares, pp. 85-94.<\/span><\/span><\/li>\n<li><span style=\"font-size: 16px\"><span style=\"font-family: verdana,geneva,sans-serif\">Mangiron, Carme. (2021) Game accessibility: Taking inclusion to the next level. En Margherite&nbsp;Antona y Constantine&nbsp;Stephanidis (eds.): <em>Universal Accessin Human-Computer Interaction: Design Methods and User Experience,&nbsp;<\/em>Cham: Springer, p. 269-279&nbsp;https:\/\/doi.org\/10.1007\/978-3-030-78092-0_17<\/span><\/span><\/li>\n<\/ul>\n<p class=\"rtejustify\">\n<p class=\"rtejustify\"><span style=\"font-family: verdana,geneva,sans-serif\"><strong><span style=\"font-size: 16px\">Publicaciones 2022<\/span><\/strong><\/span><\/p>\n<ul>\n<li><span style=\"font-size: 16px\"><span style=\"font-family: verdana,geneva,sans-serif\">Fresno, Nazaret. (2022). Research in Audio Description. En Chris Taylor and Elisa Perego (ed.). The Routledge Handbook of Audiodescription, Londres, Routledge.<\/span><\/span><\/li>\n<li><span style=\"font-size: 16px\"><span style=\"font-family: verdana,geneva,sans-serif\">Greco, Gian Maria. (2022). The Question of Accessibility. En Chris Taylor y Elisa Perego (ed.). The Routledge Handbook of Audiodescription, Londres, Routledge.<\/span><\/span><\/li>\n<li><span style=\"font-size: 16px\"><span style=\"font-family: verdana,geneva,sans-serif\">Hermosa-Ramirez, Irene. (2022). Physiological Instruments Meet Mixed Methods in Media Accessibility\u201d. <i>Translation Spaces,&nbsp;<\/i>special issue \u201cMethodological Issues in Experimental Research in Audiovisual Translation\u201d, 11(1), 38-59. <a href=\"https:\/\/doi.org\/10.1075\/ts.21020.her\" target=\"_blank\" rel=\"noopener\">https:\/\/doi.org\/10.1075\/ts.21020.her<\/a><\/span><\/span><\/li>\n<li class=\"rtejustify\"><span style=\"font-size: 16px\"><span style=\"font-family: verdana,geneva,sans-serif\">Hermosa-Ram\u00edrez, Irene. (2022). Profiling audio description service providers in Spain and the UK: A questionnaire-based snapshot. En Chris Taylor y Elisa Perego (ed.). <em>The Routledge Handbook of Audio Description. <\/em>Londres y Nueva York: Routledge.<\/span><\/span><span style=\"font-size: 16px\"><span style=\"font-family: verdana,geneva,sans-serif\"><br \/>\n<\/span><\/span><\/li>\n<li><span style=\"font-size: 16px\"><span style=\"font-family: verdana,geneva,sans-serif\">Larreina-Morales, Mar\u00eda Eugenia. (2022). \u00ab\u00bfJugamos todos?\u00bb. Revista Visi\u00f3n 59, pp. 12-14. <a href=\"https:\/\/doi.org\/10.1075\/ts.21020.her\" target=\"_blank\" rel=\"noopener\">https:\/\/www.retimur.org\/publicaciones\/revista-vision.htmlLarreina-Morales<\/a><\/span><\/span><\/li>\n<li><span style=\"font-family: verdana,geneva,sans-serif\"><span style=\"font-size: 16px\">Liu, Yuchen (\u5218\u79b9\u8fb0), Casas-Tost, Helena; Rovira-Esteva, Sara. (2022). Made in China versus Made in Spain. A Corpus-driven Study Comparing AD in Chinese and Spanish. <em>The Journal of Specialised Translation,<\/em> 38.<\/span><\/span><\/li>\n<li><span style=\"font-size: 16px\"><span style=\"font-family: verdana,geneva,sans-serif\">Liu, Yuchen; Tor-Carroggio, Irene. (2022). A contrastive analysis of audio description scripts in Chinese and Spanish: a pilot study. En Chris Taylor y Elisa Perego (ed.), <em>The Routledge Handbook of Audio Description.<\/em><\/span><\/span><\/li>\n<li><span style=\"font-size: 16px\"><span style=\"font-family: verdana,geneva,sans-serif\">Liu, Yuchen; Tor-Carroggio, Irene. (2022). <em>Comer, beber, amar<\/em>\u2026 y comparar. An\u00e1lisis contrastivo de la audiodescripci\u00f3n en chino y espa\u00f1ol: un estudio de caso.&nbsp;<em>Onom\u00e1zein. <\/em><a href=\"https:\/\/doi.org\/10.7764\/onomazein.57.05\" target=\"_blank\" rel=\"noopener\">https:\/\/doi.org\/10.7764\/onomazein.57.05<\/a><\/span><\/span><span style=\"font-size: 16px\"><span style=\"font-family: verdana,geneva,sans-serif\">\u200b<\/span><\/span><span style=\"font-size: 16px\"><span style=\"font-family: verdana,geneva,sans-serif\"><br \/>\n<\/span><\/span><\/li>\n<li><span style=\"font-family: verdana,geneva,sans-serif\"><span style=\"font-size: 16px\"><span lang=\"EN-US\">Machuca, Mar\u00eda Jes\u00fas; Matalama, Anna. (2022). Neutral voices in audio descriptions: What does it mean? &nbsp;<i>Babel<\/i>. <em>Revue internationale de la traduction.<\/em><\/span><\/span><\/span> <a title=\"http:\/\/doi.org\/10.1075\/babel.00287.mac\" href=\"https:\/\/doi.org\/10.7764\/onomazein.57.05\" target=\"_blank\" rel=\"noopener\"><span lang=\"EN-US\">http:\/\/doi.org\/10.1075\/babel.00287.mac<\/span><\/a><\/li>\n<li><span style=\"font-size: 16px\"><span style=\"font-family: verdana,geneva,sans-serif\">Machuca, Mar\u00eda Jes\u00fas; R\u00edos, Antonio. (2022). La agradabilidad de las voces de los audiodescriptores: estudio ac\u00fastico y perceptivo. Bolet\u00edn de la Academia Peruana de la Lengua, N.\u00ba 71, Vol. 1. <a href=\"https:\/\/revistas.apl.org.pe\/index.php\/boletinapl\/article\/view\/844\/825\" target=\"_blank\" rel=\"noopener\">https:\/\/revistas.apl.org.pe\/index.php\/boletinapl\/article\/view\/844\/825<\/a><\/span><\/span><span style=\"font-size: 16px\"><span style=\"font-family: verdana,geneva,sans-serif\"><br \/>\n<\/span><\/span><\/li>\n<li><span style=\"font-size: 16px\"><span style=\"font-family: verdana,geneva,sans-serif\">Mangiron, Carme;&nbsp;Zhang, Xioachun. (2022). Video games and AD. En Chris Taylor y Elisa Perego (ed.). <em>The Routledge Handbook of Audio Description. <\/em>Londres&nbsp;y Nueva&nbsp;York: Routledge.<\/span><\/span><\/li>\n<li><span style=\"font-size: 16px\"><span style=\"font-family: verdana,geneva,sans-serif\">Hermosa-Ram\u00edrez, Irene;&nbsp; Edo, Miquel (prevista para 2022). Users\u2019 expectations of zarzuela audio description: Results from a focus group. <i>inTRAlinea, 24. <\/i>https:\/\/www.intralinea.org\/specials\/article\/2597<\/span><\/span><\/li>\n<\/ul>\n<p class=\"rtejustify\"><strong>Publicaciones 2023<\/strong><\/p>\n<ul>\n<li>Larreina-Morales, Mar\u00eda Eugenia (2022). \u201cVideojuegos y audiodescripci\u00f3n: metodolog\u00eda de un cuestionario\u201d. En: Dolores Mar\u00eda Pe\u00f1alver Garc\u00eda (ed.), <i>Una visi\u00f3n global de las enfermedades raras visuales: presente y futuro<\/i> (pp. 139-147). Retimur.<\/li>\n<li>Larreina-Morales, Mar\u00eda Eugenia (2023). \u00abHow Accessible is This Video Game? An Analysis Tool in Two Steps\u00bb. <i>Games and Culture<\/i>.<\/li>\n<li>Larreina-Morales, Mar\u00eda Eugenia; Mangiron, Carme. (2023). Game accesibility: advocating for inclusive fun. En Mar\u00eda del Mar S\u00e1nchez-Ramos (ed.). Investigaciones recientes en traducci\u00f3n y accesibilidad digital. Berl\u00edn: Peter Lang, pp. 181-204.<\/li>\n<li>Hermosa-Ram\u00edrez, Irene. (2023). Leading by example: embracing community-based participatory research in media accessibility. <em>The Journal of Specialised Translation, 39<\/em>. V\u00eddeoensayo. https:\/\/jostrans.org\/issue39\/ess_hermosa.php<\/li>\n<\/ul>\n<p><strong>Pr\u00f3ximamente<\/strong><\/p>\n<ul>\n<li>Fern\u00e1ndez Alonso, I.; Machuca, M. J.; Matamala, A. (Pr\u00f3ximamente). Voces neutras y alteraci\u00f3n tonal. C\u00edrculo de Ling\u00fc\u00edstica Aplicada a la Comunicaci\u00f3n.<\/li>\n<li>Hermosa-Ram\u00edrez, I.; Reviers, N. (En prensa). From accessibility to inclusion in the theatre: exploring the spectrum between traditional audio introductions and mainstream theatre podcasts. <em>Universal Access in the Information Society.<\/em><\/li>\n<li>Hermosa-Ram\u00edrez, Irene. (En prensa). Opera audio description in the spoken-written language continuum. En <em>Studies in Corpus Linguistics Series.<\/em> John Benjamins.<\/li>\n<li>Larreina-Morales, Mar\u00eda Eugenia; Mangiron, Carme. (Aceptado para pr\u00f3xima publicaci\u00f3n). Audio Description in Video Games? Persons with Visual Disabilities Weigh In.<em> Universal Access in the Information Society.<\/em><\/li>\n<li>Larreina-Morales, Mar\u00eda Eugenia; Mangiron, Carme. (Pr\u00f3ximamente). Improving game accessibility \u2014 Ideas from players with visual disabilities.<\/li>\n<li>Liu, Yuchen; Casas-Tost, Helena; Rovira-Esteva, Sara. (Pr\u00f3ximamente). AD in China at the crossroads. A set of guidelines for localising AD scripts from Spanish into Chinese. Enviado a <em>Perspectives: Studies in Translation Theory and Practice<\/em>.<\/li>\n<li>Liu, Yuchen. (Properament). Audio description translation from Spanish into Chinese as an alternative to creating audio description: A reception study.<\/li>\n<li>Liu, Yuchen. (Pr\u00f3ximamente). Journey to the East. What is happening in the Chinese AD world? An interview-based study. Enviado a <em>Hermeneus<\/em>.<\/li>\n<li>Navtanovich, Liudmila. (Pr\u00f3ximamente). Audio Description in Russia: the state of the art and future prospects. Journal of applied linguistics and lexicography 4\/1.<\/li>\n<\/ul>\n<p class=\"rtejustify\">\n","protected":false},"excerpt":{"rendered":"<p>Publicaciones 2019 Matamala, Anna. (2019). L&#8217;audiodescripci\u00f3. En&nbsp;Anna Matamala. Accessibilitat i traducci\u00f3 audiovisual&nbsp;(p. 199-222). Vic: Eumo. Orero, Pilar; Bestard, Joan; Edo, Miquel; Iturregui-Gallardo, Gonzalo; Matamala, Anna; Permuy H\u00e9rcules de Sol\u00e1s,&nbsp;Iris C. (2019). \u00abOpera Accessibility in the 21st&nbsp;century: new services, new possibilities\u00ab.&nbsp;TRANS&nbsp;23: 243-255.&nbsp; Tor-Carroggio, Irene; Orero, Pilar. (2019). User profiling in audio description reception studies: questionnaires for [&hellip;]<\/p>\n","protected":false},"author":20,"featured_media":0,"parent":0,"menu_order":0,"comment_status":"closed","ping_status":"closed","template":"","meta":{"footnotes":""},"class_list":["post-60","page","type-page","status-publish","hentry"],"_links":{"self":[{"href":"https:\/\/webs.uab.cat\/rad\/es\/wp-json\/wp\/v2\/pages\/60","targetHints":{"allow":["GET"]}}],"collection":[{"href":"https:\/\/webs.uab.cat\/rad\/es\/wp-json\/wp\/v2\/pages"}],"about":[{"href":"https:\/\/webs.uab.cat\/rad\/es\/wp-json\/wp\/v2\/types\/page"}],"author":[{"embeddable":true,"href":"https:\/\/webs.uab.cat\/rad\/es\/wp-json\/wp\/v2\/users\/20"}],"replies":[{"embeddable":true,"href":"https:\/\/webs.uab.cat\/rad\/es\/wp-json\/wp\/v2\/comments?post=60"}],"version-history":[{"count":22,"href":"https:\/\/webs.uab.cat\/rad\/es\/wp-json\/wp\/v2\/pages\/60\/revisions"}],"predecessor-version":[{"id":407,"href":"https:\/\/webs.uab.cat\/rad\/es\/wp-json\/wp\/v2\/pages\/60\/revisions\/407"}],"wp:attachment":[{"href":"https:\/\/webs.uab.cat\/rad\/es\/wp-json\/wp\/v2\/media?parent=60"}],"curies":[{"name":"wp","href":"https:\/\/api.w.org\/{rel}","templated":true}]}}