{"id":47,"date":"2019-05-13T10:01:22","date_gmt":"2019-05-13T10:01:22","guid":{"rendered":"https:\/\/webs.uab.cat\/rad\/inici\/"},"modified":"2022-12-04T17:06:51","modified_gmt":"2022-12-04T17:06:51","slug":"inici","status":"publish","type":"page","link":"https:\/\/webs.uab.cat\/rad\/","title":{"rendered":"El projecte RAD"},"content":{"rendered":"<p class=\"rtejustify\">\n<p class=\"rtejustify\"><span style=\"font-size: 16px\"><span style=\"font-family: verdana,geneva,sans-serif\">RAD\u00a0(Recerca en Audiodescripci\u00f3: Traducci\u00f3,\u00a0Locuci\u00f3 i Nous \u00c0mbits) \u00e9s un projecte de tres anys (2019-2021), dirigit per Carme Mangiron i Anna Matamala (<a href=\"https:\/\/grupsderecerca.uab.cat\/transmedia\/\"><strong><u>grup de recerca\u00a0TransMedia Catalonia<\/u><\/strong><\/a>) a la\u00a0Universitat Aut\u00f2noma de Barcelona.\u00a0<\/span><\/span><\/p>\n<p class=\"rtejustify\"><span style=\"font-size: 16px;font-family: verdana, geneva, sans-serif\">El projecte RAD est\u00e0 finan\u00e7at pel Ministeri de Ci\u00e8ncia, Innovaci\u00f3 i Universitats d&#8217;Espanya, codi de refer\u00e8ncia PGC2018-096566-B-I00 (MCIU\/AEI\/FEDER, UE).<\/span><\/p>\n<p class=\"rtejustify\">\n<p><img loading=\"lazy\" decoding=\"async\" class=\" size-full wp-image-28\" src=\"https:\/\/webs.uab.cat\/rad\/wp-content\/uploads\/sites\/130\/2019\/05\/download.png\" alt=\"FEDER logo. Fondo Europeo de Desarrollo Regional\" width=\"250\" height=\"83\" srcset=\"https:\/\/webs.uab.cat\/rad\/wp-content\/uploads\/sites\/130\/2019\/05\/download.png 339w, https:\/\/webs.uab.cat\/rad\/wp-content\/uploads\/sites\/130\/2019\/05\/download-300x99.png 300w\" sizes=\"auto, (max-width: 250px) 100vw, 250px\" \/>\u00a0\u00a0<img loading=\"lazy\" decoding=\"async\" class=\" size-full wp-image-31\" src=\"https:\/\/webs.uab.cat\/rad\/wp-content\/uploads\/sites\/130\/2019\/05\/logo_miisteri.jpeg\" alt=\"logo Ministerio de Ciencia, Innovaci\u00f3n y Universidades\" width=\"216\" height=\"82\" srcset=\"https:\/\/webs.uab.cat\/rad\/wp-content\/uploads\/sites\/130\/2019\/05\/logo_miisteri.jpeg 364w, https:\/\/webs.uab.cat\/rad\/wp-content\/uploads\/sites\/130\/2019\/05\/logo_miisteri-300x114.jpeg 300w\" sizes=\"auto, (max-width: 216px) 100vw, 216px\" \/>\u00a0<img loading=\"lazy\" decoding=\"async\" class=\" size-full wp-image-34\" src=\"https:\/\/webs.uab.cat\/rad\/wp-content\/uploads\/sites\/130\/2019\/05\/aei-solo-01-apaisado_250x250.jpg\" alt=\"Logo Agencia Estatal de Investigaci\u00f3n\" width=\"156\" height=\"119\" \/><\/p>\n","protected":false},"excerpt":{"rendered":"<p>RAD\u00a0(Recerca en Audiodescripci\u00f3: Traducci\u00f3,\u00a0Locuci\u00f3 i Nous \u00c0mbits) \u00e9s un projecte de tres anys (2019-2021), dirigit per Carme Mangiron i Anna Matamala (grup de recerca\u00a0TransMedia Catalonia) a la\u00a0Universitat Aut\u00f2noma de Barcelona.\u00a0 El projecte RAD est\u00e0 finan\u00e7at pel Ministeri de Ci\u00e8ncia, Innovaci\u00f3 i Universitats d&#8217;Espanya, codi de refer\u00e8ncia PGC2018-096566-B-I00 (MCIU\/AEI\/FEDER, UE). \u00a0\u00a0\u00a0<\/p>\n","protected":false},"author":20,"featured_media":0,"parent":0,"menu_order":0,"comment_status":"closed","ping_status":"closed","template":"","meta":{"footnotes":""},"class_list":["post-47","page","type-page","status-publish","hentry"],"_links":{"self":[{"href":"https:\/\/webs.uab.cat\/rad\/wp-json\/wp\/v2\/pages\/47","targetHints":{"allow":["GET"]}}],"collection":[{"href":"https:\/\/webs.uab.cat\/rad\/wp-json\/wp\/v2\/pages"}],"about":[{"href":"https:\/\/webs.uab.cat\/rad\/wp-json\/wp\/v2\/types\/page"}],"author":[{"embeddable":true,"href":"https:\/\/webs.uab.cat\/rad\/wp-json\/wp\/v2\/users\/20"}],"replies":[{"embeddable":true,"href":"https:\/\/webs.uab.cat\/rad\/wp-json\/wp\/v2\/comments?post=47"}],"version-history":[{"count":2,"href":"https:\/\/webs.uab.cat\/rad\/wp-json\/wp\/v2\/pages\/47\/revisions"}],"predecessor-version":[{"id":188,"href":"https:\/\/webs.uab.cat\/rad\/wp-json\/wp\/v2\/pages\/47\/revisions\/188"}],"wp:attachment":[{"href":"https:\/\/webs.uab.cat\/rad\/wp-json\/wp\/v2\/media?parent=47"}],"curies":[{"name":"wp","href":"https:\/\/api.w.org\/{rel}","templated":true}]}}