{"id":49,"date":"2021-07-23T10:18:34","date_gmt":"2021-07-23T10:18:34","guid":{"rendered":"https:\/\/webs.uab.cat\/rad\/objectius\/"},"modified":"2021-07-23T10:18:34","modified_gmt":"2021-07-23T10:18:34","slug":"objectius","status":"publish","type":"page","link":"https:\/\/webs.uab.cat\/rad\/objectius\/","title":{"rendered":"Objectius"},"content":{"rendered":"<p class=\"rtejustify\"><span style=\"font-size:16px;\"><span style=\"font-family:verdana,geneva,sans-serif;\">El projecte t\u00e9 quatre objectius principals:<\/span><\/span><\/p>\n<p class=\"rtejustify\"><span style=\"font-size:16px;\"><span style=\"font-family:verdana,geneva,sans-serif;\">a) l&#8217;an\u00e0lisi de la locuci\u00f3 d&#8217;AD, amb focus en els aspectes pros\u00f2dics i identificant les prefer\u00e8ncies dels usuaris respecte a la transmissi\u00f3 oral;<\/span><\/span><\/p>\n<p class=\"rtejustify\"><span style=\"font-size:16px;\"><span style=\"font-family:verdana,geneva,sans-serif;\">b) l&#8217;estudi de la traducci\u00f3 d&#8217;AD com proc\u00e9s de creaci\u00f3 en parelles d&#8217;idiomes poc investigades com castell\u00e0\/catal\u00e0&nbsp;i xin\u00e8s, i provar la recepci\u00f3 de l&#8217;usuari;<\/span><\/span><\/p>\n<p class=\"rtejustify\"><span style=\"font-size:16px;\"><span style=\"font-family:verdana,geneva,sans-serif;\">c) l&#8217;an\u00e0lisi de la pres\u00e8ncia i \u00fas potencial de l&#8217;AD en un escenari t\u00edpicament dirigit a adults joves (videojocs), identificant les necessitats de l&#8217;usuari i els requisits;<\/span><\/span><\/p>\n<p class=\"rtejustify\"><span style=\"font-size:16px;\"><span style=\"font-family:verdana,geneva,sans-serif;\">d) l&#8217;estudi de l&#8217;AD a l&#8217;\u00f2pera, un escenari t\u00edpicament dirigit a adults d&#8217;edat m\u00e9s avan\u00e7ada, identificant les necessitats de l&#8217;usuari i els requisits.<\/span><\/span><\/p>\n<p class=\"rtejustify\"><span style=\"font-size:16px;\"><span style=\"font-family:verdana,geneva,sans-serif;\">La metodologia del projecte combinar\u00e0 la recerca descriptiva i proves experimentals amb usuaris per mitj\u00e0 de q\u00fcestionaris, entrevistes i\/o grups focals.<\/span><\/span><\/p>\n","protected":false},"excerpt":{"rendered":"<p>El projecte t\u00e9 quatre objectius principals: a) l&#8217;an\u00e0lisi de la locuci\u00f3 d&#8217;AD, amb focus en els aspectes pros\u00f2dics i identificant les prefer\u00e8ncies dels usuaris respecte a la transmissi\u00f3 oral; b) l&#8217;estudi de la traducci\u00f3 d&#8217;AD com proc\u00e9s de creaci\u00f3 en parelles d&#8217;idiomes poc investigades com castell\u00e0\/catal\u00e0&nbsp;i xin\u00e8s, i provar la recepci\u00f3 de l&#8217;usuari; c) l&#8217;an\u00e0lisi [&hellip;]<\/p>\n","protected":false},"author":20,"featured_media":0,"parent":0,"menu_order":0,"comment_status":"closed","ping_status":"closed","template":"","meta":{"footnotes":""},"class_list":["post-49","page","type-page","status-publish","hentry"],"_links":{"self":[{"href":"https:\/\/webs.uab.cat\/rad\/wp-json\/wp\/v2\/pages\/49","targetHints":{"allow":["GET"]}}],"collection":[{"href":"https:\/\/webs.uab.cat\/rad\/wp-json\/wp\/v2\/pages"}],"about":[{"href":"https:\/\/webs.uab.cat\/rad\/wp-json\/wp\/v2\/types\/page"}],"author":[{"embeddable":true,"href":"https:\/\/webs.uab.cat\/rad\/wp-json\/wp\/v2\/users\/20"}],"replies":[{"embeddable":true,"href":"https:\/\/webs.uab.cat\/rad\/wp-json\/wp\/v2\/comments?post=49"}],"version-history":[{"count":0,"href":"https:\/\/webs.uab.cat\/rad\/wp-json\/wp\/v2\/pages\/49\/revisions"}],"wp:attachment":[{"href":"https:\/\/webs.uab.cat\/rad\/wp-json\/wp\/v2\/media?parent=49"}],"curies":[{"name":"wp","href":"https:\/\/api.w.org\/{rel}","templated":true}]}}