{"id":51,"date":"2019-05-13T10:27:42","date_gmt":"2019-05-13T10:27:42","guid":{"rendered":"https:\/\/webs.uab.cat\/rad\/participants\/"},"modified":"2021-07-29T14:21:39","modified_gmt":"2021-07-29T14:21:39","slug":"participants","status":"publish","type":"page","link":"https:\/\/webs.uab.cat\/rad\/participants\/","title":{"rendered":"Participants"},"content":{"rendered":"<p><span style=\"font-size:16px;\"><span style=\"font-family:verdana,geneva,sans-serif;\"><u><strong><a href=\"http:\/\/grupsderecerca.uab.cat\/transmedia\/content\/carme-mangiron\">Carme Mangiron<\/a><\/strong><\/u>&nbsp;(investigadora principal)<\/span><\/span><\/p>\n<p><span style=\"font-size:16px;\"><span style=\"font-family:verdana,geneva,sans-serif;\"><u><strong><a href=\"http:\/\/grupsderecerca.uab.cat\/transmedia\/content\/anna-matamala\">Anna Matamala<\/a><\/strong><\/u>&nbsp;(investigadora principal)<\/span><\/span><\/p>\n<p>&nbsp;<\/p>\n<p><span style=\"font-size:16px;\"><span style=\"font-family:verdana,geneva,sans-serif;\"><strong>Investigadors de la&nbsp;Universitat Aut\u00f2noma de Barcelona<\/strong><\/span><\/span><\/p>\n<p><u><strong><span style=\"font-size:16px;\"><span style=\"font-family:verdana,geneva,sans-serif;\"><a href=\"http:\/\/grupsderecerca.uab.cat\/transmedia\/content\/olga-soler\">Olga Soler Vilageliu<\/a><\/span><\/span><\/strong><\/u><\/p>\n<p><u><strong><span style=\"font-size:16px;\"><span style=\"font-family:verdana,geneva,sans-serif;\"><a href=\"http:\/\/grupsderecerca.uab.cat\/transmedia\/content\/pilar-orero\">Pilar Orero<\/a><\/span><\/span><\/strong><\/u><\/p>\n<p><u><strong><span style=\"font-size:16px;\"><span style=\"font-family:verdana,geneva,sans-serif;\"><a href=\"http:\/\/grupsderecerca.uab.cat\/transmedia\/content\/miquel-edo-0\">Miquel Edo Juli\u00e0<\/a><\/span><\/span><\/strong><\/u><\/p>\n<p><u><strong><span style=\"font-size:16px;\"><span style=\"font-family:verdana,geneva,sans-serif;\"><a href=\"http:\/\/grupsderecerca.uab.cat\/transmedia\/content\/helena-casas-tost\">Helena Casas Tost<\/a><\/span><\/span><\/strong><\/u><\/p>\n<p><u><strong><span style=\"font-size:16px;\"><span style=\"font-family:verdana,geneva,sans-serif;\"><a href=\"http:\/\/grupsderecerca.uab.cat\/transmedia\/content\/sara-rovira-esteva\">Sara Rovira Esteva<\/a><\/span><\/span><\/strong><\/u><\/p>\n<p><u><strong><span style=\"font-size:16px;\"><span style=\"font-family:verdana,geneva,sans-serif;\"><a href=\"http:\/\/grupsderecerca.uab.cat\/transmedia\/content\/maria-j-machuca\">Mar\u00eda Jes\u00fas Machuca Ayuso<\/a><\/span><\/span><\/strong><\/u><\/p>\n<p><span style=\"font-size:16px;\"><span style=\"font-family:verdana,geneva,sans-serif;\">Antonio R\u00edos Mestre<\/span><\/span><\/p>\n<p>&nbsp;<\/p>\n<p><span style=\"font-size:16px;\"><span style=\"font-family:verdana,geneva,sans-serif;\"><strong>Investigadors d&#8217;altres&nbsp;universitats<\/strong><\/span><\/span><\/p>\n<p><span style=\"font-size:16px;\"><span style=\"font-family:verdana,geneva,sans-serif;\">Jos\u00e9 Ramon Calvo Ferrer<\/span><\/span><\/p>\n<p><span style=\"font-size:16px;\"><span style=\"font-family:verdana,geneva,sans-serif;\">Juan Pedro Rica Peromingo<\/span><\/span><\/p>\n<p><span style=\"font-size:16px;\"><span style=\"font-family:verdana,geneva,sans-serif;\">Jos\u00e9&nbsp;Ramon Belda Medina<\/span><\/span><\/p>\n<p>&nbsp;<\/p>\n<p><font face=\"verdana, geneva, sans-serif\"><b>Membres del grup de treball<\/b><\/font><\/p>\n<p><span style=\"font-size:16px;\"><span style=\"font-family:verdana,geneva,sans-serif;\">Josep D\u00e1vila<\/span><\/span><\/p>\n<p><span style=\"font-size:16px;\"><span style=\"font-family:verdana,geneva,sans-serif;\">Nazaret Fresno<\/span><\/span><\/p>\n<p><span style=\"font-size:16px;\"><span style=\"font-family:verdana,geneva,sans-serif;\">Gian Maria Greco<\/span><\/span><\/p>\n<p><span style=\"font-family:verdana,geneva,sans-serif;\">Irene Hermosa<\/span><\/p>\n<p><span style=\"font-size:16px;\"><span style=\"font-family:verdana,geneva,sans-serif;\">Anna Jankowska<\/span><\/span><\/p>\n<p><span style=\"font-family:verdana,geneva,sans-serif;\">Mar\u00eda Eugenia Larreina<\/span><\/p>\n<p><span style=\"font-family:verdana,geneva,sans-serif;\">Yuchen Liu<\/span><\/p>\n<p><span style=\"font-family:verdana,geneva,sans-serif;\">Liudmila Navtanovich<\/span><\/p>\n<p>&nbsp;<\/p>\n<p><strong><span style=\"font-family:verdana,geneva,sans-serif;\">Membres del grup de treball entre gener de&nbsp;2019 i mar\u00e7 de 2020<\/span><\/strong><\/p>\n<p><span style=\"font-family:verdana,geneva,sans-serif;\">Bel\u00e9n Agull\u00f3<\/span><\/p>\n<p><span style=\"font-family:verdana,geneva,sans-serif;\">Anita Fidyka<\/span><\/p>\n<p><span style=\"font-family:verdana,geneva,sans-serif;\">Irene Tor-Carrogio<\/span><\/p>\n","protected":false},"excerpt":{"rendered":"<p>Carme Mangiron&nbsp;(investigadora principal) Anna Matamala&nbsp;(investigadora principal) &nbsp; Investigadors de la&nbsp;Universitat Aut\u00f2noma de Barcelona Olga Soler Vilageliu Pilar Orero Miquel Edo Juli\u00e0 Helena Casas Tost Sara Rovira Esteva Mar\u00eda Jes\u00fas Machuca Ayuso Antonio R\u00edos Mestre &nbsp; Investigadors d&#8217;altres&nbsp;universitats Jos\u00e9 Ramon Calvo Ferrer Juan Pedro Rica Peromingo Jos\u00e9&nbsp;Ramon Belda Medina &nbsp; Membres del grup de treball Josep [&hellip;]<\/p>\n","protected":false},"author":20,"featured_media":0,"parent":0,"menu_order":0,"comment_status":"closed","ping_status":"closed","template":"","meta":{"footnotes":""},"class_list":["post-51","page","type-page","status-publish","hentry"],"_links":{"self":[{"href":"https:\/\/webs.uab.cat\/rad\/wp-json\/wp\/v2\/pages\/51","targetHints":{"allow":["GET"]}}],"collection":[{"href":"https:\/\/webs.uab.cat\/rad\/wp-json\/wp\/v2\/pages"}],"about":[{"href":"https:\/\/webs.uab.cat\/rad\/wp-json\/wp\/v2\/types\/page"}],"author":[{"embeddable":true,"href":"https:\/\/webs.uab.cat\/rad\/wp-json\/wp\/v2\/users\/20"}],"replies":[{"embeddable":true,"href":"https:\/\/webs.uab.cat\/rad\/wp-json\/wp\/v2\/comments?post=51"}],"version-history":[{"count":0,"href":"https:\/\/webs.uab.cat\/rad\/wp-json\/wp\/v2\/pages\/51\/revisions"}],"wp:attachment":[{"href":"https:\/\/webs.uab.cat\/rad\/wp-json\/wp\/v2\/media?parent=51"}],"curies":[{"name":"wp","href":"https:\/\/api.w.org\/{rel}","templated":true}]}}