{"id":54,"date":"2019-05-13T10:27:52","date_gmt":"2019-05-13T10:27:52","guid":{"rendered":"https:\/\/webs.uab.cat\/rad\/activitats\/"},"modified":"2023-03-15T19:44:02","modified_gmt":"2023-03-15T19:44:02","slug":"activitats","status":"publish","type":"page","link":"https:\/\/webs.uab.cat\/rad\/activitats\/","title":{"rendered":"Activitats"},"content":{"rendered":"\n<p>&nbsp;<\/p>\n\n\n\n<p><span style=\"font-family: verdana, geneva, sans-serif\"><span style=\"font-size: 16px\"><b>Activitats d&#8217;inici del projecte<\/b><\/span><\/span><\/p>\n\n\n\n<ul class=\"wp-block-list\"><li><span style=\"font-size: 16px\"><span style=\"font-family: verdana,geneva,sans-serif\">Reuni\u00f3 d&#8217;inici del projecte a&nbsp;Barcelona, 6 de maig de&nbsp;2019.<\/span><\/span><\/li><li><span style=\"font-size: 16px\"><span style=\"font-family: verdana,geneva,sans-serif\">El RAD llen\u00e7a un <a href=\"https:\/\/webs.uab.cat\/rad\/videos\/\" data-type=\"page\" data-id=\"55\" target=\"_blank\" rel=\"noreferrer noopener\"><u>v\u00eddeo<\/u><\/a> sobre el projecte.&nbsp;<\/span><\/span><\/li><\/ul>\n\n\n\n<p>&nbsp;<\/p>\n\n\n\n<p><span style=\"font-family: verdana, geneva, sans-serif\"><span style=\"font-size: 16px\"><b>Transfer\u00e8ncia de coneixements<\/b><\/span><\/span><\/p>\n\n\n\n<ul class=\"wp-block-list\"><li><span style=\"font-size: 16px\"><span style=\"font-family: verdana,geneva,sans-serif\">Presentaci\u00f3 del projecte&nbsp;RAD al <a rel=\"noreferrer noopener\" href=\"http:\/\/grupsderecerca.uab.cat\/transmedia\/TMC_GAAD\" target=\"_blank\"><strong>Dia Mundial per a la Conscienciaci\u00f3 de l&#8217;Accessibilitat<\/strong><\/a> de&nbsp;TransMedia Catalonia, 16 de maig de&nbsp;2019.<\/span><\/span><\/li><li><span style=\"font-size: 16px\"><span style=\"font-family: verdana,geneva,sans-serif\">Assessorament al Centre de Cultura Contempor\u00e0nia de Barcelona sobre com fer accessible l&#8217;exhibici\u00f3&nbsp;<em>Gameplay: Cultura del videojoc<\/em>, 4 d&#8217;octubre de 2019.<\/span><\/span><\/li><li><span style=\"font-size: 16px\"><span style=\"font-family: verdana,geneva,sans-serif\">Presentaci\u00f3 del projecte&nbsp;RAD a la Setmana de la Ci\u00e8ncia a&nbsp;Barcelona, 26 d&#8217;octubre de 2019.<\/span><\/span><\/li><li><span style=\"font-size: 16px\"><span style=\"font-family: verdana,geneva,sans-serif\">Participaci\u00f3 d&#8217;Anna Matamala i Pilar Orero a la trobada del comit\u00e8 ISO\/IEC JTC1\/SC35 User interfaces&nbsp;a&nbsp;Busan (Corea del Sud)&nbsp;del 13 al 17 de gener de 2020. Contribuci\u00f3 a diversos&nbsp;est\u00e0ndards, com el&nbsp;<u><strong><a rel=\"noopener\" href=\"https:\/\/www.iso.org\/standard\/63061.html\" target=\"_blank\">ISO\/IEC TS 20071-21:2015 Information technology &#8211; User interface component accessibility &#8211; Part 21: Guidance on audio descriptions<\/a><\/strong>,<\/u> i<strong>&nbsp;<\/strong><u><strong><a rel=\"noopener\" href=\"https:\/\/www.iso.org\/standard\/69060.html\" target=\"_blank\">ISO-IEC TS 20071:25:2017 Information technology- User interface component accessibility &#8211; Part 25: Guidance on the audio presentation of text in videos, including captions, subtitles and other on-screen text<\/a><\/strong><\/u>, entre d&#8217;altres.<\/span><\/span><\/li><li><span style=\"font-size: 16px\"><span style=\"font-family: verdana,geneva,sans-serif\">Presentaci\u00f3 del projecte&nbsp;RAD en un&nbsp;<a href=\"https:\/\/youtu.be\/bMolAE3PatQ\">v\u00eddeo<\/a>&nbsp;per&nbsp;celebrar el <a rel=\"noreferrer noopener\" href=\"https:\/\/grupsderecerca.uab.cat\/transmedia\/TMC_GAAD\" target=\"_blank\"><strong>Dia Mundial per a la Conscienciaci\u00f3 de l&#8217;Accessibilitat<\/strong><\/a>, 21 de maig de&nbsp;2020.<\/span><\/span><\/li><li><span style=\"font-size: 16px\"><span style=\"font-family: verdana,geneva,sans-serif\">Entrevista a&nbsp;Carme Mangiron sobre localitzaci\u00f3 de videojocs i&nbsp;accessibilitat&nbsp;per part del grup de recerca&nbsp;Acesso Livre de la Universidade de Bras\u00edlia, 28 d&#8217;octubre de 2020.&nbsp;<a rel=\"noreferrer noopener\" href=\"https:\/\/www.youtube.com\/watch?v=JkG69-mX7s0&amp;feature=youtu.be, 28 de octubre de 2020\" target=\"_blank\">https:\/\/www.youtube.com\/watch?v=JkG69-mX7s0&amp;feature=youtu.be, 28 de octubre de 2020<\/a><\/span><\/span><\/li><li><span style=\"font-size: 16px\"><span style=\"font-family: verdana,geneva,sans-serif\">Anna Matamala ofereix la xerrada <span style=\"font-size: 16px\"><span style=\"font-family: verdana,geneva,sans-serif\">&#8220;<\/span>Audio Description and Audio Subtitling of Videoworks. A Place of Its Own&#8221; com a convidada del&nbsp;Professional Meeting al&nbsp;LOOP Barcelona, organitzat pel projecte europeu&nbsp;A-Place. Linking places through networked artistic practices,&nbsp;18 de novembre de 2020.<\/span>&nbsp;<\/span><\/span><\/li><li><span style=\"font-size: 16px\"><span style=\"font-family: verdana,geneva,sans-serif\">Entrevista a&nbsp;Carme Mangiron al podcast&nbsp;En Sincron\u00eda. 9 de juny de&nbsp;2021.<\/span><a rel=\"noreferrer noopener\" href=\"https:\/\/www.youtube.com\/watch?v=aQH4oISmkA8\" target=\"_blank\">&nbsp;<span style=\"font-family: sans-serif, Arial, Verdana, 'Trebuchet MS'\">https:\/\/www.youtube.com\/watch?v=aQH4oISmkA8<\/span><\/a><\/span><br>&nbsp;<\/li><\/ul>\n\n\n\n<p>&nbsp;<\/p>\n\n\n\n<p><span style=\"font-family: verdana, geneva, sans-serif\"><span style=\"font-size: 16px\"><b>Presentacions i confer\u00e8ncies<\/b><\/span><\/span><\/p>\n\n\n\n<ul class=\"wp-block-list\"><li><span style=\"font-size: 16px;font-family: verdana, geneva, sans-serif\"><span style=\"font-size: 16px\"><span style=\"font-family: verdana,geneva,sans-serif\">Presentaci\u00f3 del projecte\u00a0RAD a la trobada internacional de recerca\u00a0TransMedia Catalonia, 11 de\u00a0novembre de\u00a02019.<\/span><\/span><\/span><\/li><li><span style=\"font-size: 16px\"><span style=\"font-family: verdana,geneva,sans-serif\">Discurs d&#8217;Anna Matamala com a convidada a\u00a0Inclusive Dialogue 2020, Moscou, 24 de gener de\u00a02020.<\/span><\/span><\/li><li><span style=\"font-size: 16px;font-family: verdana, geneva, sans-serif\">Anna Matamala presenta &#8220;<a rel=\"noreferrer noopener\" href=\"https:\/\/ddd.uab.cat\/record\/232574\" target=\"_blank\">Accessibility and audiovisual translation in a changing world<\/a>&#8221; com a convidada\u00a0en una confer\u00e8ncia a la Universidad Aut\u00f3noma de Manizales, Col\u00f2mbia,\u00a0<\/span><span style=\"font-size: 16px\"><span style=\"font-family: verdana,geneva,sans-serif\">26 de setembre de 2020.<\/span><\/span><\/li><li><span style=\"font-size: 16px\"><span style=\"font-family: verdana,geneva,sans-serif\">Larreina-Morales, Mar\u00eda Eugenia. (2020). &#8220;Siguiente nivel: La accesibilidad a los videojuegos para personas ciegas&#8221;.\u00a0<i>VI Congreso de la Sociedad Espa\u00f1ola para las Ciencias del Videojuego.\u00a0<\/i>Online, 7 d&#8217;octubre de 2020.<\/span><\/span><\/li><li><span style=\"font-size: 16px\"><span style=\"font-family: verdana,geneva,sans-serif\"><span style=\"font-size: 16px;font-family: verdana, geneva, sans-serif\">Anna Matamala presenta &#8220;Investigar en accesibilidad y traducci\u00f3n audiovi<\/span><span style=\"font-size: 16px\"><span style=\"font-family: verdana, geneva, sans-serif\">sual&#8221; com a convidada al <span style=\"font-size: 16px\">III SEMINARIO DEL GRUPO DE INNOVACI\u00d3N EDUCATIVA ARENA<\/span>\u00a0<\/span><span style=\"font-family: verdana,geneva,sans-serif\">(Accesibilidad, traducci\u00f3n audiovisual y aprendizaje de lenguas). UNED, 10 de novembre de 2020<\/span><\/span><\/span><\/span>.<\/li><li><span style=\"font-size: 16px\"><span style=\"font-family: verdana,geneva,sans-serif\">Larreina-Morales, Mar\u00eda Eugenia. (2020).\u00a0&#8220;Game accessibility for blind and low vision players&#8221;.\u00a0<i>LEAD ME Winter Training School<\/i>. Online, 25 de novembre de 2020.<\/span><\/span><\/li><li><span style=\"font-size: 16px\"><span style=\"font-family: verdana,geneva,sans-serif\">Hermosa, Irene.\u00a0(2021). A comprehensive approach to opera audio description.\u00a0ARSAD, Universitat Aut\u00f2noma de Barcelona (online), 26 de gener de\u00a02021.<\/span><\/span><\/li><li><span style=\"font-size: 16px\"><span style=\"font-family: verdana,geneva,sans-serif\">Liu, Yuchen;\u00a0Tor-Carroggio, Irene;\u00a0Rovira-Esteva, Sara;\u00a0Casas-Tost, Helena.\u00a0(2021). Localisation guidelines to translate AD from Spanish into Chinese: A first proposal.\u00a0ARSAD, Universitat Aut\u00f2noma de Barcelona (online), 26 de gener de\u00a02021.<\/span><\/span><\/li><li><span style=\"font-size: 16px\"><span style=\"font-family: verdana,geneva,sans-serif\">Machuca, \u00a0Mar\u00eda;\u00a0Matamala, Anna;\u00a0R\u00edos,\u00a0Antonio (2021). &#8220;Prosodic analysis of audio descriptions in the VIW corpus in Catalan&#8221;. <a rel=\"noreferrer noopener\" href=\"https:\/\/ddd.uab.cat\/record\/237651\" data-type=\"URL\" data-id=\"https:\/\/ddd.uab.cat\/record\/237651\" target=\"_blank\">ARSAD<\/a>, Universitat Aut\u00f2noma de Barcelona (online), 26 i 27 de gener de\u00a02021.<span style=\"font-size: 16px\"><span style=\"font-family: verdana,geneva,sans-serif\">\u00a0<\/span><\/span><\/span><\/span><\/li><li><span style=\"font-size: 16px\"><span style=\"font-family: verdana,geneva,sans-serif\"><span style=\"font-size: 16px\"><span style=\"font-family: verdana,geneva,sans-serif\">Mangiron, Carme. (2021). The RAD project.\u00a0<\/span><\/span>ARSAD, Universitat Aut\u00f2noma de Barcelona (online), 26 de gener de\u00a02021.<\/span><\/span><\/li><li><span style=\"font-family: verdana,geneva,sans-serif\"><span style=\"font-size: 16px\">Larreina-Morales, Mar\u00eda Eugenia; Mangiron, Carme. (2021). &#8220;Fun for All: Exploring new ways to improve game accessibility for blind players&#8221;. Media for All 9, UAB, online, 28 de gener de\u00a02021.<\/span><\/span><\/li><li><span style=\"font-size: 16px\"><span style=\"font-family: verdana,geneva,sans-serif\">Larreina-Morales, Mar\u00eda Eugenia. (2021). &#8220;Audio Description: A Tool for Inclusion&#8221;.\u00a0XXI Festival Internazionale del Doppiaggio Voci Nell Ombra.\u00a0Online,\u00a0del 24 al 28 de febrer de 2021.<\/span><\/span><\/li><li><span style=\"font-family: verdana,geneva,sans-serif\"><span style=\"font-size: 16px\">Discurs d&#8217;Anna Matamala com a convidada a\u00a0<a title=\"https:\/\/ddd.uab.cat\/record\/238268\" rel=\"noopener\" href=\"https:\/\/ddd.uab.cat\/record\/238268\" target=\"_blank\">Audio description research.\u00a0What next?<\/a>\u00a0\u00a012th International Conference on Professional Communication and Translation Studies. Timisoara (online), 26 de mar\u00e7 de 2021.<\/span><\/span><\/li><li><span style=\"font-family: verdana,geneva,sans-serif\"><span style=\"font-size: 16px\">Liu,\u00a0Yuchen. (2021). &#8220;An introduction to media accessibility&#8221;. Shangai International Studies University. Shangai, 19 d&#8217;abril de 2021.<\/span><\/span><\/li><li><span style=\"font-family: verdana,geneva,sans-serif\"><span style=\"font-size: 16px\">Liu,\u00a0Yuchen. (2021). \u201cAn introduction to media accessibility&#8221;. University of Nottingham Ningbo China. Ningbo, 28 d&#8217;abril de 2021.<\/span><\/span><\/li><li><span style=\"font-size: 16px\"><span style=\"font-family: verdana,geneva,sans-serif\">Orero, Pilar. (2021). Writing and implementing European funded project in the field of culture. Approaches in project creation. Tribulartistic, Romania, online. 1 de maig de 2021.<\/span><\/span><\/li><li><span style=\"font-family: verdana,geneva,sans-serif\"><span style=\"font-size: 16px\">Larreina, Mar\u00eda Eugenia. (2021). Improving game accessibility: the perspective of persons with visual disabilities. Seminari PhD, Universitat Aut\u00f2noma de Barcelona, 12 de maig de\u00a02021.<\/span><\/span><\/li><li><span style=\"font-family: verdana,geneva,sans-serif\"><span style=\"font-size: 16px\">Larreina,\u00a0Mar\u00eda Eugenia. (2021). In their own words: game accessibility for persons with visual disabilities. TransMedia Catalonia International Meeting,\u00a0Universitat Aut\u00f2noma de Barcelona, 14 de maig de 2021.<\/span><\/span><\/li><li><span style=\"font-size: 16px\"><span style=\"font-family: verdana,geneva,sans-serif\">Orero, Pilar. (2021)\u00a0<\/span><\/span><span style=\"font-family: verdana,geneva,sans-serif\"><span style=\"font-size: 16px\">La inmersi\u00f3n: un nuevo formato para la formaci\u00f3n de una sociedad inclusiva.\u00a0Evento Digitalizaci\u00f3n una oportunidad para la formaci\u00f3n de una sociedad inclusiva. Asociaci\u00f3n de Regiones Fronterizas Europeas Online\u00a0\u00a0&#8211; Ajuntament de Rub\u00ed\u00a0(Barcelona). 9 de juny de\u00a02021.<\/span><\/span><\/li><li><span style=\"font-family: verdana,geneva,sans-serif\"><span style=\"font-size: 16px\">Liu,\u00a0Yuchen. (2021). &#8220;The translation of audio description scripts from Spanish into Chinese: A reception study&#8221;. The 4th SISU-LeCTIS Translation Studies Salon. Shangai, 18 de juny de 2021.<\/span><\/span><\/li><li><span style=\"font-family: verdana,geneva,sans-serif\"><span style=\"font-size: 16px\">Hermosa-Ram\u00edrez, Irene. (2021). Opera audio descripcion: A lexico-grammatical corpus analysis of Catalan and Spanish scripts. Universidad del Pa\u00eds Vasco\/Eukal Herriko Unibertsitatea. Online. 24 de juny de 2021.  <\/span><\/span><\/li><li><span style=\"font-size: 16px\"><span style=\"font-family: verdana,geneva,sans-serif\">Matamala, Anna; Mangiron, Carme; Oncins, Estel\u00b7la; Orero, Pilar. (2021). Media accessibility research and training: TransMedia Catalonia research group. Ukrainian Translation Industry (UTI) Camp. Online. 24 de juliol de\u00a02021.<\/span><\/span><\/li><li><span style=\"font-family: verdana,geneva,sans-serif\"><span style=\"font-size: 16px\">Mangiron, Carme. (2021). Game accessibility: Taking inclusion to the next level. Presentaci\u00f3 a\u00a0HCI International 2021 Conference, online, 27 de juliol de\u00a02021.<\/span><\/span><\/li><li><span style=\"font-family: verdana,geneva,sans-serif\"><span style=\"font-size: 16px\">Mangiron, Carme. (2021). Game accessibility and Localisation: Bringing Entertainment to the Next Level. APTRAD Conference. Portugal (online), 9 de setembre de 2021.<\/span><\/span><\/li><li><span style=\"font-family: verdana,geneva,sans-serif\"><span style=\"font-size: 16px\">Larreina-Morales, Maria Eugenia; Mangiron, Carme. (2021). In players&#8217; words: Improving game accessibility for blind users. VII IATIS Conference, Universitat Pompeu Fabra. Barcelona, 15 de setembre de 2021.<\/span><\/span><\/li><li><span style=\"font-family: verdana,geneva,sans-serif\"><span style=\"font-size: 16px\">Liu, Yuchen; Rovira-Esteva, Sara; Casas-Tost, Helena. (2021). Localising AD scripts from Spanish into Chinese: guidelines for good practices. VII IATIS Conference, Universitat Pompeu Fabra. Barcelona, 15 de setembre de 2021.<\/span><\/span><\/li><li><span style=\"font-family: verdana,geneva,sans-serif\"><span style=\"font-size: 16px\">Orero, Pilar. (2021). Project presentation at European Comission EC ERGA SG1. Taller (online), 22 de setembre de 2021.<\/span><\/span><\/li><li><span style=\"font-family: verdana,geneva,sans-serif\"><span style=\"font-size: 16px\">Hermosa-Ram\u00edrez, Irene. (2021). State of the art of audio description for the scenic arts in Spain. Languages and the Media (online), 23 de setembre de 2021. <\/span><\/span><\/li><li><span style=\"font-size: 16px\"><span style=\"font-family: verdana,geneva,sans-serif\">Larreina-Morales, Mar\u00eda Eugenia. (2021). &#8220;La accesibilidad a los videojuegos: presente y futuro&#8221;.\u00a0<i>IV Congreso Nacional Retina Murcia<\/i>.\u00a0Murcia, 7\u00a0d&#8217;octubre de 2021.<\/span><\/span><\/li><li><span style=\"font-family: verdana,geneva,sans-serif\"><span style=\"font-size: 16px\">Comunicaci\u00f3 oral de Carme Mangiron como a convidada a &#8220;La localizaci\u00f3n de videojuegos: \u00faltimas tendencias y perspectivas futuras&#8221;. III Congreso Latinoamericano de la Industria de la Traducci\u00f3n, online, 5 de novembre de 2021.<\/span><\/span><\/li><li><span style=\"font-family: verdana,geneva,sans-serif\"><span style=\"font-size: 16px\">Matamala, Anna; Orero, Pilar. (2021).\u00a0&#8220;Equal opportunities beyond disabilities: Leaving no one behind media accessibility research&#8221;. Social Inequalities and Quality of Life Conference. Romania (online), 15-19 de novembre de 2021.\u00a0<\/span><\/span><\/li><li><span style=\"font-family: verdana,geneva,sans-serif\"><span style=\"font-size: 16px\"><span style=\"font-size: 16px\"><span style=\"font-family: verdana,geneva,sans-serif\">Discurs de Carme Mangiron com a convidada a &#8220;Paving the way towards gender and social inclusion in video games&#8221;. IV International Storytelling Revisited Conference. Universitat de Vic (online), 24 de novembre de 2021.<\/span><\/span><\/span><\/span><\/li><li><span style=\"font-family: verdana,geneva,sans-serif\"><span style=\"font-size: 16px\">Discurs d&#8217;Anna Matamala com a convidada a &#8220;<a title=\"https:\/\/ddd.uab.cat\/record\/251441?ln=ca\" rel=\"noopener\" href=\"https:\/\/ddd.uab.cat\/record\/251441?ln=ca\" target=\"_blank\">New approaches to audio description research: words, voices, and collaborative processes<\/a>&#8220;. <em>I Congresos Internacional sobre Traducci\u00f3n e Interpretaci\u00f3n de Discursos Especializados: Aproximaciones te\u00f3ricas y pr\u00e1cticas a la accesibilidad.<\/em>\u00a0M\u00e1laga (online), 3 i 4 de desembre de 2021.<\/span><\/span><\/li><li><span style=\"font-family: verdana,geneva,sans-serif\"><span style=\"font-size: 16px\">Rica Peromingo, J. P. (2021). &#8220;Accesibilidad ling\u00fc\u00edstica: las normas de aplicaci\u00f3n en aspectos traductol\u00f3gicos audiovisuales&#8221;. Congreso Internacional sobre Traducci\u00f3n e Interpretaci\u00f3n de Discursos Especializados: Aproximaciones te\u00f3ricas y pr\u00e1cticas a la accesibilidad. Universidad de M\u00e1lagas. Plenaria por invitaci\u00f3n. Online. 3-4 de desembre de 2021.<\/span><\/span><\/li><li><span style=\"font-family: verdana,geneva,sans-serif\"><span style=\"font-size: 16px\">Rica Peromingo, J. P. (2021). &#8220;Traducci\u00f3n audiovisual y accesibilidad: investigaci\u00f3n y ense\u00f1anza en contextos profesionales y univesitarios&#8221;. Universidad de Vigo. Conferencia por invitaci\u00f3n. Online. 9 de desembre de 2021.  <\/span><\/span><\/li><li><span style=\"font-family: verdana,geneva,sans-serif\"><span style=\"font-size: 16px\">Hermosa-Ram\u00edrez, Irene. (2022). Craftsmanship and technology: two sides of the story in audio description. Unlimited! 3 &#8211; Innovation for access: new interactions Conference. University of Antwerp (online), 11 de febrer de 2022.  <\/span><\/span><\/li><li><span style=\"font-family: verdana,geneva,sans-serif\"><span style=\"font-size: 16px\">Liu, Yuchen; Casas-Tost, Helena; Rovira-Esteva, Sara. (2022). &#8220;AD translation from Spanish into Chinese: A reception study&#8221;. The 10th international conference of AIETI. Minho, 17 de juny de 2022. <\/span><\/span><\/li><li><span style=\"font-family: verdana,geneva,sans-serif\"><span style=\"font-size: 16px\">Discurs de Carme Mangiron com a convidada a &#8220;Current research in game accessibility&#8221;. Game accessibility Symposium, University of Bristol, 7 de setembre de 2022.<\/span><\/span><\/li><li><span style=\"font-family: verdana,geneva,sans-serif\"><span style=\"font-size: 16px\">Larreina-Morales, Mar\u00eda Eugenia. (2022). &#8220;Diverse Features for Diverse Needs: a Game Accessibility Analysis Tool&#8221;. Everybody Plays: a Symposium on Neurodiversity and Games. Antwerp, 16 de setembre de 2022.<\/span><\/span><\/li><li><span style=\"font-family: verdana,geneva,sans-serif\"><span style=\"font-size: 16px\">Liu,\u00a0Yuchen. (2022). &#8220;Who is responsible for defining objectivity in AD? Results of a reception study testing AD translation from Spanish into Chinese&#8221;. The limits of objective audio description. Hildesheim, 05-07 d&#8217;octubre de 2022.<\/span><\/span><\/li><li><span style=\"font-family: verdana,geneva,sans-serif\"><span style=\"font-size: 16px\">Larreina Morales, Mar\u00eda Eugenia. (2022). &#8220;Game Accessibility Guidelines: a Joint Effort by Users, Industry, and Academia&#8221;. Languages and the Media 2022, the 14th International Conference on Language Transfer in Audiovisual Media. Berl\u00edn, 8 de novembre de 2022. <\/span><\/span><\/li><li><span style=\"font-family: verdana,geneva,sans-serif\"><span style=\"font-size: 16px\">Liu,\u00a0Yuchen. (2022). \u201cAD translation from Spanish into Chinese: A reception study\u201d.\u00a0\u5f71\u89c6\u8bd1\u5236\u4e0e\u56fd\u9645\u4f20\u64ad\uff1a\u65b0\u65f6\u4ee3\u7684\u547d\u9898 (Traducci\u00f3 audiovisual i la seva difusi\u00f3 internacional: una proposta a la nova era). Pequ\u00edn, 19 de novembre de 2022.<\/span><\/span><\/li><li><span style=\"font-family: verdana,geneva,sans-serif\"><span style=\"font-size: 16px\">Larreina Morales, Mar\u00eda Eugenia. (2023). &#8220;Current Trends in Game Accessibility \u2014 Features and Reviews&#8221;. Fun for All: 6th International Conference. Barcelona, 2-3 de febrer de 2023.  <\/span><\/span><\/li><\/ul>\n\n\n\n<p>&nbsp;<\/p>\n\n\n\n<p><span style=\"font-family: verdana, geneva, sans-serif\"><span style=\"font-size: 16px\"><b>Xerrades i seminaris<\/b><\/span><\/span><\/p>\n\n\n\n<ul class=\"wp-block-list\"><li><span style=\"font-size: 16px\"><span style=\"font-family: verdana,geneva,sans-serif\">Seminari d&#8217;Anna Matamala &#8220;Media Accessibility: New environments, New Hybrid Audiovisual Modalities&#8221;. CTIS, University of Manchester,&nbsp;19&nbsp;de novembre de 2019.<\/span><\/span><\/li><li><span style=\"font-size: 16px\"><span style=\"font-family: verdana,geneva,sans-serif\">Matamala, Anna. (2020). &#8220;Media accessibility: research and practice&#8221; (3 h). Eurasian Subtitler&#8217;s League, Moscou, 23 de gener de 2020.<\/span><\/span><\/li><li><span style=\"font-family: verdana,geneva,sans-serif\"><span style=\"font-size: 16px\">Mendoza, Nuria. (2020). &#8220;La audiodescripci\u00f3n para personas ciegas. Accesibilidad audiovisual de la cultura&#8221;, Universidad Internacional de Valencia, 3 de novembre de 2020.<\/span><\/span><\/li><li><span style=\"font-family: verdana,geneva,sans-serif\"><span style=\"font-size: 16px\">Oncins, Estel\u00b7la. (2020). &#8220;TransMedia Catalonia: Researching Media Accessibility&#8221;. Seminari de recerca al&nbsp;M\u00e0ster Universitari&nbsp;en Traducci\u00f3 i&nbsp;Estudis Interculturals, Universitat Aut\u00f2noma de Barcelona, 19 de novembre de&nbsp;2020.<\/span><\/span><\/li><li><span style=\"font-family: verdana,geneva,sans-serif\"><span style=\"font-size: 16px\">Calvo Ferrer, Jos\u00e9 Ramon. (2020). &#8220;Accessibility in Video Games: Latest Trends and Research&#8221;. seminari de recerca de 2 hores a estudiants postgraduats,&nbsp;Department of Language of Linguistics,&nbsp;University of Essex, 11 de desembre de&nbsp;2020.\u200b<\/span><\/span><\/li><li><span style=\"font-size: 16px\"><span style=\"font-family: verdana,geneva,sans-serif\">Matamala,&nbsp;Anna. (2021). <\/span><\/span><span style=\"font-size: 18px\"><span style=\"font-family: verdana,geneva,sans-serif\">&#8220;<span style=\"font-family: sans-serif, Arial, Verdana, 'Trebuchet MS'\"><a rel=\"noreferrer noopener\" href=\"https:\/\/ddd.uab.cat\/record\/238352\" target=\"_blank\">User-centric research in media accessibility<\/a>&#8220;<\/span><\/span><\/span><span style=\"font-size: 16px\"><span style=\"font-family: verdana,geneva,sans-serif\"><span style=\"font-family: sans-serif, Arial, Verdana, 'Trebuchet MS'\">. <\/span>S\u00e8rie de seminaris a&nbsp;Hacettepe University, Turquia. 9 d&#8217;abril de 2021.<\/span><\/span><\/li><li><span style=\"font-size: 16px\"><span style=\"font-family: verdana,geneva,sans-serif\">Belda, Jose Ram\u00f3n; Calvo-Ferrer, Jos\u00e9 Ram\u00f3n. (2021). &#8220;Accesibilidad y videojuegos educativos: La accesibilidad de los videojuegos utilizados en la educaci\u00f3n s\u00edncrona en l\u00ednea&#8221;. MA en Lenguas y Tecnolog\u00eda, Departamento de Ling\u00fc\u00edstica Aplicada de la Universitat&nbsp;Polit\u00e8cnica de Val\u00e8ncia, 26 de maig&nbsp;de 2021.<\/span><\/span><\/li><li><span style=\"font-size: 16px\"><span style=\"font-family: verdana,geneva,sans-serif\">Mangiron, Carme. (2021). &#8220;The ins and outs of game localisation and accessibility&#8221;. Seminari de 3 hores,&nbsp;ALI&nbsp;&#8211; Accessibilit\u00e0, Lingue, Inclusione and Universit\u00e0 degli Studi di Macerata, 28 de maig de&nbsp;2021.<\/span><\/span><\/li><li><span style=\"font-family: verdana,geneva,sans-serif\"><span style=\"font-size: 16px\">Mangiron, Carme. (2022). &#8220;The Ins and Outs of Game Localization&#8221;. Webinar a Universidade Aut\u00f3noma de Lisboa (online), 11 de febrer de 2022.<\/span><\/span><\/li><li><span style=\"font-family: verdana,geneva,sans-serif\"><span style=\"font-size: 16px\">Matamala, Anna. (2022). Mestratge en Traducci\u00f3 i Interpretaci\u00f3, Universitat Aut\u00f2noma de Manizales. Curs de 20 hores. Sessi\u00f3 de 2 hores sobre investigacions actuals a TAV i accessibilitat, en qu\u00e8 es va presentar el projecte. 27 de novembre de 2022<\/span><\/span>.<\/li><\/ul>\n\n\n\n<p><span style=\"font-family: verdana,geneva,sans-serif\"><span style=\"font-size: 16px\"><b>Confer\u00e8ncies internacionals organitzades&nbsp;pel projecte&nbsp;RAD<\/b><\/span><\/span><\/p>\n\n\n\n<ul class=\"wp-block-list\"><li><span style=\"font-size: 16px\"><span style=\"font-family: verdana,geneva,sans-serif\"><u><strong><a href=\"https:\/\/webs.uab.cat\/arsad\/\" target=\"_blank\" rel=\"noreferrer noopener\">Seminari de Recerca Avan\u00e7ada&nbsp;en&nbsp;Audiodescripci<\/a><a href=\"https:\/\/webs.uab.cat\/arsad\/\">\u00f3<\/a><\/strong><\/u>&nbsp;(ARSAD), 26 i&nbsp;27 de gener de&nbsp;2021.<\/span><\/span><\/li><\/ul>\n\n\n\n<p>&nbsp;<\/p>\n","protected":false},"excerpt":{"rendered":"<p>&nbsp; Activitats d&#8217;inici del projecte Reuni\u00f3 d&#8217;inici del projecte a&nbsp;Barcelona, 6 de maig de&nbsp;2019. El RAD llen\u00e7a un v\u00eddeo sobre el projecte.&nbsp; &nbsp; Transfer\u00e8ncia de coneixements Presentaci\u00f3 del projecte&nbsp;RAD al Dia Mundial per a la Conscienciaci\u00f3 de l&#8217;Accessibilitat de&nbsp;TransMedia Catalonia, 16 de maig de&nbsp;2019. Assessorament al Centre de Cultura Contempor\u00e0nia de Barcelona sobre com fer [&hellip;]<\/p>\n","protected":false},"author":20,"featured_media":0,"parent":0,"menu_order":0,"comment_status":"closed","ping_status":"closed","template":"","meta":{"footnotes":""},"class_list":["post-54","page","type-page","status-publish","hentry"],"_links":{"self":[{"href":"https:\/\/webs.uab.cat\/rad\/wp-json\/wp\/v2\/pages\/54","targetHints":{"allow":["GET"]}}],"collection":[{"href":"https:\/\/webs.uab.cat\/rad\/wp-json\/wp\/v2\/pages"}],"about":[{"href":"https:\/\/webs.uab.cat\/rad\/wp-json\/wp\/v2\/types\/page"}],"author":[{"embeddable":true,"href":"https:\/\/webs.uab.cat\/rad\/wp-json\/wp\/v2\/users\/20"}],"replies":[{"embeddable":true,"href":"https:\/\/webs.uab.cat\/rad\/wp-json\/wp\/v2\/comments?post=54"}],"version-history":[{"count":34,"href":"https:\/\/webs.uab.cat\/rad\/wp-json\/wp\/v2\/pages\/54\/revisions"}],"predecessor-version":[{"id":399,"href":"https:\/\/webs.uab.cat\/rad\/wp-json\/wp\/v2\/pages\/54\/revisions\/399"}],"wp:attachment":[{"href":"https:\/\/webs.uab.cat\/rad\/wp-json\/wp\/v2\/media?parent=54"}],"curies":[{"name":"wp","href":"https:\/\/api.w.org\/{rel}","templated":true}]}}