{"id":55,"date":"2021-08-11T14:21:53","date_gmt":"2021-08-11T14:21:53","guid":{"rendered":"https:\/\/webs.uab.cat\/rad\/videos\/"},"modified":"2021-08-11T14:21:53","modified_gmt":"2021-08-11T14:21:53","slug":"videos","status":"publish","type":"page","link":"https:\/\/webs.uab.cat\/rad\/videos\/","title":{"rendered":"V\u00eddeos"},"content":{"rendered":"<p><span style=\"font-size:16px;\"><u><strong>V\u00eddeo&nbsp;projecte RAD<\/strong><\/u><\/span><\/p>\n<p><iframe loading=\"lazy\" frameborder=\"0\" height=\"360\" scrolling=\"no\" src=\"https:\/\/www.youtube.com\/embed\/akD4DIMk6do\" width=\"640\"><\/iframe><\/p>\n<p><u><strong>V\u00eddeo per celebrar el Dia Mundial per a la Conscienciaci\u00f3 de l&#8217;Accessibilitat<\/strong><\/u><\/p>\n<p>&nbsp;<\/p>\n<p><iframe loading=\"lazy\" allow=\"accelerometer; autoplay; encrypted-media; gyroscope; picture-in-picture\" allowfullscreen=\"\" frameborder=\"0\" height=\"360\" src=\"https:\/\/www.youtube.com\/embed\/QbBgPceVCUk\" width=\"640\"><\/iframe><\/p>\n<p><a href=\"https:\/\/www.youtube.com\/watch?v=QbBgPceVCUk&amp;feature=youtu.be\" target=\"_blank\" rel=\"noopener\"><strong>RAD: Dia Mundial per a la Conscienciaci\u00f3 de l&#8217;Accessibilitat&nbsp;2020 a&nbsp;TransMedia Catalonia<\/strong><\/a><\/p>\n","protected":false},"excerpt":{"rendered":"<p>V\u00eddeo&nbsp;projecte RAD V\u00eddeo per celebrar el Dia Mundial per a la Conscienciaci\u00f3 de l&#8217;Accessibilitat &nbsp; RAD: Dia Mundial per a la Conscienciaci\u00f3 de l&#8217;Accessibilitat&nbsp;2020 a&nbsp;TransMedia Catalonia<\/p>\n","protected":false},"author":20,"featured_media":0,"parent":0,"menu_order":0,"comment_status":"closed","ping_status":"closed","template":"","meta":{"footnotes":""},"class_list":["post-55","page","type-page","status-publish","hentry"],"_links":{"self":[{"href":"https:\/\/webs.uab.cat\/rad\/wp-json\/wp\/v2\/pages\/55","targetHints":{"allow":["GET"]}}],"collection":[{"href":"https:\/\/webs.uab.cat\/rad\/wp-json\/wp\/v2\/pages"}],"about":[{"href":"https:\/\/webs.uab.cat\/rad\/wp-json\/wp\/v2\/types\/page"}],"author":[{"embeddable":true,"href":"https:\/\/webs.uab.cat\/rad\/wp-json\/wp\/v2\/users\/20"}],"replies":[{"embeddable":true,"href":"https:\/\/webs.uab.cat\/rad\/wp-json\/wp\/v2\/comments?post=55"}],"version-history":[{"count":0,"href":"https:\/\/webs.uab.cat\/rad\/wp-json\/wp\/v2\/pages\/55\/revisions"}],"wp:attachment":[{"href":"https:\/\/webs.uab.cat\/rad\/wp-json\/wp\/v2\/media?parent=55"}],"curies":[{"name":"wp","href":"https:\/\/api.w.org\/{rel}","templated":true}]}}