{"id":57,"date":"2021-08-11T14:26:06","date_gmt":"2021-08-11T14:26:06","guid":{"rendered":"https:\/\/webs.uab.cat\/rad\/contacte\/"},"modified":"2021-08-11T14:26:06","modified_gmt":"2021-08-11T14:26:06","slug":"contacte","status":"publish","type":"page","link":"https:\/\/webs.uab.cat\/rad\/contacte\/","title":{"rendered":"Contacte"},"content":{"rendered":"<p><span style=\"font-size:16px;\"><span style=\"font-family:verdana,geneva,sans-serif;\"><strong>Carme Mangiron<\/strong><\/span><\/span><br \/>\n<span style=\"font-size:16px;\"><span style=\"font-family:verdana,geneva,sans-serif;\">Cap de projecte<\/span><\/span><br \/>\n<u><strong><span style=\"font-size:16px;\"><span style=\"font-family:verdana,geneva,sans-serif;\">carme.mangiron@uab.cat<\/span><\/span><\/strong><\/u><\/p>\n<p>&nbsp;<\/p>\n<p><strong><span style=\"font-size:16px;\"><span style=\"font-family:verdana,geneva,sans-serif;\">Universitat Aut\u00f2noma de Barcelona<\/span><\/span><\/strong><br \/>\n<span style=\"font-size:16px;\"><span style=\"font-family:verdana,geneva,sans-serif;\"><strong>Departament de Traducci\u00f3 i Interpretaci\u00f3 i Estudis de l&#8217;\u00c0sia Oriental.<\/strong>&nbsp;<\/span><\/span><br \/>\n<span style=\"font-size:16px;\"><span style=\"font-family:verdana,geneva,sans-serif;\">Despatx K\/1002<\/span><\/span><br \/>\n<span style=\"font-size:16px;\"><span style=\"font-family:verdana,geneva,sans-serif;\">08193 Bellaterra (Barcelona)<\/span><\/span><\/p>\n<p>&nbsp;<\/p>\n<p>&nbsp;<\/p>\n","protected":false},"excerpt":{"rendered":"<p>Carme Mangiron Cap de projecte carme.mangiron@uab.cat &nbsp; Universitat Aut\u00f2noma de Barcelona Departament de Traducci\u00f3 i Interpretaci\u00f3 i Estudis de l&#8217;\u00c0sia Oriental.&nbsp; Despatx K\/1002 08193 Bellaterra (Barcelona) &nbsp; &nbsp;<\/p>\n","protected":false},"author":20,"featured_media":0,"parent":0,"menu_order":0,"comment_status":"closed","ping_status":"closed","template":"","meta":{"footnotes":""},"class_list":["post-57","page","type-page","status-publish","hentry"],"_links":{"self":[{"href":"https:\/\/webs.uab.cat\/rad\/wp-json\/wp\/v2\/pages\/57","targetHints":{"allow":["GET"]}}],"collection":[{"href":"https:\/\/webs.uab.cat\/rad\/wp-json\/wp\/v2\/pages"}],"about":[{"href":"https:\/\/webs.uab.cat\/rad\/wp-json\/wp\/v2\/types\/page"}],"author":[{"embeddable":true,"href":"https:\/\/webs.uab.cat\/rad\/wp-json\/wp\/v2\/users\/20"}],"replies":[{"embeddable":true,"href":"https:\/\/webs.uab.cat\/rad\/wp-json\/wp\/v2\/comments?post=57"}],"version-history":[{"count":0,"href":"https:\/\/webs.uab.cat\/rad\/wp-json\/wp\/v2\/pages\/57\/revisions"}],"wp:attachment":[{"href":"https:\/\/webs.uab.cat\/rad\/wp-json\/wp\/v2\/media?parent=57"}],"curies":[{"name":"wp","href":"https:\/\/api.w.org\/{rel}","templated":true}]}}