{"id":61,"date":"2011-12-22T16:17:02","date_gmt":"2011-12-22T14:17:02","guid":{"rendered":"https:\/\/webs.uab.cat\/ratnakara\/conferences-and-events\/"},"modified":"2011-12-22T16:17:02","modified_gmt":"2011-12-22T14:17:02","slug":"conferences-and-events","status":"publish","type":"page","link":"https:\/\/webs.uab.cat\/ratnakara\/conferences-and-events\/","title":{"rendered":"Conferences and Events"},"content":{"rendered":"<p><img decoding=\"async\" alt=\"\" height=\"40\" src=\"http:\/\/grupsderecerca.uab.cat\/ratnakara\/sites\/grupsderecerca.uab.cat.ratnakara\/files\/images\/Tanzanite3.png\" style=\"float:left\" \/><\/p>\n<p class=\"rtejustify\">&nbsp; <strong><em>From Tokens of Love to Archived Relics:&nbsp; Private Life and Material Culture in Indian Ocean Societies<\/em><\/strong>, 21st- 22nd November 2018, Universit\u00e9 de La R\u00e9union, France.<\/p>\n<p class=\"rtejustify\"><a href=\"https:\/\/www.numilog.com\/1293541\/Gages-d-affection-culture-materielle-et-domaine-de-l-intime-dans-les-societes-d-Europe-et-de-l-ocean-Indien.ebook\">https:\/\/www.numilog.com\/1293541\/Gages-d-affection-culture-materielle-et-domaine-de-l-intime-dans-les-societes-d-Europe-et-de-l-ocean-Indien.ebook<\/a><\/p>\n<p class=\"rtejustify\"><img decoding=\"async\" alt=\"\" height=\"40\" src=\"http:\/\/grupsderecerca.uab.cat\/ratnakara\/sites\/grupsderecerca.uab.cat.ratnakara\/files\/images\/Tanzanite3.png\" style=\"float:left\" \/><strong><a href=\"http:\/\/jornades.uab.cat\/aeeii2017\/en\" target=\"_blank\" rel=\"noopener\">Writing\/Righting Wrongs: Misrepresentation, Discrimination, Inequality \/ Agravios del pasado, re-creaciones del presente. Tergiversaci\u00f3n, discriminaci\u00f3n, desigualdad<\/a><\/strong><a href=\"http:\/\/jornades.uab.cat\/aeeii2017\/en\" target=\"_blank\" rel=\"noopener\">.<\/a> Universitat Aut\u00f2noma de Barcelona &amp; Casa \u00c0sia, Barcelona, 29th November \u2013 1st December 2017<\/p>\n<p><strong><img decoding=\"async\" alt=\"\" height=\"40\" src=\"http:\/\/grupsderecerca.uab.cat\/ratnakara\/sites\/grupsderecerca.uab.cat.ratnakara\/files\/images\/Tanzanite3.png\" style=\"float:left\" \/><\/strong><\/p>\n<p class=\"rtejustify\"><strong><strong><a href=\"http:\/\/jornades.uab.cat\/relationsandnetworks\/\" target=\"_blank\" rel=\"noopener\">International Conference Relations and Networks in Indian Ocean Writing<\/a>.<br \/>\n&nbsp;<\/strong><\/strong>November 26th &#8211; 27th 2015, Universitat Aut\u00f2noma de Barcelona<\/p>\n<p><strong><strong><img decoding=\"async\" alt=\"\" height=\"40\" src=\"http:\/\/grupsderecerca.uab.cat\/ratnakara\/sites\/grupsderecerca.uab.cat.ratnakara\/files\/images\/Tanzanite3.png\" style=\"float:left\" \/><\/strong><\/strong><\/p>\n<p class=\"rtejustify\"><strong><strong><strong>Creative Writing Workshops as Therapy for Victims of Gender Violence<\/strong><\/strong><\/strong><br \/>\nJuly 14th &#8211; 19th 2014, <a href=\"http:\/\/www.isis-wicce.org\/\" target=\"_blank\" rel=\"noopener\">Isis-WICCE<\/a>, Kampala, Uganda<\/p>\n<p><strong><strong><strong><img decoding=\"async\" alt=\"\" height=\"40\" src=\"http:\/\/grupsderecerca.uab.cat\/ratnakara\/sites\/grupsderecerca.uab.cat.ratnakara\/files\/images\/Tanzanite3.png\" style=\"float:left\" \/><\/strong><\/strong><\/strong><\/p>\n<p>Conferences organized under the auspices of the <a href=\"http:\/\/www.ub.edu\/dpfilsa\/\" target=\"_blank\" title=\"Australian Studies Centre\" rel=\"noopener\">Australian Studies Centre<\/a>, Universitat de Barcelona and the <a href=\"http:\/\/scu.edu.au\/law-justice\/index.php\/86\" target=\"_blank\" title=\"Centre for Peace and Social Justice\" rel=\"noopener\">Centre for Peace and Social Justice<\/a>, Southern Cross University, Australia:<br \/>\n&#8220;<a href=\"http:\/\/www.ub.edu\/dpfilsa\/watershed%20programme.pdf\" target=\"_blank\" title=\"Watershed\" rel=\"noopener\">Watershed<\/a>&#8221; 13 th &#8211; 17th January 2014<\/p>\n<table border=\"1\" cellpadding=\"1\" cellspacing=\"1\" style=\"width: 500px;\">\n<tbody>\n<tr>\n<td>\n<p>&nbsp; &nbsp; &nbsp; &nbsp; &nbsp; &nbsp; &nbsp; &nbsp; &nbsp;&#8220;Looking Back to Look Forwards&#8221; 10th &#8211; 14th December 2012<br \/>\n\t\t\t&nbsp; &nbsp; &nbsp; &nbsp; &nbsp; &nbsp; &nbsp; &nbsp; &nbsp;&#8220;Pacific Solutions&#8221; 12th &#8211; 15th December 2011<br \/>\n\t\t\t&nbsp; &nbsp; &nbsp; &nbsp; &nbsp; &nbsp; &nbsp; &nbsp; &nbsp;&#8220;Food for Thought&#8221; 1st &#8211; 5th February 2010<br \/>\n\t\t\t&nbsp; &nbsp; &nbsp; &nbsp; &nbsp; &nbsp; &nbsp; &nbsp; &nbsp;&#8220;Myth, History and Memory&#8221; 28th &#8211; 31st July 2008<\/p>\n<\/td>\n<\/tr>\n<\/tbody>\n<\/table>\n<p><strong><strong><strong><img decoding=\"async\" alt=\"\" height=\"40\" src=\"http:\/\/grupsderecerca.uab.cat\/ratnakara\/sites\/grupsderecerca.uab.cat.ratnakara\/files\/images\/Tanzanite3.png\" style=\"float:left\" \/><\/strong><\/strong><\/strong><\/p>\n<p><strong><strong><strong><strong><a href=\"http:\/\/grupsderecerca.uab.cat\/ratnakara\/sites\/grupsderecerca.uab.cat.ratnakara\/files\/Indicities.pdf\" target=\"_blank\" title=\"Indicities\" rel=\"noopener\">Indicities. 1st International Conference on Indian Ocean Literatures and Cultures<\/a><\/strong><\/strong><\/strong><\/strong><br \/>\n23rd &#8211; 25th April 2009, Universitat Aut\u00f2noma de Barcelona<\/p>\n<p><strong><strong><strong><img decoding=\"async\" alt=\"\" height=\"40\" src=\"http:\/\/grupsderecerca.uab.cat\/ratnakara\/sites\/grupsderecerca.uab.cat.ratnakara\/files\/images\/Tanzanite3.png\" style=\"float:left\" \/><\/strong><\/strong><\/strong><\/p>\n<p class=\"rtejustify\"><strong><strong><strong><strong><a href=\"http:\/\/grupsderecerca.uab.cat\/ratnakara\/sites\/grupsderecerca.uab.cat.ratnakara\/files\/XI%20Setmana%20Africana.pdf\" target=\"_blank\" title=\"XI Setmana Africana\" rel=\"noopener\">&nbsp;XI Setmana Africana. Literatura africana en lleng\u00fces colonials<\/a><\/strong><\/strong><\/strong><\/strong><br \/>\n9-13 mar\u00e7 1998. Organized by the Universitat de Barcelona and the Universitat Auton\u00f2ma de Barcelona in collaboration with the <a href=\"http:\/\/www.centredestudisafricans.org\/\" target=\"_blank\" title=\"CEA\" rel=\"noopener\">Centre d&#8217;Estudis Africans<\/a> (CEA), Barcelona<\/p>\n<p><strong><strong><strong><strong><img decoding=\"async\" alt=\"\" height=\"40\" src=\"http:\/\/grupsderecerca.uab.cat\/ratnakara\/sites\/grupsderecerca.uab.cat.ratnakara\/files\/images\/Tanzanite3.png\" style=\"float:left\" \/><\/strong><\/strong><\/strong><\/strong><\/p>\n<p class=\"rtejustify\"><strong><strong><strong><strong><strong><a href=\"http:\/\/grupsderecerca.uab.cat\/ratnakara\/sites\/grupsderecerca.uab.cat.ratnakara\/files\/India_1997.pdf\" target=\"_blank\" title=\"INDIA Fifty Years After Independence\" rel=\"noopener\">INDIA Fifty Years After Independence<\/a><\/strong><\/strong><\/strong><\/strong><\/strong><br \/>\n28-30 September 1997. Jointly organized by the Universitat de Barcelona and the Universitat Aut\u00f2noma de Barcelona<\/p>\n","protected":false},"excerpt":{"rendered":"<p>&nbsp; From Tokens of Love to Archived Relics:&nbsp; Private Life and Material Culture in Indian Ocean Societies, 21st- 22nd November 2018, Universit\u00e9 de La R\u00e9union, France. https:\/\/www.numilog.com\/1293541\/Gages-d-affection-culture-materielle-et-domaine-de-l-intime-dans-les-societes-d-Europe-et-de-l-ocean-Indien.ebook Writing\/Righting Wrongs: Misrepresentation, Discrimination, Inequality \/ Agravios del pasado, re-creaciones del presente. Tergiversaci\u00f3n, discriminaci\u00f3n, desigualdad. Universitat Aut\u00f2noma de Barcelona &amp; Casa \u00c0sia, Barcelona, 29th November \u2013 1st December [&hellip;]<\/p>\n","protected":false},"author":20,"featured_media":0,"parent":0,"menu_order":0,"comment_status":"closed","ping_status":"closed","template":"","meta":{"footnotes":""},"class_list":["post-61","page","type-page","status-publish","hentry"],"_links":{"self":[{"href":"https:\/\/webs.uab.cat\/ratnakara\/wp-json\/wp\/v2\/pages\/61","targetHints":{"allow":["GET"]}}],"collection":[{"href":"https:\/\/webs.uab.cat\/ratnakara\/wp-json\/wp\/v2\/pages"}],"about":[{"href":"https:\/\/webs.uab.cat\/ratnakara\/wp-json\/wp\/v2\/types\/page"}],"author":[{"embeddable":true,"href":"https:\/\/webs.uab.cat\/ratnakara\/wp-json\/wp\/v2\/users\/20"}],"replies":[{"embeddable":true,"href":"https:\/\/webs.uab.cat\/ratnakara\/wp-json\/wp\/v2\/comments?post=61"}],"version-history":[{"count":0,"href":"https:\/\/webs.uab.cat\/ratnakara\/wp-json\/wp\/v2\/pages\/61\/revisions"}],"wp:attachment":[{"href":"https:\/\/webs.uab.cat\/ratnakara\/wp-json\/wp\/v2\/media?parent=61"}],"curies":[{"name":"wp","href":"https:\/\/api.w.org\/{rel}","templated":true}]}}