{"id":71,"date":"2011-12-22T16:17:46","date_gmt":"2011-12-22T14:17:46","guid":{"rendered":"https:\/\/webs.uab.cat\/ratnakara\/research-projects\/"},"modified":"2022-07-15T13:44:10","modified_gmt":"2022-07-15T11:44:10","slug":"research-projects","status":"publish","type":"page","link":"https:\/\/webs.uab.cat\/ratnakara\/research-projects\/","title":{"rendered":"Research Projects"},"content":{"rendered":"\n<p><strong>2019-2021<\/strong>&nbsp;Our current project, entitled <em><strong>Rhizomatic Communities: Myths of Beloning&nbsp;in the Indian Ocean World<\/strong><\/em>, is financed by the Ministry of Science, innovation and Universities (PGC2018-095648-B-I00).&nbsp; Leading on from our previous work, we study&nbsp;the life writing of three marginalized communities: the Chagossians&nbsp; in Mauritius, AIDS sufferers in South Africa and survivors and descendants of survivors of the Partition in East Bengal. We&nbsp;seek&nbsp;to dismantle the myth of belonging which intrudes in identity constructions and, simultaneously, enhances the in-betweeness that defines a rhizomatic understanding of historical, socio-cultural and national affiliations in the Indian Ocean. The life stories we explore express the need to belong but they also highlight the fact that there is no unilateral sense of belonging. This project continues our&nbsp;exploration of indoceanic identities through the theoretical paradigm of the aesthetics of remembering, whereby we analysed postcolonial expressions of selfhood through three axis: empathy, identity and mourning. The archival and textual work conducted was monitored by a focus on the \u201cindividual\u201d. However, we observed that the communal self pervades in a manner that challenged but, at the same time, guided the formation of a satisfactory, albeit deeply dis-unified identity. This recognition of a deep-seated communal self is a key factor in the functionality of our aesthetics of remembering which brings to the fore the <em>rhizomatic<\/em> nature of the Indian Ocean cultural geography.<\/p>\n\n\n\n<p><b>2018-2019 <em>Escriure mite i mem\u00f2ria: la lluita dels xagossians contra la injust\u00edcia cultural\/\u00a0<\/em><\/b><em><strong>Writing Myth and Memory to Fight Cultural Injustice Against Chagossians\u00a0 \u00a0<\/strong><\/em>In this project, funded by the\u00a0Autonomous University Solidarity Foundation, we\u00a0run\u00a0a creative writing workshop with members of the Chagossian community in Mauritius, first,second and third generation.\u00a0 Chagossians were deported from their islands by the British in the late 1960s to make way for an American military base. They are \u00a0resentful of their experiences of forced displacement, marginalisation and ethnic discrimination in Mauritius so \u00a0a creative writing workshop provides a stimulus and a boost to their self-esteem as well as being a way to air grievances in a constructive and creative manner.\u00a0 \u00a0<\/p>\n\n\n\n<p><strong>2015-2018<\/strong> Our project <strong><em>The Aesthetics of Remembering: \u00a0Empathy, Identification, Mourning<\/em><\/strong>\u00a0is funded by the Spanish Ministry of Economy and Competitiveness <strong>(FFI2015-63739-P)<\/strong>., finalized at the end of 2018.\u00a0<span lang=\"EN-US\">Our focus on a selection of life narratives will shed light on traumatic periods of recent Indian Ocean history, specifically East Africa, South Africa and the Eastern part of India. The writing of life experiences is a way to overcome trauma and to create awareness amongst local communities.\u00a0 In this project we endeavour to explore the ethical dimensions of narrative and interpersonal empathy by proving that postcolonial life writing is indeed a site for \u201caffective transaction\u201d. Our final objective is to construct a theoretical paradigm which we call \u201caesthetics of re-membering\u201d whereby \u201cempathy\u201d is, on the one hand, fostered through reading and creative writing and, on the other, re-assessed through the lens of postcoloniality.<\/span><\/p>\n\n\n\n<p>\u00a0<em><strong>2016-17\u00a0<\/strong><\/em><strong>Traumes In\/visibles: Construir la pau mitjan\u00e7ant l&#8217;escriptura &#8211; In\/visible Traumas: Building Peace Through Writing<\/strong>\u00a0<em> \u00a0<\/em>This is a continuation of the previous project on creative writing workshops and is also funded by the Autonomous University Solidarity Foundation. \u00a0In this new project we aim to run workshops of creative writing specifically for survivors of gender violence in Uganda. \u00a0This second cycle of workshops will form part of the activities organized by the newly established <a rel=\"noopener\" href=\"http:\/\/isis.or.ug\/#ourHome\" target=\"_blank\">Peace Centre<\/a> in Kampala.<\/p>\n\n\n\n<p>\u00a0<em><em style=\"line-height: 20.8px;\"><strong>2013-2015. <em>Tallers d\u2019escriptura com a ter\u00e0pia per a v\u00edctimes de viol\u00e8ncia de g\u00e8nere<\/em><\/strong> \u2013<strong style=\"line-height: 20.8px;\"> Creative Writing Workshops as Therapy for Victims of Gender Violence<\/strong><span style=\"line-height: 20.8px;\">. <\/span><\/em><\/em>This project,\u00a0 financed by the <a rel=\"noopener\" href=\"http:\/\/www.uab.cat\/web\/fas-1254380703729.html\" target=\"_blank\">Autonomous University Solidarity Foundation<\/a>, aims to identify ways to transform African women\u2019s writing and inform academic writing development. Our focus is on developing strategies that are effective in supporting writing in a second language.\u00a0 We provide training for project leaders who in turn provide support for female victims of war and gender violence.\u00a0 Our role in these retreats is to transmit our skills as experienced English language and literature teachers to the participants in the creative writing workshops and monitor and guide their work in using creative writing as a therapy for these women to overcome their personal traumas.<\/p>\n\n\n\n<p><em><em style=\"line-height: 20.8px;\"><strong><em>2012-2015<\/em><\/strong><em style=\"line-height: 20.8px;\"> <em><strong>Relations and Networks in Indian Ocean Writing<\/strong>,<\/em>\u00a0 <\/em><\/em><\/em>funded by the Spanish Ministry of Economy and Competitiveness <strong>(FFI2012-32626)\u00a0<\/strong>contributes to the growing body of critical work on the South Asian diaspora in the Western Indian Ocean \u2013 a still relatively underresearched area.\u00a0 Indian Ocean literary studies are still in their infancy and so far no study has undertaken a systematic analysis of the English language literature of the diverse communities that make up the Indian Ocean littoral.\u00a0 Moreover, the South African Indian community has invariably been omitted from studies of the South Asian diaspora so our research seeks to establish a dialogic discourse amongst the Indian Ocean peoples and, in particular, amongst the people of Indian origen in East and South Africa and Mauritius.\u00a0 Therefore, while we continue to focus on the South Asian diapora communities in the Indian Ocean world, we take our previous research findings in hybridity one stage further by exploring the sociality and patterns of connectedness that are being forged between diverse communities in South Africa.\u00a0 The Indian community, which, despite having followed a different settlement pattern from Mauritius or Kenya, forms part of the Indian Ocean experience.\u00a0 Our starting point is that literature inflects productions and performances of identities in relation to the long history of trade and encounter that has been conceptualised largely from the perspectives of economic history and geographical studies.\u00a0 Moreover, we consider that a thorough study of\u00a0 south-south subjectivities can throw light on alternative ways of being in the world and thus can contribute to the creation of fairer, more humane societies.<\/p>\n\n\n\n<p><em><em style=\"line-height: 20.8px;\"><strong><em style=\"line-height: 20.8px;\"><strong>\u00a02009-2012<\/strong>\u00a0<strong><em>Cartographies of Indianness in Indian Ocean Writing: Memory, Connections, Trauma<\/em><\/strong><strong> (FFI2009-07711)<\/strong>\u00a0 <\/em><\/strong><\/em>reviewed the diverse ways Indian identity is negotiated with the identities of the host communties in the South-West Indian Ocean.\u00a0 We have mapped the specific manifestations of Indianness that has allowed us to unpack the cultural stereotype of little Indias (Chota Bharat) in the diaspora. Our findings have contributed to the building up of literary and cultural theory in Indian Ocean Studies.<strong>\u00a0\u00a0<\/strong><\/em><\/p>\n\n\n\n<p><em><em><em style=\"line-height: 20.8px;\"><strong><em style=\"line-height: 20.8px;\">\u00a0<strong>2006-2009<\/strong> \u00a0\u00a0<\/em><\/strong><\/em><em>Hybridity in Indian Ocean Literature in English and French: Convergences and Divergences. Contrastive Study of an Emerging Literary System.<\/em> (HUM2006-02725)\u00a0 <\/em><\/em>was the first project that undertook the systematic study of Indian Ocean literatures and cultures. This project analyzed the concept of\u00a0 hibridity as the driving force behind creative writing and the imaginary in Indian Ocean literature in English and French. The\u00a0 emerging cultural productions from the Indian Ocean and East Africa were observed as the result of all the relationships established between receiver, author and text.\u00a0 The traditional connections that are made between language, literature and individual identity fwere challenged for the purpose of elaborating new literary maps that do not automatically identify notions of country, society, nation, linguistic community and literary system.\u00a0<\/p>\n\n\n\n<p><em><em><em>Analysis of the development of Anglophone African literature and culture<\/em>\u00a0\u00a0 (DGES, PB96-1163).\u00a0 T<\/em><\/em>his project focussed specifically on English language African writing and continued with the systematic study of the so-called &#8220;new&#8221; literatures.\u00a0 We published several innovative studies on African writers who were unknown to Spanish readers, in particular the monographic issue of Studia Africana (1998).<\/p>\n\n\n\n<p><em><em><em><em style=\"line-height: 20.8px;\"><strong><em style=\"line-height: 20.8px;\">\u00a0<\/em><\/strong><\/em><\/em><em>The Influence of African Literature in the Formation of Western European Literary Canons<\/em> (UAB-CIRIT, grups emergents, 1995-97).\u00a0 <\/em><\/em>This project was our first engagement with the study of African literature and how postcolonial concerns were taking centre stage in literature departments in the Anglo-American world. The special issue of Links &amp; Letters (N\u00ba 4, 1997) was devoted to &#8220;Literature and Neocolonialism&#8221; and featured many of the concerns we addressed in this project.<\/p>\n\n\n\n<p><em><em><em><em style=\"line-height: 20.8px;\"><em style=\"line-height: 20.8px;\"><em><strong><em style=\"line-height: 20.8px;\">&nbsp;<\/em><\/strong><\/em><\/em><\/em><\/em><\/em><\/em><\/p>\n\n\n\n<p><em><em><em style=\"line-height: 20.8px;\"><em style=\"line-height: 20.8px;\"><em><strong><em style=\"line-height: 20.8px;\"><strong>&nbsp;<\/strong><\/em><\/strong><\/em><\/em><\/em><\/em><\/em><\/p>\n","protected":false},"excerpt":{"rendered":"<p>2019-2021&nbsp;Our current project, entitled Rhizomatic Communities: Myths of Beloning&nbsp;in the Indian Ocean World, is financed by the Ministry of Science, innovation and Universities (PGC2018-095648-B-I00).&nbsp; Leading on from our previous work, we study&nbsp;the life writing of three marginalized communities: the Chagossians&nbsp; in Mauritius, AIDS sufferers in South Africa and survivors and descendants of survivors of the [&hellip;]<\/p>\n","protected":false},"author":20,"featured_media":0,"parent":0,"menu_order":0,"comment_status":"closed","ping_status":"closed","template":"","meta":{"footnotes":""},"class_list":["post-71","page","type-page","status-publish","hentry"],"_links":{"self":[{"href":"https:\/\/webs.uab.cat\/ratnakara\/wp-json\/wp\/v2\/pages\/71","targetHints":{"allow":["GET"]}}],"collection":[{"href":"https:\/\/webs.uab.cat\/ratnakara\/wp-json\/wp\/v2\/pages"}],"about":[{"href":"https:\/\/webs.uab.cat\/ratnakara\/wp-json\/wp\/v2\/types\/page"}],"author":[{"embeddable":true,"href":"https:\/\/webs.uab.cat\/ratnakara\/wp-json\/wp\/v2\/users\/20"}],"replies":[{"embeddable":true,"href":"https:\/\/webs.uab.cat\/ratnakara\/wp-json\/wp\/v2\/comments?post=71"}],"version-history":[{"count":2,"href":"https:\/\/webs.uab.cat\/ratnakara\/wp-json\/wp\/v2\/pages\/71\/revisions"}],"predecessor-version":[{"id":435,"href":"https:\/\/webs.uab.cat\/ratnakara\/wp-json\/wp\/v2\/pages\/71\/revisions\/435"}],"wp:attachment":[{"href":"https:\/\/webs.uab.cat\/ratnakara\/wp-json\/wp\/v2\/media?parent=71"}],"curies":[{"name":"wp","href":"https:\/\/api.w.org\/{rel}","templated":true}]}}