{"id":258,"date":"2025-02-08T11:53:07","date_gmt":"2025-02-08T09:53:07","guid":{"rendered":"https:\/\/webs.uab.cat\/rbc\/?page_id=258"},"modified":"2026-01-25T18:17:09","modified_gmt":"2026-01-25T16:17:09","slug":"available-services","status":"publish","type":"page","link":"https:\/\/webs.uab.cat\/rbc\/","title":{"rendered":"Available services"},"content":{"rendered":"\n<p><a href=\"http:\/\/www.anderolab.com\"><strong>www.anderolab.com<\/strong><\/a><\/p>\n\n\n\n<figure class=\"wp-block-image size-large\"><img loading=\"lazy\" decoding=\"async\" width=\"1024\" height=\"520\" src=\"https:\/\/webs.uab.cat\/rbc\/wp-content\/uploads\/sites\/389\/2025\/02\/Imatge2-2-1024x520.jpg\" alt=\"\" class=\"wp-image-232\" srcset=\"https:\/\/webs.uab.cat\/rbc\/wp-content\/uploads\/sites\/389\/2025\/02\/Imatge2-2-1024x520.jpg 1024w, https:\/\/webs.uab.cat\/rbc\/wp-content\/uploads\/sites\/389\/2025\/02\/Imatge2-2-300x152.jpg 300w, https:\/\/webs.uab.cat\/rbc\/wp-content\/uploads\/sites\/389\/2025\/02\/Imatge2-2-768x390.jpg 768w, https:\/\/webs.uab.cat\/rbc\/wp-content\/uploads\/sites\/389\/2025\/02\/Imatge2-2-1536x780.jpg 1536w, https:\/\/webs.uab.cat\/rbc\/wp-content\/uploads\/sites\/389\/2025\/02\/Imatge2-2-2048x1040.jpg 2048w, https:\/\/webs.uab.cat\/rbc\/wp-content\/uploads\/sites\/389\/2025\/02\/Imatge2-2-1200x610.jpg 1200w, https:\/\/webs.uab.cat\/rbc\/wp-content\/uploads\/sites\/389\/2025\/02\/Imatge2-2-1980x1006.jpg 1980w\" sizes=\"auto, (max-width: 1024px) 100vw, 1024px\" \/><\/figure>\n\n\n\n<p><strong>Selected Publications<\/strong><\/p>\n\n\n\n<p><a href=\"https:\/\/www.anderolab.com\/wp-content\/uploads\/Andero-et-al.-2025.pdf\" target=\"_blank\" rel=\"noreferrer noopener\"><em>Stress-induced changes in the molecular processes underlying fear memories: implications for PTSD and relevant animal models.<\/em><\/a>\u00a0Andero R.\u00a0<strong>Molecular Psychiatry<\/strong>. 2025 May;30(5):2219-2227.<\/p>\n\n\n\n<p><a href=\"https:\/\/www.anderolab.com\/wp-content\/uploads\/Florido-et-al.-2024.pdf\" target=\"_blank\" rel=\"noreferrer noopener\"><em>Sex differences in neural projections of fear memory processing in mice and humans.<\/em><\/a>&nbsp;Florido A, Velasco ER, Romero LR, Acharya N, Marin Blasco IJ, Nab\u00e1s JF, Perez-Caballero L, Rivero G, Olabarrieta E, Nu\u00f1ez-delMoral A, Gonz\u00e1lez-Parra JA, Porta-Caster\u00e0s D, Cano M, Steward T, Antony MS, Cardoner N, Torrubia R, Jackson AC, Fullana MA,&nbsp;Andero R.&nbsp;<strong>Science Advances<\/strong>. 2024 Jul 12;10(28):eadk3365.&nbsp;<\/p>\n\n\n\n<p><a href=\"https:\/\/www.anderolab.com\/wp-content\/uploads\/Velasco-et-al.-2022.pdf\" target=\"_blank\" rel=\"noreferrer noopener\"><em>PACAP-PAC1R modulates fear extinction via the ventromedial hypothalamus.<\/em><\/a>&nbsp;Velasco ER, Florido A, Flores \u00c1, Senabre E, Gomez-Gomez A, Torres A, Roca A, Norrholm S, Newman EL, Das P, Ross RA, Lori A, Pozo OJ, Ressler KJ, Garcia-Esteve LL, Jovanovic T,&nbsp;Andero R.&nbsp;<strong>Nature Communications<\/strong>. 2022 Jul 28;13(1):4374.&nbsp;<\/p>\n\n\n\n<p><a href=\"https:\/\/www.anderolab.com\/wp-content\/uploads\/Florido-et-al-2021.pdf\" target=\"_blank\" rel=\"noreferrer noopener\"><em>Sex differences in fear memory consolidation via Tac2 signaling in mice.<\/em><\/a>&nbsp;Florido A, Velasco ER, Soto-Fagu\u00e1s CM, Gomez-Gomez A, Perez-Caballero L, Molina P, Nadal R, Pozo OJ, Saura CA,&nbsp;Andero R.&nbsp;<strong>Nature Communications<\/strong>. 2021 May 3;12(1):2496.&nbsp;<\/p>\n\n\n\n<p><a href=\"https:\/\/www.anderolab.com\/wp-content\/uploads\/Velasco-et-al.-2019.pdf\" target=\"_blank\" rel=\"noreferrer noopener\"><em>Sex Differences in Fear Extinction.<\/em><\/a>&nbsp;Velasco ER, Florido A, Milad MR, Andero R.&nbsp;<strong>Neuroscience &amp; Biobehavioral Reviews.&nbsp;<\/strong>2019 Aug;103:81-108.<\/p>\n\n\n\n<p><em><a href=\"https:\/\/www.anderolab.com\/wp-content\/uploads\/Flores-et-al.-2018-3.pdf\" target=\"_blank\" rel=\"noreferrer noopener\">Lost in translation: how to upgrade fear memory research.<\/a><\/em>&nbsp;Flores A, Fullana, MA, Soriano-Mas C, Andero R.&nbsp;<strong>Molecular Psychiatry.&nbsp;<\/strong>2018 Nov;23(11):2122-2132.<\/p>\n\n\n\n<p><a href=\"https:\/\/www.anderolab.com\/wp-content\/uploads\/Wingo-et-al.-2018.pdf\" target=\"_blank\" rel=\"noreferrer noopener\"><em>Expression of the PPM1F Gene Is Regulated by Stress and Associated With Anxiety and Depression.<\/em>&nbsp;<\/a>Wingo A, Velasco E, Florido A, Lori A, Choi DC, Jovanovic T, Ressler KJ, Andero R.&nbsp;<strong>Biological Psychiatry.<\/strong>&nbsp;2018&nbsp;Feb 1;83(3):284-295.<\/p>\n\n\n\n<p><em><a href=\"https:\/\/www.anderolab.com\/wp-content\/uploads\/Sawamura-et-al.-2016.pdf\" target=\"_blank\" rel=\"noreferrer noopener\">Dexamethasone Treatment Leads to Enhanced Fear Extinction and Dynamic Fkbp5 Regulation in Amygdala.<\/a>&nbsp;<\/em>Sawamura T, Klengel T, Armario A, Jovanovic T, Norrholm SD, Ressler KJ,&nbsp;Andero R.&nbsp;<strong>Neuropsychopharmacology.<\/strong>&nbsp;2016 Feb;41(3):832-46.<\/p>\n\n\n\n<p><em><a href=\"https:\/\/www.anderolab.com\/wp-content\/uploads\/Rosas-Vidal-et-al.-2015.pdf\" target=\"_blank\" rel=\"noreferrer noopener\">Targeting the reconsolidation of extinction memories: a novel potential strategy to treat anxiety disorders.<\/a><\/em>&nbsp;Rosas-Vidal LE, Rodriguez-Romaguera J, Do-Monte FH,<strong>&nbsp;<\/strong>Andero R.&nbsp;<strong>Molecular Psychiatry.<\/strong>&nbsp;2015 Nov;20(11):1264-5.<\/p>\n\n\n\n<p><em><a href=\"https:\/\/www.anderolab.com\/wp-content\/uploads\/Andero-et-al.-2014.pdf\" target=\"_blank\" rel=\"noreferrer noopener\">A role for Tac2, NkB, and Nk3 receptor in normal and dysregulated fear memory consolidation.&nbsp;<\/a><\/em>Andero R, Dias BG, Ressler KJ.&nbsp;<strong>Neuron.<\/strong>&nbsp;2014 Jul 16;83(2):444-54.<\/p>\n\n\n\n<p><em><a href=\"https:\/\/www.anderolab.com\/wp-content\/uploads\/Dias-et-al.-2014.pdf\" target=\"_blank\" rel=\"noreferrer noopener\">Amygdala-dependent fear memory consolidation via miR-34a and Notch signaling.<\/a>&nbsp;<\/em>Dias BG, Goodman JV, Ahluwalia R, Easton AE,&nbsp;Andero R, Ressler KJ.&nbsp;<strong>Neuron<\/strong>. 2014 Aug 20;83(4):906-18.<\/p>\n\n\n\n<p><em><a href=\"https:\/\/www.anderolab.com\/wp-content\/uploads\/Andero-et-al.-2013.pdf\" target=\"_blank\" rel=\"noreferrer noopener\">Amygdala-dependent fear is regulated by Oprl1 in mice and humans with PTSD.<\/a>&nbsp;<\/em>Andero R, Brothers SP, Jovanovic T, Chen YT, Salah-Uddin H, Cameron M, Bannister TD, Almli L, Stevens JS, Bradley B, Binder EB, Wahlestedt C, Ressler KJ.&nbsp;<strong>Science Translational Medicine.<\/strong>&nbsp;2013 Jun 5;5(188):188ra73.<\/p>\n\n\n\n<p><em><a href=\"https:\/\/www.anderolab.com\/wp-content\/uploads\/Andero-et-al.-2011.pdf\" target=\"_blank\" rel=\"noreferrer noopener\">Effect of 7,8-dihydroxyflavone, a small-molecule TrkB agonist, on emotional learning.&nbsp;<\/a><\/em>Andero R, Heldt SA, Ye K, Liu X, Armario A, Ressler KJ.&nbsp;<strong>American Journal of Psychiatry<\/strong>. 2011 Feb;168(2):163-72.<\/p>\n\n\n\n<p><strong><a href=\"https:\/\/www.ncbi.nlm.nih.gov\/pubmed\/?term=andero+r\" target=\"_blank\" rel=\"noreferrer noopener\">All Publications<\/a><\/strong><\/p>\n\n\n\n<p><\/p>\n","protected":false},"excerpt":{"rendered":"<p>www.anderolab.com Selected Publications Stress-induced changes in the molecular processes underlying fear memories: implications for PTSD and relevant animal models.\u00a0Andero R.\u00a0Molecular Psychiatry. 2025 May;30(5):2219-2227. Sex differences in neural projections of fear memory processing in mice and humans.&nbsp;Florido A, Velasco ER, Romero LR, Acharya N, Marin Blasco IJ, Nab\u00e1s JF, Perez-Caballero L, Rivero G, Olabarrieta E, Nu\u00f1ez-delMoral [&hellip;]<\/p>\n","protected":false},"author":2637,"featured_media":0,"parent":0,"menu_order":0,"comment_status":"closed","ping_status":"closed","template":"","meta":{"footnotes":""},"class_list":["post-258","page","type-page","status-publish","hentry"],"_links":{"self":[{"href":"https:\/\/webs.uab.cat\/rbc\/wp-json\/wp\/v2\/pages\/258","targetHints":{"allow":["GET"]}}],"collection":[{"href":"https:\/\/webs.uab.cat\/rbc\/wp-json\/wp\/v2\/pages"}],"about":[{"href":"https:\/\/webs.uab.cat\/rbc\/wp-json\/wp\/v2\/types\/page"}],"author":[{"embeddable":true,"href":"https:\/\/webs.uab.cat\/rbc\/wp-json\/wp\/v2\/users\/2637"}],"replies":[{"embeddable":true,"href":"https:\/\/webs.uab.cat\/rbc\/wp-json\/wp\/v2\/comments?post=258"}],"version-history":[{"count":8,"href":"https:\/\/webs.uab.cat\/rbc\/wp-json\/wp\/v2\/pages\/258\/revisions"}],"predecessor-version":[{"id":280,"href":"https:\/\/webs.uab.cat\/rbc\/wp-json\/wp\/v2\/pages\/258\/revisions\/280"}],"wp:attachment":[{"href":"https:\/\/webs.uab.cat\/rbc\/wp-json\/wp\/v2\/media?parent=258"}],"curies":[{"name":"wp","href":"https:\/\/api.w.org\/{rel}","templated":true}]}}