{"id":2,"date":"2024-09-17T12:16:33","date_gmt":"2024-09-17T10:16:33","guid":{"rendered":"https:\/\/webs.uab.cat\/recerca-performativa\/?page_id=2"},"modified":"2024-09-23T09:44:31","modified_gmt":"2024-09-23T07:44:31","slug":"pagina-exemple","status":"publish","type":"page","link":"https:\/\/webs.uab.cat\/recerca-performativa\/","title":{"rendered":"Seminari en Recerca Performativa"},"content":{"rendered":"\n<div class=\"wp-block-columns has-verd-tropic-transparent-background-color has-background is-layout-flex wp-container-core-columns-is-layout-9d6595d7 wp-block-columns-is-layout-flex\">\n<div class=\"wp-block-column is-layout-flow wp-block-column-is-layout-flow\">\n<p><strong>Inscripcions a partir del 23 de setembre.<\/strong><\/p>\n<\/div>\n\n\n\n<div class=\"wp-block-column is-layout-flow wp-block-column-is-layout-flow\">\n<div class=\"wp-block-buttons is-layout-flex wp-block-buttons-is-layout-flex\">\n<div class=\"wp-block-button\"><a class=\"wp-block-button__link wp-element-button\" href=\"https:\/\/webs.uab.cat\/recerca-performativa\/inscripcio\/\">Formulari d&#8217;inscripci\u00f3<\/a><\/div>\n<\/div>\n<\/div>\n<\/div>\n\n\n\n<p><\/p>\n\n\n\n<p><strong>\u00abLa Recerca Performativa en les disciplines art\u00edstiques&nbsp;relacionades amb l&#8217;\u00f2pera\u00bb&nbsp;<\/strong><\/p>\n\n\n\n<p><strong>26 de Novembre de 2024&nbsp;<\/strong><\/p>\n\n\n\n<p><strong>Lloc de celebraci\u00f3: Casa de Convalesc\u00e8ncia, UAB.&nbsp;<\/strong><\/p>\n\n\n\n<p>(Barcelona, carrer Sant Antoni Maria Claret, 171)&nbsp;<\/p>\n\n\n\n<p>Les disciplines art\u00edstiques estan introduint noves metodologies per a la recerca. Un dels nous enfocaments es fonamenta en teories del fil\u00f2sof brit\u00e0nic J. L. Austin, i t\u00e9 per objectiu centrar l\u2019estudi en la pr\u00e0ctica, en lloc d\u2019emprar metodologies quantitaves i qualitatives. Aquest \u00e9s el paradigma de la &#8220;recerca performativa&#8221;.&nbsp;<\/p>\n\n\n\n<p>L&#8217;\u00f2pera \u00e9s un espai privilegiat per aplicar-ho. Les manifestacions l\u00edriques necessiten la trobada de diferents disciplines: m\u00fasica, teatre, arquitectura, escenografia, disseny, dansa, imatge, i comunicaci\u00f3, entre d\u2019altres. Aquesta diversitat de llenguatges necessita diferents m\u00e8todes de recerca, i afavoreix l\u2019estudi de la pr\u00e0ctica. Barcelona s&#8217;ha destacat alhora per la seva passi\u00f3 per l&#8217;\u00f2pera, amb el G. T. del Liceu que ocupa un lloc de refer\u00e8ncia internacional.&nbsp;<\/p>\n\n\n\n<p>Des del Campus de les Arts, en col\u00b7laboraci\u00f3 amb la UAB, s&#8217;impulsa aquest Seminari centrat en l&#8217;\u00f2pera i la recerca performativa, per a continuar i aprofundir en les trobades de professorat i investigadors. Aquest cop s&#8217;amplia l\u2019assist\u00e8ncia obrint-ho als estudiants dels diferents Graus, M\u00e0sters i programes de doctorat per a buscar l\u2019enriquiment i nous focus de di\u00e0leg.&nbsp;<\/p>\n\n\n\n<p>El Seminari s&#8217;articular\u00e0 des de cincs eixos tem\u00e0tics que agrupen les disciplines art\u00edstiques que participen a l\u2019\u00f2pera. Cadascun dels \u00e0mbits es tractar\u00e0 des d&#8217;una pon\u00e8ncia-marc inicial, i es desenvolupar\u00e0 amb propostes de comunicacions lliures (d\u2019una durada de 10 minuts) que poden fer el professorat, investigadors i estudiants de les institucions que integren el Campus de les Arts. Aquests \u00e1mbits s\u00f3n:&nbsp;<\/p>\n\n\n\n<p>1. M\u00fasica i arts esc\u00e8niques.&nbsp;<\/p>\n\n\n\n<p>2. Disseny, arquitectura i escenografia.&nbsp;<\/p>\n\n\n\n<p>3. Fotografia i arxiv\u00edstica.&nbsp;<\/p>\n\n\n\n<p>4. Creaci\u00f3 i interpretaci\u00f3.&nbsp;<\/p>\n\n\n\n<p>5. V\u00eddeo i comunicaci\u00f3.&nbsp;<\/p>\n\n\n\n<p><strong>El termini per a la presentaci\u00f3 propostes de comunicacions: 23 de setembre, fins el 25 d&#8217;octubre. La confirmaci\u00f3 de les propostes es far\u00e0 el 31 d&#8217;octubre.&nbsp;<\/strong><\/p>\n\n\n\n<p>La UAB certificar\u00e0 la participaci\u00f3 al Seminari a totes aquelles persones que ho requereixin. L&#8217;assist\u00e8ncia \u00e9s lliure, per\u00f2 cal fer una inscripci\u00f3 pr\u00e8via.<\/p>\n\n\n\n<blockquote class=\"wp-block-quote is-layout-flow wp-block-quote-is-layout-flow\">\n<figure class=\"wp-block-image size-full\"><img decoding=\"async\" src=\"https:\/\/webs.uab.cat\/recerca-performativa\/wp-content\/uploads\/sites\/589\/2024\/09\/cartell_jornades-UAB-_-Campus-1.pdf\" alt=\"\" class=\"wp-image-19\"\/><\/figure>\n<\/blockquote>\n","protected":false},"excerpt":{"rendered":"<p>Inscripcions a partir del 23 de setembre. \u00abLa Recerca Performativa en les disciplines art\u00edstiques&nbsp;relacionades amb l&#8217;\u00f2pera\u00bb&nbsp; 26 de Novembre de 2024&nbsp; Lloc de celebraci\u00f3: Casa de Convalesc\u00e8ncia, UAB.&nbsp; (Barcelona, carrer Sant Antoni Maria Claret, 171)&nbsp; Les disciplines art\u00edstiques estan introduint noves metodologies per a la recerca. Un dels nous enfocaments es fonamenta en teories del [&hellip;]<\/p>\n","protected":false},"author":1863,"featured_media":0,"parent":0,"menu_order":0,"comment_status":"closed","ping_status":"open","template":"","meta":{"footnotes":""},"class_list":["post-2","page","type-page","status-publish","hentry"],"_links":{"self":[{"href":"https:\/\/webs.uab.cat\/recerca-performativa\/wp-json\/wp\/v2\/pages\/2","targetHints":{"allow":["GET"]}}],"collection":[{"href":"https:\/\/webs.uab.cat\/recerca-performativa\/wp-json\/wp\/v2\/pages"}],"about":[{"href":"https:\/\/webs.uab.cat\/recerca-performativa\/wp-json\/wp\/v2\/types\/page"}],"author":[{"embeddable":true,"href":"https:\/\/webs.uab.cat\/recerca-performativa\/wp-json\/wp\/v2\/users\/1863"}],"replies":[{"embeddable":true,"href":"https:\/\/webs.uab.cat\/recerca-performativa\/wp-json\/wp\/v2\/comments?post=2"}],"version-history":[{"count":5,"href":"https:\/\/webs.uab.cat\/recerca-performativa\/wp-json\/wp\/v2\/pages\/2\/revisions"}],"predecessor-version":[{"id":46,"href":"https:\/\/webs.uab.cat\/recerca-performativa\/wp-json\/wp\/v2\/pages\/2\/revisions\/46"}],"wp:attachment":[{"href":"https:\/\/webs.uab.cat\/recerca-performativa\/wp-json\/wp\/v2\/media?parent=2"}],"curies":[{"name":"wp","href":"https:\/\/api.w.org\/{rel}","templated":true}]}}