{"id":104,"date":"2020-12-17T12:57:08","date_gmt":"2020-12-17T12:57:08","guid":{"rendered":"https:\/\/webs.uab.cat\/recursosbct\/etiquetar\/"},"modified":"2024-04-15T14:14:37","modified_gmt":"2024-04-15T14:14:37","slug":"etiquetar","status":"publish","type":"page","link":"https:\/\/webs.uab.cat\/recursosbct\/etiquetar\/","title":{"rendered":"Etiquetar"},"content":{"rendered":"\n<p><a href=\"#plantilles\">Plantilles per fer les etiquetes<\/a><\/p>\n\n\n\n<p><a href=\"#llibres\">Proc\u00e8s d&#8217;Etiquetar<\/a><\/p>\n\n\n\n<p><a href=\"#despres\">Despr\u00e9s d&#8217;etiquetar que fem amb el llibre?<\/a><\/p>\n\n\n\n<h2 class=\"wp-block-heading\"><a id=\"plantilles\" name=\"plantilles\"><\/a><strong>Plantilles<\/strong><\/h2>\n\n\n\n<p>Per a fer les etiquetes dels llibres&nbsp;farem servir una de les 3 plantilles que trobareu a&nbsp;ARXIU BCT\\C09 BCT GESTI\u00d3 DE LA COL\u00b7LECCI\u00d3\\Processos<\/p>\n\n\n\n<ul class=\"wp-block-list\">\n<li><strong>etiquetes topogr\u00e0fic A4R.docx<\/strong> (Tipus de lletra: Arial ; Mida 11 ;&nbsp;negreta ; centrat a la cel\u00b7la)<\/li>\n\n\n\n<li><strong>etiquetes topogr\u00e0fic Matematiques.docx<\/strong> (Tipus de lletra:Calibri (Cuerpo)&nbsp; ; Mida: 24 ;&nbsp;negreta ; centrat a la cel\u00b7la) (si imprimim amb paper d&#8217;etiquetes APPLI Ref.01283 posarem de&nbsp;color RGB de fons de la cel\u00b7la: vermell 204, verd 0, blau 0)<\/li>\n\n\n\n<li><strong>etiquetes topogr\u00e0fic A4R_Lynx.docx <\/strong>(tipus de lletra: Calibri ; Mida:14 ; negreta ; centrat a la cel\u00b7la)<\/li>\n<\/ul>\n\n\n\n<figure class=\"wp-block-image\"><img loading=\"lazy\" decoding=\"async\" width=\"939\" height=\"652\" src=\"https:\/\/webs.uab.cat\/recursosbct\/wp-content\/uploads\/sites\/155\/2020\/12\/captura.png\" alt=\"\" class=\"wp-image-89\" srcset=\"https:\/\/webs.uab.cat\/recursosbct\/wp-content\/uploads\/sites\/155\/2020\/12\/captura.png 939w, https:\/\/webs.uab.cat\/recursosbct\/wp-content\/uploads\/sites\/155\/2020\/12\/captura-300x208.png 300w, https:\/\/webs.uab.cat\/recursosbct\/wp-content\/uploads\/sites\/155\/2020\/12\/captura-768x533.png 768w\" sizes=\"auto, (max-width: 939px) 100vw, 939px\" \/><\/figure>\n\n\n\n<ul class=\"wp-block-list\">\n<li><strong>O.R.doc: <\/strong>Aquesta plantilla nom\u00e9s \u00e9s per imprimir i posar l&#8217;etiqueta als llibres de la localitzaci\u00f3 act02 &#8211; Refer\u00e8ncia<\/li>\n<\/ul>\n\n\n\n<h2 class=\"wp-block-heading\"><a id=\"llibres\" name=\"llibres\"><\/a><strong>Proc\u00e9s d&#8217;etiquetar<\/strong><\/h2>\n\n\n\n<h3 class=\"wp-block-heading\"><b>Fer el full d&#8217;etiquetes per imprimir<\/b><\/h3>\n\n\n\n<p>Els llibres per etiquetar poden venir de dos processos diferents, catalogaci\u00f3 (Adquisicions) o canvi de topogr\u00e0fic (Gesti\u00f3 de la col\u00b7lecci\u00f3), per tant a l&#8217;hora de fer el full d&#8217;etiquetes haurem d&#8217;anar a dos llocs diferents i comprovar si hi ha documents pendents a cadasc\u00fan d&#8217;ells.<\/p>\n\n\n\n<ol class=\"wp-block-list\">\n<li>Trobarem les&nbsp;llistes&nbsp;dels llibres pendents d&#8217;etiquetar entrant a ALMA amb la ubicaci\u00f3 <em>Adquisicions i processament<\/em> i des de <em>Gesti\u00f3 col\u00b7lecci\u00f3<\/em><\/li>\n<\/ol>\n\n\n\n<figure class=\"wp-block-image\"><img loading=\"lazy\" decoding=\"async\" width=\"1281\" height=\"520\" src=\"https:\/\/webs.uab.cat\/recursosbct\/wp-content\/uploads\/sites\/155\/2020\/12\/etiquetar_4.png\" alt=\"\" class=\"wp-image-92\" srcset=\"https:\/\/webs.uab.cat\/recursosbct\/wp-content\/uploads\/sites\/155\/2020\/12\/etiquetar_4.png 1281w, https:\/\/webs.uab.cat\/recursosbct\/wp-content\/uploads\/sites\/155\/2020\/12\/etiquetar_4-300x122.png 300w, https:\/\/webs.uab.cat\/recursosbct\/wp-content\/uploads\/sites\/155\/2020\/12\/etiquetar_4-1024x416.png 1024w, https:\/\/webs.uab.cat\/recursosbct\/wp-content\/uploads\/sites\/155\/2020\/12\/etiquetar_4-768x312.png 768w, https:\/\/webs.uab.cat\/recursosbct\/wp-content\/uploads\/sites\/155\/2020\/12\/etiquetar_4-1200x487.png 1200w\" sizes=\"auto, (max-width: 1281px) 100vw, 1281px\" \/><\/figure>\n\n\n\n<ol class=\"wp-block-list\">\n<li>En tots dos casos anirem a Adquisiciones (barra negra) i&nbsp;<em>Gestionar ejemplares en proceso<\/em><\/li>\n\n\n\n<li>Filtrar per Estado del proceso: Etiquetatge i Biblioteca: Ci\u00e8ncia i Tecnologia<\/li>\n\n\n\n<li>Obrir la plantilla: etiquetes topogr\u00e0fic A4R.doc<\/li>\n\n\n\n<li>Copiar la signatura alternativa de ALMA&nbsp;i enganxar-la&nbsp;a la plantilla.&nbsp;(NO teclegeu MAI el topogr\u00e0fic, s&#8217;eviten molts errors copiant i enganxant)<\/li>\n\n\n\n<li>Ajustar la signatura a l&#8217;estil BCT:<\/li>\n<\/ol>\n\n\n\n<ul class=\"wp-block-list\">\n<li>M\u00e0xim de 5 caracters per l\u00ednia, contant espais, punts, n\u00fameros i lletres. En cas de dubte mirar llibres ja fets<\/li>\n\n\n\n<li>Les lletres sempre van en una l\u00ednia a part<\/li>\n\n\n\n<li>Llibres de Matem\u00e0tiques: modificarem el format de la cel\u00b7la amb:\n<ul class=\"wp-block-list\">\n<li>Tipus de lletra:Calibri (Cuerpo)&nbsp; ; Mida: 24 ;&nbsp;negreta ; centrat a la cel\u00b7la ;&nbsp;color RGB de fons de la cel\u00b7la: vermell 204, verd 0, blau 0)<\/li>\n<\/ul>\n<\/li>\n\n\n\n<li>Llibres del Fons Lynx: (tipus de lletra: Calibri ; Mida:14 ; negreta ; centrat a la cel\u00b7la) i amb la imatge de FLynx<\/li>\n<\/ul>\n\n\n\n<p>Exemples d&#8217;etiquetes<\/p>\n\n\n\n<figure class=\"wp-block-image size-full\"><img loading=\"lazy\" decoding=\"async\" width=\"446\" height=\"298\" src=\"https:\/\/webs.uab.cat\/recursosbct\/wp-content\/uploads\/sites\/155\/2024\/04\/etiquetar.png\" alt=\"\" class=\"wp-image-365\" srcset=\"https:\/\/webs.uab.cat\/recursosbct\/wp-content\/uploads\/sites\/155\/2024\/04\/etiquetar.png 446w, https:\/\/webs.uab.cat\/recursosbct\/wp-content\/uploads\/sites\/155\/2024\/04\/etiquetar-300x200.png 300w\" sizes=\"auto, (max-width: 446px) 100vw, 446px\" \/><\/figure>\n\n\n\n<ol class=\"wp-block-list\">\n<li>Imprimir el full en etiquetes APPLI Ref.01283<\/li>\n<\/ol>\n\n\n\n<h3 class=\"wp-block-heading\"><strong>Etiquetar<\/strong><\/h3>\n\n\n\n<p>Per saber quins gomets o etiquetes addicionals hem de posar al llibre la millor visualitzaci\u00f3 la trobarem amb la cerca per ejemplares f\u00edsicos.&nbsp;Recordeu que podeu simplificar la visualitzacio d&#8217;aquesta pantalla per reduir les dades que hi apareixen<\/p>\n\n\n\n<figure class=\"wp-block-image\"><img loading=\"lazy\" decoding=\"async\" width=\"1237\" height=\"582\" src=\"https:\/\/webs.uab.cat\/recursosbct\/wp-content\/uploads\/sites\/155\/2020\/12\/etiquetar_2.png\" alt=\"\" class=\"wp-image-98\" srcset=\"https:\/\/webs.uab.cat\/recursosbct\/wp-content\/uploads\/sites\/155\/2020\/12\/etiquetar_2.png 1237w, https:\/\/webs.uab.cat\/recursosbct\/wp-content\/uploads\/sites\/155\/2020\/12\/etiquetar_2-300x141.png 300w, https:\/\/webs.uab.cat\/recursosbct\/wp-content\/uploads\/sites\/155\/2020\/12\/etiquetar_2-1024x482.png 1024w, https:\/\/webs.uab.cat\/recursosbct\/wp-content\/uploads\/sites\/155\/2020\/12\/etiquetar_2-768x361.png 768w, https:\/\/webs.uab.cat\/recursosbct\/wp-content\/uploads\/sites\/155\/2020\/12\/etiquetar_2-1200x565.png 1200w\" sizes=\"auto, (max-width: 1237px) 100vw, 1237px\" \/><\/figure>\n\n\n\n<ol class=\"wp-block-list\">\n<li>Enganxar l&#8217;etiqueta al llom del llibre, a 1 cm aproximadament del l\u00edmit inferior.<\/li>\n\n\n\n<li>Si el llibre \u00e9s de la localitzaci\u00f3 Ci\u00e8ncia i Tecnologia &#8211;&nbsp;Obres de refer\u00e8ncia, li afegirem l&#8217;etiqueta <strong>OR<\/strong><\/li>\n\n\n\n<li>Posar els gomets que calgui segons la Pol\u00edtica de l&#8217;exemplar del document<\/li>\n<\/ol>\n\n\n\n<ul class=\"wp-block-list\">\n<li>Pol\u00edtica de l&#8217;exemplar =&nbsp;Llibres&nbsp; &nbsp; &nbsp; &#8211;&gt; Sense gomet<\/li>\n\n\n\n<li>Pol\u00edtica de l&#8217;exemplar =&nbsp;Llibres Excl\u00f2s&nbsp; &nbsp;&#8211;&gt; Gomet vermell<\/li>\n\n\n\n<li>Pol\u00edtica de l&#8217;exemplar =&nbsp;Llibres 14 dies&nbsp; &nbsp;&#8211;&gt;&nbsp;Gomet verd<\/li>\n<\/ul>\n\n\n\n<p>7. Posar cel\u00b7lo per sobre<\/p>\n\n\n\n<h3 class=\"wp-block-heading\"><a id=\"col\u00b7locar\" name=\"col\u00b7locar\"><\/a><strong>Posar el llibre per col\u00b7locar<\/strong><\/h3>\n\n\n\n<p>Per finalitzar el proc\u00e9s anirem a Escanear ejemplares, Seleccionarem SI a la casella Hecho, i escanejarem els llibres que volem deixar per col\u00b7locar al seu lloc.<\/p>\n\n\n\n<p>Aniran apareixent a la part de sota de la pantalla<\/p>\n\n\n\n<figure class=\"wp-block-image\"><img loading=\"lazy\" decoding=\"async\" width=\"1612\" height=\"748\" src=\"https:\/\/webs.uab.cat\/recursosbct\/wp-content\/uploads\/sites\/155\/2020\/12\/etiquetar_3.png\" alt=\"\" class=\"wp-image-101\" srcset=\"https:\/\/webs.uab.cat\/recursosbct\/wp-content\/uploads\/sites\/155\/2020\/12\/etiquetar_3.png 1612w, https:\/\/webs.uab.cat\/recursosbct\/wp-content\/uploads\/sites\/155\/2020\/12\/etiquetar_3-300x139.png 300w, https:\/\/webs.uab.cat\/recursosbct\/wp-content\/uploads\/sites\/155\/2020\/12\/etiquetar_3-1024x475.png 1024w, https:\/\/webs.uab.cat\/recursosbct\/wp-content\/uploads\/sites\/155\/2020\/12\/etiquetar_3-768x356.png 768w, https:\/\/webs.uab.cat\/recursosbct\/wp-content\/uploads\/sites\/155\/2020\/12\/etiquetar_3-1536x713.png 1536w, https:\/\/webs.uab.cat\/recursosbct\/wp-content\/uploads\/sites\/155\/2020\/12\/etiquetar_3-1200x557.png 1200w\" sizes=\"auto, (max-width: 1612px) 100vw, 1612px\" \/><\/figure>\n\n\n\n<h2 class=\"wp-block-heading\"><a id=\"despres\" name=\"despres\"><\/a><strong>Despr\u00e9s d&#8217;etiquetar que fem amb el llibre?&nbsp; <em>(en revisi\u00f3 per ALMA)<\/em><\/strong><\/h2>\n\n\n\n<p>A les primeres p\u00e0gines del llibre hi han escrits uns codis que ens serviran per saber que hem de fer amb el llibre un cop l&#8217;hem etiquetat.<\/p>\n\n\n\n<ul class=\"wp-block-list\">\n<li><strong>AP<\/strong>: av\u00eds profes &#8211;&gt; passar-lo a la Lali&nbsp;per tal que&nbsp;avisi&nbsp;al&nbsp;professors que l&#8217;ha demanat que ja tenen el llibre a la seva disposici\u00f3<\/li>\n\n\n\n<li><strong>Don.<\/strong> &#8211;&gt; <a href=\"#col\u00b7locar\">Posar<\/a>&nbsp;el llibre col\u00b7locar a sala segons les <a href=\"#col\u00b7locar\">instruccions<\/a><\/li>\n\n\n\n<li><strong>F<\/strong>: folrar &#8211;&gt; Quan s&#8217;etiqueta el llibre ja hauria d&#8217;estar folrat.<\/li>\n\n\n\n<li><strong>INT<\/strong> : Intercanvi &#8211;&gt; <a href=\"#col\u00b7locar\">Posar<\/a>&nbsp;el llibre col\u00b7locar a sala segons les <a href=\"#col\u00b7locar\">instruccions<\/a><\/li>\n\n\n\n<li><strong>PC<\/strong>: pr\u00e9stec C &#8211;&gt; passar-lo a la Susana&nbsp;per&nbsp;fer&nbsp;el pr\u00e9stec C<\/li>\n\n\n\n<li><strong>M<\/strong>: matem\u00e0tiques&nbsp;&#8211;&gt; passar-lo a la Neus&nbsp;per seguir amb la&nbsp;gesti\u00f3 difrenciada dels documents del Departament de Matem\u00e0tiques<\/li>\n\n\n\n<li><strong>E<\/strong>: expositor&nbsp;&#8211;&gt; passar-lo a la Marta Gal\u00e1n&nbsp;per fer l&#8217;expositor de novetats<\/li>\n\n\n\n<li><strong>CxLl<\/strong>: ci\u00e8ncia per llegir&nbsp;&#8211;&gt; passar-lo a la Montse Monge<\/li>\n<\/ul>\n\n\n\n<p>Per a dubtes tamb\u00e9 podeu consultar el document&nbsp;N:\\ORGANITZACI\u00d3 I PLANIFICACI\u00d3\\INSTRUCCIONS DE TREBALL\\Proc\u00e9s_adq_pt.docx<\/p>\n","protected":false},"excerpt":{"rendered":"<p>Plantilles per fer les etiquetes Proc\u00e8s d&#8217;Etiquetar Despr\u00e9s d&#8217;etiquetar que fem amb el llibre? Plantilles Per a fer les etiquetes dels llibres&nbsp;farem servir una de les 3 plantilles que trobareu a&nbsp;ARXIU BCT\\C09 BCT GESTI\u00d3 DE LA COL\u00b7LECCI\u00d3\\Processos Proc\u00e9s d&#8217;etiquetar Fer el full d&#8217;etiquetes per imprimir Els llibres per etiquetar poden venir de dos processos diferents, [&hellip;]<\/p>\n","protected":false},"author":20,"featured_media":0,"parent":0,"menu_order":0,"comment_status":"closed","ping_status":"closed","template":"","meta":{"footnotes":""},"class_list":["post-104","page","type-page","status-publish","hentry"],"_links":{"self":[{"href":"https:\/\/webs.uab.cat\/recursosbct\/wp-json\/wp\/v2\/pages\/104","targetHints":{"allow":["GET"]}}],"collection":[{"href":"https:\/\/webs.uab.cat\/recursosbct\/wp-json\/wp\/v2\/pages"}],"about":[{"href":"https:\/\/webs.uab.cat\/recursosbct\/wp-json\/wp\/v2\/types\/page"}],"author":[{"embeddable":true,"href":"https:\/\/webs.uab.cat\/recursosbct\/wp-json\/wp\/v2\/users\/20"}],"replies":[{"embeddable":true,"href":"https:\/\/webs.uab.cat\/recursosbct\/wp-json\/wp\/v2\/comments?post=104"}],"version-history":[{"count":8,"href":"https:\/\/webs.uab.cat\/recursosbct\/wp-json\/wp\/v2\/pages\/104\/revisions"}],"predecessor-version":[{"id":375,"href":"https:\/\/webs.uab.cat\/recursosbct\/wp-json\/wp\/v2\/pages\/104\/revisions\/375"}],"wp:attachment":[{"href":"https:\/\/webs.uab.cat\/recursosbct\/wp-json\/wp\/v2\/media?parent=104"}],"curies":[{"name":"wp","href":"https:\/\/api.w.org\/{rel}","templated":true}]}}