{"id":26,"date":"2016-01-19T13:43:45","date_gmt":"2016-01-19T13:43:45","guid":{"rendered":"https:\/\/webs.uab.cat\/recursosbct\/home\/"},"modified":"2025-04-25T15:13:54","modified_gmt":"2025-04-25T15:13:54","slug":"home","status":"publish","type":"page","link":"https:\/\/webs.uab.cat\/recursosbct\/","title":{"rendered":"Recursos de la BCT"},"content":{"rendered":"\n<p>Aquestes llistes de topogr\u00e0fics s\u00f3n, tret de comptades excepcions, una simplificaci\u00f3 de la CDU, i estan adaptades a les <strong>necessitats i al fons de la nostra biblioteca.<\/strong><\/p>\n\n\n\n<div class=\"wp-block-columns is-layout-flex wp-container-core-columns-is-layout-9d6595d7 wp-block-columns-is-layout-flex\">\n<div class=\"wp-block-column is-layout-flow wp-block-column-is-layout-flow\">\n<p><strong>Sala General<\/strong><\/p>\n\n\n\n<p><strong><a href=\"https:\/\/webs.uab.cat\/recursosbct\/aux\/\" data-type=\"page\" data-id=\"55\">Auxiliars<\/a><br><a href=\"https:\/\/webs.uab.cat\/recursosbct\/04-2\/\" data-type=\"page\" data-id=\"35\">(04) Ci\u00e8ncia per Llegir<\/a><br><a href=\"http:\/\/webs.uab.cat\/recursosbct\/0a5\/\">0 al 5.009<\/a><br><a href=\"https:\/\/webs.uab.cat\/recursosbct\/50-2\/\" data-type=\"page\" data-id=\"38\">50 Medi ambient<\/a><br><a href=\"https:\/\/webs.uab.cat\/recursosbct\/52-2\/\" data-type=\"page\" data-id=\"40\">52 Astronomia<\/a><br><a href=\"https:\/\/webs.uab.cat\/recursosbct\/53-2\/\" data-type=\"page\" data-id=\"41\">53 F\u00edsica<\/a><br><a href=\"https:\/\/webs.uab.cat\/recursosbct\/54-2\/\" data-type=\"page\" data-id=\"42\">54 Qu\u00edmica<\/a><br><a href=\"https:\/\/webs.uab.cat\/recursosbct\/55-2\/\" data-type=\"page\" data-id=\"43\">55 Geologia<\/a><br><a href=\"https:\/\/webs.uab.cat\/recursosbct\/56-2\/\" data-type=\"page\" data-id=\"44\">56 Paleontologia<\/a><br><a href=\"https:\/\/webs.uab.cat\/recursosbct\/57-2\/\" data-type=\"page\" data-id=\"45\">57 Biologia<\/a><br><a href=\"https:\/\/webs.uab.cat\/recursosbct\/58-2\/\" data-type=\"page\" data-id=\"46\">58 Bot\u00e0nica<\/a><br><a href=\"https:\/\/webs.uab.cat\/recursosbct\/59-2\/\" data-type=\"page\" data-id=\"47\">59 Zoologia<\/a><br><a href=\"https:\/\/webs.uab.cat\/recursosbct\/61-2\/\" data-type=\"page\" data-id=\"48\">61 Medicina<\/a><br><a href=\"https:\/\/webs.uab.cat\/recursosbct\/62-2\/\" data-type=\"page\" data-id=\"49\">62 Enginyeries<\/a><br><a href=\"https:\/\/webs.uab.cat\/recursosbct\/63-2\/\" data-type=\"page\" data-id=\"50\">63 Agricultura. Sols<\/a><br><a href=\"https:\/\/webs.uab.cat\/recursosbct\/65-2\/\" data-type=\"page\" data-id=\"51\">65 Gesti\u00f3 i organit. d&#8217;empreses<\/a><br><a href=\"https:\/\/webs.uab.cat\/recursosbct\/66-2\/\" data-type=\"page\" data-id=\"52\">66 Enginyeria Qu\u00edmica<\/a><br><a href=\"https:\/\/webs.uab.cat\/recursosbct\/68-2\/\" data-type=\"page\" data-id=\"53\">68 Inform\u00e0tica<\/a><br><a href=\"https:\/\/webs.uab.cat\/recursosbct\/69a9\/\" data-type=\"page\" data-id=\"54\">69 al 9<\/a><\/strong><\/p>\n<\/div>\n\n\n\n<div class=\"wp-block-column is-layout-flow wp-block-column-is-layout-flow\">\n<p><strong>Sala de Col\u00b7leccions especials i altres<\/strong><\/p>\n\n\n\n<p><strong><a href=\"https:\/\/webs.uab.cat\/recursosbct\/hc\/\">H i HE&nbsp;Hist\u00f2ria de les Ci\u00e8ncies<\/a><br><a href=\"https:\/\/webs.uab.cat\/recursosbct\/hi\/\">HI&nbsp;&nbsp; Hist\u00f2ria de la Inform\u00e0tica<\/a><br><a href=\"https:\/\/webs.uab.cat\/recursosbct\/fp\/\">Fons Personals<\/a><br><a href=\"https:\/\/webs.uab.cat\/recursosbct\/fons-lynx\/\">Fons Lynx<\/a><br><a href=\"http:\/\/webs.uab.cat\/recursosbct\/msc\/\">Fons de Matem\u00e0tiques<\/a><br><a href=\"https:\/\/webs.uab.cat\/recursosbct\/sep\/\">Separates<\/a><br><a href=\"https:\/\/webs.uab.cat\/recursosbct\/revistes\/\">Revistes<\/a><br><a href=\"https:\/\/webs.uab.cat\/recursosbct\/st\/\">ST-Documents de Serveis T\u00e8cnics <\/a><br><a href=\"https:\/\/webs.uab.cat\/recursosbct\/tfg\/\">T- Treballs de recerca<\/a><br><br><\/strong><\/p>\n\n\n\n<p><strong><a href=\"https:\/\/webs.uab.cat\/bctot\/temes\/\" data-type=\"page\" data-id=\"82\">\u00cdndex de Mat\u00e8ries<\/a><br><a href=\"https:\/\/webs.uab.cat\/recursosbct\/localitzacions\/\" data-type=\"page\" data-id=\"88\">Localitzacions BCT\u00a0<\/a><\/strong><\/p>\n<\/div>\n<\/div>\n\n\n\n<p><strong><strong>Concreci\u00f3 Actualitzada el 21\/11\/2023<\/strong><\/strong><\/p>\n","protected":false},"excerpt":{"rendered":"<p>Aquestes llistes de topogr\u00e0fics s\u00f3n, tret de comptades excepcions, una simplificaci\u00f3 de la CDU, i estan adaptades a les necessitats i al fons de la nostra biblioteca. Sala General Auxiliars(04) Ci\u00e8ncia per Llegir0 al 5.00950 Medi ambient52 Astronomia53 F\u00edsica54 Qu\u00edmica55 Geologia56 Paleontologia57 Biologia58 Bot\u00e0nica59 Zoologia61 Medicina62 Enginyeries63 Agricultura. Sols65 Gesti\u00f3 i organit. d&#8217;empreses66 Enginyeria Qu\u00edmica68 [&hellip;]<\/p>\n","protected":false},"author":20,"featured_media":0,"parent":0,"menu_order":0,"comment_status":"closed","ping_status":"closed","template":"","meta":{"footnotes":""},"class_list":["post-26","page","type-page","status-publish","hentry"],"_links":{"self":[{"href":"https:\/\/webs.uab.cat\/recursosbct\/wp-json\/wp\/v2\/pages\/26","targetHints":{"allow":["GET"]}}],"collection":[{"href":"https:\/\/webs.uab.cat\/recursosbct\/wp-json\/wp\/v2\/pages"}],"about":[{"href":"https:\/\/webs.uab.cat\/recursosbct\/wp-json\/wp\/v2\/types\/page"}],"author":[{"embeddable":true,"href":"https:\/\/webs.uab.cat\/recursosbct\/wp-json\/wp\/v2\/users\/20"}],"replies":[{"embeddable":true,"href":"https:\/\/webs.uab.cat\/recursosbct\/wp-json\/wp\/v2\/comments?post=26"}],"version-history":[{"count":22,"href":"https:\/\/webs.uab.cat\/recursosbct\/wp-json\/wp\/v2\/pages\/26\/revisions"}],"predecessor-version":[{"id":710,"href":"https:\/\/webs.uab.cat\/recursosbct\/wp-json\/wp\/v2\/pages\/26\/revisions\/710"}],"wp:attachment":[{"href":"https:\/\/webs.uab.cat\/recursosbct\/wp-json\/wp\/v2\/media?parent=26"}],"curies":[{"name":"wp","href":"https:\/\/api.w.org\/{rel}","templated":true}]}}