{"id":35,"date":"2020-03-16T17:23:22","date_gmt":"2020-03-16T17:23:22","guid":{"rendered":"https:\/\/webs.uab.cat\/recursosbct\/04-2\/"},"modified":"2025-05-12T12:52:22","modified_gmt":"2025-05-12T12:52:22","slug":"04-2","status":"publish","type":"page","link":"https:\/\/webs.uab.cat\/recursosbct\/04-2\/","title":{"rendered":"(04), CI\u00c8NCIA PER LLEGIR"},"content":{"rendered":"\n<p>Posarem en aquest apartat les obres de divulgaci\u00f3.<\/p>\n\n\n\n<figure class=\"wp-block-table\"><table><tbody><tr><td><strong>CDU<\/strong><\/td><td><strong>DESCRIPCI\u00d3<\/strong><\/td><\/tr><tr><td>(03)<\/td><td>Atles i altres materials de format gran<\/td><\/tr><tr><td>(04)39                              <\/td><td>Dones i Ci\u00e8ncia<\/td><\/tr><tr><td>(04)5<\/td><td>Ci\u00e8ncia general per a tothom<br><sub>Llibres de cinema<\/sub><\/td><\/tr><tr><td>(04)504<\/td><td>Medi ambient<\/td><\/tr><tr><td>(04)51<\/td><td>Matem\u00e0tiques<\/td><\/tr><tr><td>(04)52<\/td><td>Astronomia<\/td><\/tr><tr><td>(04)53<\/td><td>F\u00edsica<\/td><\/tr><tr><td>(04)54<\/td><td>Qu\u00edmica<\/td><\/tr><tr><td>(04)55<\/td><td>Geologia. Meteorologia<\/td><\/tr><tr><td>(04)56<\/td><td>Paleontologia<\/td><\/tr><tr><td>(04)572<\/td><td>Antropologia<\/td><\/tr><tr><td>(04)573<\/td><td>Biologia en general<\/td><\/tr><tr><td>(04)574<\/td><td>Ecologia<\/td><\/tr><tr><td>(04)575       <\/td><td>Gen\u00e8tica<\/td><\/tr><tr><td>(04)576<\/td><td>Biologia molecular<\/td><\/tr><tr><td>(04)577<\/td><td>Bioqu\u00edmica<\/td><\/tr><tr><td>(04)578<\/td><td>Virologia<\/td><\/tr><tr><td>(04)579<\/td><td>Microbiologia<\/td><\/tr><tr><td>(04)58<\/td><td>Bot\u00e0nica<\/td><\/tr><tr><td>(04)59<\/td><td>Zoologia<\/td><\/tr><tr><td>(04)61<\/td><td>Medicina<\/td><\/tr><tr><td>(04)62<\/td><td>Tecnologies<\/td><\/tr><tr><td>(04)68<\/td><td>Inform\u00e0tica<\/td><\/tr><tr><td>(04)7<\/td><td>Jocs <\/td><\/tr><tr><td>(04)74<\/td><td>Dibuix<\/td><\/tr><tr><td>(04)77<\/td><td>Fotografia<\/td><\/tr><tr><td>(04)80<\/td><td>Novel\u00b7les, llibres de contes, poesia. Literatura<\/td><\/tr><tr><td>(04)92<\/td><td>Biografies<\/td><\/tr><\/tbody><\/table><\/figure>\n\n\n\n<p class=\"has-gris-pubilla-background-color has-background\"><strong>Nota d&#8217;\u00fas intern:<\/strong> El topogr\u00e0fic s&#8217;ha de posar sense ESPAIS ni abans ni despr\u00e9s del par\u00e8ntesi.<\/p>\n\n\n\n<p class=\"has-gris-londres-background-color has-background\">Revisada el 12\/05\/2025<\/p>\n","protected":false},"excerpt":{"rendered":"<p>Posarem en aquest apartat les obres de divulgaci\u00f3. CDU DESCRIPCI\u00d3 (03) Atles i altres materials de format gran (04)39 Dones i Ci\u00e8ncia (04)5 Ci\u00e8ncia general per a tothomLlibres de cinema (04)504 Medi ambient (04)51 Matem\u00e0tiques (04)52 Astronomia (04)53 F\u00edsica (04)54 Qu\u00edmica (04)55 Geologia. Meteorologia (04)56 Paleontologia (04)572 Antropologia (04)573 Biologia en general (04)574 Ecologia (04)575 [&hellip;]<\/p>\n","protected":false},"author":20,"featured_media":0,"parent":0,"menu_order":0,"comment_status":"closed","ping_status":"closed","template":"","meta":{"footnotes":""},"class_list":["post-35","page","type-page","status-publish","hentry"],"_links":{"self":[{"href":"https:\/\/webs.uab.cat\/recursosbct\/wp-json\/wp\/v2\/pages\/35","targetHints":{"allow":["GET"]}}],"collection":[{"href":"https:\/\/webs.uab.cat\/recursosbct\/wp-json\/wp\/v2\/pages"}],"about":[{"href":"https:\/\/webs.uab.cat\/recursosbct\/wp-json\/wp\/v2\/types\/page"}],"author":[{"embeddable":true,"href":"https:\/\/webs.uab.cat\/recursosbct\/wp-json\/wp\/v2\/users\/20"}],"replies":[{"embeddable":true,"href":"https:\/\/webs.uab.cat\/recursosbct\/wp-json\/wp\/v2\/comments?post=35"}],"version-history":[{"count":23,"href":"https:\/\/webs.uab.cat\/recursosbct\/wp-json\/wp\/v2\/pages\/35\/revisions"}],"predecessor-version":[{"id":738,"href":"https:\/\/webs.uab.cat\/recursosbct\/wp-json\/wp\/v2\/pages\/35\/revisions\/738"}],"wp:attachment":[{"href":"https:\/\/webs.uab.cat\/recursosbct\/wp-json\/wp\/v2\/media?parent=35"}],"curies":[{"name":"wp","href":"https:\/\/api.w.org\/{rel}","templated":true}]}}