{"id":38,"date":"2020-03-16T18:53:05","date_gmt":"2020-03-16T18:53:05","guid":{"rendered":"https:\/\/webs.uab.cat\/recursosbct\/50-2\/"},"modified":"2025-05-12T13:21:55","modified_gmt":"2025-05-12T13:21:55","slug":"50-2","status":"publish","type":"page","link":"https:\/\/webs.uab.cat\/recursosbct\/50-2\/","title":{"rendered":"50, MEDI AMBIENT"},"content":{"rendered":"\n<figure class=\"wp-block-table\"><table><tbody><tr><td><strong>CDU<\/strong><\/td><td><strong>DESCRIPCI\u00d3<\/strong><\/td><\/tr><tr><td>&nbsp;502<\/td><td>Natura. Estudi i conservaci\u00f3 de la natura. Protecci\u00f3<\/td><\/tr><tr><td>502:37<\/td><td>Educaci\u00f3 ambiental<\/td><\/tr><tr><td>502.2 ()<\/td><td>Estudi i observaci\u00f3 de la natura. Hist\u00f2ria natural. Guies de Parcs naturals<\/td><\/tr><tr><td>502.3 ()<\/td><td>Natura i societat. Conservaci\u00f3 i protecci\u00f3 de la natura en general<\/td><\/tr><tr><td>502.5 ()<\/td><td>Complex natural com un tot: equilibri, perills, danys, amenaces de destrucci\u00f3<\/td><\/tr><tr><td>502.6()<\/td><td>Protecci\u00f3 de la natura inanimada i del paisatge. Ecologia del paisatge<\/td><\/tr><tr><td>502.7()<\/td><td>Protecci\u00f3 i conservaci\u00f3 de la natura animada. Conservaci\u00f3 i protecci\u00f3 de la flora i la fauna. Biologia de la conservaci\u00f3<\/td><\/tr><tr><td>504()<\/td><td>Ci\u00e8ncies del medi ambient<\/td><\/tr><tr><td>504:54<\/td><td>Qu\u00edmica mediambiental. Qu\u00edmica atmosf\u00e8rica<\/td><\/tr><tr><td>504:61<\/td><td>Salut i medi ambient<\/td><\/tr><tr><td>504:62<\/td><td>Energia i medi ambient<\/td><\/tr><tr><td>504.03 ()<\/td><td>Aspectes socials i socioecon\u00f2mics de l&#8217; impacte de l&#8217; home sobre el medi ambient. Ecologia social. Economia ambiental<\/td><\/tr><tr><td>504.05 ()<\/td><td>Efectes nocius de l&#8217; activitat humana sobre el medi ambient<\/td><\/tr><tr><td>504.06 ()<\/td><td>Protecci\u00f3 del medi ambient. Gesti\u00f3 de la qualitat del medi. <em>Enginyeria mediambiental<\/em><br><em><sub>Per als Residus radioactius vegeu el <\/sub><\/em><strong><sub><em>621.039<\/em> <\/sub><\/strong><\/td><\/tr><tr><td>504.3 ()<\/td><td>Medi ambient atmosf\u00e8ric <br><em><sub>Per a la Climatologia vegeu el <\/sub><\/em><strong><sub><em>551.58<\/em> <\/sub><\/strong><\/td><\/tr><tr><td>504.3.03 ()      <\/td><td>Aspectes socials de l&#8217; impacte de l&#8217; home sobre el medi atmosf\u00e8ric<\/td><\/tr><tr><td>504.3.05 ()<\/td><td>Efectes nocius de l&#8217; activitat humana sobre el medi atmosf\u00e8ric<\/td><\/tr><tr><td>504.3.06 ()<\/td><td>Protecci\u00f3 del medi atmosf\u00e8ric<\/td><\/tr><tr><td>504.4 ()<\/td><td>Medi ambient hidrosf\u00e8ric<\/td><\/tr><tr><td>504.4.03 ()<\/td><td>Aspectes socials de l&#8217; impacte de l&#8217; home sobre el medi hidrosf\u00e8ric<\/td><\/tr><tr><td>504.4.05 ()<\/td><td>Efectes nocius de l&#8217; activitat humana sobre el medi hidrosf\u00e8ric<\/td><\/tr><tr><td>504.4.06 ()<\/td><td>Protecci\u00f3 del medi hidrosf\u00e8ric<\/td><\/tr><tr><td>504.5 ()<\/td><td>Medi ambient litosf\u00e8ric<\/td><\/tr><tr><td>504.5:71<\/td><td>Ordenaci\u00f3 del territori, planificaci\u00f3<\/td><\/tr><tr><td>504.5.05 ()<\/td><td>Efectes nocius de l&#8217; activitat humana sobre el medi litosf\u00e8ric<\/td><\/tr><tr><td>504.5.06 ()<\/td><td>Protecci\u00f3 del medi litosf\u00e8ric<\/td><\/tr><tr><td>504.7 ()<\/td><td>Medi ambient biosf\u00e8ric<sup data-fn=\"d38bca2a-4f5d-482b-82fc-51041438e7f6\" class=\"fn\"><a href=\"#d38bca2a-4f5d-482b-82fc-51041438e7f6\" id=\"d38bca2a-4f5d-482b-82fc-51041438e7f6-link\">1<\/a><\/sup><\/td><\/tr><\/tbody><\/table><\/figure>\n\n\n\n<p class=\"has-gris-pubilla-background-color has-background\">Nota d&#8217;\u00fas intern: <\/p>\n\n\n<ol class=\"wp-block-footnotes\"><li id=\"d38bca2a-4f5d-482b-82fc-51041438e7f6\">24\/04\/2025: Posem en aquest n\u00famero tots els aspectes que fan refer\u00e8ncia al medi biosf\u00e8ric: Impacte de l&#8217;home, Efectes nocius de l&#8217;activitat humana, protecci\u00f3&#8230;   <a href=\"#d38bca2a-4f5d-482b-82fc-51041438e7f6-link\" aria-label=\"Ves a la refer\u00e8ncia de la nota al peu 1\">\u21a9\ufe0e<\/a><\/li><\/ol>\n\n\n<p class=\"has-gris-londres-background-color has-background\">Revisada el 12\/05\/2025<\/p>\n","protected":false},"excerpt":{"rendered":"<p>CDU DESCRIPCI\u00d3 &nbsp;502 Natura. Estudi i conservaci\u00f3 de la natura. Protecci\u00f3 502:37 Educaci\u00f3 ambiental 502.2 () Estudi i observaci\u00f3 de la natura. Hist\u00f2ria natural. Guies de Parcs naturals 502.3 () Natura i societat. Conservaci\u00f3 i protecci\u00f3 de la natura en general 502.5 () Complex natural com un tot: equilibri, perills, danys, amenaces de destrucci\u00f3 502.6() [&hellip;]<\/p>\n","protected":false},"author":20,"featured_media":0,"parent":0,"menu_order":0,"comment_status":"closed","ping_status":"closed","template":"","meta":{"footnotes":"[{\"id\":\"d38bca2a-4f5d-482b-82fc-51041438e7f6\",\"content\":\"24\\\/04\\\/2025: Posem en aquest n\\u00famero tots els aspectes que fan refer\\u00e8ncia al medi biosf\\u00e8ric: Impacte de l'home, Efectes nocius de l'activitat humana, protecci\\u00f3...  \"}]"},"class_list":["post-38","page","type-page","status-publish","hentry"],"_links":{"self":[{"href":"https:\/\/webs.uab.cat\/recursosbct\/wp-json\/wp\/v2\/pages\/38","targetHints":{"allow":["GET"]}}],"collection":[{"href":"https:\/\/webs.uab.cat\/recursosbct\/wp-json\/wp\/v2\/pages"}],"about":[{"href":"https:\/\/webs.uab.cat\/recursosbct\/wp-json\/wp\/v2\/types\/page"}],"author":[{"embeddable":true,"href":"https:\/\/webs.uab.cat\/recursosbct\/wp-json\/wp\/v2\/users\/20"}],"replies":[{"embeddable":true,"href":"https:\/\/webs.uab.cat\/recursosbct\/wp-json\/wp\/v2\/comments?post=38"}],"version-history":[{"count":12,"href":"https:\/\/webs.uab.cat\/recursosbct\/wp-json\/wp\/v2\/pages\/38\/revisions"}],"predecessor-version":[{"id":746,"href":"https:\/\/webs.uab.cat\/recursosbct\/wp-json\/wp\/v2\/pages\/38\/revisions\/746"}],"wp:attachment":[{"href":"https:\/\/webs.uab.cat\/recursosbct\/wp-json\/wp\/v2\/media?parent=38"}],"curies":[{"name":"wp","href":"https:\/\/api.w.org\/{rel}","templated":true}]}}