{"id":40,"date":"2020-03-16T19:17:41","date_gmt":"2020-03-16T19:17:41","guid":{"rendered":"https:\/\/webs.uab.cat\/recursosbct\/52-2\/"},"modified":"2025-05-12T13:32:27","modified_gmt":"2025-05-12T13:32:27","slug":"52-2","status":"publish","type":"page","link":"https:\/\/webs.uab.cat\/recursosbct\/52-2\/","title":{"rendered":"52, ASTRONOMIA. ASTROF\u00cdSICA"},"content":{"rendered":"\n<figure class=\"wp-block-table\"><table><tbody><tr><td><strong>CDU<\/strong><\/td><td><strong>DESCRIPCI\u00d3<\/strong><\/td><\/tr><tr><td>52<\/td><td>Astronomia. Astrof\u00edsica. Investigaci\u00f3 espacial. Geod\u00e8sia<\/td><\/tr><tr><td>520<\/td><td>Instruments i t\u00e8cniques<\/td><\/tr><tr><td>521<\/td><td>Astronomia te\u00f2rica. Mec\u00e0nica celeste<\/td><\/tr><tr><td>523<\/td><td>El Sistema solar<br><em>Sistema Terra-Lluna, la terra com a cos celest, La lluna<\/em><\/td><\/tr><tr><td>524<\/td><td>Astropart\u00edcules. L&#8217; Univers: sistemes estel\u00b7lar, medi interestel\u00b7lar, nebuloses, gal\u00e0xies, sistemes extra gal\u00e0ctics<br><em>Big Bang.\u00a0<\/em>Cosmologia<\/td><\/tr><tr><td>524.3<\/td><td>Estels<\/td><\/tr><tr><td>527<br><\/td><td>Astronomia n\u00e0utica i aeron\u00e0utica<br><em>Missions espacials, conquesta de l&#8217;espai, exploraci\u00f3 de l&#8217;espai extraterrestre..<\/em><br><sub>Per als Vehicles espacials vegeu el 629.7<\/sub><\/td><\/tr><tr><td>528<\/td><td>Geod\u00e8sia. Topografia. Fotogrametria. Cartografia<br><sub><em>Per als Sistemes d&#8217; Informaci\u00f3 Geogr\u00e0fica (GIS) i els Sistemes de Navegaci\u00f3 vegeu el 910<\/em><br><em>Per al GPS, la Teledetecci\u00f3 i el Telecontrol vegeu el 621.398<\/em><br><em>Per a la Interpretaci\u00f3 de mapes geol\u00f2gics vegeu el 550.8:528<\/em><\/sub><\/td><\/tr><tr><td>529<\/td><td>Cronologia. Calendaris. Mesures de temps<\/td><\/tr><\/tbody><\/table><\/figure>\n\n\n\n<p class=\"has-gris-pubilla-background-color has-background\">Nota d&#8217;\u00fas intern:<\/p>\n\n\n\n<ul class=\"wp-block-list\">\n<li>Concreci\u00f3 a la CDU consensuada entre el Dr. Pascual (F\u00edsica Te\u00f2rica) i \u00c0urea Mart\u00ednez de Luco i J. Gasc\u00f3n el 18\/1\/1995.<\/li>\n\n\n\n<li>Als congressos hi afegirem la subdivisi\u00f3 (08)&#8221;xxxx&#8221;<\/li>\n<\/ul>\n\n\n\n<p class=\"has-text-align-left has-gris-londres-background-color has-background\">Revisada el 12\/05\/2025<\/p>\n","protected":false},"excerpt":{"rendered":"<p>CDU DESCRIPCI\u00d3 52 Astronomia. Astrof\u00edsica. Investigaci\u00f3 espacial. Geod\u00e8sia 520 Instruments i t\u00e8cniques 521 Astronomia te\u00f2rica. Mec\u00e0nica celeste 523 El Sistema solarSistema Terra-Lluna, la terra com a cos celest, La lluna 524 Astropart\u00edcules. L&#8217; Univers: sistemes estel\u00b7lar, medi interestel\u00b7lar, nebuloses, gal\u00e0xies, sistemes extra gal\u00e0cticsBig Bang.\u00a0Cosmologia 524.3 Estels 527 Astronomia n\u00e0utica i aeron\u00e0uticaMissions espacials, conquesta de l&#8217;espai, [&hellip;]<\/p>\n","protected":false},"author":20,"featured_media":0,"parent":0,"menu_order":0,"comment_status":"closed","ping_status":"closed","template":"","meta":{"footnotes":""},"class_list":["post-40","page","type-page","status-publish","hentry"],"_links":{"self":[{"href":"https:\/\/webs.uab.cat\/recursosbct\/wp-json\/wp\/v2\/pages\/40","targetHints":{"allow":["GET"]}}],"collection":[{"href":"https:\/\/webs.uab.cat\/recursosbct\/wp-json\/wp\/v2\/pages"}],"about":[{"href":"https:\/\/webs.uab.cat\/recursosbct\/wp-json\/wp\/v2\/types\/page"}],"author":[{"embeddable":true,"href":"https:\/\/webs.uab.cat\/recursosbct\/wp-json\/wp\/v2\/users\/20"}],"replies":[{"embeddable":true,"href":"https:\/\/webs.uab.cat\/recursosbct\/wp-json\/wp\/v2\/comments?post=40"}],"version-history":[{"count":11,"href":"https:\/\/webs.uab.cat\/recursosbct\/wp-json\/wp\/v2\/pages\/40\/revisions"}],"predecessor-version":[{"id":754,"href":"https:\/\/webs.uab.cat\/recursosbct\/wp-json\/wp\/v2\/pages\/40\/revisions\/754"}],"wp:attachment":[{"href":"https:\/\/webs.uab.cat\/recursosbct\/wp-json\/wp\/v2\/media?parent=40"}],"curies":[{"name":"wp","href":"https:\/\/api.w.org\/{rel}","templated":true}]}}