{"id":41,"date":"2020-03-16T19:20:33","date_gmt":"2020-03-16T19:20:33","guid":{"rendered":"https:\/\/webs.uab.cat\/recursosbct\/53-2\/"},"modified":"2025-05-12T13:42:43","modified_gmt":"2025-05-12T13:42:43","slug":"53-2","status":"publish","type":"page","link":"https:\/\/webs.uab.cat\/recursosbct\/53-2\/","title":{"rendered":"53. F\u00cdSICA"},"content":{"rendered":"\n<figure class=\"wp-block-table is-style-regular\"><table><tbody><tr><td><strong>CDU<\/strong><\/td><td><strong>DESCRIPCI\u00d3<\/strong><\/td><\/tr><tr><td>53 ()<\/td><td>F\u00edsica<\/td><\/tr><tr><td>530.1 ()<\/td><td>Principis generals de la f\u00edsica<\/td><\/tr><tr><td>530.12 ()<\/td><td>Relativitat. Teoria de la relativitat<\/td><\/tr><tr><td>530.145 ()                           <\/td><td>Teoria qu\u00e0ntica<\/td><\/tr><tr><td>531\/534 ()              <\/td><td>Mec\u00e0nica<br><sub>Per a les M\u00e0quines vegeu el <strong>621<\/strong><\/sub><\/td><\/tr><tr><td>531 ()<\/td><td>Mec\u00e0nica general, dels s\u00f2lids i dels cossos r\u00edgids.<br><sup>Treball. Pes . Massa. Fregament. Resist\u00e8ncia passiva<\/sup><\/td><\/tr><tr><td>531.1 ()<\/td><td> Cinem\u00e0tica. Mec\u00e0nica estad\u00edstica <\/td><\/tr><tr><td>531.2 ()<\/td><td>Est\u00e0tica. Forces. Equilibri. Atracci\u00f3<\/td><\/tr><tr><td>531.3 ()<\/td><td>Din\u00e0mica. Cin\u00e8tica<\/td><\/tr><tr><td>531.5 ()<\/td><td>Teoria del p\u00e8ndol. Bal\u00edstica. Gravitaci\u00f3<br><sub>Per als llibres de Gravitaci\u00f3 i Relativitat utilitzarem el <strong>530.12<\/strong><\/sub><\/td><\/tr><tr><td>531.6 ()<\/td><td>Energia mec\u00e0nica<\/td><\/tr><tr><td>531.7 ()<\/td><td>Mesura de magnituds f\u00edsiques. Unitats<\/td><\/tr><tr><td>532 ()<\/td><td>Mec\u00e0nica de fluids<br><sub>Hidrost\u00e0tica general &#8212;  Equilibri dels l\u00edquids &#8212;  Cossos submergits i cossos flotants &#8212; Estabilitat. din\u00e0mica de fluids &#8212;  Teoria cin\u00e8tica i del transport de fluids<\/sub><\/td><\/tr><tr><td>533 ()<\/td><td>Mec\u00e0nica dels gasos. Aerodin\u00e0mica <br><span class=\"noacceptats\"><sub>Propietats dels gasos&nbsp; &#8212;&nbsp;&nbsp;Elasticitat. Compressibilitat. Solidificaci\u00f3 i liq\u00fcefacci\u00f3 dels gasos&nbsp; &#8212;&nbsp;&nbsp;F\u00edsica del buit&nbsp; &#8212;&nbsp;&nbsp;Aerodin\u00e0mica<\/sub><\/span><\/td><\/tr><tr><td>533.7 ()<\/td><td>Teoria cin\u00e8tica dels gasos<\/td><\/tr><tr><td>533.9 ()<\/td><td>F\u00edsica del plasma<\/td><\/tr><tr><td>534 ()<\/td><td>Ac\u00fastica. Vibracions<\/td><\/tr><tr><td>535 ()<\/td><td>\u00d2ptica<\/td><\/tr><tr><td>535.1 ()<\/td><td> Teoria de la llum.&nbsp;<span class=\"noacceptats\" style=\"font-size: revert;font-family: inherit;font-weight: inherit;color: var(--color-negre);letter-spacing: 0.05rem\">Teoria qu\u00e0ntica de la llum<\/span> <\/td><\/tr><tr><td>535.2 ()<\/td><td>Propagaci\u00f3 i energ\u00e8tica dels raigs lluminosos<\/td><\/tr><tr><td>535.3 ()<\/td><td> Transmissi\u00f3, reflexi\u00f3, refracci\u00f3, absorci\u00f3, emissi\u00f3.&nbsp;<span class=\"noacceptats\" style=\"font-size: revert;font-family: inherit;font-weight: inherit;color: var(--color-negre);letter-spacing: 0.05rem\">Espectres en general. Espectres d&#8217; emissi\u00f3<\/span> <\/td><\/tr><tr><td>535.4 ()<\/td><td>Interfer\u00e8ncies, difracci\u00f3. Difusi\u00f3 per difracci\u00f3<\/td><\/tr><tr><td>535.5 ()<\/td><td>Polaritzaci\u00f3. Doble refracci\u00f3. dispersi\u00f3 de cossos anis\u00f2trops<\/td><\/tr><tr><td>535.6 ()<\/td><td>Colors. Teoria dels colors<\/td><\/tr><tr><td>535.8 ()<\/td><td> Aplicacions de l&#8217;\u00f2ptica.&nbsp;L\u00e0sers <\/td><\/tr><tr><td>536 ()<\/td><td>Calor i termodin\u00e0mica <br><sub>Per a les M\u00e0quines t\u00e8rmiques vegeu el <strong>621.1<\/strong><\/sub><\/td><\/tr><tr><td>536.1 ()<\/td><td><p>Teoria general de la calor<\/p><span class=\"noacceptats\"><sub>Conducci\u00f3 i transmissi\u00f3 de la calor &#8212;&nbsp;Acci\u00f3 dels cossos sobre la radiaci\u00f3 t\u00e8rmica&nbsp; &#8212;&nbsp;&nbsp;Acci\u00f3 de la calor sobre els cossos&nbsp; &#8212;&nbsp;&nbsp;Temperatura<\/sub><\/span><\/td><\/tr><tr><td>536.7 ()<\/td><td>Termodin\u00e0mica. Energ\u00e8tica<\/td><\/tr><tr><td>536.75 ()<\/td><td>Termodin\u00e0mica estad\u00edstica<\/td><\/tr><tr><td>537 ()<\/td><td>Electricitat. Magnetisme. Electromagnetisme<\/td><\/tr><tr><td>537.1 ()<\/td><td> Teoria de l&#8217; electricitat <\/td><\/tr><tr><td>537.2 ()<\/td><td>Electrost\u00e0tica <br><sub>Camp el\u00e8ctric, l\u00ednies de for\u00e7a, potencial&nbsp; &#8212;&nbsp;&nbsp;Electritzaci\u00f3. Distribuci\u00f3 i acumulaci\u00f3 de l&#8217; electricitat&nbsp; &#8212;&nbsp;&nbsp;Dielectricitat, piezoelectricitat, i ferroelectricitat<\/sub><\/td><\/tr><tr><td>537.3 ()<\/td><td>Corrent el\u00e8ctric. Electrocin\u00e8tica <br><span class=\"noacceptats\"><sub>Propagaci\u00f3 de l&#8217; electricitat&nbsp; &#8212;&nbsp;&nbsp;Llei d&#8217; Ohm. Conductivitat. A\u00efllament&nbsp; &#8212;&nbsp;&nbsp;Termoelectricitat &#8212; Electrocinem\u00e0tica&nbsp; &#8212;&nbsp;&nbsp;Altres efectes sobre el corrent el\u00e8ctric diferents dels electrodin\u00e0mics i els electromagn\u00e8tics&nbsp; &#8212;&nbsp;&nbsp;Altres efectes del corrent el\u00e8ctric diferents dels electrodin\u00e0mics i els electromagn\u00e8tics<\/sub><\/span><\/td><\/tr><tr><td>537.312 ()<\/td><td>Superconductivitat<\/td><\/tr><tr><td>537.5&nbsp; ()<\/td><td>Desc\u00e0rregues el\u00e8ctriques. Radiacions el\u00e8ctriques <br><span class=\"noacceptats\"><sub>Desc\u00e0rregues&nbsp; &#8212;&nbsp;&nbsp;Radiacions de desc\u00e0rrega&nbsp; &#8212;&nbsp;&nbsp;Ionitzaci\u00f3 de gasos&nbsp; &#8212;&nbsp;&nbsp;Ionitzaci\u00f3 de cossos s\u00f2lids i l\u00edquids no electrol\u00edtics&nbsp; &#8212;&nbsp;&nbsp;Termoi\u00f2nica<\/sub><\/span><\/td><\/tr><tr><td>537.6 ()<\/td><td>Magnetisme <br><sub><span class=\"noacceptats\">Teoria del magnetisme\u00a0 &#8212;\u00a0\u00a0Processos magn\u00e8tics\u00a0 &#8212;\u00a0\u00a0Propietats magn\u00e8tiques dels materials\u00a0 &#8212;\u00a0\u00a0Efectes dels camps magn\u00e8tics\u00a0 &#8212;\u00a0\u00a0Efectes de i sobre els camps magn\u00e8tics i resson\u00e0ncies<\/span><\/sub><br><sub>Per al Magnetisme Terrestre vegeu el <strong>550.38<\/strong><\/sub><\/td><\/tr><tr><td>537.8 ()<\/td><td> Electromagnetisme . Electrodin\u00e0mica.&nbsp;Electrodin\u00e0mica qu\u00e0ntica <\/td><\/tr><tr><td>538.9 ()<\/td><td>F\u00edsica de la mat\u00e8ria condensada <br><span class=\"noacceptats\"><sub>Estructura&nbsp; &#8212;&nbsp;&nbsp;Processos de transport&nbsp; &#8212;&nbsp;&nbsp;Quanta l\u00edquids i s\u00f2lids&nbsp; &#8212;&nbsp;&nbsp;Propietats i fen\u00f2mens (altres que els de transport)<\/sub><\/span><\/td><\/tr><tr><td>539 ()<\/td><td>F\u00edsica nuclear, at\u00f2mica i molecular<\/td><\/tr><tr><td>539.1 ()<\/td><td>F\u00edsica nuclear <br><sub>Per a les aplicacions de la f\u00edsica nuclear com l&#8217; Enginyeria nuclear vegeu el <strong>621.039<\/strong><\/sub><\/td><\/tr><tr><td>539.12 ()<\/td><td>F\u00edsica de part\u00edcules. F\u00edsica d&#8217; altes energies<\/td><\/tr><tr><td>539.12.01 ()<\/td><td>Teoria general dels camps i de les part\u00edcules. Teoria qu\u00e0ntica de camps<\/td><\/tr><tr><td>539.14 ()<\/td><td> Estructura nuclear.&nbsp;<span class=\"noacceptats\" style=\"font-size: revert;font-family: inherit;font-weight: inherit;color: var(--color-negre);letter-spacing: 0.05rem\">Propietats del nucli<\/span> <\/td><\/tr><tr><td>539.16 ()<\/td><td>Radioactivitat i desintegraci\u00f3 radioactiva<\/td><\/tr><tr><td>539.17 ()<\/td><td>Reaccions nuclears. Fissi\u00f3, fusi\u00f3, i reaccions en cadena <br><span class=\"noacceptats\"><sub>Reaccions nuclears espec\u00edfiques&nbsp; &#8212;&nbsp; Polaritzaci\u00f3&nbsp; &#8212;&nbsp;&nbsp;Dispersi\u00f3 el\u00e0stica i no el\u00e0stica<\/sub><\/span><\/td><\/tr><tr><td>539.18 ()<\/td><td>F\u00edsica at\u00f2mica <br><span class=\"noacceptats\"><sub>F\u00edsica de l&#8217; \u00e0tom&nbsp; &#8212;&nbsp;&nbsp;Excitaci\u00f3 i interacci\u00f3 entre \u00e0toms<\/sub><\/span><\/td><\/tr><tr><td>539.19 ()<\/td><td>F\u00edsica molecular <br><span class=\"noacceptats\"><sub>F\u00edsica molecular: experiments&nbsp; &#8212;&nbsp;&nbsp;Interacci\u00f3 i excitaci\u00f3 molecular<\/sub><\/span><\/td><\/tr><tr><td>539.2 ()<\/td><td>Estructura i propietats dels sistemes moleculars. F\u00edsica de l&#8217;estat s\u00f2lid<\/td><\/tr><tr><td>539.3 ()<\/td><td>Elasticitat. Deformacions. Mec\u00e0nica dels s\u00f2lids el\u00e0stics <br><sub>Per a l&#8217; assaig de materials vegeu el <strong>620.1<\/strong><\/sub><\/td><\/tr><tr><td>539.6 ()<\/td><td>Forces intermoleculars<\/td><\/tr><\/tbody><\/table><\/figure>\n\n\n\n<p class=\"has-gris-pubilla-background-color has-background\">Nota d&#8217;\u00fas intern:<\/p>\n\n\n\n<p>Aquesta concreci\u00f3 ha estat revisada basant-nos en la Concreci\u00f3 a la CDU consensuada entre el Dr. Pascual (F\u00edsica Te\u00f2rica), \u00c0urea Mart\u00ednez d Luco i J. Gasc\u00f3n el 18\/1\/1995. <br>Subdivisi\u00f3 de forma per als congressos: (08)&#8221;xxxx&#8221;<\/p>\n\n\n\n<p class=\"has-gris-londres-background-color has-background\">Revisada el 12\/05\/2025<\/p>\n","protected":false},"excerpt":{"rendered":"<p>CDU DESCRIPCI\u00d3 53 () F\u00edsica 530.1 () Principis generals de la f\u00edsica 530.12 () Relativitat. Teoria de la relativitat 530.145 () Teoria qu\u00e0ntica 531\/534 () Mec\u00e0nicaPer a les M\u00e0quines vegeu el 621 531 () Mec\u00e0nica general, dels s\u00f2lids i dels cossos r\u00edgids.Treball. Pes . Massa. Fregament. Resist\u00e8ncia passiva 531.1 () Cinem\u00e0tica. Mec\u00e0nica estad\u00edstica 531.2 () [&hellip;]<\/p>\n","protected":false},"author":20,"featured_media":0,"parent":0,"menu_order":0,"comment_status":"closed","ping_status":"closed","template":"","meta":{"footnotes":""},"class_list":["post-41","page","type-page","status-publish","hentry"],"_links":{"self":[{"href":"https:\/\/webs.uab.cat\/recursosbct\/wp-json\/wp\/v2\/pages\/41","targetHints":{"allow":["GET"]}}],"collection":[{"href":"https:\/\/webs.uab.cat\/recursosbct\/wp-json\/wp\/v2\/pages"}],"about":[{"href":"https:\/\/webs.uab.cat\/recursosbct\/wp-json\/wp\/v2\/types\/page"}],"author":[{"embeddable":true,"href":"https:\/\/webs.uab.cat\/recursosbct\/wp-json\/wp\/v2\/users\/20"}],"replies":[{"embeddable":true,"href":"https:\/\/webs.uab.cat\/recursosbct\/wp-json\/wp\/v2\/comments?post=41"}],"version-history":[{"count":12,"href":"https:\/\/webs.uab.cat\/recursosbct\/wp-json\/wp\/v2\/pages\/41\/revisions"}],"predecessor-version":[{"id":759,"href":"https:\/\/webs.uab.cat\/recursosbct\/wp-json\/wp\/v2\/pages\/41\/revisions\/759"}],"wp:attachment":[{"href":"https:\/\/webs.uab.cat\/recursosbct\/wp-json\/wp\/v2\/media?parent=41"}],"curies":[{"name":"wp","href":"https:\/\/api.w.org\/{rel}","templated":true}]}}