{"id":45,"date":"2020-03-16T20:26:32","date_gmt":"2020-03-16T20:26:32","guid":{"rendered":"https:\/\/webs.uab.cat\/recursosbct\/57-2\/"},"modified":"2025-04-23T17:20:48","modified_gmt":"2025-04-23T17:20:48","slug":"57-2","status":"publish","type":"page","link":"https:\/\/webs.uab.cat\/recursosbct\/57-2\/","title":{"rendered":"57  BIOLOGIA"},"content":{"rendered":"\n<figure class=\"wp-block-table\"><table><tbody><tr><td>CDU<\/td><td>DESCRIPCI\u00d3<\/td><\/tr><tr><td><strong>572<\/strong><\/td><td><strong>ANTROPOLOGIA BIOL\u00d2GICA<\/strong><\/td><\/tr><tr><td>572.1<\/td><td>Origen i evoluci\u00f3 humana. Paleoantropologia <br><sub>Estudis sobre els or\u00edgens humans -inclou primats, hom\u00ednids i humans f\u00f2ssils- i sobre el proc\u00e9s evolutiu<\/sub><\/td><\/tr><tr><td>572.2<\/td><td>Variabilitat de l&#8217; esp\u00e8cie humana. Grups humans <br><sub>Estudis sobre la variabilitat normal del cos hum\u00e0 en l&#8217;espai i en el temps. Difer\u00e8ncies heredit\u00e0ries en la hist\u00f2ria evolutiva de les poblacions humanes<\/sub><\/td><\/tr><tr><td>572.5<\/td><td>Auxologia: Creixement i desenvolupament, Cicles de la vida.<br>Antropometria <br><sub><strong>Auxologia:<\/strong> estudis sobre el creixement d&#8217;un individu o d&#8217;un grup d&#8217; individus al llarg de la seva vida per tal de con\u00e8ixer les caracter\u00edstiques del creixement de la poblaci\u00f3 a la qual pertanyen -inclou aspectes com la nutrici\u00f3, la salut, l&#8217; envelliment, els patrons reproductius,etc.<br><strong>Antropometria:<\/strong> Branca de l&#8217; antropologia que mesura les diferents parts del cos hum\u00e0 i determina llurs proporcions m\u00fatues<\/sub><\/td><\/tr><tr><td>572.7<\/td><td>Morfologia. Osteologia. Paleopatologia <br><sub><em><strong>Paleopatologia:<\/strong> estudis de la malaltia en el passat, especialment en \u00e8poques en que no existeixen fons documentals<\/em><br><em>Estudis d&#8217;anatomia antropol\u00f2gica &#8211; forma i estructura dels \u00e9ssers humans en relaci\u00f3 a l&#8217;origen de l&#8217; home i la diferenciaci\u00f3 en grups humans.<\/em><\/sub><\/td><\/tr><tr><td>572.9<\/td><td>Antropologia biol\u00f2gica aplicada <br><sub>Inclou<em> l&#8217; antropologia social i cultural que aniria al 39 (GT 04\/02\/04)<\/em><br><em>S\/pr inclou: Antropologia forense. Antropologia biosocial i cultural, sociobiologia , l&#8217; antropologia m\u00e8dica; l&#8217; antropologia criminal.<\/em><br><em>Les Ci\u00e8ncies forenses i la Medicina forense van al <\/em><strong>61<\/strong><br><em><strong>Antropologia forense<\/strong>: identificaci\u00f3 i causes de la morbiditat i mortalitat en restes humanes recents o prehist\u00f2riques<br><strong>Antropologia biosocial i cultural:<\/strong> antropologia biol\u00f2gica en relaci\u00f3 a altres disciplines<br><strong>Sociobiologia: <\/strong>bases biol\u00f2giques dels comportaments socials dels homes i animals<\/em><\/sub><\/td><\/tr><\/tbody><\/table><\/figure>\n\n\n\n<figure class=\"wp-block-table\"><table><tbody><tr><td><strong>573 <\/strong><\/td><td><strong>BIOLOGIA<\/strong><\/td><\/tr><tr><td>573 ()<\/td><td>Biologia general i te\u00f2rica<\/td><\/tr><tr><td>573.01<\/td><td>Biologia del desenvolupament<\/td><\/tr><tr><td>573.08<\/td><td>T\u00e8cniques, m\u00e8todes experimentals i equips <em>I manuals de laboratori<br><\/em><sub>De moment tamb\u00e9 hi posarem la inform\u00e0tica relacionada amb la biologia (GT 04\/02\/04)<\/sub><\/td><\/tr><tr><td>573.5<\/td><td>El problema de l&#8217;origen de la vida. La vida en altres planetes. Exobiologia<\/td><\/tr><tr><td>573.6<\/td><td>Biologia aplicada en general <em>Biotecnologia general<\/em><\/td><\/tr><\/tbody><\/table><\/figure>\n\n\n\n<figure class=\"wp-block-table\"><table><tbody><tr><td><strong>574<\/strong><\/td><td><strong>ECOLOGIA<\/strong><\/td><\/tr><tr><td>574<\/td><td>Manuals d&#8217;ecologia<\/td><\/tr><tr><td>574.01<\/td><td>Teoria ecol\u00f2gica <br><sub>Biologia ambiental, ecodin\u00e0mica, ecologia din\u00e0mica, f\u00edsica ambiental<\/sub><\/td><\/tr><tr><td>574.08<\/td><td>Ecologia aplicada <br><sub>Models matem\u00e0tics, simulaci\u00f3, metodologia, problemes, pr\u00e0ctiques<\/sub><\/td><\/tr><tr><td>574.2<\/td><td>Organismes i medi ambient <br><sub>N\u00ednxol. Condicions de l&#8217;h\u00e0bitat, l\u00edmits de toler\u00e0ncia; autoecologia, ecofisiologia dels organismes, resposta dels organismes als canvis de factors mediambientals, mecanismes de defensa i protecci\u00f3 dels organismes, aclimataci\u00f3, migraci\u00f3, nutrici\u00f3.<\/sub><\/td><\/tr><tr><td>574.2:58<\/td><td>Organismes vegetals i medi ambient<\/td><\/tr><tr><td>574.2:59<\/td><td>Organismes animals i medi ambient<\/td><\/tr><tr><td>574.3<\/td><td>Poblacions, comunitats i medi ambient <br><sub><em>Modes de formaci\u00f3 de poblacions, din\u00e0mica de les poblacions, biomassa i energia de les poblacions; ecologia associacional, sinecologia. <\/em><br><em>Densitat de poblaci\u00f3. Demografia. Competitivitat.<\/em><br><em>Interaccions bi\u00f2tiques&nbsp; &#8212; Biologia de poblacions&nbsp; &#8212;&nbsp; Interaccions plantes-animals&nbsp; &#8212;&nbsp; Ecologia evolutiva&nbsp; &#8212;&nbsp; Dinamica de poblacions<\/em><\/sub><\/td><\/tr><tr><td>574.3:58<\/td><td>Poblacions i comunitats vegetals i medi ambient <br><sub>Fitosociologia. Ecologia vegetal. Din\u00e0mica vegetal. Competitivitat<\/sub><\/td><\/tr><tr><td>574.3:59<\/td><td>Poblacions i comunitats animals i medi ambient <br><sub>Din\u00e0mica de poblacions animals<\/sub><\/td><\/tr><tr><td>574.4<\/td><td>Biocenosi i ecosistemes terrestres <br><sub><em>Ecologia d&#8217;una zona. Biodiversitat. Ecosistemes. Invasions. Cadenes aliment\u00e0ries. <\/em><br><em>Descripcions dels tipus de formacions diverses d&#8217;un lloc depenent del clima, el sol&#8230;<\/em><br><em>EX: Ecosistems tropicals, savana&#8230;)<\/em><\/sub><br><sub>Per a la <em>Biologia de la conservaci\u00f3<\/em> vegeu el 502.7<\/sub><\/td><\/tr><tr><td>574.4(1)<\/td><td>Ecosistemes urbans<\/td><\/tr><tr><td>574.4(21)<\/td><td>Ecosistemes de zones naturals i clim\u00e0tiques<\/td><\/tr><tr><td>574.4(23)<\/td><td>Ecosistemes de zones sobre el nivell del mar (muntanyes\u2026)<\/td><\/tr><tr><td>574.4(24)<\/td><td>Ecosistemes de zones sota el nivell del mar (coves\u2026)<\/td><\/tr><tr><td>574.4(25)<\/td><td>Ecosistemes de zones planes (estepa, sabana, maresmes\u2026)<\/td><\/tr><tr><td>574.4(253)<\/td><td>Ecosistemes forestals<\/td><\/tr><tr><td>574.4(262)<\/td><td>Ecosistemes de tipus mediterrani. <br><sub>Per als ecosistemes terrestres amb tipus de clima, vegetaci\u00f3, etc. de tipus mediterrani (ex: Xile, Calif\u00f2rnia, etc&#8230;.)<br>Els de la <strong>Mar<\/strong> Mediterr\u00e0nia van al 574.5(262)<\/sub><\/td><\/tr><tr><td><s>574.4(26)<\/s><\/td><td>No fer-los servir. <br>Els llibres han d&#8217;anar al 574.5 (=ecosistemes aqu\u00e0tics)<\/td><\/tr><tr><td><s>574.4(28)<\/s><\/td><td>No fer-los servir. <br>Els llibres han d&#8217;anar al 574.5 (=ecosistemes aqu\u00e0tics)<\/td><\/tr><tr><td>574.4(xxx)<\/td><td>Ecosistemes d&#8217;una zona, pa\u00eds\u2026<\/td><\/tr><tr><td>574.4.014<\/td><td>Cicles bioqu\u00edmics i biogeoqu\u00edmics<\/td><\/tr><tr><td>574.5<\/td><td>Biocenosi i ecosistemes aqu\u00e0tics. Hidrobiologia.&nbsp;Pl\u00e0ncton<\/td><\/tr><tr><td>574.5(26)<\/td><td>Ecosistemes marins i oce\u00e0nics<\/td><\/tr><tr><td>574.5(262)<\/td><td>Ecosistemes de la Mar Mediterr\u00e0nia <br><sub>Els ecosistemes terrestres de<strong> tipus<\/strong> mediterrani van al 574.4(262)<\/sub><\/td><\/tr><tr><td>574.5(28)<\/td><td>Ecosistemes d&#8217;aig\u00fces interiors. Limnologia<\/td><\/tr><tr><td>574.9<\/td><td>Biogeografia en general. Distribuci\u00f3 geogr\u00e0fica dels \u00e9ssers vius<\/td><\/tr><tr><td>574.9:58<\/td><td>Fitogeografia. Distribuci\u00f3 geogr\u00e0fica de les plantes <br><sub>Llistes de plantes d&#8217;una zona sense fer referencia a la descripci\u00f3 de les plantes. (Checklists, cat\u00e0legs&#8230;.)<br>Per a les descricpcions de les plantes d&#8217;un lloc concret que inclogui la descripci\u00f3 de la planta amb o sense la seva distribuci\u00f3 geogr\u00e0fica vegeu <strong>581.9(xx)<\/strong><\/sub><\/td><\/tr><tr><td>574.9:59<\/td><td>Zoogeografia. Distribuci\u00f3 geogr\u00e0fica dels animals <br><sub>Per a la Fauna d&#8217;un lloc concret vegeu el <strong>591.9(xx)<\/strong><\/sub><\/td><\/tr><\/tbody><\/table><\/figure>\n\n\n\n<figure class=\"wp-block-table\"><table><tbody><tr><td><strong>575<\/strong><\/td><td><strong>GEN\u00c8TICA<\/strong><\/td><\/tr><tr><td>575 ()<\/td><td>Gen\u00e8tica general. Citogen\u00e8tica general. Immunogen\u00e8tica. Evoluci\u00f3. Filog\u00e8nia<\/td><\/tr><tr><td>575:61<\/td><td>Gen\u00e8tica m\u00e8dica i humana<\/td><\/tr><tr><td>575.08<\/td><td>T\u00e8cniques, m\u00e8todes experimentals i equips<\/td><\/tr><tr><td>575.1 ()<\/td><td>Her\u00e8ncia<\/td><\/tr><tr><td>575.11 ()<\/td><td>Her\u00e8ncia nuclear<\/td><\/tr><tr><td>575.113 ()   <\/td><td>Gens. Aparell gen\u00e8tic. Genoma<\/td><\/tr><tr><td>575.116 ()<\/td><td>Codi gen\u00e8tic. Mapa de cromosomes<\/td><\/tr><tr><td>575.16 ()<\/td><td>Gen\u00e8tica del desenvolupament. Base gen\u00e8tica de l&#8217;ontog\u00e8nesi<\/td><\/tr><tr><td>575.17 ()<\/td><td>Gen\u00e8tica de poblacions. Processos gen\u00e8tics en poblacions<\/td><\/tr><tr><td>575.18 ()<\/td><td>Gen\u00e8tica del sexe. Determinaci\u00f3 gen\u00e8tica del sexe<\/td><\/tr><tr><td>575.2 ()<\/td><td>Variaci\u00f3<\/td><\/tr><tr><td>575.8 ()                <\/td><td>Evoluci\u00f3. Origen de les esp\u00e8cies. Filog\u00e8nia<\/td><\/tr><tr><td>575.82 ()<\/td><td>Factors de l&#8217; evoluci\u00f3<\/td><\/tr><tr><td>575.85 ()<\/td><td>Mecanisme de l&#8217; evoluci\u00f3 L&#8217; evoluci\u00f3 dels sistemes biol\u00f2gics<\/td><\/tr><tr><td>575.86 ()<\/td><td>Origen dels grups (taxons) d&#8217; organismes. Filog\u00e8nia<\/td><\/tr><\/tbody><\/table><\/figure>\n\n\n\n<figure class=\"wp-block-table\"><table><tbody><tr><td><strong>576 <\/strong><\/td><td><strong>BIOLOGIA CEL\u00b7LULAR<\/strong><\/td><\/tr><tr><td>576 ()<\/td><td>Biologia cel\u00b7lular i subcel\u00b7lular. Citologia<\/td><\/tr><tr><td>576.08 ()<\/td><td>T\u00e8cniques, m\u00e8todes experimentals i equips<\/td><\/tr><tr><td>576.31 ()<\/td><td>Morfologia cel\u00b7lular<\/td><\/tr><tr><td>576.311 ()<\/td><td>Citoplasma<\/td><\/tr><tr><td>576.314 ()   <\/td><td>Membrana cel\u00b7lular<\/td><\/tr><tr><td>576.315 ()<\/td><td>Nucli cel\u00b7lular en general<\/td><\/tr><tr><td>576.316 ()              <\/td><td>Cromosomes<\/td><\/tr><tr><td>576.32 ()<\/td><td>Activitat mec\u00e0nica de la c\u00e8l\u00b7lula. <br><em><sup>Inclou el 576.33 Sensibilitat i irritabilitat cel\u00b7lular<br>Incloe el 576.34 Metabolisme i nutrici\u00f3 cel\u00b7lular (ep 28\/3\/2<\/sup><\/em><sup><em>025)<\/em><\/sup><\/td><\/tr><tr><td>576.35 ()<\/td><td>Reproducci\u00f3 cel\u00b7lular. Divisi\u00f3 cel\u00b7lular<\/td><\/tr><tr><td>576.36 ()<\/td><td>Cicle vital de la c\u00e8l\u00b7lula<\/td><\/tr><tr><td>576.37 ()<\/td><td>Bases citol\u00f2giques de la reproducci\u00f3 d&#8217; organismes. multicel\u00b7lulars<\/td><\/tr><tr><td>576.38 ()<\/td><td>Altres tipus de funcions cel\u00b7lulars. Altres activitats cel\u00b7lulars<\/td><\/tr><tr><td>576.5 ()<\/td><td>Interaccions cel\u00b7lulars. Unions intercel\u00b7lulars. Comportament de les c\u00e8l\u00b7lules en cultius<\/td><\/tr><tr><td>576.6 ()<\/td><td>Citoecologia. Simbiosi de c\u00e8l\u00b7lules i d&#8217; organismes<\/td><\/tr><tr><td>576.7 ()<\/td><td>Teixits i \u00f2rgans com agrupacions cel\u00b7lulars<\/td><\/tr><tr><td>576.8 ()<\/td><td>Parasitologia<\/td><\/tr><\/tbody><\/table><\/figure>\n\n\n\n<figure class=\"wp-block-table\"><table><tbody><tr><td><strong>577 <\/strong><\/td><td><strong>BIOQU\u00cdMICA. BIOLOGIA MOLECULAR. BIOF\u00cdSICA<\/strong><\/td><\/tr><tr><td>577 ()<\/td><td>Bases materials de la vida. Bioqu\u00edmica. Biologia molecular. Biof\u00edsica<\/td><\/tr><tr><td>577.08 ()<\/td><td>T\u00e8cniques, m\u00e8todes experimentals i equips<\/td><\/tr><tr><td>577.1 ()<\/td><td>Bases qu\u00edmiques de la vida. Bioqu\u00edmica i qu\u00edmica bioorg\u00e0nica en general<\/td><\/tr><tr><td>577.11 ()<\/td><td>Bioqu\u00edmica est\u00e0tica. Biopol\u00edmers i altres subst\u00e0ncies d&#8217; inter\u00e8s biol\u00f2gic<\/td><\/tr><tr><td>577.112 ()<\/td><td>Prote\u00efnes<\/td><\/tr><tr><td>577.113 ()<\/td><td>\u00c0cids nucleics<\/td><\/tr><tr><td>577.114 ()<\/td><td>Hidrats de carboni<\/td><\/tr><tr><td>577.115 ()<\/td><td>L\u00edpids. Lipoides. Greixos. Subst\u00e0ncies greixoses<\/td><\/tr><tr><td>577.118 ()<\/td><td>Subst\u00e0ncies minerals i inorg\u00e0niques. Macroelements. Microelements. Elements tra\u00e7a i semi-tra\u00e7a<\/td><\/tr><tr><td>577.12 ()<\/td><td>Bioqu\u00edmica din\u00e0mica. Metabolisme de biopol\u00edmers i altres subst\u00e0ncies biol\u00f2gicament actives<br><sub>Nom\u00e9s els que van de Metabolisme en general. Per a cada element espec\u00edfic vegeu el 577.11x<\/sub><\/td><\/tr><tr><td>577.15 ()<\/td><td>Enzims. Catalitzadors de les reaccions biol\u00f2giques. Enzimologia<\/td><\/tr><tr><td>577.16 ()<\/td><td>Vitamines. Subst\u00e0ncies similars. Vitaminologia<\/td><\/tr><tr><td>577.17 ()<\/td><td>Hormones. Subst\u00e0ncies d&#8217; acci\u00f3 hormonal<\/td><\/tr><tr><td>577.2 ()<\/td><td>Bases moleculars de la vida. Biologia molecular<\/td><\/tr><tr><td>577.21 ()<\/td><td>Mecanismes moleculars de la codificaci\u00f3, emmagatzematge i expressi\u00f3 de la informaci\u00f3 heredit\u00e0ria. Gen\u00e8tica molecular. Biologia molecular del gen. Mecanisme molecular de la s\u00edntesi patr\u00f3 (Biopolimeritzaci\u00f3)<\/td><\/tr><tr><td>577.213 ()&nbsp;&nbsp;&nbsp;&nbsp;&nbsp;&nbsp;&nbsp;           <\/td><td>Duplicaci\u00f3 de la informaci\u00f3 heredit\u00e0ria. Replicaci\u00f3<\/td><\/tr><tr><td>577.25 ()<\/td><td>Mecanismes moleculars de la sensibilitat, recepci\u00f3 i resposta a l&#8217;estimul. Neurobiologia molecular<\/td><\/tr><tr><td>577.3 ()<\/td><td>Bases f\u00edsiques i fisicoqu\u00edmiques de la vida. Biof\u00edsica. Qu\u00edmica biof\u00edsica en general<\/td><\/tr><tr><td>577.5 ()<\/td><td>Neuroci\u00e8ncia<\/td><\/tr><\/tbody><\/table><\/figure>\n\n\n\n<figure class=\"wp-block-table\"><table><tbody><tr><td><strong>578<\/strong><\/td><td><strong>VIROLOGIA<\/strong><\/td><\/tr><tr><td>578.08<\/td><td>T\u00e8cniques, m\u00e8todes experimentals i equips<\/td><\/tr><\/tbody><\/table><\/figure>\n\n\n\n<figure class=\"wp-block-table\"><table><tbody><tr><td>5<strong>79 <\/strong><\/td><td><strong>MICROBIOLOGIA<\/strong><\/td><\/tr><tr><td>579 ()         <\/td><td>Microbiologia<\/td><\/tr><tr><td>579.08 ()                      <\/td><td>T\u00e8cniques, m\u00e8todes experimentals i equips<\/td><\/tr><tr><td>579.22 ()                              <\/td><td>Bioqu\u00edmica i fisiologia dels microorganismes<\/td><\/tr><tr><td>579.23 ()<\/td><td>Morfologia i citologia dels microorganismes. C\u00e8l\u00b7lules procariotes<\/td><\/tr><tr><td>579.24 ()<\/td><td>Creixement i desenvolupament de les c\u00e8l\u00b7lules microbianes<\/td><\/tr><tr><td>579.25 ()<\/td><td>Gen\u00e8tica microbiana<\/td><\/tr><tr><td>579.26 ()<\/td><td>Ecologia microbiana<\/td><\/tr><tr><td>579.61 ()<\/td><td>Microbiologia m\u00e8dica<\/td><\/tr><tr><td>579.62 ()<\/td><td>Microbiologia veterin\u00e0ria<\/td><\/tr><tr><td>579.63 ()                         <\/td><td>Microbiologia sanit\u00e0ria. Microbiologia en la sanitat p\u00fablica<\/td><\/tr><tr><td>579.64<\/td><td>Microbiologia del s\u00f2ls<\/td><\/tr><tr><td>579.65 ()<\/td><td>Microbiologia c\u00f2smica. Microbiologia de l&#8217;espai<\/td><\/tr><tr><td>579.66 ()                       <\/td><td>Microbiologia industrial i qu\u00edmica.<br><br><sub>Estudis generals sobre els microorganismes d&#8217; inter\u00e8s industrial i del seu \u00fas per a produir preparats terap\u00e8utics, subst\u00e0ncies qu\u00edmiques, etc.<br>&nbsp;<br>Microbiologia industrial, base fonamental de la biotecnologia, s\u2019inici\u00e0 a partir del desenvolupament de la producci\u00f3 de vi, vinagre, cervesa i sake i amb les fermentacions tradicionals de fongs usades a \u00c0sia i \u00c0frica per produir aliments (segons Biotecnologia: manual de microbiologia industrial de Wulf Crueger i Anneliese Crueger) que constituirien la biotecnologia tradicional<\/sub><\/td><\/tr><tr><td>579.67 ()<\/td><td>Microbiologia aliment\u00e0ria<\/td><\/tr><tr><td>579.68 ()<\/td><td>Microbiologia de l&#8217; aigua. Caracter\u00edstiques microbiol\u00f2giques i distribuci\u00f3 de les aig\u00fces naturals<\/td><\/tr><tr><td>579.8 ()<\/td><td>Classificaci\u00f3 i sistem\u00e0tica dels microorganismes<\/td><\/tr><\/tbody><\/table><\/figure>\n\n\n\n<figure class=\"wp-block-table\"><table><tbody><tr><td>\n<p class=\"rteright\"><span style=\"font-family: Verdana, Arial, Helvetica, sans-serif;font-size: xx-small\"><strong>Concreci\u00f3&nbsp;<\/strong><\/span><span style=\"font-family: Verdana, Arial, Helvetica, sans-serif;font-size: xx-small\"><strong>Revisada el 21\/06\/2012<\/strong><\/span><\/p>\n<\/td><\/tr><\/tbody><\/table><\/figure>\n","protected":false},"excerpt":{"rendered":"<p>CDU DESCRIPCI\u00d3 572 ANTROPOLOGIA BIOL\u00d2GICA 572.1 Origen i evoluci\u00f3 humana. Paleoantropologia Estudis sobre els or\u00edgens humans -inclou primats, hom\u00ednids i humans f\u00f2ssils- i sobre el proc\u00e9s evolutiu 572.2 Variabilitat de l&#8217; esp\u00e8cie humana. Grups humans Estudis sobre la variabilitat normal del cos hum\u00e0 en l&#8217;espai i en el temps. Difer\u00e8ncies heredit\u00e0ries en la hist\u00f2ria evolutiva [&hellip;]<\/p>\n","protected":false},"author":20,"featured_media":0,"parent":0,"menu_order":0,"comment_status":"closed","ping_status":"closed","template":"","meta":{"footnotes":""},"class_list":["post-45","page","type-page","status-publish","hentry"],"_links":{"self":[{"href":"https:\/\/webs.uab.cat\/recursosbct\/wp-json\/wp\/v2\/pages\/45","targetHints":{"allow":["GET"]}}],"collection":[{"href":"https:\/\/webs.uab.cat\/recursosbct\/wp-json\/wp\/v2\/pages"}],"about":[{"href":"https:\/\/webs.uab.cat\/recursosbct\/wp-json\/wp\/v2\/types\/page"}],"author":[{"embeddable":true,"href":"https:\/\/webs.uab.cat\/recursosbct\/wp-json\/wp\/v2\/users\/20"}],"replies":[{"embeddable":true,"href":"https:\/\/webs.uab.cat\/recursosbct\/wp-json\/wp\/v2\/comments?post=45"}],"version-history":[{"count":19,"href":"https:\/\/webs.uab.cat\/recursosbct\/wp-json\/wp\/v2\/pages\/45\/revisions"}],"predecessor-version":[{"id":690,"href":"https:\/\/webs.uab.cat\/recursosbct\/wp-json\/wp\/v2\/pages\/45\/revisions\/690"}],"wp:attachment":[{"href":"https:\/\/webs.uab.cat\/recursosbct\/wp-json\/wp\/v2\/media?parent=45"}],"curies":[{"name":"wp","href":"https:\/\/api.w.org\/{rel}","templated":true}]}}