{"id":46,"date":"2020-03-16T20:28:57","date_gmt":"2020-03-16T20:28:57","guid":{"rendered":"https:\/\/webs.uab.cat\/recursosbct\/58-2\/"},"modified":"2025-04-02T11:01:31","modified_gmt":"2025-04-02T11:01:31","slug":"58-2","status":"publish","type":"page","link":"https:\/\/webs.uab.cat\/recursosbct\/58-2\/","title":{"rendered":"58, BOT\u00c0NICA"},"content":{"rendered":"\n<figure class=\"wp-block-table taula\"><table><tbody><tr><td>CDU<\/td><td>DESCRIPCI\u00d3<\/td><\/tr><tr><td>58<\/td><td>Bot\u00e0nica<\/td><\/tr><tr><td>58.08<\/td><td>T\u00e8cniques, m\u00e8todes experimentals i equips<br><sub>Pr\u00e0ctiques, exercicis, etc.<\/sub><\/td><\/tr><tr><td>58\/59<\/td><td>Flora i fauna<\/td><\/tr><tr><td>581.1<\/td><td><p>Fisiologia vegetal. <em style=\"font-size: revert;font-family: inherit;font-weight: inherit;color: var(--color-negre);letter-spacing: 0.05rem\">Ecofisiologia<\/em><\/p><\/td><\/tr><tr><td>581.11<\/td><td>Circulaci\u00f3. Absorci\u00f3 i emissi\u00f3 de fluids.&nbsp;Sava<\/td><\/tr><tr><td>581.12<\/td><td>Catabolisme. Respiraci\u00f3<\/td><\/tr><tr><td>581.13<\/td><td><p>Assimilaci\u00f3. Nutrici\u00f3. Reserves. Secrecions. Metabolisme<\/p><sub>Fen\u00f2mens de transport. Fotos\u00edntesi<\/sub><\/td><\/tr><tr><td>581.14<\/td><td><p>Desenvolupament<\/p><sub>Diferenciaci\u00f3<\/sub><\/td><\/tr><tr><td>581.15<\/td><td><p>Variacions<\/p><sub>Mutacions. Gen\u00e8tica vegetal. Biotecnologia<\/sub><\/td><\/tr><tr><td>581.16<\/td><td><p>Reproducci\u00f3<\/p><p><em>Normal i &#8220;in vitro&#8221;<\/em><\/p><\/td><\/tr><tr><td>581.17<\/td><td>Fisiologia cel\u00b7lular<\/td><\/tr><tr><td>581.18<\/td><td>Moviments. Sensibilitat<\/td><\/tr><tr><td>581.19<\/td><td><p>Components qu\u00edmics de les plantes<\/p><sub>Bioqu\u00edmica de les plantes<\/sub><\/td><\/tr><tr><td>581.2<\/td><td><p>Malalties de les plantes. Patologia vegetal. Fitopatologia. Malformacions<\/p><sub>Per als documents sobre plagues de conreus, agricultura, etc.vegeu el <strong>632.<\/strong><br>En cas de dubte els posarem al <strong>58<\/strong><\/sub><\/td><\/tr><tr><td>581.3<\/td><td><p>Embriologia vegetal<\/p><sub>Ous. Pol\u00b7len i espores. Palinologia. Aerobiologia<\/sub><\/td><\/tr><tr><td>581.4<\/td><td>Morfologia vegetal. Anatomia vegetal<\/td><\/tr><tr><td>581.6<\/td><td><p>Bot\u00e0nica aplicada. Utilitzaci\u00f3 de les plantes. Tecnobot\u00e0nica. Bot\u00e0nica econ\u00f2mica<\/p><sub>Plantes medicinals, comestibles, arom\u00e0tiques\u2026<\/sub><\/td><\/tr><tr><td>581.8<\/td><td>Histologia vegetal<\/td><\/tr><tr><td>581.9 ()<\/td><td>Flora diversa d&#8217;un lloc determinat<br><sub>Descripcions (al\u00e7ada, forma de les fulles,.) de les plantes d&#8217;un lloc.<br>Obres que tracten tant la distribuci\u00f3 geogr\u00e0fica com la descripci\u00f3 de les plantes.Per a la Fitogeografia (llistes de plantes d&#8217;un lloc, sense descripci\u00f3 de les plantes) vegeu el <strong>574.9:58<\/strong><\/sub><\/td><\/tr><tr><td>582<\/td><td><p>Bot\u00e0nica sistem\u00e0tica<em>Taxonomia, classificaci\u00f3<br><\/em><\/p><sub>Per a la Flora d&#8217; un lloc (sense n\u00famero dins el 582) vegeu el <strong>581.9(xx)<\/strong><\/sub><\/td><\/tr><tr><td>582.21<\/td><td><p>Cript\u00f2games en general<\/p><sub>Inclou el 582.2x, i 582.3x ja que tamb\u00e9 son cript\u00f2games<\/sub><\/td><\/tr><tr><td>582.26<\/td><td>Algues. Ficologia. Algues marines.<\/td><\/tr><tr><td>582.28<\/td><td>Fongs (oomicets). Fongs vertaders. Micologia<\/td><\/tr><tr><td>582.29<\/td><td>L\u00edquens<\/td><\/tr><tr><td><s>582.32<\/s><\/td><td><s>Bri\u00f2fits. Molses i Hep\u00e0tiques. Briologia<\/s><br>Els llibres de Briologia estan tots al Fons de Briologia (Sala de Silenci)<\/td><\/tr><tr><td>582.35<\/td><td>Pterid\u00f2fits. Falgueres<\/td><\/tr><tr><td>582.4<\/td><td>Plantes amb llavor en general. Espermat\u00f2fites. Faner\u00f2games. Embri\u00f2fites. Sifon\u00f2games<\/td><\/tr><tr><td>582.42<\/td><td>Gimnospermes<\/td><\/tr><tr><td>582.5<\/td><td>Angiospermes<\/td><\/tr><tr><td>582.52<\/td><td>Monocotiled\u00f2nies<br><sub>Inclou el <strong>582.2x<\/strong>, i <strong>582.3x<\/strong> ja que tamb\u00e9 son cript\u00f2games<\/sub><\/td><\/tr><tr><td>582.61<\/td><td>Dicotiled\u00f2nies en general<\/td><\/tr><\/tbody><\/table><\/figure>\n\n\n\n<figure class=\"wp-block-table\"><table class=\"has-fixed-layout\"><tbody><tr><td colspan=\"2\"><strong><span class=\"text\"><a name=\"notes\"><\/a><\/span><\/strong><span class=\"text\">Notes:<\/span> <br>Qualsevol tema sobre una planta\/grup sistem\u00e0tic\/arbres en concret que tinguin un n\u00fam. dins el 582, el&nbsp;posarem al n\u00famero concret, 582.xxx<br>574.9:58 si \u00e9s la distribuci\u00f3 geogr\u00e0fica, els mapes del lloc\/s amb puntets indicant on es troba la planta dins d&#8217; aquella zona, o text sense cap descripci\u00f3 de la planta i nom\u00e9s indicant el lloc.<br>Ecosistemes, comunitats vegetals. Si fa descripci\u00f3 de les plantes al 58 i si nom\u00e9s explica el tipus de vegetaci\u00f3 que hi ha en aquell ecosistema el posarem al 574.xxx<br>Vegetaci\u00f3 i clima, Fitoclimatologia, Zones clim\u00e0tiques\u2026 els posem al 574.4xxxx (segons anotacions de J.Gascon a la CDU)<\/td><\/tr><tr><td colspan=\"2\"><span style=\"font-family: Verdana, Arial, Helvetica, sans-serif;font-size: xx-small\"><strong>Concreci\u00f3 <\/strong><\/span><span style=\"font-family: Verdana, Arial, Helvetica, sans-serif;font-size: xx-small\"><strong>Revisada el 21\/06\/2012<\/strong><\/span><\/td><\/tr><\/tbody><\/table><\/figure>\n","protected":false},"excerpt":{"rendered":"<p>CDU DESCRIPCI\u00d3 58 Bot\u00e0nica 58.08 T\u00e8cniques, m\u00e8todes experimentals i equipsPr\u00e0ctiques, exercicis, etc. 58\/59 Flora i fauna 581.1 Fisiologia vegetal. Ecofisiologia 581.11 Circulaci\u00f3. Absorci\u00f3 i emissi\u00f3 de fluids.&nbsp;Sava 581.12 Catabolisme. Respiraci\u00f3 581.13 Assimilaci\u00f3. Nutrici\u00f3. Reserves. Secrecions. Metabolisme Fen\u00f2mens de transport. Fotos\u00edntesi 581.14 Desenvolupament Diferenciaci\u00f3 581.15 Variacions Mutacions. Gen\u00e8tica vegetal. Biotecnologia 581.16 Reproducci\u00f3 Normal i &#8220;in vitro&#8221; [&hellip;]<\/p>\n","protected":false},"author":20,"featured_media":0,"parent":0,"menu_order":0,"comment_status":"closed","ping_status":"closed","template":"","meta":{"footnotes":""},"class_list":["post-46","page","type-page","status-publish","hentry"],"_links":{"self":[{"href":"https:\/\/webs.uab.cat\/recursosbct\/wp-json\/wp\/v2\/pages\/46","targetHints":{"allow":["GET"]}}],"collection":[{"href":"https:\/\/webs.uab.cat\/recursosbct\/wp-json\/wp\/v2\/pages"}],"about":[{"href":"https:\/\/webs.uab.cat\/recursosbct\/wp-json\/wp\/v2\/types\/page"}],"author":[{"embeddable":true,"href":"https:\/\/webs.uab.cat\/recursosbct\/wp-json\/wp\/v2\/users\/20"}],"replies":[{"embeddable":true,"href":"https:\/\/webs.uab.cat\/recursosbct\/wp-json\/wp\/v2\/comments?post=46"}],"version-history":[{"count":6,"href":"https:\/\/webs.uab.cat\/recursosbct\/wp-json\/wp\/v2\/pages\/46\/revisions"}],"predecessor-version":[{"id":676,"href":"https:\/\/webs.uab.cat\/recursosbct\/wp-json\/wp\/v2\/pages\/46\/revisions\/676"}],"wp:attachment":[{"href":"https:\/\/webs.uab.cat\/recursosbct\/wp-json\/wp\/v2\/media?parent=46"}],"curies":[{"name":"wp","href":"https:\/\/api.w.org\/{rel}","templated":true}]}}