{"id":47,"date":"2020-03-16T20:31:11","date_gmt":"2020-03-16T20:31:11","guid":{"rendered":"https:\/\/webs.uab.cat\/recursosbct\/59-2\/"},"modified":"2025-04-25T14:21:16","modified_gmt":"2025-04-25T14:21:16","slug":"59-2","status":"publish","type":"page","link":"https:\/\/webs.uab.cat\/recursosbct\/59-2\/","title":{"rendered":"59, ZOOLOGIA"},"content":{"rendered":"\n<figure class=\"wp-block-table\"><table><tbody><tr><td>CDU<\/td><td>Descripci\u00f3<\/td><\/tr><tr><td>59 ()<\/td><td>Zoologia<br><sub>Manuals generals de zoologia i col\u00b7leccions que conjuntament s\u00f3n manuals. Taxonomia nomenclatura<\/sub><\/td><\/tr><tr><td>59.08<\/td><td>Estris, animals.. de laboratori<\/td><\/tr><tr><td>591.5<\/td><td>H\u00e0bits dels animals. Comportament animal i medi ambient. Bionomia<\/td><\/tr><tr><td>591.51<\/td><td>Psicologia dels animals. Intel\u00b7lig\u00e8ncia animal. Instint<\/td><\/tr><tr><td>591.6<\/td><td>Zoologia econ\u00f2mica i aplicada. Par\u00e0sits<\/td><\/tr><tr><td>591.8<\/td><td>Histologia animal<\/td><\/tr><tr><td>591.9 ()<\/td><td>Fauna diversa d&#8217;un lloc determinat<br><sub>Per a la Zoogeografia vegeu el <strong>574.9:59<\/strong><\/sub><\/td><\/tr><tr><td>591.9(26)<\/td><td>Fauna marina<\/td><\/tr><tr><td>591.9(28)<\/td><td>Animals d&#8217;aigua dol\u00e7a<\/td><\/tr><tr><td>592<\/td><td>Invertebrats<\/td><\/tr><tr><td>593.1<\/td><td>Protozous<\/td><\/tr><tr><td>593.3<\/td><td>Celenterats<br><sub>Inclou 593.5-8 :cnidaris, antozous, coralls, hidrozous, p\u00f2lips, meduses, cten\u00f2fors, Por\u00edfers. Esponges\u2026<\/sub><\/td><\/tr><tr><td>593.9<\/td><td>Equinoderms<\/td><\/tr><tr><td>594<\/td><td>Mol\u00b7luscs<\/td><\/tr><tr><td>595.1<\/td><td>Verms. Cucs. Helmints<\/td><\/tr><tr><td>595.2<\/td><td>Artr\u00f2podes en general<\/td><\/tr><tr><td>595.3<\/td><td>Crustacis<\/td><\/tr><tr><td>595.4<\/td><td>Ar\u00e0cnids<\/td><\/tr><tr><td>595.5<\/td><td>Onic\u00f2fors<\/td><\/tr><tr><td>595.6<\/td><td>Miri\u00e0podes<\/td><\/tr><tr><td>595.7<\/td><td>Insectes (hex\u00e0pode). Entomologia<\/td><\/tr><tr><td>595.71<\/td><td>Apterigots. Col\u00b7l\u00e8mbols. Tisanurs<\/td><\/tr><tr><td>595.72<\/td><td>Ort\u00f2pters<\/td><\/tr><tr><td>595.73<\/td><td>Arqu\u00edpters<\/td><\/tr><tr><td>595.74<\/td><td>Neur\u00f2pters. Cris\u00f2pids. Mosques de les esponges d&#8217; aigua dol\u00e7a. Formigues lle\u00f3. Frig\u00e0nies<\/td><\/tr><tr><td>595.75<\/td><td>Hem\u00edpters<\/td><\/tr><tr><td>595.76<\/td><td>Cole\u00f2pters. Escarabats<\/td><\/tr><tr><td>595.77<\/td><td>D\u00edpters. Mosques<\/td><\/tr><tr><td>595.78<\/td><td>Lepid\u00f2pters<\/td><\/tr><tr><td>595.79<\/td><td>Himen\u00f2pters<\/td><\/tr><tr><td>596<\/td><td>Vertebrats. <em>Cordats<\/em><\/td><\/tr><tr><td>597<\/td><td>Peixos<\/td><\/tr><tr><td>598.1<\/td><td>R\u00e8ptils i \u00c0mfibis. Herpetologia<\/td><\/tr><tr><td><s>598.2 (anul\u00b7lat)<\/s><br><\/td><td><em>Aus. Ocells en general. Ornitologia.<\/em><br><br><sub>14\/03\/2024: Els llibres d&#8217;ocells els posem tots al Fons Lynx<br><em>A Alma porten:<\/em> <\/sub><br><sub><em>Localitzaci\u00f3 act10.<\/em><\/sub><br><sub><em>Nota interna 1: 12\/03\/2024: Document sobre ocells que passa de act00 a act10, per tal de tenir junts tots els llibres d&#8217;ocells al Fons Lynx<\/em><\/sub><br><sub><em>Al etiquetar-los els posarem la etiqueta Fons Lynx a la part superior de llom&nbsp;<\/em><\/sub><\/td><\/tr><tr><td>599 ()<\/td><td><strong>Mam\u00edfers<\/strong><\/td><\/tr><tr><td>599.1<\/td><td><strong>Prototeris. Mam\u00edfers ov\u00edpars<\/strong>. No placentats en general.<br><sub>Inclou: Equidnes. Ornitorrinc<\/sub><\/td><\/tr><tr><td>599.2<\/td><td><strong>Metateris. Diprotodonts. Mam\u00edfers metateris<\/strong><br><sub>Inclou: Marsupials. Cangur, ualabi, p\u00f2ssums. coala, uombat<\/sub><\/td><\/tr><tr><td>599.3<\/td><td><strong>Placentaris. Mam\u00edfers amb placenta<\/strong> : <br><sub>Folidots, m\u00e0nids, pangol\u00ed <br>Edentats: vermiling\u00fces, \u00f3s formiguer, peres\u00f3s, armadillo <br>Rosegadors. Lagomorfs: esquirols, ratolins, porc espins i similars. Llebres <br>Esciufomorfs, castorimorfs, anomalumorfs: esquirol, marmota, esquirol llistat, gosset de les praderies <br>Histricomorfs: porc espi, xinxilla, conill porqu\u00ed, capibara <br>Lagomorfs: llebre, conill, pica <br>Mam\u00edfers Insectivors <br>Soricomorfs. Erinaceomorfs: Talp, semanini, musaranya, eri\u00e7\u00f2, gimnur gros <br>Derm\u00f2pters. Galeopitecs: L\u00e8mur volador<\/sub><\/td><\/tr><tr><td>599.4<\/td><td><strong>Quir\u00f2pters. Ratapinyada<\/strong><br><sub>Inclou: megaquir\u00f2pter, pteropus (guineu voladora)<\/sub><\/td><\/tr><tr><td>599.5<\/td><td><strong>Cetacis i sirenis<\/strong><br><sub>Misticets: balena amb gep, balena blava, rorqual d&#8217;aleta blanca<\/sub><br><sub>Odontocets, cetacis provistos de dentadura: dofins, orca, catxalot, cap d&#8217;olla negre, beluga, marsopa <br>Sirenis, vaques marines: Dugong, manat\u00ed<\/sub><\/td><\/tr><tr><td>599.6<\/td><td><strong>Ungulats. Mam\u00edfers amb pe\u00fclla<\/strong>. Probiscidis. <br><sub>Elef\u00e0ntids: elefant, mamut Hiraco\u00efdeus. <br>Proc\u00e0vids: Dam\u00e0 <br>Tubulidentats. Oricterop\u00f2dids: Porc formiguer, oricterop<\/sub><\/td><\/tr><tr><td>599.7<\/td><td><strong>Perissod\u00e0ctils. Ungulats amb un nombre imparell de dits amb pe\u00fclla<\/strong><br><sub>Tapirs, rinoceronts<br>\u00c8quids: cavalls, zebra, somera, ase, mula, mul, somer\u00ed<br>Aritod\u00e0ctils: Ungulats amb un nombre parell de dits amb pe\u00fclla<br>No remugants: porcs, hipop\u00f2tams, p\u00e8caris, camells, dromedaris, llames<br>Remugants: c\u00e9rvol, uapit\u00ed, ren, ant, girafa, ocapi, bestiar bov\u00ed, b\u00fafal, bis\u00f3, bestiar ov\u00ed, cabra, mufl\u00f3, eland, gasela, ant\u00edlop<\/sub><\/td><\/tr><tr><td>599.74<\/td><td><strong>Mam\u00edfers Carn\u00edvors<\/strong><br><sub>C\u00e0nids, \u00farsids, Must\u00e8lids, Viv\u00e8rrids, Hi\u00e8nids, F\u00e8lids, Felins, Pinn\u00edpedes, Carnivors marins, Ot\u00e0rids, F\u00f2cids<\/sub><\/td><\/tr><tr><td>599.8<\/td><td><strong>Primats<\/strong><br><sub>Prosimis, T\u00e0rdisd, Lor\u00edsids, Queirogaleids, Lem\u00farids, \u00cdndrids, Antropoides, Monos, Calitr\u00edcids, C\u00e8bids, Cercopit\u00e8cids, Hilob\u00e0tids, P\u00f2ngids, Monos Antropoides<\/sub><\/td><\/tr><\/tbody><\/table><\/figure>\n\n\n\n<figure class=\"wp-block-table\"><table><tbody><tr><td colspan=\"2\"><span style=\"font-family: Verdana, Arial, Helvetica, sans-serif;font-size: xx-small\"><strong>Concreci\u00f3 <\/strong><\/span><span style=\"font-family: Verdana, Arial, Helvetica, sans-serif;font-size: xx-small\"><strong>Revisada el 10\/09\/2024<\/strong><\/span><\/td><\/tr><\/tbody><\/table><\/figure>\n","protected":false},"excerpt":{"rendered":"<p>CDU Descripci\u00f3 59 () ZoologiaManuals generals de zoologia i col\u00b7leccions que conjuntament s\u00f3n manuals. Taxonomia nomenclatura 59.08 Estris, animals.. de laboratori 591.5 H\u00e0bits dels animals. Comportament animal i medi ambient. Bionomia 591.51 Psicologia dels animals. Intel\u00b7lig\u00e8ncia animal. Instint 591.6 Zoologia econ\u00f2mica i aplicada. Par\u00e0sits 591.8 Histologia animal 591.9 () Fauna diversa d&#8217;un lloc determinatPer a [&hellip;]<\/p>\n","protected":false},"author":20,"featured_media":0,"parent":0,"menu_order":0,"comment_status":"closed","ping_status":"closed","template":"","meta":{"footnotes":""},"class_list":["post-47","page","type-page","status-publish","hentry"],"_links":{"self":[{"href":"https:\/\/webs.uab.cat\/recursosbct\/wp-json\/wp\/v2\/pages\/47","targetHints":{"allow":["GET"]}}],"collection":[{"href":"https:\/\/webs.uab.cat\/recursosbct\/wp-json\/wp\/v2\/pages"}],"about":[{"href":"https:\/\/webs.uab.cat\/recursosbct\/wp-json\/wp\/v2\/types\/page"}],"author":[{"embeddable":true,"href":"https:\/\/webs.uab.cat\/recursosbct\/wp-json\/wp\/v2\/users\/20"}],"replies":[{"embeddable":true,"href":"https:\/\/webs.uab.cat\/recursosbct\/wp-json\/wp\/v2\/comments?post=47"}],"version-history":[{"count":13,"href":"https:\/\/webs.uab.cat\/recursosbct\/wp-json\/wp\/v2\/pages\/47\/revisions"}],"predecessor-version":[{"id":707,"href":"https:\/\/webs.uab.cat\/recursosbct\/wp-json\/wp\/v2\/pages\/47\/revisions\/707"}],"wp:attachment":[{"href":"https:\/\/webs.uab.cat\/recursosbct\/wp-json\/wp\/v2\/media?parent=47"}],"curies":[{"name":"wp","href":"https:\/\/api.w.org\/{rel}","templated":true}]}}