{"id":48,"date":"2020-03-16T20:33:32","date_gmt":"2020-03-16T20:33:32","guid":{"rendered":"https:\/\/webs.uab.cat\/recursosbct\/61-2\/"},"modified":"2025-05-19T12:37:43","modified_gmt":"2025-05-19T12:37:43","slug":"61-2","status":"publish","type":"page","link":"https:\/\/webs.uab.cat\/recursosbct\/61-2\/","title":{"rendered":"61, MEDICINA"},"content":{"rendered":"\n<figure class=\"wp-block-table taula\"><table><tbody><tr><td>CDU<\/td><td>DESCRIPCI\u00d3<\/td><\/tr><tr><td>61 ()<\/td><td><p>Medicina<\/p><sub>Inclou les Ci\u00e8ncies forenses: medicina forense i la medicina legal<\/sub><\/td><\/tr><tr><td>611 ()<\/td><td>Anatomia humana i comparada<\/td><\/tr><tr><td>611-012 ()         <\/td><td>Teratologia. Malformacions. Monstres. Anomalies. Teratog\u00e8nia. Bessons siamesos. Fetus in foetu<\/td><\/tr><tr><td>611-013 ()        <\/td><td>Embriologia<\/td><\/tr><tr><td>611-018 ()<\/td><td>Histologia. Histog\u00e8nesi. Estructura, formaci\u00f3 i diferenciaci\u00f3 dels teixits<\/td><\/tr><tr><td>612 ()<\/td><td>Fisiologia humana i comparada<\/td><\/tr><tr><td>612.017 ()<\/td><td>Immunologia<\/td><\/tr><tr><td>612.1 ()<\/td><td>Sang. Sistema cardiovascular i circulatori<\/td><\/tr><tr><td>612.2 ()<\/td><td>Respiraci\u00f3. Sistema respiratori<\/td><\/tr><tr><td>612.3 ()&nbsp;<\/td><td>Alimentaci\u00f3. Digesti\u00f3. Nutrici\u00f3<\/td><\/tr><tr><td>612.5 ()<\/td><td>Calor animal. Processos termals<\/td><\/tr><tr><td>612.6 ()<\/td><td>Reproducci\u00f3. Creixement. Desenvolupament<\/td><\/tr><tr><td>612.7 ()<\/td><td>Funcions motores. \u00d2rgans de la locomoci\u00f3. Veu. Pell<\/td><\/tr><tr><td>612.8 ()<\/td><td>Sistema nervi\u00f3s. \u00d2rgans dels sentits<\/td><\/tr><tr><td>612.821 ()<\/td><td>Psicologia fisiol\u00f2gica i de la conducta<\/td><\/tr><tr><td>614 ()<\/td><td>Salut i Higiene. Prevenci\u00f3 d&#8217; accidents en general<br><sub>Inclou tot el que aniria al <strong>613<\/strong>: Higiene i salut p\u00fablica.<br>Els accidents de laboratori van al <strong>542<\/strong><\/sub><\/td><\/tr><tr><td>615 ()<\/td><td>Farmacologia. Terap\u00e8utica. Toxicologia<\/td><\/tr><tr><td>615.1 ()<\/td><td>Farm\u00e0cia general i professional<\/td><\/tr><tr><td>615.2 ()<\/td><td>Els medicaments segons la seva acci\u00f3 principal<\/td><\/tr><tr><td>615.3 ()<\/td><td>Els medicaments segons el seu origen<\/td><\/tr><tr><td>615.4 ()<\/td><td>Preparats farmac\u00e8utics. Material m\u00e8dic. Equip<\/td><\/tr><tr><td>615.8 ()<\/td><td>Fisioter\u00e0pia. Ter\u00e0pia f\u00edsica. Radioter\u00e0pia. Altres tractaments terap\u00e8utics (no medicinals)<\/td><\/tr><tr><td>615.9 ()<\/td><td>Toxicologia general. Estudis generals sobre verins i intoxicacions<\/td><\/tr><tr><td>616 ()<\/td><td>Patologia. Medicina cl\u00ednica<\/td><\/tr><tr><td>616-001 ()                    <\/td><td>Traumatismes. Ferides<\/td><\/tr><tr><td>616-002 ()                <\/td><td>Inflamaci\u00f3. Irritaci\u00f3. Hiper\u00e8mia. Congesti\u00f3 mucosa<\/td><\/tr><tr><td>616-006 ()<\/td><td>Tumors. Neoplasmes. Blastomes. Coristomes. Oncologia<\/td><\/tr><tr><td>616-007 ()&nbsp;<\/td><td>Desenvolupament estructural defectu\u00f3s. Deformitats fisiol\u00f2giques. Malformacions. \u00d2rgans de dimensions excessives o escasses. Teratologia. Monstres. Anormalitats<\/td><\/tr><tr><td>616-008 ()<\/td><td>Trastorns funcionals i metab\u00f2lics<\/td><\/tr><tr><td>616-02 ()<\/td><td>Etiologia. Ci\u00e8ncia de les causes de les malalties<\/td><\/tr><tr><td>616-03 ()<\/td><td>Formes diverses de les malalties, el seu tractament i l&#8217; administraci\u00f3 del medicaments<\/td><\/tr><tr><td>616-05 ()<\/td><td>Persones i caracter\u00edstiques personals en patologia. Caracter\u00edstiques del pacient<\/td><\/tr><tr><td>616-06 ()<\/td><td>Complicacions. Conseq\u00fc\u00e8ncies. Repercussions. Coexist\u00e8ncia. Correlaci\u00f3. Malalties pr\u00e8vies. Estat de salut previ. Antagonisme entre dues malalties<\/td><\/tr><tr><td>616-07 ()<\/td><td>Semiologia. Simptomatologia. Signes i s\u00edmptomes. Exploraci\u00f3. Diagn\u00f2stic. Proped\u00e8utica<\/td><\/tr><tr><td>616-08 ()<\/td><td>Tractament<\/td><\/tr><tr><td>616.1 ()<\/td><td>Patologia del sistema circulatori, dels vasos sanguinis. Trastorns cardiovasculars<\/td><\/tr><tr><td>616.2 ()<\/td><td>Patologia de l&#8217; aparell respiratori. Malalties dels \u00f2rgans respiratoris<\/td><\/tr><tr><td>616.3 ()<\/td><td>Patologia de l&#8217; aparell digestiu. Malalties del canal alimentari<\/td><\/tr><tr><td>616.4 ()<\/td><td>Patologia del sistema limf\u00e0tic, \u00f2rgans hematopo\u00e8tics, endocrins<\/td><\/tr><tr><td>616.5 ()<\/td><td>Pell. Dermatologia cl\u00ednica. Malalties de la pell<\/td><\/tr><tr><td>616.6 ()<\/td><td>Patologia del sistema genito-urinari de l&#8217;home. Malalties urin\u00e0ries i sexuals de l&#8217;home<br><sub>La patologia sexual de la dona va al 618<\/sub><\/td><\/tr><tr><td>616.7 ()<\/td><td>Patologia dels \u00f2rgans de la locomoci\u00f3. Sistema locomotor i esquel\u00e8tic<\/td><\/tr><tr><td>616.8 ()<\/td><td>Neurologia. Neuropatologia. Sistema nervi\u00f3s<\/td><\/tr><tr><td>616.9 ()<\/td><td>Malalties transmissibles.<\/td><\/tr><tr><td>617 ()<\/td><td>Cirurgia. Ortop\u00e8dia. Oftalmologia<\/td><\/tr><tr><td>618 ()<\/td><td>Ginecologia. Obstetr\u00edcia<br><sub>La patologia sexual de l&#8217;home va al 616.6<\/sub><\/td><\/tr><\/tbody><\/table><\/figure>\n\n\n\n<figure class=\"wp-block-table\"><table class=\"has-fixed-layout\"><tbody><tr><td colspan=\"2\"><span style=\"font-family: Verdana, Arial, Helvetica, sans-serif;font-size: xx-small\"><strong>Concreci\u00f3 <\/strong><\/span><span style=\"font-family: Verdana, Arial, Helvetica, sans-serif;font-size: xx-small\"><strong>Revisada el 21\/06\/2012<\/strong><\/span><\/td><\/tr><\/tbody><\/table><\/figure>\n","protected":false},"excerpt":{"rendered":"<p>CDU DESCRIPCI\u00d3 61 () Medicina Inclou les Ci\u00e8ncies forenses: medicina forense i la medicina legal 611 () Anatomia humana i comparada 611-012 () Teratologia. Malformacions. Monstres. Anomalies. Teratog\u00e8nia. Bessons siamesos. Fetus in foetu 611-013 () Embriologia 611-018 () Histologia. Histog\u00e8nesi. Estructura, formaci\u00f3 i diferenciaci\u00f3 dels teixits 612 () Fisiologia humana i comparada 612.017 () Immunologia [&hellip;]<\/p>\n","protected":false},"author":20,"featured_media":0,"parent":0,"menu_order":0,"comment_status":"closed","ping_status":"closed","template":"","meta":{"footnotes":""},"class_list":["post-48","page","type-page","status-publish","hentry"],"_links":{"self":[{"href":"https:\/\/webs.uab.cat\/recursosbct\/wp-json\/wp\/v2\/pages\/48","targetHints":{"allow":["GET"]}}],"collection":[{"href":"https:\/\/webs.uab.cat\/recursosbct\/wp-json\/wp\/v2\/pages"}],"about":[{"href":"https:\/\/webs.uab.cat\/recursosbct\/wp-json\/wp\/v2\/types\/page"}],"author":[{"embeddable":true,"href":"https:\/\/webs.uab.cat\/recursosbct\/wp-json\/wp\/v2\/users\/20"}],"replies":[{"embeddable":true,"href":"https:\/\/webs.uab.cat\/recursosbct\/wp-json\/wp\/v2\/comments?post=48"}],"version-history":[{"count":7,"href":"https:\/\/webs.uab.cat\/recursosbct\/wp-json\/wp\/v2\/pages\/48\/revisions"}],"predecessor-version":[{"id":768,"href":"https:\/\/webs.uab.cat\/recursosbct\/wp-json\/wp\/v2\/pages\/48\/revisions\/768"}],"wp:attachment":[{"href":"https:\/\/webs.uab.cat\/recursosbct\/wp-json\/wp\/v2\/media?parent=48"}],"curies":[{"name":"wp","href":"https:\/\/api.w.org\/{rel}","templated":true}]}}