{"id":51,"date":"2020-03-16T22:04:30","date_gmt":"2020-03-16T22:04:30","guid":{"rendered":"https:\/\/webs.uab.cat\/recursosbct\/65-2\/"},"modified":"2025-03-13T17:50:44","modified_gmt":"2025-03-13T17:50:44","slug":"65-2","status":"publish","type":"page","link":"https:\/\/webs.uab.cat\/recursosbct\/65-2\/","title":{"rendered":"65, GESTI\u00d3 I ORGANITZACI\u00d3 D&#8217; EMPRESES"},"content":{"rendered":"\n<figure class=\"wp-block-table\"><table><tbody><tr><td>CDU<\/td><td>DESCRIPCI\u00d3<\/td><\/tr><tr><td><strong>65<\/strong><\/td><td>Gesti\u00f3 i organitzaci\u00f3 de la ind\u00fastria, el comer\u00e7 i les comunicacions<\/td><\/tr><tr><td><strong>656<\/strong><\/td><td>Gesti\u00f3 del transport (inclou la gesti\u00f3 aeron\u00e0utica)<\/td><\/tr><tr><td><strong>658<\/strong>&nbsp;<\/td><td>Administraci\u00f3 d&#8217; empreses. Organitzaci\u00f3 comercial<\/td><\/tr><tr><td><strong>658.1<\/strong><\/td><td>Classes d&#8217; empreses. Finances<\/td><\/tr><tr><td><strong>658.2<\/strong><\/td><td>Instal\u00b7lacions. Edificis. F\u00e0briques. Materials<\/td><\/tr><tr><td><strong>658.3<\/strong><\/td><td>Personal. Relacions humanes a l&#8217; empresa<\/td><\/tr><tr><td><strong>658.5<\/strong><\/td><td> Planificaci\u00f3 i control de la producci\u00f3<\/td><\/tr><\/tbody><\/table><\/figure>\n\n\n\n<p><span style=\"font-family: Verdana, Arial, Helvetica, sans-serif;font-size: xx-small\"><strong>Concreci\u00f3&nbsp;Revisada el 21\/06\/2012<\/strong><\/span><\/p>\n","protected":false},"excerpt":{"rendered":"<p>CDU DESCRIPCI\u00d3 65 Gesti\u00f3 i organitzaci\u00f3 de la ind\u00fastria, el comer\u00e7 i les comunicacions 656 Gesti\u00f3 del transport (inclou la gesti\u00f3 aeron\u00e0utica) 658&nbsp; Administraci\u00f3 d&#8217; empreses. Organitzaci\u00f3 comercial 658.1 Classes d&#8217; empreses. Finances 658.2 Instal\u00b7lacions. Edificis. F\u00e0briques. Materials 658.3 Personal. Relacions humanes a l&#8217; empresa 658.5 Planificaci\u00f3 i control de la producci\u00f3 Concreci\u00f3&nbsp;Revisada el 21\/06\/2012<\/p>\n","protected":false},"author":20,"featured_media":0,"parent":0,"menu_order":0,"comment_status":"closed","ping_status":"closed","template":"","meta":{"footnotes":""},"class_list":["post-51","page","type-page","status-publish","hentry"],"_links":{"self":[{"href":"https:\/\/webs.uab.cat\/recursosbct\/wp-json\/wp\/v2\/pages\/51","targetHints":{"allow":["GET"]}}],"collection":[{"href":"https:\/\/webs.uab.cat\/recursosbct\/wp-json\/wp\/v2\/pages"}],"about":[{"href":"https:\/\/webs.uab.cat\/recursosbct\/wp-json\/wp\/v2\/types\/page"}],"author":[{"embeddable":true,"href":"https:\/\/webs.uab.cat\/recursosbct\/wp-json\/wp\/v2\/users\/20"}],"replies":[{"embeddable":true,"href":"https:\/\/webs.uab.cat\/recursosbct\/wp-json\/wp\/v2\/comments?post=51"}],"version-history":[{"count":5,"href":"https:\/\/webs.uab.cat\/recursosbct\/wp-json\/wp\/v2\/pages\/51\/revisions"}],"predecessor-version":[{"id":656,"href":"https:\/\/webs.uab.cat\/recursosbct\/wp-json\/wp\/v2\/pages\/51\/revisions\/656"}],"wp:attachment":[{"href":"https:\/\/webs.uab.cat\/recursosbct\/wp-json\/wp\/v2\/media?parent=51"}],"curies":[{"name":"wp","href":"https:\/\/api.w.org\/{rel}","templated":true}]}}