{"id":53,"date":"2020-03-16T22:07:48","date_gmt":"2020-03-16T22:07:48","guid":{"rendered":"https:\/\/webs.uab.cat\/recursosbct\/68-2\/"},"modified":"2025-04-29T17:37:43","modified_gmt":"2025-04-29T17:37:43","slug":"68-2","status":"publish","type":"page","link":"https:\/\/webs.uab.cat\/recursosbct\/68-2\/","title":{"rendered":"68, INFORM\u00c0TICA\u00a0"},"content":{"rendered":"\n<figure class=\"wp-block-table taula\"><table><tbody><tr><td>CDU<\/td><td>DESCRIPCI\u00d3<\/td><\/tr><tr><td><span>681.3 A.0<\/span><\/td><td><span>Bibliografia general: congressos, etc.<\/span><\/td><\/tr><tr><td>681.3 A.1.0<\/td><td>Bibliografia introduct\u00f2ria i panor\u00e0mica<\/td><\/tr><tr><td>681.3 A.2<\/td><td>Bibliografia de refer\u00e8ncia<\/td><\/tr><tr><td>681.3 B.0<\/td><td>Maquin\u00e0ria (hardware)<br><sub>Arquitectura de computadors<\/sub><\/td><\/tr><tr><td>681.3 B.1.0<\/td><td>Estructures de control i microprogramaci\u00f3<br><sub>Estils de disseny &#8211; An\u00e0lisi del rendiment i ajudes al disseny &#8211; Fiabilitat, proves i toler\u00e0ncia d&#8217;avaries &#8211; Ajudes al disseny de microprogrames &#8211; Aplicacions dels microcodis<\/sub><\/td><\/tr><tr><td>681.3 B.3.0<\/td><td>Estructures de mem\u00f2ria<br><sub>Estils de disseny &#8211; An\u00e0lisi del rendiment i ajudes al disseny &#8211; Fiabilitat, proves i toler\u00e0ncia d&#8217;avaries<\/sub><\/td><\/tr><tr><td>681.3 B.4.0<\/td><td>Entrada\/sortida i comunicacions de dades<br><sub>Dispositius de comunicacions de dades &#8211; Dispositius d&#8217; entrada\/sortida &#8211; Interconnexions (subsistemes) &#8211; An\u00e0lisi del rendiment i ajudes al disseny &#8211; Fiabilitat, proves i toler\u00e0ncia d&#8217; avaries<\/sub><\/td><\/tr><tr><td><span style=\"color: #000000\">681.3 B.6.0<\/span><\/td><td><span style=\"color: #000000\">Disseny de circuits l\u00f2gics<\/span><br><em><strong><span style=\"color: #ff0000\"><sub>Nom\u00e9s posarem en aquest n\u00famero els llibres que veiem que no poden anar al 62<\/sub><\/span><\/strong><\/em><\/td><\/tr><tr><td><span style=\"color: #000000\">681.3 B.6.1<\/span><\/td><td><span style=\"color: #000000\">Estils de disseny<\/span><br><em><strong><span style=\"color: #ff0000\"><sub>Nom\u00e9s posarem en aquest n\u00famero els llibres que veiem que no poden anar al 62<\/sub><\/span><\/strong><\/em><\/td><\/tr><tr><td>\n<p><span style=\"color: #000000\">681.3 B.6.3<\/span><\/p>\n<\/td><td><span style=\"color: #000000\">Ajudes al disseny<\/span><br><em><strong><span style=\"color: #ff0000\"><sub>Nom\u00e9s posarem en aquest n\u00famero els llibres que veiem que no poden anar al 62<\/sub><\/span><\/strong><\/em><\/td><\/tr><tr><td><strong><span style=\"color: #000000\">681.3 B.7.0<\/span><\/strong><\/td><td><span style=\"color: #000000\">Circuits integrats<\/span>. Ajudes al disseny &#8211; Fiabilitat i proves<br><em><strong><span style=\"color: #ff0000\"><sub>Nom\u00e9s posarem en aquest n\u00famero els llibres que veiem que no poden anar al 62<\/sub><\/span><\/strong><\/em><\/td><\/tr><tr><td>\n<p><span style=\"color: #000000\">681.3 B.7.1<\/span><\/p>\n<\/td><td><span style=\"color: #000000\">Tipus i estils de disseny<\/span><br><em><strong><span style=\"color: #ff0000\"><sub>Nom\u00e9s posarem en aquest n\u00famero els llibres que veiem que no poden anar al 62<\/sub><\/span><\/strong><\/em><\/td><\/tr><tr><td>681.3 B.8.0<\/td><td>Performance and reliability<br><sub>Reliability, testing and fault-tolerance &#8211; Performance analysis and design aids<\/sub><\/td><\/tr><tr><td>681.3 C.0<\/td><td>Organitzaci\u00f3 de sistemes inform\u00e0tics<\/td><\/tr><tr><td>681.3 C.1.0<\/td><td>Arquitectures de processadors<\/td><\/tr><tr><td>681.3 C.1.1<\/td><td>Arquitectures de flux simple (uniprocessadors)<\/td><\/tr><tr><td>681.3 C.1.2<\/td><td>Arquitectures de flux m\u00faltiple (multiprocessadors)<\/td><\/tr><tr><td>681.3 C.1.3<\/td><td>Altres arquitectures (llenguatges d&#8217; alt nivell)<br><sub>Disseny d&#8217; Aplicacions per a Mobils<br>ACM: Cellular architecture (e.g., mobile) (afegit per Ester 12\/01\/2012)<\/sub><\/td><\/tr><tr><td>681.3 C.1.4<\/td><td>Arquitectures paral\u00b7leles<\/td><\/tr><tr><td><strong>681.3 C.2.0 Nom del Programa<\/strong><\/td><td>Xarxes teleinform\u00e0tiques<\/td><\/tr><tr><td>681.3 C.2.1<\/td><td>Arquitectura i disseny de xarxes<\/td><\/tr><tr><td>681.3 C.2.2<\/td><td>Protocols de xarxes<\/td><\/tr><tr><td>681.3 C.2.3<\/td><td>Explotaci\u00f3 de xarxes<\/td><\/tr><tr><td>681.3 C.2.4<\/td><td>Sistemes distribu\u00efts<\/td><\/tr><tr><td>681.3 C.2.5<\/td><td>Xarxes locals i d&#8217;\u00e0rea \u00e0mplia<br><sub>ACM (12\/12\/12):Busos<br>Ethernet (per exemple, CSMA \/ CD)<br>D&#8217;alta velocitat (per exemple, FDDI, fibra canal, ATM)<br>Internet (per exemple, TCP \/ IP)<br>Anells Token<\/sub><\/td><\/tr><tr><td>681.3 C.2.6<\/td><td>Internetworking<\/td><\/tr><tr><td>681.3 C.3.0<\/td><td>Sistemes espec\u00edfics i lligats a aplicacions<\/td><\/tr><tr><td>681.3 C.4.0<\/td><td>Rendiment de sistemes<\/td><\/tr><tr><td>681.3 C.5.0<\/td><td>Implementaci\u00f3<br><sub><em>Ordinadors grans i mitjans &#8211; Miniordinadors &#8211; Microordinadors &#8211; Sistemes VLSI &#8211; Servidor<\/em>s<\/sub><\/td><\/tr><tr><td>681.3 D.0<\/td><td>Programari, software<\/td><\/tr><tr><td>681.3 D.1.0<\/td><td>T\u00e8cniques de programaci\u00f3<\/td><\/tr><tr><td>681.3 D.1.1<\/td><td>Programaci\u00f3 aplicativa (funcional<\/td><\/tr><tr><td>681.3 D.1.2<\/td><td>Programaci\u00f3 autom\u00e0tica<\/td><\/tr><tr><td>681.3 D.1.3<\/td><td>Programaci\u00f3 concurrent (paral\u00b7lela)<\/td><\/tr><tr><td>681.3 D.1.4<\/td><td>Programaci\u00f3 seq\u00fcencial<\/td><\/tr><tr><td>681.3 D.1.5<\/td><td>Programaci\u00f3 orientada a l&#8217;objecte<\/td><\/tr><tr><td>681.3 D.1.6<\/td><td>Programaci\u00f3 l\u00f2gica<\/td><\/tr><tr><td>681.3 D.1.7<\/td><td>Programaci\u00f3 visual<\/td><\/tr><tr><td>681.3 D.2.0<\/td><td>Enginyeria del software: generalitats<\/td><\/tr><tr><td>681.3 D.2.1<\/td><td>Requeriments \/ especificacions<\/td><\/tr><tr><td>681.3 D.2.2<\/td><td>Eines i t\u00e8cniques de disseny<\/td><\/tr><tr><td>681.3 D.2.3<\/td><td>Codificaci\u00f3<\/td><\/tr><tr><td>681.3 D.2.4<\/td><td>Verificaci\u00f3 de programes<\/td><\/tr><tr><td>681.3 D.2.5<\/td><td>Proves i desbrossament<\/td><\/tr><tr><td>681.3 D.2.6<\/td><td>Entorn de programaci\u00f3<\/td><\/tr><tr><td>681.3 D.2.7<\/td><td>Distribuci\u00f3 i manteniment<\/td><\/tr><tr><td>681.3 D.2.8<\/td><td>M\u00e8triques<\/td><\/tr><tr><td>681.3 D.2.9<\/td><td>Gesti\u00f3<\/td><\/tr><tr><td>681.3 D.2.10<\/td><td>Disseny<\/td><\/tr><tr><td>681.3 D.2.11<\/td><td>Arquitectures del software<\/td><\/tr><tr><td>681.3 D.2.12<\/td><td>Interoperabilitat<\/td><\/tr><tr><td>681.3 D.2.13<\/td><td>Software reutilitzable<\/td><\/tr><tr><td><strong>681.3 D.3.0<\/strong><\/td><td>Llenguatges de programaci\u00f3: generalitats<\/td><\/tr><tr><td>681.3 D.3.2<\/td><td>Classificacions de llenguatges<\/td><\/tr><tr><td>681.3 D.3.2&nbsp;<strong>Nom del Programa<\/strong><\/td><td>Classificacions de llenguatges<\/td><\/tr><tr><td>681.3 D.3.3<\/td><td>Construccions de llenguatge<\/td><\/tr><tr><td>681.3 D.3.4<\/td><td>Processadors (compiladors, int\u00e8rprets)<\/td><\/tr><tr><td>681.3 D.4.0<\/td><td>Sistemes operatius<br><sub>Gesti\u00f3 de processos &#8211; Gesti\u00f3 de mem\u00f2ria &#8211; Gesti\u00f3 de fitxers &#8211; Gesti\u00f3 de comunicacions &#8211; Fiabilitat &#8211; Rendiment<\/sub><\/td><\/tr><tr><td>681.3 D.4.6<\/td><td>Seguretat i protecci\u00f3<\/td><\/tr><tr><td>681.3 D.4.7<\/td><td>Organitzaci\u00f3 i disseny<\/td><\/tr><tr><td>681.3 D.4.9<\/td><td>Programes i utilitats<\/td><\/tr><tr><td>681.3 D.4.9&nbsp;<strong>Nom del Programa<\/strong><\/td><td>Programes i utilitats<\/td><\/tr><tr><td>681.3 E.0<\/td><td>General dades<\/td><\/tr><tr><td>681.3 E.1<\/td><td>Estructures de dades<\/td><\/tr><tr><td>681.3 E.2<\/td><td>Representacions de mem\u00f2ria<\/td><\/tr><tr><td><br>681.3 E.3<\/td><td>Encriptaci\u00f3 de dades<br><sub>Code breaking &#8211; Data encryption standard &#8211; Public key cryptosystems &#8211; Standards<\/sub><\/td><\/tr><tr><td><br>681.3 E.4<\/td><td>Teoria de la informaci\u00f3 i la codificaci\u00f3<br><sub>Data compaction and compression &#8211; Error control codes &#8211; Formal models of communication &#8211; Nonsecret <em>encoding schemes<\/em><\/sub><\/td><\/tr><tr><td><br>681.3 E.5<\/td><td>Fitxers<br><sub>Backup\/recovery &#8211; Optimization &#8211; Organization\/structure &#8211; Sorting\/searching<\/sub><\/td><\/tr><tr><td>681.3 F.0<\/td><td>Inform\u00e0tica te\u00f2rica<\/td><\/tr><tr><td><p>681.3 F.1.0<\/p><\/td><td>Models abstractes de c\u00e0lcul<br><sub>Modalitats de c\u00e0lculs &#8211; Classes de complexitat<\/sub><\/td><\/tr><tr><td><p>681.3 F.1.1<\/p><\/td><td><p>Models de c\u00e0lcul (aut\u00f2mats, m\u00e0quines de Turin)<\/p><\/td><\/tr><tr><td>681.3 F.2.0<\/td><td>An\u00e0lisi d&#8217; algorismes i teoria de la complexitat<br><sub>Algorismes i problemes num\u00e8rics &#8211; Algorismes i problemes no num\u00e8rics &#8211; Classes de complexitat<\/sub><\/td><\/tr><tr><td>681.3 F.3.0<\/td><td>L\u00f2gica i sem\u00e0ntica de programes<br><sub>Especificaci\u00f3 i verificaci\u00f3 de programes &#8211; Sem\u00e0ntica de llenguatges de programaci\u00f3 &#8211; Studies of program construct<\/sub><\/td><\/tr><tr><td>681.3 F.4.0<\/td><td>L\u00f2gica matem\u00e0tica i llenguatges formals<br><sub>L\u00f2gica matem\u00e0tica &#8211; Gram\u00e0tiques i altres sistemes reescriptors &#8211; Llenguatges formals<\/sub><\/td><\/tr><tr><td><br>681.3 G.4&nbsp;<\/td><td>Programaris matem\u00e0tics<br><sub>Mathematical Software<br><em>Els llibres que segons la ACM van a la G els classificarem al matem\u00e0tiqes <\/em><\/sub><\/td><\/tr><tr><td>681.3 G.4 Nom del Programa<\/td><td>Programaris matem\u00e0tics<br><sub>Mathematical Software<\/sub><\/td><\/tr><tr><td><br>681.3 H.0<\/td><td>Sistemes d&#8217; informaci\u00f3<br><sub>Models i principis &#8211; Teoria de la informaci\u00f3 i dels sistemes &#8211; Sistemes usuari\/m\u00e0quina<\/sub><\/td><\/tr><tr><td>681.3 H.2.0<\/td><td>Gesti\u00f3 de bases de dades<br><sub>Disseny l\u00f2gic &#8211; Disseny f\u00edsic &#8211; Llenguatges &#8211; Sistemes &#8211; Bases de dades heterog\u00e8nies &#8211; M\u00e0quines de bases de dades &#8211; Administraci\u00f3 de bases de dades &#8211; Aplicacions de les bases de dades<\/sub><\/td><\/tr><tr><td>681.3 H.3.0<\/td><td>Emmagatzematge i recuperaci\u00f3 d&#8217; informaci\u00f3<br><sub>An\u00e0lisi de contingut i indexaci\u00f3 &#8211; Emmagatzematge de la informaci\u00f3 &#8211; Recerca i recuperaci\u00f3 de la informaci\u00f3 &#8211; Sistemes i programari &#8211; Serveis de teledocumentaci\u00f3 &#8211; <span style=\"color: #000000\">Automatitzaci\u00f3 de biblioteques &#8211; <\/span>Biblioteques digitals<\/sub><\/td><\/tr><tr><td>681.3 H.4.0<\/td><td>Aplicacions de sistemes d&#8217; informaci\u00f3<br><sub>Automatitzaci\u00f3 d&#8217; oficines &#8211; Tipus de sistemes &#8211; Comunicacions. Correu electr\u00f2nic<\/sub><\/td><\/tr><tr><td>681.3 H.5.0<\/td><td>Interf\u00edcies i presentaci\u00f3 de la informaci\u00f3: generalitats<\/td><\/tr><tr><td>681.3 H.5.1<\/td><td>Sistemes d&#8217; informaci\u00f3 multim\u00e8dia<\/td><\/tr><tr><td>681.3 H.5.2<\/td><td>Interf\u00edcies d&#8217; usuaris<\/td><\/tr><tr><td>681.3 H.5.3<\/td><td>Interf\u00edcies de grup i d&#8217; organitzaci\u00f3<\/td><\/tr><tr><td>681.3 H.5.4<\/td><td>Hipertext. Hipermedia<\/td><\/tr><tr><td>681.3 H.5.5<\/td><td>Sound and music computing<\/td><\/tr><tr><td>681.3 I.1.0<\/td><td>Metodologies de la inform\u00e0ticaManipulaci\u00f3 algebraica i simb\u00f2lica <br><sub>Representaci\u00f3 d&#8217; expressions &#8211; Algorismes &#8211; Llenguatges i sistemes &#8211; Aplicacions<\/sub><\/td><\/tr><tr><td>681.3 I.2.0<\/td><td>Intel\u00b7lig\u00e8ncia artificial<\/td><\/tr><tr><td>681.3 I.2.1<\/td><td>Aplicacions i sistemes experts<\/td><\/tr><tr><td>681.3 I.2.2<\/td><td>Programaci\u00f3 autom\u00e0tica<\/td><\/tr><tr><td>681.3 I.2.3<\/td><td>Deducci\u00f3 i demostraci\u00f3 de teoremes<\/td><\/tr><tr><td><br>681.3 I.2.4<\/td><td>Formulismes i m\u00e8todes de representaci\u00f3 de coneixements<br><sub>Web sem\u00e0ntica, xarxes sem\u00e0ntiques (s\/index angl\u00e8s): ep 19\/10\/2012<\/sub><\/td><\/tr><tr><td>681.3 I.2.5<\/td><td>Llenguatges de programaci\u00f3 i software<\/td><\/tr><tr><td>681.3 I.2.6<\/td><td>Aprenentatge<\/td><\/tr><tr><td>681.3 I.2.7<\/td><td>Tractament del llenguatge natural<\/td><\/tr><tr><td>681.3 I.2.8<\/td><td>Resoluci\u00f3 de problemes, exploraci\u00f3 i m\u00e8todes de control<\/td><\/tr><tr><td>681.3 I.2.9<\/td><td>Rob\u00f2tica<\/td><\/tr><tr><td>681.3 I.2.10<\/td><td>Visi\u00f3 i comprensi\u00f3 d&#8217; escenes<\/td><\/tr><tr><td>681.3 I.2.11<\/td><td>Intel\u00b7lig\u00e8ncia artificial distribu\u00efda<\/td><\/tr><tr><td>681.3 I.3.0<\/td><td>Inform\u00e0tica gr\u00e0fica<br><sub>Arquitectura de m\u00e0quina &#8211; Sistemes gr\u00e0fics &#8211; Generaci\u00f3 d&#8217;imatges<\/sub><\/td><\/tr><tr><td>681.3 I.3.4<\/td><td>Programes de serveis\/Utilitats<\/td><\/tr><tr><td>681.3 I.3.5<\/td><td>Geometria inform\u00e0tica i modelitzaci\u00f3 d&#8217;objectes<\/td><\/tr><tr><td>681.3 I.3.6<\/td><td>Metodologia i t\u00e8cniques<\/td><\/tr><tr><td>681.3 I.3.7<\/td><td>Gr\u00e0fics tridimensionals i realisme<\/td><\/tr><tr><td>681.3 I.4.0<\/td><td>Tractament de la imatge<br><sub>Real\u00e7ament &#8211; Restauraci\u00f3 &#8211; Reconstrucci\u00f3 &#8211; Segmentaci\u00f3 &#8211; Mesura de trets &#8211; An\u00e0lisi d&#8217; escenes<\/sub><\/td><\/tr><tr><td>681.3 I.4.1<\/td><td>Digitalitzaci\u00f3 i captura d&#8217;imatges<\/td><\/tr><tr><td>681.3 I.4.2<\/td><td>Compressi\u00f3 de codis<\/td><\/tr><tr><td><br>681.3 I.4.9<\/td><td>Aplicacions.<br><sub>EP 22\/04\/14: Imatges en medicina. Tractament d&#8217;imatges mediques. Medical imaging<\/sub><\/td><\/tr><tr><td>681.3 I.4.10<\/td><td>Representaci\u00f3 d&#8217;imatges<\/td><\/tr><tr><td>681.3 I.5.0<\/td><td>Reconeixement de formes<\/td><\/tr><tr><td>681.3 I.5.1<\/td><td>Models<\/td><\/tr><tr><td>681.3 I.5.2<\/td><td>Metodologia de disseny<\/td><\/tr><tr><td>681.3 I.5.3<\/td><td>Classificaci\u00f3 autom\u00e0tica<\/td><\/tr><tr><td>681.3 I.5.4<\/td><td>Aplicacions<\/td><\/tr><tr><td>681.3 I.5.5<\/td><td>Implementaci\u00f3<\/td><\/tr><tr><td>681.3 I.6.0<\/td><td>Simulaci\u00f3 i modelitzaci\u00f3<br><sub>Teoria de la simulaci\u00f3 &#8211; Llenguatge de simulaci\u00f3 &#8211; Aplicacions &#8211; Validaci\u00f3 i an\u00e0lisi de models &#8211; Desenvolupament de models &#8211; An\u00e0lisi de sortida (Simulaci\u00f3) &#8211; Sistemes de suport de simulaci\u00f3 &#8211; Tipus de simulaci\u00f3<\/sub><\/td><\/tr><tr><td>681.3 I.7.0<\/td><td>Tractament de textos<br><sub>Edici\u00f3 de textos &#8211; Preparaci\u00f3 de documents &#8211; Generaci\u00f3 d&#8217; \u00edndexs &#8211; Edici\u00f3 electr\u00f2nica &#8211; Captura de documents<\/sub><\/td><\/tr><tr><td>681.3 J.0<\/td><td>Aplicacions dels ordinadors<br><sub>Ordinadors en altres sistemes<\/sub><\/td><\/tr><tr><td>681.3 J.1<\/td><td>Inform\u00e0tica de gesti\u00f3; administraci\u00f3 p\u00fablica<\/td><\/tr><tr><td>681.3 J.2<\/td><td>Ci\u00e8ncies f\u00edsiques i enginyeria<\/td><\/tr><tr><td>681.3 J.3<\/td><td>Ci\u00e8ncies biol\u00f2giques i m\u00e8diques<\/td><\/tr><tr><td>681.3 J.4<\/td><td>Ci\u00e8ncies socials i psicologia<\/td><\/tr><tr><td>681.3 J.5<\/td><td>Arts i humanitats<\/td><\/tr><tr><td>681.3 J.6<\/td><td>Ind\u00fastria<br><sub>Computer-aided engineering (revisar traducci\u00f3)<\/sub><\/td><\/tr><tr><td>681.3 K.0<\/td><td>Altres aspectes de la inform\u00e0tica<\/td><\/tr><tr><td>681.3 K.1<\/td><td>La ind\u00fastria inform\u00e0tica<\/td><\/tr><tr><td>681.3 K.3.0<\/td><td>Inform\u00e0tica i ensenyament<br><sub>Utilitzaci\u00f3 de la inform\u00e0tica en l&#8217;ensenyament &#8211; Ensenyament de la inform\u00e0tica<\/sub><\/td><\/tr><tr><td>681.3 K.4.0<\/td><td>Inform\u00e0tica i societat<br><sub>Aspectes de planificaci\u00f3 p\u00fablica &#8211; Aspectes socials &#8211; Impactes en organitzacions &#8211; <span style=\"color: #000000\">Comer\u00e7 electr\u00f2nic<\/span><\/sub><\/td><\/tr><tr><td>681.3 K.5.0<\/td><td>Aspectes jur\u00eddics<br><sub>Protecci\u00f3 legal dels programaris &#8211; Aspectes pol\u00edtics<\/sub><\/td><\/tr><tr><td>681.3 K.6.0<\/td><td>Gesti\u00f3 de la inform\u00e0tica i sistemes d&#8217; informaci\u00f3<br><sub>Gesti\u00f3 de projectes i de personal &#8211; Gesti\u00f3 d&#8217;instal\u00b7lacions &#8211; Gesti\u00f3 de software &#8211; Gesti\u00f3 de sistemes &#8211; Seguretat i protecci\u00f3<\/sub><br><sub><em>Hackers (s\/index angles): ep 19\/10\/2012<\/em><\/sub><br><sub><em>Installation management (revisar traducci\u00f3<\/em><\/sub><\/td><\/tr><tr><td>681.3 K.7.0<\/td><td>La professi\u00f3 inform\u00e0tica<br><sub>Tipus de feina &#8211; Organitzacions &#8211; Titulaci\u00f3 &#8211; \u00c8tica professional<\/sub><\/td><\/tr><tr><td>681.3 K.8.0<\/td><td>Inform\u00e0tica personal<br><sub>Gesti\u00f3 i manteniment<\/sub><\/td><\/tr><tr><td>681.3 K.8.1<\/td><td>Paquets d&#8217; aplicaci\u00f3<\/td><\/tr><tr><td>681.3 K.8.2<\/td><td>Maquinari<\/td><\/tr><tr><td>681.5<\/td><td>Enginyeria del control autom\u00e0tic. Sistemes i t\u00e8cniques de control<\/td><\/tr><tr><td>681.7<\/td><td>Aparells i instruments \u00f2ptics<\/td><\/tr><\/tbody><\/table><\/figure>\n\n\n\n<figure class=\"wp-block-table\"><table><tbody><tr><td><strong><span class=\"text\">Notes:<\/span><\/strong><br><span style=\"font-family: Verdana, Arial, Helvetica, sans-serif\"><span style=\"font-size: small\">El topogr\u00e0fic dels llibres d\u2019inform\u00e0tica esta format per tres blocs:<br>\u2022 N\u00famero de la CDU (681.3) per tal d\u2019integrar el fons d\u2019inform\u00e0tica amb la resta dels fons de la biblioteca.<br>\u2022 Classificaci\u00f3 de la ACM (Association for Computing Machinery) versi\u00f3 1998<br>\u2022 Tres primeres lletres de l\u2019autor<\/span> <\/span><br><br><span style=\"font-family: Verdana, Arial, Helvetica, sans-serif;font-size: small\">Concreci\u00f3 a la classificaci\u00f3 de la ACM:Seguint el que diu la ACM (*) afegirem als n\u00fameros que calgui (D.3.2, D.4.9, G.4, K.8.1) les tres lletres, o un acr\u00f2nim reconegut, per tal d\u2019agrupar els llibres d\u2019un mateix llenguatge, programa, sistema operatiu,\u2026. (*) \u201cNames of languages or systems may be used under appropriate nodes, e.g., C++ under D.3.2 (Language Classifications) or OS\/2 under D.4.0 (Operating Systems&#8212;General)\u201d<\/span><br><br><span style=\"font-family: Verdana, Arial, Helvetica, sans-serif;font-size: small\">GT 01.03.2007: Decidim per unanimitat eliminar els &#8220;.m: Miscel\u00b7l\u00e0nia&#8221; de tots els n\u00fameros ja que nom\u00e9s indueixen a error a l&#8217;hora d&#8217;ordenar els llibres a les prestatgeries.<\/span><br><br><span style=\"font-family: Verdana, Arial, Helvetica, sans-serif;font-size: small\">Ester\/Rosa 18\/10\/2013: Es decideix simplificar la classificaci\u00f3 ja que hi ha molt poc volum de documents en moltes de les subdivisions.<\/span><\/td><td>&nbsp;<\/td><\/tr><tr><td colspan=\"2\"><span style=\"font-family: Verdana, Arial, Helvetica, sans-serif;font-size: xx-small\"><strong>Concreci\u00f3&nbsp;<\/strong><\/span><span style=\"font-family: Verdana, Arial, Helvetica, sans-serif;font-size: xx-small\"><strong>Revisada el 14\/01\/2014<\/strong><\/span><\/td><\/tr><\/tbody><\/table><\/figure>\n","protected":false},"excerpt":{"rendered":"<p>CDU DESCRIPCI\u00d3 681.3 A.0 Bibliografia general: congressos, etc. 681.3 A.1.0 Bibliografia introduct\u00f2ria i panor\u00e0mica 681.3 A.2 Bibliografia de refer\u00e8ncia 681.3 B.0 Maquin\u00e0ria (hardware)Arquitectura de computadors 681.3 B.1.0 Estructures de control i microprogramaci\u00f3Estils de disseny &#8211; An\u00e0lisi del rendiment i ajudes al disseny &#8211; Fiabilitat, proves i toler\u00e0ncia d&#8217;avaries &#8211; Ajudes al disseny de microprogrames &#8211; [&hellip;]<\/p>\n","protected":false},"author":20,"featured_media":0,"parent":0,"menu_order":0,"comment_status":"closed","ping_status":"closed","template":"","meta":{"footnotes":""},"class_list":["post-53","page","type-page","status-publish","hentry"],"_links":{"self":[{"href":"https:\/\/webs.uab.cat\/recursosbct\/wp-json\/wp\/v2\/pages\/53","targetHints":{"allow":["GET"]}}],"collection":[{"href":"https:\/\/webs.uab.cat\/recursosbct\/wp-json\/wp\/v2\/pages"}],"about":[{"href":"https:\/\/webs.uab.cat\/recursosbct\/wp-json\/wp\/v2\/types\/page"}],"author":[{"embeddable":true,"href":"https:\/\/webs.uab.cat\/recursosbct\/wp-json\/wp\/v2\/users\/20"}],"replies":[{"embeddable":true,"href":"https:\/\/webs.uab.cat\/recursosbct\/wp-json\/wp\/v2\/comments?post=53"}],"version-history":[{"count":9,"href":"https:\/\/webs.uab.cat\/recursosbct\/wp-json\/wp\/v2\/pages\/53\/revisions"}],"predecessor-version":[{"id":658,"href":"https:\/\/webs.uab.cat\/recursosbct\/wp-json\/wp\/v2\/pages\/53\/revisions\/658"}],"wp:attachment":[{"href":"https:\/\/webs.uab.cat\/recursosbct\/wp-json\/wp\/v2\/media?parent=53"}],"curies":[{"name":"wp","href":"https:\/\/api.w.org\/{rel}","templated":true}]}}