{"id":54,"date":"2020-03-17T16:31:07","date_gmt":"2020-03-17T16:31:07","guid":{"rendered":"https:\/\/webs.uab.cat\/recursosbct\/69a9\/"},"modified":"2025-03-13T17:52:12","modified_gmt":"2025-03-13T17:52:12","slug":"69a9","status":"publish","type":"page","link":"https:\/\/webs.uab.cat\/recursosbct\/69a9\/","title":{"rendered":"69 al 9"},"content":{"rendered":"\n<figure class=\"wp-block-table taula\"><table><tbody><tr><td>CDU<\/td><td>DESCRIPCI\u00d3<\/td><\/tr><tr><td>69<\/td><td>Materials de construcci\u00f3. Pr\u00e0ctiques i procediments de construcci\u00f3<\/td><\/tr><tr><td>7<\/td><td>Belles arts. Jocs. Espectacles. Esports<\/td><\/tr><tr><td>74<\/td><td>Dibuix. Disseny. Arts aplicades i oficis art\u00edstics<\/td><\/tr><tr><td>9<\/td><td>Geografia. Hist\u00f2ria<\/td><\/tr><tr><td>902<\/td><td>Arqueologia. M\u00e8todes i t\u00e8cniques per a l&#8217;estudi de les antigues civilitzacions i cultures basades en el descobriment i interpretaci\u00f3 de restes materials<\/td><\/tr><tr><td>903<\/td><td>Prehist\u00f2ria. Restes prehist\u00f2riques. Objectes prehist\u00f2rics, antiguitats<\/td><\/tr><tr><td>910<\/td><td><p>Generalitats. La geografia com ci\u00e8ncia. Exploracions i viatges<\/p><p align=\"left\"><em>Inclou:<br>Sistemes d&#8217; Informaci\u00f3 Geogr\u00e0fica (GIS):<br><span style=\"color: #333333;font-family: Verdana, Arial, Helvetica, sans-serif;font-size: xx-small\">(1) Sistema inform\u00e0tic que permet de captar, de manipular, d\u2019analitzar i de representar dades sobre la posici\u00f3 d\u2019elements en la superf\u00edcie de la Terra, utilitzat generalment en la confecci\u00f3 de mapes geogr\u00e0fics<br>(2) Aplicaci\u00f3n, desarrollada a medida o adquirida como paquete, especializada en el procesamiento de datos geogr\u00e1ficos (&#8230;)<\/span><\/em><\/p><p><em>i els Sistemes de Navegaci\u00f3<\/em><\/p><p><em>Per al GPS, la Teledetecci\u00f3 i el Telecontrol vegeu el <a href=\"t_62.html\">621.398<\/a><\/em><\/p><\/td><\/tr><tr><td>911<\/td><td>Geografia general. Ci\u00e8ncia dels factors geogr\u00e0fics (geografia sistem\u00e0tica). Geografia te\u00f2rica<\/td><\/tr><tr><td colspan=\"2\"><div align=\"left\"><span style=\"color: #333333;font-family: Verdana, Arial, Helvetica, sans-serif;font-size: xx-small\">(1) 1500886501: Societat de la informaci\u00f3: noves tecnologies i internet: diccionari terminol\u00f2gic \/ [direcci\u00f3: Rosa Colomer i Artigas, Ester Franqeusa i Bonet]. 2a ed., rev. i ampl. Barcelona: Termcat, 2003.<br>(2) 1500774091: Diccionario de inform\u00e1tica y telecomunicaciones (ingl\u00e9s-espa\u00f1ol)\/Arturo Moreno Mart\u00edn, Barcelona: Ariel, 2001<\/span><\/div><\/td><\/tr><\/tbody><\/table><\/figure>\n\n\n\n<figure class=\"wp-block-table\"><table class=\"has-fixed-layout\"><tbody><tr><td>&nbsp;<\/td><td>&nbsp;<\/td><\/tr><tr><td colspan=\"2\"><span style=\"font-family: Verdana, Arial, Helvetica, sans-serif;font-size: xx-small\"><strong>Concreci\u00f3&nbsp;<\/strong><\/span><span style=\"font-family: Verdana, Arial, Helvetica, sans-serif;font-size: xx-small\"><strong>Revisada el 21\/06\/2012<\/strong><\/span><\/td><\/tr><\/tbody><\/table><\/figure>\n","protected":false},"excerpt":{"rendered":"<p>CDU DESCRIPCI\u00d3 69 Materials de construcci\u00f3. Pr\u00e0ctiques i procediments de construcci\u00f3 7 Belles arts. Jocs. Espectacles. Esports 74 Dibuix. Disseny. Arts aplicades i oficis art\u00edstics 9 Geografia. Hist\u00f2ria 902 Arqueologia. M\u00e8todes i t\u00e8cniques per a l&#8217;estudi de les antigues civilitzacions i cultures basades en el descobriment i interpretaci\u00f3 de restes materials 903 Prehist\u00f2ria. Restes prehist\u00f2riques. [&hellip;]<\/p>\n","protected":false},"author":20,"featured_media":0,"parent":0,"menu_order":0,"comment_status":"closed","ping_status":"closed","template":"","meta":{"footnotes":""},"class_list":["post-54","page","type-page","status-publish","hentry"],"_links":{"self":[{"href":"https:\/\/webs.uab.cat\/recursosbct\/wp-json\/wp\/v2\/pages\/54","targetHints":{"allow":["GET"]}}],"collection":[{"href":"https:\/\/webs.uab.cat\/recursosbct\/wp-json\/wp\/v2\/pages"}],"about":[{"href":"https:\/\/webs.uab.cat\/recursosbct\/wp-json\/wp\/v2\/types\/page"}],"author":[{"embeddable":true,"href":"https:\/\/webs.uab.cat\/recursosbct\/wp-json\/wp\/v2\/users\/20"}],"replies":[{"embeddable":true,"href":"https:\/\/webs.uab.cat\/recursosbct\/wp-json\/wp\/v2\/comments?post=54"}],"version-history":[{"count":2,"href":"https:\/\/webs.uab.cat\/recursosbct\/wp-json\/wp\/v2\/pages\/54\/revisions"}],"predecessor-version":[{"id":659,"href":"https:\/\/webs.uab.cat\/recursosbct\/wp-json\/wp\/v2\/pages\/54\/revisions\/659"}],"wp:attachment":[{"href":"https:\/\/webs.uab.cat\/recursosbct\/wp-json\/wp\/v2\/media?parent=54"}],"curies":[{"name":"wp","href":"https:\/\/api.w.org\/{rel}","templated":true}]}}