{"id":55,"date":"2020-03-17T17:36:59","date_gmt":"2020-03-17T17:36:59","guid":{"rendered":"https:\/\/webs.uab.cat\/recursosbct\/aux\/"},"modified":"2025-05-12T12:52:51","modified_gmt":"2025-05-12T12:52:51","slug":"aux","status":"publish","type":"page","link":"https:\/\/webs.uab.cat\/recursosbct\/aux\/","title":{"rendered":"AUXILIARS"},"content":{"rendered":"\n<p>Subdivisions aplicables als topogr\u00e0fics fets amb la CDU.<\/p>\n\n\n\n<figure class=\"wp-block-table taula\"><table class=\"has-blanc-coco-background-color has-background\"><tbody><tr><td><strong>CDU<\/strong><\/td><td><strong>DESCRIPCI\u00d3  <\/strong>                                                                                                          <\/td><\/tr><tr><td>(07)<\/td><td colspan=\"2\">Problemes, exercicis, pr\u00e0ctiques<\/td><\/tr><tr><td>(08)<\/td><td colspan=\"2\">Taules, Atles<br><sub>No el farem servir per a especificar congressos<\/sub><\/td><\/tr><tr><td>(1)<\/td><td>Urb\u00e0<\/td><\/tr><tr><td>(20)<\/td><td colspan=\"2\">Espai extraatmosf\u00e8ric, atmosf\u00e8ric, hidrosfera, litosfera, biosfera<\/td><\/tr><tr><td>(21)<\/td><td colspan=\"2\">Regions i zones naturals: pen\u00ednsules, caps, costes, illes. Zones clim\u00e0tiques: polars, tropicals, \u00e0rides<\/td><\/tr><tr><td>(23)<\/td><td colspan=\"2\">Zones sobre el nivell del mar: muntanyes<\/td><\/tr><tr><td>(24)<\/td><td colspan=\"2\">Zones sota el nivell del mar: interior de la terra, grutes, cavernes\u2026<\/td><\/tr><tr><td>(25)<\/td><td colspan=\"2\">Zones planes: estepa, sabana, maresmes, selves, boscos\u2026<\/td><\/tr><tr><td>(26)<\/td><td colspan=\"2\">Aig\u00fces marines, oce\u00e0niques<\/td><\/tr><tr><td>(262)<\/td><td colspan=\"2\">Mar Mediterr\u00e0nia<\/td><\/tr><tr><td>(28)<\/td><td colspan=\"2\">Aig\u00fces continentals: rius, llacs, estanys\u2026<\/td><\/tr><tr><td>(4)<\/td><td colspan=\"2\">Europa<\/td><\/tr><tr><td>(46)<\/td><td colspan=\"2\">Pen\u00ednsula Ib\u00e8rica: Espanya i Portugal <sup><sub>(les illes Can\u00e0ries que van al (6))<\/sub><\/sup><\/td><\/tr><tr><td>(467)<\/td><td colspan=\"2\">Pa\u00efsos Catalans (Catalunya, Balears i Pa\u00eds Valenci\u00e0)<\/td><\/tr><tr><td>(5)<\/td><td colspan=\"2\">\u00c0sia<\/td><\/tr><tr><td>(6)<\/td><td colspan=\"2\">\u00c0frica i les Illes Can\u00e0ries<\/td><\/tr><tr><td>(7)<\/td><td colspan=\"2\">Am\u00e8rica del nord i central<\/td><\/tr><tr><td>(8)<\/td><td colspan=\"2\">Am\u00e8rica del sud<\/td><\/tr><tr><td>(9)<\/td><td colspan=\"2\">Oceania<\/td><\/tr><\/tbody><\/table><\/figure>\n\n\n\n<p class=\"has-gris-pubilla-background-color has-background\"><strong>Nota d&#8217;\u00fas intern: <\/strong>Auxiliars aplicables a tots els topogr\u00e0fics que portin el s\u00edmbol ()<\/p>\n\n\n\n<p class=\"has-gris-londres-background-color has-background\">Revisada el 12\/05\/2025<\/p>\n","protected":false},"excerpt":{"rendered":"<p>Subdivisions aplicables als topogr\u00e0fics fets amb la CDU. CDU DESCRIPCI\u00d3 (07) Problemes, exercicis, pr\u00e0ctiques (08) Taules, AtlesNo el farem servir per a especificar congressos (1) Urb\u00e0 (20) Espai extraatmosf\u00e8ric, atmosf\u00e8ric, hidrosfera, litosfera, biosfera (21) Regions i zones naturals: pen\u00ednsules, caps, costes, illes. Zones clim\u00e0tiques: polars, tropicals, \u00e0rides (23) Zones sobre el nivell del mar: muntanyes [&hellip;]<\/p>\n","protected":false},"author":20,"featured_media":0,"parent":0,"menu_order":0,"comment_status":"closed","ping_status":"closed","template":"","meta":{"footnotes":""},"class_list":["post-55","page","type-page","status-publish","hentry"],"_links":{"self":[{"href":"https:\/\/webs.uab.cat\/recursosbct\/wp-json\/wp\/v2\/pages\/55","targetHints":{"allow":["GET"]}}],"collection":[{"href":"https:\/\/webs.uab.cat\/recursosbct\/wp-json\/wp\/v2\/pages"}],"about":[{"href":"https:\/\/webs.uab.cat\/recursosbct\/wp-json\/wp\/v2\/types\/page"}],"author":[{"embeddable":true,"href":"https:\/\/webs.uab.cat\/recursosbct\/wp-json\/wp\/v2\/users\/20"}],"replies":[{"embeddable":true,"href":"https:\/\/webs.uab.cat\/recursosbct\/wp-json\/wp\/v2\/comments?post=55"}],"version-history":[{"count":12,"href":"https:\/\/webs.uab.cat\/recursosbct\/wp-json\/wp\/v2\/pages\/55\/revisions"}],"predecessor-version":[{"id":739,"href":"https:\/\/webs.uab.cat\/recursosbct\/wp-json\/wp\/v2\/pages\/55\/revisions\/739"}],"wp:attachment":[{"href":"https:\/\/webs.uab.cat\/recursosbct\/wp-json\/wp\/v2\/media?parent=55"}],"curies":[{"name":"wp","href":"https:\/\/api.w.org\/{rel}","templated":true}]}}