{"id":57,"date":"2020-03-17T17:41:36","date_gmt":"2020-03-17T17:41:36","guid":{"rendered":"https:\/\/webs.uab.cat\/recursosbct\/hc\/"},"modified":"2023-11-28T18:26:15","modified_gmt":"2023-11-28T18:26:15","slug":"hc","status":"publish","type":"page","link":"https:\/\/webs.uab.cat\/recursosbct\/hc\/","title":{"rendered":"H i HE, HIST\u00d2RIA DE LES CI\u00c8NCIES"},"content":{"rendered":"\n<p>Aquesta concreci\u00f3 \u00e9s aplicable als llibres de la localitzaci\u00f3 act24 Hist\u00f2ria de les Ci\u00e8ncies, excepte als d&#8217;Hist\u00f2ria de la inform\u00e0tica que tenen una classificaci\u00f3 pr\u00f2pia.<\/p>\n\n\n\n<p class=\"has-small-font-size\">A partir del novembre de 2023 s&#8217;incorporen a aquesta secci\u00f3 els llibres d&#8217;Hist\u00f2ria de la ci\u00e8ncia que estaven a la localitzaci\u00f3 act00. Els llibres originals de act24 estan identificats amb una nota interna 2: &#8220;Nota de fons: act24, Fons de l&#8217;Institut d&#8217;Hist\u00f2ria de la Ci\u00e8ncia&#8221;<\/p>\n\n\n\n<p><strong>Els topogr\u00e0fics<\/strong> estan formats per 3 parts:<\/p>\n\n\n\n<ul class=\"wp-block-list\">\n<li>Lletres H, si s\u00f3n d&#8217;Hist\u00f2ria de la Ci\u00e8ncia o HE si s\u00f3n d&#8217;Hist\u00f2ria de la Ci\u00e8ncia a Espanya<\/li>\n\n\n\n<li>CDU<\/li>\n\n\n\n<li>3 lletres de l&#8217;autor o el t\u00edtol<\/li>\n<\/ul>\n\n\n\n<p><strong>Especificacions<\/strong><\/p>\n\n\n\n<ul class=\"wp-block-list\">\n<li>Posarem sempre un espai abans de les lletres de l&#8217;autor i\/o la mat\u00e8ria<\/li>\n\n\n\n<li>Posarem sempre un espai despr\u00e9s de H, HE<\/li>\n\n\n\n<li>L&#8217;\u00fanic auxiliar de forma aplicable \u00e9s (092) Biografies col\u00b7lectives<\/li>\n\n\n\n<li><\/li>\n\n\n\n<li>Posar com a m\u00e0xim un auxiliar de forma i\/o temps. Preferentment l&#8217;auxiliar de forma abans que el de temps: Ex. 51(092) Alb, no 51&#8243;18&#8243; Alb, no 51&#8243;18&#8243;(092) Alb<\/li>\n\n\n\n<li>Per a fer les etiquetes vegeu les especificacions a la p\u00e0gina <a href=\"https:\/\/webs.uab.cat\/recursosbct\/etiquetar\/\" target=\"_blank\" rel=\"noreferrer noopener\">d&#8217;etiquetar<\/a><\/li>\n<\/ul>\n\n\n\n<div class=\"wp-block-group\"><div class=\"wp-block-group__inner-container is-layout-constrained wp-block-group-is-layout-constrained\">\n<figure class=\"wp-block-table\"><table><thead><tr><th>Topogr\u00e0fic<\/th><th>Mat\u00e8ria<\/th><\/tr><\/thead><tbody><tr><td><strong>(01)<\/strong><\/td><td>Bibliografies<\/td><\/tr><tr><td><strong>(03)<\/strong><\/td><td>Diccionaris i enciclop\u00e8dies<\/td><\/tr><tr><td><strong>001.8<\/strong><\/td><td>Filosofia de la ci\u00e8ncia,m\u00e8tode cient\u00edfic, divulgaci\u00f3 cient\u00edfica<\/td><\/tr><tr><td><strong>009<\/strong><\/td><td>Hist\u00f2ria de les idees, humanitats<\/td><\/tr><tr><td><strong>06<\/strong><\/td><td>Institucions i societats cient\u00edfiques<\/td><\/tr><tr><td><strong>061.3<\/strong><\/td><td>Congressos internacionals<\/td><\/tr><tr><td><strong>1<\/strong><\/td><td>Filosofia<\/td><\/tr><tr><td><strong>2<\/strong><\/td><td>Religi\u00f3<\/td><\/tr><tr><td><strong>3<\/strong><\/td><td>Ci\u00e8ncies socials<\/td><\/tr><tr><td><strong>32<\/strong><\/td><td>Ci\u00e8ncia i pol\u00edtica<\/td><\/tr><tr><td><strong>37<\/strong><\/td><td>Ci\u00e8ncia i ensenyament<\/td><\/tr><tr><td><strong>396<\/strong><\/td><td>Ci\u00e8ncia i genere<\/td><\/tr><tr><td><strong>5<\/strong><\/td><td>Ci\u00e8ncia en general a partir del S. XVIII.&nbsp;<br>Per als documents referents a \u00e8poques <strong>anteriors<\/strong> al S. XVIII utilitzarem el topogr\u00e0fic <strong>50\u2033\u2026\u201d<\/strong><\/td><\/tr><tr><td><strong>5&#8243;17<\/strong>&#8220;<\/td><td>Ci\u00e8ncia en general a partir del S. XVIII<\/td><\/tr><tr><td><strong>5&#8243;18&#8243;<\/strong><\/td><td>Ci\u00e8ncia en general a partir del S. XIX<\/td><\/tr><tr><td><strong>5&#8243;19<\/strong>&#8220;<\/td><td>Ci\u00e8ncia en general a partir del S. XX<\/td><\/tr><tr><td><strong>5&#8243;20&#8243;<\/strong><\/td><td>Ci\u00e8ncia en general a partir del S. XXI<\/td><\/tr><tr><td><strong>50<\/strong><\/td><td>Filosofia natural. Ci\u00e8ncia fins el S.XVII<br>Per als documents referents a \u00e8poques <strong>posteriors<\/strong> al S. XVIII utilitzarem el topogr\u00e0fic que correspongui a la mat\u00e8ria<\/td><\/tr><tr><td><strong>50&#8243;\u2026\/05&#8243;<\/strong><\/td><td>Antiguitat, fins el S.IV<\/td><\/tr><tr><td><strong>50&#8243;06\/14&#8243;<\/strong><\/td><td>Edat mitjana, entre el S.V I XV<\/td><\/tr><tr><td><strong>50&#8243;14\/15&#8243;<\/strong><\/td><td>Humanisme i renaixement, entre el S.XV I XVI<\/td><\/tr><tr><td><strong>50&#8243;16&#8243;<\/strong><\/td><td>Revoluci\u00f3 cient\u00edfica, S.XVII<\/td><\/tr><tr><td><strong>502.08<\/strong><\/td><td>Instruments cient\u00edfics<\/td><\/tr><tr><td><strong>504&nbsp;<\/strong><\/td><td>Medi Ambient<\/td><\/tr><tr><td><strong>51*<\/strong><\/td><td>Matem\u00e0tiques<\/td><\/tr><tr><td><strong>52*<\/strong><\/td><td>Astronomia<\/td><\/tr><tr><td><strong>53*<\/strong><\/td><td>F\u00edsica<\/td><\/tr><tr><td><strong>54*<\/strong><\/td><td>Qu\u00edmica<\/td><\/tr><tr><td><strong>55*<\/strong><\/td><td>Geologia<\/td><\/tr><tr><td><strong>56*<\/strong><\/td><td>Paleontologia<\/td><\/tr><tr><td><strong>57*<\/strong><\/td><td>Biologia<\/td><\/tr><tr><td><strong>58*<\/strong><\/td><td>Bot\u00e0nica<\/td><\/tr><tr><td><strong>59*<\/strong><\/td><td>Zoologia<\/td><\/tr><tr><td><strong>6*<\/strong><\/td><td>TOTS ELS TOPOS QUE COMEN\u00c7ARIEN PER 6 excepte el 61 i 62 que tenen n\u00famero propi<\/td><\/tr><tr><td><strong>61*<\/strong><\/td><td>Medicina<\/td><\/tr><tr><td><strong>62*<\/strong><\/td><td>Tecnologia<\/td><\/tr><tr><td><strong>9<\/strong><\/td><td>TOTS ELS TOPOS QUE COMEN\u00c7ARIEN PER 9<\/td><\/tr><tr><td><\/td><td><strong>*<\/strong>&nbsp;Els auxiliars de temps aplicables s\u00f3n:<br><strong>&#8220;17&#8221;<\/strong>: S.XVIII&nbsp; ;&nbsp; &nbsp;&#8220;<strong>18&#8243;<\/strong>: S.XIX&nbsp; ;&nbsp;&nbsp;&nbsp;&#8220;<strong>19&#8243;<\/strong>: S.XX&nbsp; ;&nbsp; &nbsp;&#8220;<strong>20&#8243;<\/strong>: S.XXI<br><br>Per als documents referents a \u00e8poques <strong>anteriors<\/strong> al S. XVIII utilitzarem el topogr\u00e0fic <strong>50&#8243;\u2026&#8221;<\/strong><\/td><\/tr><\/tbody><\/table><\/figure>\n\n\n\n<p><strong>Mat\u00e8ries<\/strong><\/p>\n\n\n\n<figure class=\"wp-block-table\"><table class=\"has-fixed-layout\"><thead><tr><th>Especificacions per a les mat\u00e8ries<\/th><th>Etiqueta de mat\u00e8ria 6XX.XX<\/th><th><strong>Exemples<\/strong><\/th><\/tr><\/thead><tbody><tr><td>Biografies Individuals<\/td><td>600.xx Cognoms, nom \u2014 Biografia<\/td><td>Einstein $h Albert $x Biografia<\/td><\/tr><tr><td>Biografies Col\u00b7lectives<\/td><td>650.00 Mat\u00e8ria \u2014 Biografia<\/td><td>F\u00edsics $x Biografia<\/td><\/tr><tr><td>Correspond\u00e8ncia Individuals<\/td><td>600.xx Cognoms, nom \u2014 Epistolaris<\/td><td>Einstein $h Albert $x Epistolaris<\/td><\/tr><tr><td>Correspond\u00e8ncia Col\u00b7lectives<\/td><td>650.00 Mat\u00e8ria \u2014 Epistolaris<\/td><td>F\u00edsics $x Epistolaris<\/td><\/tr><\/tbody><\/table><\/figure>\n<\/div><\/div>\n\n\n\n<p class=\"has-text-align-right\">Actualitzada el 27\/11\/2023<\/p>\n","protected":false},"excerpt":{"rendered":"<p>Aquesta concreci\u00f3 \u00e9s aplicable als llibres de la localitzaci\u00f3 act24 Hist\u00f2ria de les Ci\u00e8ncies, excepte als d&#8217;Hist\u00f2ria de la inform\u00e0tica que tenen una classificaci\u00f3 pr\u00f2pia. A partir del novembre de 2023 s&#8217;incorporen a aquesta secci\u00f3 els llibres d&#8217;Hist\u00f2ria de la ci\u00e8ncia que estaven a la localitzaci\u00f3 act00. Els llibres originals de act24 estan identificats amb [&hellip;]<\/p>\n","protected":false},"author":20,"featured_media":0,"parent":0,"menu_order":0,"comment_status":"closed","ping_status":"closed","template":"","meta":{"footnotes":""},"class_list":["post-57","page","type-page","status-publish","hentry"],"_links":{"self":[{"href":"https:\/\/webs.uab.cat\/recursosbct\/wp-json\/wp\/v2\/pages\/57","targetHints":{"allow":["GET"]}}],"collection":[{"href":"https:\/\/webs.uab.cat\/recursosbct\/wp-json\/wp\/v2\/pages"}],"about":[{"href":"https:\/\/webs.uab.cat\/recursosbct\/wp-json\/wp\/v2\/types\/page"}],"author":[{"embeddable":true,"href":"https:\/\/webs.uab.cat\/recursosbct\/wp-json\/wp\/v2\/users\/20"}],"replies":[{"embeddable":true,"href":"https:\/\/webs.uab.cat\/recursosbct\/wp-json\/wp\/v2\/comments?post=57"}],"version-history":[{"count":10,"href":"https:\/\/webs.uab.cat\/recursosbct\/wp-json\/wp\/v2\/pages\/57\/revisions"}],"predecessor-version":[{"id":318,"href":"https:\/\/webs.uab.cat\/recursosbct\/wp-json\/wp\/v2\/pages\/57\/revisions\/318"}],"wp:attachment":[{"href":"https:\/\/webs.uab.cat\/recursosbct\/wp-json\/wp\/v2\/media?parent=57"}],"curies":[{"name":"wp","href":"https:\/\/api.w.org\/{rel}","templated":true}]}}