{"id":61,"date":"2020-03-20T12:05:17","date_gmt":"2020-03-20T12:05:17","guid":{"rendered":"https:\/\/webs.uab.cat\/recursosbct\/revistes\/"},"modified":"2020-03-20T12:05:17","modified_gmt":"2020-03-20T12:05:17","slug":"revistes","status":"publish","type":"page","link":"https:\/\/webs.uab.cat\/recursosbct\/revistes\/","title":{"rendered":"REVISTES"},"content":{"rendered":"<p>&nbsp;<\/p>\n<div align=\"left\" class=\"text\">\n<table bgcolor=\"#ffffff\" border=\"0\" cellspacing=\"0\" width=\"800\">\n<tbody>\n<tr bordercolor=\"#c0c0c0\" valign=\"TOP\">\n<td>\n<p class=\"text\">A la biblioteca tenim fons de revistes en diverses localitzacions: Matem\u00e0tiques, Hist\u00f2ria de les Ci\u00e8ncies i el&nbsp;Dip\u00f2sit D2.<\/p>\n<p class=\"text\">El topogr\u00e0fic dep\u00e8n de la localitzaci\u00f3 de la revista.<\/p>\n<p class=\"text\"><strong><font face=\"Verdana, Arial, Helvetica, sans-serif\" size=\"3\">Sala de Revistes<\/font><\/strong><br \/>\n\t\t\tLes revistes de la localitzaci\u00f3&nbsp;act04&nbsp;estan ordenades alfab\u00e8ticament pel t\u00edtol i es troben situades a la Sala General, entre els n\u00fameros (04) i 001<\/p>\n<p class=\"text\"><strong><font face=\"Verdana, Arial, Helvetica, sans-serif\" size=\"3\">Revistes de Departament<\/font><\/strong><\/p>\n<p class=\"text\">Actualment (8\/10\/2020) tenim unes 32 revistes que tenen la localitzaci\u00f3 act, i que es troben als Departaments de les facultats, i tenen com a topogr\u00e0fic el nom del departament.<\/p>\n<p class=\"text\"><strong><font face=\"Verdana, Arial, Helvetica, sans-serif\" size=\"3\">Matem\u00e0tiques i Hist\u00f2ria de les Ci\u00e8ncies<\/font><\/strong><br \/>\n\t\t\tLes revistes de Matem\u00e0tiques (act26) i d&#8217;Hist\u00f2ria de les Ci\u00e8ncies (act24) es troben en aquestes localitzacions ordenades alfab\u00e8ticament pel t\u00edtol, i el seu topogr\u00e0fic \u00e9s el mateix t\u00edtol.<\/p>\n<p class=\"text\"><strong><font face=\"Verdana, Arial, Helvetica, sans-serif\" size=\"3\">Dip\u00f2sit D2<\/font><\/strong><br \/>\n\t\t\tLes revistes que es troben al dip\u00f2sit D2 (act20 Ci\u00e8ncia i Tecnol- Dip extern 2) tenen com a topogr\u00e0fic el n\u00famero de la caixa o caixes del D2 en la que es troben.<\/p>\n<\/td>\n<\/tr>\n<\/tbody>\n<tfoot>\n\t<\/tfoot>\n<\/table>\n<p>&nbsp;<\/p>\n<\/div>\n<table align=\"left\" border=\"0\" width=\"800\">\n<tbody>\n<tr>\n<td class=\"text rteright\" colspan=\"2\"><font face=\"Verdana, Arial, Helvetica, sans-serif\" size=\"1\"><strong>Concreci\u00f3&nbsp;<\/strong><\/font><font face=\"Verdana, Arial, Helvetica, sans-serif\" size=\"1\"><strong>Revisada el 08\/10\/2020<\/strong><\/font><\/td>\n<\/tr>\n<\/tbody>\n<\/table>\n","protected":false},"excerpt":{"rendered":"<p>&nbsp; A la biblioteca tenim fons de revistes en diverses localitzacions: Matem\u00e0tiques, Hist\u00f2ria de les Ci\u00e8ncies i el&nbsp;Dip\u00f2sit D2. El topogr\u00e0fic dep\u00e8n de la localitzaci\u00f3 de la revista. Sala de Revistes Les revistes de la localitzaci\u00f3&nbsp;act04&nbsp;estan ordenades alfab\u00e8ticament pel t\u00edtol i es troben situades a la Sala General, entre els n\u00fameros (04) i 001 Revistes [&hellip;]<\/p>\n","protected":false},"author":20,"featured_media":0,"parent":0,"menu_order":0,"comment_status":"closed","ping_status":"closed","template":"","meta":{"footnotes":""},"class_list":["post-61","page","type-page","status-publish","hentry"],"_links":{"self":[{"href":"https:\/\/webs.uab.cat\/recursosbct\/wp-json\/wp\/v2\/pages\/61","targetHints":{"allow":["GET"]}}],"collection":[{"href":"https:\/\/webs.uab.cat\/recursosbct\/wp-json\/wp\/v2\/pages"}],"about":[{"href":"https:\/\/webs.uab.cat\/recursosbct\/wp-json\/wp\/v2\/types\/page"}],"author":[{"embeddable":true,"href":"https:\/\/webs.uab.cat\/recursosbct\/wp-json\/wp\/v2\/users\/20"}],"replies":[{"embeddable":true,"href":"https:\/\/webs.uab.cat\/recursosbct\/wp-json\/wp\/v2\/comments?post=61"}],"version-history":[{"count":0,"href":"https:\/\/webs.uab.cat\/recursosbct\/wp-json\/wp\/v2\/pages\/61\/revisions"}],"wp:attachment":[{"href":"https:\/\/webs.uab.cat\/recursosbct\/wp-json\/wp\/v2\/media?parent=61"}],"curies":[{"name":"wp","href":"https:\/\/api.w.org\/{rel}","templated":true}]}}