{"id":64,"date":"2020-03-20T12:47:11","date_gmt":"2020-03-20T12:47:11","guid":{"rendered":"https:\/\/webs.uab.cat\/recursosbct\/tfg\/"},"modified":"2020-03-20T12:47:11","modified_gmt":"2020-03-20T12:47:11","slug":"tfg","status":"publish","type":"page","link":"https:\/\/webs.uab.cat\/recursosbct\/tfg\/","title":{"rendered":"T-, TREBALLS de recerca I PROJECTES de fi de carrera"},"content":{"rendered":"<p align=\"left\" class=\"text\">L&#8217;any 2012 els treballs i projectes en paper es van treure de la biblioteca per anar als dip\u00f2sits&nbsp;de la Biblioteca de Comunicaci\u00f3 i HG, primer al&nbsp;dip\u00f2sit extern 7, i actualment al Dip\u00f2sit extern 2 (Sala de columnes) de ComuHG, actualment es troben al Dip\u00f2sit extern 2 amb la localitzaci\u00f3 act20.<\/p>\n<p align=\"left\" class=\"text\">Als treballs i projectes que arribin a la biliblioteca a partir de l&#8217;any 2012, se&#8217;ls assignar\u00e0 el topogr\u00e0fic seguint l&#8217;esquema seg\u00fcent (independentment de la mat\u00e8ria i de l&#8217;any de presentaci\u00f3):<\/p>\n<p align=\"left\" class=\"text rteindent1\">T-9 + n\u00fam ordre de tres xifres. Exemple: T-9 006<\/p>\n<p align=\"left\" class=\"text\">Al setembre de 2012 tamb\u00e9 es van rebre&nbsp;els projectes de la Biblioteca Universit\u00e0ria de Sabadell de les titulacions d&#8217;Enginyeria t\u00e8cnica en inform\u00e0tica de gesti\u00f3, i d&#8217;Enginyeria t\u00e8cnica en inform\u00e0tica de sistemes, i tamb\u00e9 es van posar als Dip\u00f2sits externs de Comu-HG, amb el&nbsp;seu topogr\u00e0fic original (P +&nbsp; n\u00fam. ordre. p.e: P 0199)<\/p>\n<p align=\"left\" class=\"text\">&#8212;<\/p>\n<p align=\"left\" class=\"text\">Els treballs i projectes arribats a la biblioteca abans de l&#8217;any 2012 tenen el topogr\u00e0fic assignat segons les regles seg\u00fcents<\/p>\n<p align=\"left\" class=\"text\">En els topogr\u00e0fics dels treballs de recerca hem de diferenciar entre la versi\u00f3 paper i la versi\u00f3 digital.<\/p>\n<p class=\"rtecenter\">&nbsp;<\/p>\n<table align=\"center\" border=\"1\" cellspacing=\"0\" class=\"text\" width=\"800\">\n<tbody>\n<tr background=\"..\/imatges\/b_fons_verd.gif\" bgcolor=\"#CCCCCC\" class=\"filaverda\">\n<td width=\"400\">\n<div class=\"rtecenter\">Paper<\/div>\n<\/td>\n<td width=\"400\">\n<p align=\"center\">CD-ROM<br \/>\n\t\t\tMaterial d&#8217; acompanyament i versi\u00f3 digital de l&#8217; original<\/p>\n<\/td>\n<\/tr>\n<tr>\n<td height=\"25\" width=\"400\">\n<div align=\"center\"><strong>T-<\/strong><\/div>\n<\/td>\n<td height=\"25\">\n<div align=\"center\"><strong>T-CD<\/strong><\/div>\n<\/td>\n<\/tr>\n<tr>\n<td colspan=\"2\" height=\"25\">\n<p align=\"center\"><strong>CDU segons les llistes de <em>TITULACIONS<\/em><\/strong><\/p>\n<\/td>\n<\/tr>\n<tr>\n<td height=\"25\" width=\"400\">\n<div align=\"center\"><strong>Any de presentaci\u00f3<\/strong><\/div>\n<\/td>\n<td height=\"25\">\n<div align=\"center\"><strong>&#8212;<\/strong><\/div>\n<\/td>\n<\/tr>\n<tr>\n<td height=\"25\" width=\"400\">\n<div align=\"center\"><strong>Lletres de l&#8217; autor<\/strong><\/div>\n<\/td>\n<td height=\"25\">\n<div align=\"center\"><strong>Lletres de l&#8217; autor<\/strong><\/div>\n<\/td>\n<\/tr>\n<tr>\n<td colspan=\"2\" height=\"25\">Exemples:<br \/>\n\t\t\tTreball del Programa de doctorat de Biologia, Opci\u00f3 Ecologia, presentat per J.Gomez l&#8217; any 2004<\/td>\n<\/tr>\n<tr>\n<td height=\"25\" width=\"400\">\n<div align=\"center\"><strong>T-574 2004 Gom <\/strong><\/div>\n<\/td>\n<td height=\"25\">\n<div align=\"center\"><strong>T-CD 574 Gom<\/strong><\/div>\n<\/td>\n<\/tr>\n<\/tbody>\n<\/table>\n<p>&nbsp;<\/p>\n<p>&nbsp;<\/p>\n<table align=\"left\" border=\"0\" width=\"800\">\n<tbody>\n<tr>\n<td>\n<p align=\"left\" class=\"text\">&nbsp;<\/p>\n<p>\t\t\t&nbsp;<\/p>\n<table align=\"center\" border=\"1\" cellspacing=\"0\" class=\"text\" width=\"800\">\n<tbody>\n<tr background=\"..\/imatges\/b_fons_verd.gif\" class=\"filaverda\">\n<td width=\"579\"><a name=\"PRO\"><\/a>Llista de Titulacions de l&#8217; \u00e0mbit de les Ci\u00e8ncies i les Enginyeries que fan projecte (20\/09\/06)<\/td>\n<td width=\"211\">CDU per al Topogr\u00e0fic<\/td>\n<\/tr>\n<tr>\n<td class=\"comentari\" colspan=\"2\" height=\"25\">Els classifiquem segons la llicenciatura a la qual pertany el projecte, actualment nom\u00e9s fan projecte a la llicenciatura de Ci\u00e8ncies ambientals i els de la ETSE<\/td>\n<\/tr>\n<tr>\n<td height=\"25\">Ci\u00e8ncies ambientals (llicenciatura)<\/td>\n<td height=\"25\">50<\/td>\n<\/tr>\n<tr>\n<td height=\"25\">Enginyeria de materials (ETSE)<\/td>\n<td height=\"25\">620<\/td>\n<\/tr>\n<tr>\n<td height=\"25\">Enginyeria de telecomunicaci\u00f3 (ETSE)<\/td>\n<td height=\"25\">65<\/td>\n<\/tr>\n<tr>\n<td height=\"25\">Enginyeria en inform\u00e0tica + matem\u00e0tiques<\/td>\n<td height=\"25\">&#8212;<\/td>\n<\/tr>\n<tr>\n<td height=\"25\">Enginyeria electr\u00f2nica (ETSE)<\/td>\n<td height=\"25\">62<\/td>\n<\/tr>\n<tr>\n<td height=\"25\">Enginyeria inform\u00e0tica (ETSE)<\/td>\n<td height=\"25\">68<\/td>\n<\/tr>\n<tr>\n<td height=\"25\">Enginyeria qu\u00edmica (ETSE)<\/td>\n<td height=\"25\">66<\/td>\n<\/tr>\n<tr>\n<td height=\"25\">Enginyeria T\u00e8cnica de telecomunicaci\u00f3, esp. Sistemes electr\u00f2nics (ETSE)<\/td>\n<td height=\"25\">654<\/td>\n<\/tr>\n<tr>\n<td height=\"25\">Enginyeria t\u00e8cnica en Inform\u00e0tica de Gesti\u00f3 (ETSE)<\/td>\n<td height=\"25\">&#8212;<\/td>\n<\/tr>\n<tr>\n<td height=\"25\">Enginyeria t\u00e8cnica en inform\u00e0tica de sistemes (ETSE)<\/td>\n<td height=\"25\">&#8212;<\/td>\n<\/tr>\n<tr>\n<td height=\"25\">Enginyeria t\u00e8cnica industrial, esp. d&#8217; electr\u00f2nica industrial + esp. d&#8217; electricitat (ETSE)<\/td>\n<td height=\"25\">&#8212;<\/td>\n<\/tr>\n<tr>\n<td height=\"25\">Enginyeria t\u00e8cnica industrial, esp. en electricitat (ETSE)<\/td>\n<td height=\"25\">&#8212;<\/td>\n<\/tr>\n<tr>\n<td height=\"25\">Enginyeria t\u00e8cnica industrial, esp. en electr\u00f2nica industrial (ETSE)<\/td>\n<td height=\"25\">&#8212;<\/td>\n<\/tr>\n<tr>\n<td height=\"25\">Enginyeria t\u00e8cnica industrial, esp. en mec\u00e0nica (ETSE)<\/td>\n<td height=\"25\">&#8212;<\/td>\n<\/tr>\n<tr>\n<td height=\"25\">Enginyeria t\u00e8cnica industrial, esp. qu\u00edmica industrial (itinerari Medi ambient) (ETSE)<\/td>\n<td height=\"25\">67<\/td>\n<\/tr>\n<tr>\n<td height=\"25\">Estad\u00edstica (diplomatura)<\/td>\n<td height=\"25\">&#8212;<\/td>\n<\/tr>\n<tr>\n<td height=\"25\">Gesti\u00f3 aeron\u00e0utica (Graduat ETSE)<\/td>\n<td height=\"25\">629<\/td>\n<\/tr>\n<\/tbody>\n<\/table>\n<p>&nbsp;<\/p>\n<table align=\"center\" border=\"1\" cellspacing=\"0\" class=\"text\" height=\"1482\" width=\"800\">\n<tbody>\n<tr background=\"..\/imatges\/b_fons_verd.gif\" class=\"filaverda\">\n<td colspan=\"2\" height=\"40\"><a name=\"TRE\"><\/a>Llista de Titulacions dels Doctorats i Postgraus de l&#8217; \u00e0mbit de les Ci\u00e8ncies i les Enginyeries (20\/09\/06)<\/td>\n<td height=\"40\" width=\"211\">CDU per al Topogr\u00e0fic<\/td>\n<\/tr>\n<tr>\n<td class=\"comentari\" colspan=\"3\" height=\"35\">Els classifiquem segons el doctorat al qual pertany el treball, en el cas del doctorat de qu\u00edmica ho hem subdividit per l&#8217;\u00e0rea de coneixement.<\/td>\n<\/tr>\n<tr>\n<td colspan=\"2\" height=\"35\">\n<p>Antropologia biol\u00f2gica (Doctorat)*<br \/>\n\t\t\t\t\t\t<span class=\"comentari\">Substitu\u00eft pel M\u00e0ster en Biologia humana<\/span><\/p>\n<\/td>\n<td height=\"35\">572<\/td>\n<\/tr>\n<tr>\n<td colspan=\"2\" height=\"35\">Aq\u00fcicultura (Doctorat)*<br \/>\n\t\t\t\t\t\t<span class=\"comentari\">Substitu\u00eft pel M\u00e0ster en Aq\u00fcicultura<\/span><\/td>\n<td height=\"35\">&#8212;<\/td>\n<\/tr>\n<tr>\n<td colspan=\"2\" height=\"30\">Aq\u00fcicultura (M\u00e0ster oficial)<\/td>\n<td height=\"30\">&#8212;<\/td>\n<\/tr>\n<tr>\n<td colspan=\"2\" height=\"30\">Biologia Cel\u00b7lular (Doctorat)<\/td>\n<td height=\"30\">576<\/td>\n<\/tr>\n<tr>\n<td colspan=\"2\" height=\"30\">Biologia Humana (M\u00e0ster oficial)<\/td>\n<td height=\"30\">572<\/td>\n<\/tr>\n<tr>\n<td colspan=\"2\" height=\"30\">Bioqu\u00edmica, Biologia molecular i Biomedicina (M\u00e0ster oficial)<\/td>\n<td height=\"30\">577<\/td>\n<\/tr>\n<tr>\n<td colspan=\"2\" height=\"35\">Bioqu\u00edmica i biologia molecular (Doctorat)*<br \/>\n\t\t\t\t\t\t<span class=\"comentari\">Substitu\u00eft pel M\u00e0ster en bioqu\u00edmica, Biologia molecular i Biomedicina)<\/span><\/td>\n<td height=\"30\">577<\/td>\n<\/tr>\n<tr>\n<td colspan=\"2\" height=\"35\">Biotecnologia (Doctorat)*<br \/>\n\t\t\t\t\t\t<span class=\"comentari\">Substitu\u00eft pel M\u00e0ster en biotecnologia avan\u00e7ada<\/span><\/td>\n<td height=\"30\">573<\/td>\n<\/tr>\n<tr>\n<td colspan=\"2\" height=\"30\">Biotecnologia Avan\u00e7ada (M\u00e0ster oficial)<\/td>\n<td height=\"30\">573<\/td>\n<\/tr>\n<tr>\n<td colspan=\"2\" height=\"30\">Cat\u00e0lisi homog\u00e8nia (Doctorat)<\/td>\n<td height=\"30\">&#8212;<\/td>\n<\/tr>\n<tr>\n<td colspan=\"2\" height=\"30\">Ci\u00e8ncia dels materials (Doctorat)<\/td>\n<td height=\"30\">620<\/td>\n<\/tr>\n<tr>\n<td colspan=\"2\" height=\"30\">Ci\u00e8ncia i Tecnologia qu\u00edmiques (M\u00e0ster oficial)<\/td>\n<td height=\"30\">54 i subdivisions<\/td>\n<\/tr>\n<tr>\n<td colspan=\"2\" height=\"30\">Ci\u00e8ncies ambientals (Doctorat)<\/td>\n<td height=\"30\">50<\/td>\n<\/tr>\n<tr>\n<td colspan=\"2\" height=\"30\">Diversitat i Funci\u00f3 d&#8217; Ecosistemes mediterranis (Doctorat)<\/td>\n<td height=\"30\">&#8212;<\/td>\n<\/tr>\n<tr>\n<td colspan=\"2\" height=\"30\">Electroqu\u00edmica. Ci\u00e8ncia i Tecnologia (ECIT) (Doctorat)<\/td>\n<td height=\"30\">&#8212;<\/td>\n<\/tr>\n<tr>\n<td colspan=\"2\" height=\"30\">Enginyeria en inform\u00e0tica + matem\u00e0tiques<\/td>\n<td height=\"30\">&#8212;<\/td>\n<\/tr>\n<tr>\n<td colspan=\"2\" height=\"35\">Enginyeria electr\u00f2nica (Doctorat)*<br \/>\n\t\t\t\t\t\t<span class=\"comentari\">Substitu\u00eft pel M\u00e0ster en Enginyeria Micro i Nanoelectr\u00f2nica<\/span><\/td>\n<td height=\"30\">62<\/td>\n<\/tr>\n<tr>\n<td colspan=\"2\" height=\"30\">Enginyeria Micro i Nanoelectr\u00f2nica (M\u00e0ster oficial)<\/td>\n<td height=\"30\">62<\/td>\n<\/tr>\n<tr>\n<td colspan=\"2\" height=\"30\">Estructura i funci\u00f3 de prote\u00efnes (Doctorat)<\/td>\n<td height=\"30\">&#8212;<\/td>\n<\/tr>\n<tr>\n<td colspan=\"2\" height=\"30\">Estudis ambientals (M\u00e0ster oficial)<\/td>\n<td height=\"30\">50<\/td>\n<\/tr>\n<tr>\n<td colspan=\"2\" height=\"30\"><font color=\"#000000\">Experimentaci\u00f3 qu\u00edmica<\/font><\/td>\n<td height=\"30\"><font color=\"#000000\">54, 541, 543, 546, 547 o 548 segons la mat\u00e8ria\/unitat del treball<\/font><\/td>\n<\/tr>\n<tr>\n<td colspan=\"2\" height=\"30\">F\u00edsica (Doctorat)<\/td>\n<td height=\"30\">53<\/td>\n<\/tr>\n<tr>\n<td colspan=\"2\" height=\"35\">Gen\u00e8tica (Doctorat)*<br \/>\n\t\t\t\t\t\t<span class=\"comentari\">Substitu\u00eft pel M\u00e0ster en Gen\u00e8tica<\/span><\/td>\n<td height=\"30\">575<\/td>\n<\/tr>\n<tr>\n<td colspan=\"2\" height=\"30\">Gen\u00e8tica (M\u00e0ster oficial)<\/td>\n<td height=\"30\">575<\/td>\n<\/tr>\n<tr>\n<td colspan=\"2\" height=\"30\">Geologia (Doctorat)<\/td>\n<td height=\"30\">55<\/td>\n<\/tr>\n<tr>\n<td colspan=\"2\" height=\"35\">Hist\u00f2ria de les Ci\u00e8ncies (Doctorat)*<br \/>\n\t\t\t\t\t\t<span class=\"comentari\">Substitu\u00eft pel M\u00e0ster en Hist\u00f2ria de la ci\u00e8ncia: Ci\u00e8ncia, Hist\u00f2ria i societat<\/span><\/td>\n<td height=\"30\">5:9<\/td>\n<\/tr>\n<tr>\n<td colspan=\"2\" height=\"30\">Hist\u00f2ria de la ci\u00e8ncia: Ci\u00e8ncia, Hist\u00f2ria i societat (M\u00e0ster oficial)<\/td>\n<td height=\"30\">5:9<\/td>\n<\/tr>\n<tr>\n<td colspan=\"2\" height=\"30\">Immunologia (Doctorat)*<br \/>\n\t\t\t\t\t\t<span class=\"comentari\">Substitu\u00eft pel M\u00e0ster en Immunologia<\/span><\/td>\n<td height=\"30\">576<\/td>\n<\/tr>\n<tr>\n<td colspan=\"2\" height=\"30\">Immunologia (M\u00e0ster oficial)<\/td>\n<td height=\"30\">576<\/td>\n<\/tr>\n<tr>\n<td colspan=\"2\" height=\"35\">Inform\u00e0tica (Doctorat)*<br \/>\n\t\t\t\t\t\t<span class=\"comentari\">Substitu\u00eft pel M\u00e0ster en Inform\u00e0tica Avan\u00e7ada<\/span><\/td>\n<td height=\"30\">68<\/td>\n<\/tr>\n<tr>\n<td colspan=\"2\" height=\"30\">Inform\u00e0tica avan\u00e7ada (M\u00e0ster oficial)<\/td>\n<td height=\"30\">68<\/td>\n<\/tr>\n<tr>\n<td colspan=\"2\" height=\"30\">Inform\u00e0tica industrial. T\u00e8cniques avan\u00e7ades de producci\u00f3 (Doctorat)<\/td>\n<td height=\"30\">68<\/td>\n<\/tr>\n<tr>\n<td colspan=\"2\" height=\"35\">Matem\u00e0tiques (Doctorat)*<br \/>\n\t\t\t\t\t\t<span class=\"comentari\">Substitu\u00eft pel m\u00e0ster en Matem\u00e0tica Avan\u00e7ada<\/span><\/td>\n<td height=\"30\">51<\/td>\n<\/tr>\n<tr>\n<td colspan=\"2\" height=\"30\">Matem\u00e0tica avan\u00e7ada (M\u00e0ster oficial)<\/td>\n<td height=\"30\">51<\/td>\n<\/tr>\n<tr>\n<td colspan=\"2\" height=\"35\">Microbiologia (Doctorat)*<br \/>\n\t\t\t\t\t\t<span class=\"comentari\">Substitu\u00eft pel m\u00e0ster en Microbiologia<\/span><\/td>\n<td height=\"30\">575<\/td>\n<\/tr>\n<tr>\n<td colspan=\"2\" height=\"30\">Microbiologia (M\u00e0ster oficial)<\/td>\n<td height=\"30\">575<\/td>\n<\/tr>\n<tr>\n<td colspan=\"2\" height=\"30\">Neuroci\u00e8ncia (Doctorat)<\/td>\n<td height=\"30\">576<\/td>\n<\/tr>\n<tr>\n<td colspan=\"2\" height=\"35\">Qu\u00edmica (Doctorat)*<br \/>\n\t\t\t\t\t\t<span class=\"comentari\">Substitu\u00eft pel m\u00e0ster en Ci\u00e8ncia i Tecnologia qu\u00edmiques<\/span><\/td>\n<td height=\"30\">54<\/td>\n<\/tr>\n<tr>\n<td height=\"30\" rowspan=\"5\" width=\"30\">&nbsp;<\/td>\n<td height=\"30\" width=\"545\">Qu\u00edmica anal\u00edtica<\/td>\n<td height=\"30\">543<\/td>\n<\/tr>\n<tr>\n<td height=\"30\">Qu\u00edmica f\u00edsica<\/td>\n<td height=\"30\">541<\/td>\n<\/tr>\n<tr>\n<td height=\"30\">Qu\u00edmica inorg\u00e0nica<\/td>\n<td height=\"30\">546<\/td>\n<\/tr>\n<tr>\n<td height=\"30\">Qu\u00edmica org\u00e0nica<\/td>\n<td height=\"30\">547<\/td>\n<\/tr>\n<tr>\n<td height=\"30\">Cristal\u00b7lografia i Mineralogia<\/td>\n<td height=\"30\">548<\/td>\n<\/tr>\n<tr>\n<td colspan=\"2\" height=\"30\">Qu\u00edmica te\u00f2rica i computacional (Doctorat)<\/td>\n<td height=\"30\">541<\/td>\n<\/tr>\n<tr>\n<td colspan=\"2\" height=\"30\">S\u00f2ls, Aigua i Medi Ambient (Doctorat)<\/td>\n<td height=\"30\">&#8212;<\/td>\n<\/tr>\n<\/tbody>\n<\/table>\n<p class=\"text\">(*) Com a conseq\u00fc\u00e8ncia de la implementaci\u00f3 de l&#8217;Espai Europeu d&#8217; Educaci\u00f3 Superior desenvolupat en el RD 56\/2005 que regula els estudis universitaris oficials de postgrau, aquest programa de Doctorat s&#8217;ha substitu\u00eft pel M\u00e0ster Oficial corresponent.<\/p>\n<table border=\"1\" cellspacing=\"0\" class=\"taula\" height=\"20\" width=\"800\">\n<tbody>\n<tr>\n<td background=\"..\/imatges\/b_fons_verd.gif\" height=\"24\" width=\"188\"><strong>CDU per al topogr\u00e0fic<\/strong><\/td>\n<td background=\"..\/imatges\/b_fons_verd.gif\" width=\"602\"><strong>Llicenciatures, Doctorats i M\u00e0sters<\/strong><\/td>\n<\/tr>\n<tr>\n<td height=\"20\">5:9<\/td>\n<td height=\"20\">\n<p>Hist\u00f2ria de les ci\u00e8ncies (doctorat)<br \/>\n\t\t\t\t\t\tHist\u00f2ria de la ci\u00e8ncia: Ci\u00e8ncia, Hist\u00f2ria i societat (M\u00e0ster oficial)<\/p>\n<\/td>\n<\/tr>\n<tr>\n<td height=\"20\">50<\/td>\n<td height=\"20\">\n<p>Ci\u00e8ncies ambientals (llicenciatura)<br \/>\n\t\t\t\t\t\tCi\u00e8ncies ambientals (doctorat)<br \/>\n\t\t\t\t\t\tEstudis ambientals (M\u00e0ster oficial)<\/p>\n<\/td>\n<\/tr>\n<tr>\n<td height=\"20\">51<\/td>\n<td height=\"20\">\n<p>Matem\u00e0tiques (doctorat)<br \/>\n\t\t\t\t\t\tMatem\u00e0tica avan\u00e7ada (M\u00e0ster oficial)<\/p>\n<\/td>\n<\/tr>\n<tr>\n<td height=\"20\">53<\/td>\n<td height=\"20\">F\u00edsica (doctorat)<\/td>\n<\/tr>\n<tr>\n<td height=\"20\">54<\/td>\n<td height=\"20\">\n<p>Qu\u00edmica (doctorat)<br \/>\n\t\t\t\t\t\tCi\u00e8ncia i Tecnologia qu\u00edmiques (M\u00e0ster oficial)<\/p>\n<\/td>\n<\/tr>\n<tr>\n<td height=\"20\" rowspan=\"2\">541<\/td>\n<td height=\"20\">Qu\u00edmica f\u00edsica (\u00e0rea del doctorat en qu\u00edmica)<\/td>\n<\/tr>\n<tr>\n<td height=\"20\">Qu\u00edmica te\u00f2rica i computacional (doctorat)<\/td>\n<\/tr>\n<tr>\n<td height=\"20\">543<\/td>\n<td height=\"20\">Qu\u00edmica anal\u00edtica (\u00e0rea del doctorat en qu\u00edmica)<\/td>\n<\/tr>\n<tr>\n<td height=\"20\">546<\/td>\n<td height=\"20\">Qu\u00edmica inorg\u00e0nica (\u00e0rea del doctorat en qu\u00edmica)<\/td>\n<\/tr>\n<tr>\n<td height=\"20\">547<\/td>\n<td height=\"20\">Qu\u00edmica org\u00e0nica (\u00e0rea del doctorat en qu\u00edmica)<\/td>\n<\/tr>\n<tr>\n<td height=\"20\">548<\/td>\n<td height=\"20\">Cristal\u00b7lografia i Mineralogia<\/td>\n<\/tr>\n<tr>\n<td height=\"20\">55<\/td>\n<td height=\"20\">Geologia (doctorat)<\/td>\n<\/tr>\n<tr>\n<td height=\"20\">57<font color=\"#FF0000\">(*)<\/font><\/td>\n<td height=\"20\">Biologia<\/td>\n<\/tr>\n<tr>\n<td height=\"20\">572<\/td>\n<td height=\"20\">\n<p>Antropologia biol\u00f2gica (Doctorat)<br \/>\n\t\t\t\t\t\tBiologia Humana (M\u00e0ster oficial)<\/p>\n<\/td>\n<\/tr>\n<tr>\n<td height=\"20\">573<\/td>\n<td height=\"20\">\n<p>Biotecnologia (doctorat)<br \/>\n\t\t\t\t\t\tBiotecnologia Avan\u00e7ada (M\u00e0ster oficial)<\/p>\n<\/td>\n<\/tr>\n<tr>\n<td height=\"20\">574<font color=\"#FF0000\">(*)<\/font><\/td>\n<td height=\"20\">Treballs del CREAF<\/td>\n<\/tr>\n<tr>\n<td height=\"20\">575<\/td>\n<td height=\"20\">\n<p>Gen\u00e8tica (doctorat)<br \/>\n\t\t\t\t\t\tGen\u00e8tica (M\u00e0ster oficial)<br \/>\n\t\t\t\t\t\tMicrobiologia (doctorat)<br \/>\n\t\t\t\t\t\tMicrobiologia (M\u00e0ster oficial)<\/p>\n<\/td>\n<\/tr>\n<tr>\n<td height=\"20\">576<\/td>\n<td height=\"20\">\n<p>Biologia Cel\u00b7lular (Doctorat)<br \/>\n\t\t\t\t\t\tNeuroci\u00e8ncia (doctorat)<br \/>\n\t\t\t\t\t\tImmunologia (doctorat)<br \/>\n\t\t\t\t\t\tImmunologia (M\u00e0ster oficial)<\/p>\n<\/td>\n<\/tr>\n<tr>\n<td height=\"20\">577<\/td>\n<td height=\"20\">\n<p>Bioqu\u00edmica i biologia molecular (doctorat)<br \/>\n\t\t\t\t\t\tBioqu\u00edmica, Biologia molecular i Biomedicina (M\u00e0ster oficial)<\/p>\n<\/td>\n<\/tr>\n<tr>\n<td height=\"20\">58<font color=\"#FF0000\">(*)<\/font><\/td>\n<td height=\"20\">Bot\u00e0nica<\/td>\n<\/tr>\n<tr>\n<td height=\"20\">59<font color=\"#FF0000\">(*)<\/font><\/td>\n<td height=\"20\">Zoologia<\/td>\n<\/tr>\n<tr>\n<td height=\"20\">62<\/td>\n<td height=\"20\">\n<p>Enginyeria electr\u00f2nica (ETSE)<br \/>\n\t\t\t\t\t\tEnginyeria electr\u00f2nica (doctorat)<br \/>\n\t\t\t\t\t\tEnginyeria Micro i Nanoelectr\u00f2nica (M\u00e0ster oficial)<\/p>\n<\/td>\n<\/tr>\n<tr>\n<td height=\"20\">620<\/td>\n<td height=\"20\">\n<p>Ci\u00e8ncia dels materials (doctorat)<br \/>\n\t\t\t\t\t\tEnginyeria de materials (ETSE)<\/p>\n<\/td>\n<\/tr>\n<tr>\n<td height=\"20\">629<\/td>\n<td height=\"20\">Gesti\u00f3 aeron\u00e0utica (Graduat ETSE)<\/td>\n<\/tr>\n<tr>\n<td height=\"20\">65<\/td>\n<td height=\"20\">Enginyeria de telecomunicaci\u00f3 (ETSE)<\/td>\n<\/tr>\n<tr>\n<td height=\"20\">654<\/td>\n<td height=\"20\">Enginyeria t\u00e8cnica de telecomunicaci\u00f3, esp. Sistemes electr\u00f2nics (ETSE)<\/td>\n<\/tr>\n<tr>\n<td height=\"20\">66<\/td>\n<td height=\"20\">Enginyeria qu\u00edmica (ETSE)<\/td>\n<\/tr>\n<tr>\n<td height=\"20\">67<\/td>\n<td height=\"20\">Enginyeria t\u00e8cnica industrial, es. qu\u00edmica industrial (itinerari Medi ambient) (ETSE)<\/td>\n<\/tr>\n<tr>\n<td height=\"20\">68<\/td>\n<td height=\"20\">\n<p>Enginyeria inform\u00e0tica (ETSE)<br \/>\n\t\t\t\t\t\tInform\u00e0tica (doctorat)<br \/>\n\t\t\t\t\t\tInform\u00e0tica avan\u00e7ada (M\u00e0ster oficial)<br \/>\n\t\t\t\t\t\tInform\u00e0tica industrial. T\u00e8cniques avan\u00e7ades de producci\u00f3 (Doctorat)<\/p>\n<\/td>\n<\/tr>\n<\/tbody>\n<\/table>\n<p class=\"text\"><font color=\"#FF0000\">(*)<\/font> Aquests topogr\u00e0fics corresponen a doctorats antics<\/p>\n<\/td>\n<\/tr>\n<\/tbody>\n<\/table>\n<table align=\"left\" border=\"0\" width=\"800\">\n<tbody>\n<tr>\n<td class=\"text rteright\" colspan=\"2\"><font face=\"Verdana, Arial, Helvetica, sans-serif\" size=\"1\"><strong>Concreci\u00f3&nbsp;<\/strong><\/font><font face=\"Verdana, Arial, Helvetica, sans-serif\" size=\"1\"><strong>Revisada el 24\/11\/2020<\/strong><\/font><\/td>\n<\/tr>\n<\/tbody>\n<\/table>\n","protected":false},"excerpt":{"rendered":"<p>L&#8217;any 2012 els treballs i projectes en paper es van treure de la biblioteca per anar als dip\u00f2sits&nbsp;de la Biblioteca de Comunicaci\u00f3 i HG, primer al&nbsp;dip\u00f2sit extern 7, i actualment al Dip\u00f2sit extern 2 (Sala de columnes) de ComuHG, actualment es troben al Dip\u00f2sit extern 2 amb la localitzaci\u00f3 act20. Als treballs i projectes que [&hellip;]<\/p>\n","protected":false},"author":20,"featured_media":0,"parent":0,"menu_order":0,"comment_status":"closed","ping_status":"closed","template":"","meta":{"footnotes":""},"class_list":["post-64","page","type-page","status-publish","hentry"],"_links":{"self":[{"href":"https:\/\/webs.uab.cat\/recursosbct\/wp-json\/wp\/v2\/pages\/64","targetHints":{"allow":["GET"]}}],"collection":[{"href":"https:\/\/webs.uab.cat\/recursosbct\/wp-json\/wp\/v2\/pages"}],"about":[{"href":"https:\/\/webs.uab.cat\/recursosbct\/wp-json\/wp\/v2\/types\/page"}],"author":[{"embeddable":true,"href":"https:\/\/webs.uab.cat\/recursosbct\/wp-json\/wp\/v2\/users\/20"}],"replies":[{"embeddable":true,"href":"https:\/\/webs.uab.cat\/recursosbct\/wp-json\/wp\/v2\/comments?post=64"}],"version-history":[{"count":0,"href":"https:\/\/webs.uab.cat\/recursosbct\/wp-json\/wp\/v2\/pages\/64\/revisions"}],"wp:attachment":[{"href":"https:\/\/webs.uab.cat\/recursosbct\/wp-json\/wp\/v2\/media?parent=64"}],"curies":[{"name":"wp","href":"https:\/\/api.w.org\/{rel}","templated":true}]}}