{"id":66,"date":"2020-03-24T11:44:50","date_gmt":"2020-03-24T11:44:50","guid":{"rendered":"https:\/\/webs.uab.cat\/recursosbct\/hi\/"},"modified":"2025-02-14T17:24:02","modified_gmt":"2025-02-14T17:24:02","slug":"hi","status":"publish","type":"page","link":"https:\/\/webs.uab.cat\/recursosbct\/hi\/","title":{"rendered":"HI, HIST\u00d2RIA DE LA INFORM\u00c0TICA"},"content":{"rendered":"\n<p><strong><span class=\"llista\">El topogr\u00e0fic dels llibres d\u2019inform\u00e0tica esta format per tres parts:<\/span><\/strong><\/p>\n\n\n\n<p><strong><span class=\"llista\">\u2022 Les lletres HI (Hist\u00f2ria de la Inform\u00e0tica)<br>\u2022 Classificaci\u00f3 de la ACM (Association for Computing Machinery) versi\u00f3 1998 simplificada<br>\u2022 Tres primeres lletres de l\u2019autor<\/span><\/strong><\/p>\n\n\n\n<figure class=\"wp-block-table taula\"><table><tbody><tr><td>HI A.0                                  <\/td><td>Bibliografia general: congressos, etc.<\/td><\/tr><tr><td>HI A.1<\/td><td>Bibliografia introduct\u00f2ria i panor\u00e0mica<\/td><\/tr><tr><td>HI A.2            <\/td><td>Bibliografia de refer\u00e8ncia<\/td><\/tr><tr><td>HI A.m                        <\/td><td>Miscel\u00b7l\u00e0nia<\/td><\/tr><tr><td>HI B.0<\/td><td>Maquin\u00e0ria (hardware)<\/td><\/tr><tr><td>HI B.1        <\/td><td>Estructures de control i microprogramaci\u00f3. Estils de disseny<br><sub><em>A<\/em>n\u00e0lisi del rendiment i ajudes al disseny\u00a0 &#8212;\u00a0Fiabilitat, proves i toler\u00e0ncia d&#8217; avaries\u00a0 &#8212;\u00a0Ajudes al disseny de microprogrames\u00a0 &#8212;\u00a0Aplicacions dels microcodis<\/sub><\/td><\/tr><tr><td>HI B.2<\/td><td>Estructures aritm\u00e8tiques i l\u00f2giques<br><sub>Estils de disseny (C.1.1\/2)\u00a0 &#8212;\u00a0An\u00e0lisi del rendiment i ajudes al disseny\u00a0 &#8212;\u00a0Fiabilitat, proves i toler\u00e0ncia d&#8217; avaries<\/sub><\/td><\/tr><tr><td>HI B.3<\/td><td>Estructures de mem\u00f2ria<br><sub>Estils de disseny (C.1.1\/2)\u00a0 &#8212;\u00a0An\u00e0lisi del rendiment i ajudes al disseny\u00a0 &#8212;\u00a0Fiabilitat, proves i toler\u00e0ncia d&#8217; avaries<\/sub><\/td><\/tr><tr><td>HI B.4<\/td><td>Entrada\/sortida i comunicacions de dades<br><sub>Dispositius de comunicacions de dades\u00a0 &#8212;\u00a0Dispositius d&#8217; entrada\/sortida\u00a0 &#8212;\u00a0Interconnexions (subsistemes)\u00a0 &#8212;\u00a0An\u00e0lisi del rendiment i ajudes al disseny\u00a0 &#8212;\u00a0Fiabilitat, proves i toler\u00e0ncia d&#8217; avaries<\/sub><\/td><\/tr><tr><td>HI B.5<\/td><td>Implementaci\u00f3 de registres de transfer\u00e8ncia<br><sub>Disseny\u00a0 &#8212;\u00a0Ajudes al disseny\u00a0 &#8212;\u00a0Fiabilitat i proves<\/sub><\/td><\/tr><tr><td>HI B.6<\/td><td>Disseny de circuits l\u00f2gics<br><sub>Estils de disseny\u00a0 &#8212;\u00a0Fiabilitat i proves\u00a0 &#8212;\u00a0Ajudes al disseny<\/sub><\/td><\/tr><tr><td>HI B.7<\/td><td>Circuits integrats<br><em><sub>Tipus i estils de disseny\u00a0 &#8212;\u00a0Ajudes al disseny\u00a0 &#8212;\u00a0Fiabilitat i proves<\/sub><\/em><\/td><\/tr><tr><td>HI B.m           <\/td><td>Miscel\u00b7l\u00e0nia<\/td><\/tr><tr><td>HI C.0<\/td><td>Organitzaci\u00f3 de sistemes inform\u00e0tics<\/td><\/tr><tr><td>HI C.1<\/td><td>Arquitectures de processadors<br><sub>Arquitectures de flux simple (uniprocessadors)\u00a0 &#8212;\u00a0Arquitectures de flux m\u00faltiple (multiprocessadors)\u00a0 &#8212;\u00a0Altres arquitectures (llenguatges d&#8217; alt nivell)<\/sub><\/td><\/tr><tr><td>HI C.2<\/td><td>Xarxes teleinform\u00e0tiques<br><sub>Arquitectura i disseny de xarxes\u00a0 &#8212;\u00a0Protocols de xarxes\u00a0 &#8212;\u00a0Explotaci\u00f3 de xarxes\u00a0 &#8212;\u00a0Sistemes distribu\u00efts\u00a0 &#8212;\u00a0Xarxes locals<\/sub><\/td><\/tr><tr><td>HI C.3<\/td><td>Sistemes espec\u00edfics i lligats a aplicacions<\/td><\/tr><tr><td>HI C.4<\/td><td>Rendiment de sistemes<\/td><\/tr><tr><td>HI C.5<\/td><td>Implementaci\u00f3<br><sub>Ordinadors grans i mitjans\u00a0 &#8212;\u00a0Miniordinadors\u00a0 &#8212;\u00a0\u00a0Microordinadors\u00a0 &#8212;\u00a0\u00a0Sistemes VLSI<\/sub><\/td><\/tr><tr><td>HI D.0<\/td><td>Programari, software<\/td><\/tr><tr><td>HI D.1<\/td><td>T\u00e8cniques de programaci\u00f3<br><sub>Programaci\u00f3 aplicativa (funcional)\u00a0 &#8212;\u00a0\u00a0Programaci\u00f3 autom\u00e0tica &#8212;\u00a0\u00a0Programaci\u00f3 concurrent (paral\u00b7lela) &#8212;\u00a0\u00a0Programaci\u00f3 seq\u00fcencial\u00a0 &#8212;\u00a0\u00a0Programaci\u00f3 orientada a l&#8217;objecte\u00a0 &#8212;\u00a0\u00a0Programaci\u00f3 l\u00f2gica\u00a0 &#8212;\u00a0\u00a0Programaci\u00f3 visual<\/sub><\/td><\/tr><tr><td>HI D.2<\/td><td>Enginyeria del software<br><sub>Requeriments \/ especificacions\u00a0 &#8212;\u00a0\u00a0Eines i t\u00e8cniques\u00a0 &#8212;\u00a0 Codificaci\u00f3\u00a0 &#8212;\u00a0 Verificaci\u00f3 de programes\u00a0 &#8212;\u00a0 Proves i desbrossament\u00a0 &#8212;\u00a0 Entorn de programaci\u00f3\u00a0 &#8212;\u00a0 Distribuci\u00f3 i manteniment\u00a0 &#8212;\u00a0 M\u00e8triques \u00a0 &#8212;\u00a0 Gesti\u00f3\u00a0 &#8212;\u00a0 Arquitectures del software\u00a0 &#8212;\u00a0 Interoperabilitat\u00a0 &#8212;\u00a0 Software reutilitzable<\/sub><\/td><\/tr><tr><td>HI D.3<\/td><td>Llenguatges de programaci\u00f3<br><sub>Definicions formals i teoria\u00a0 &#8212;\u00a0 Classificacions de llenguatges\u00a0 &#8212;\u00a0 Construccions de llenguatge\u00a0 &#8212;\u00a0 Processadors (compiladors, int\u00e8rprets)<\/sub><\/td><\/tr><tr><td>HI D.4<\/td><td>Sistemes operatius<br><sub>Gesti\u00f3 de processos\u00a0 &#8212;\u00a0Gesti\u00f3 de mem\u00f2ria\u00a0 &#8212;\u00a0Gesti\u00f3 de fitxers\u00a0 &#8212;\u00a0Gesti\u00f3 de comunicacions\u00a0 &#8212;\u00a0Fiabilitat\u00a0 &#8212;\u00a0Seguretat i protecci\u00f3\u00a0 &#8212;\u00a0Organitzaci\u00f3 i disseny\u00a0 &#8212;\u00a0Rendiment\u00a0 &#8212;\u00a0Programes i utilitats<\/sub><\/td><\/tr><tr><td>HI D.m<\/td><td>Miscel\u00b7l\u00e0nia<\/td><\/tr><tr><td>HI E.0<\/td><td>General dades<\/td><\/tr><tr><td>HI E.1<\/td><td>Estructures de dades<\/td><\/tr><tr><td>HI E.2<\/td><td>Representacions de mem\u00f2ria<\/td><\/tr><tr><td>HI E.3<\/td><td>Encriptaci\u00f3 de dades<\/td><\/tr><tr><td>HI E.4<\/td><td>Teoria de la informaci\u00f3 i la codificaci\u00f3<\/td><\/tr><tr><td>HI E.5<\/td><td>Fitxers<\/td><\/tr><tr><td>HI F.0<\/td><td>Inform\u00e0tica te\u00f2rica<\/td><\/tr><tr><td>HI F.1<\/td><td>Models abstractes de c\u00e0lcul<br><sub>Models de c\u00e0lcul (aut\u00f2mats, m\u00e0quines de Turin)\u00a0 &#8212;\u00a0Modalitats de c\u00e0lculs\u00a0 &#8212;\u00a0Classes de complexitat<\/sub><\/td><\/tr><tr><td>HI F.2<\/td><td>An\u00e0lisi d&#8217; algorismes i teoria de la complexitat<br><sub>Algorismes i problemes num\u00e8rics\u00a0 &#8212;\u00a0Algorismes i problemes no num\u00e8rics\u00a0 &#8212;\u00a0Classes de complexitat<\/sub><\/td><\/tr><tr><td>HI F.3<\/td><td>L\u00f2gica i sem\u00e0ntica de programes<br><sub>Especificaci\u00f3 i verificaci\u00f3 de programes\u00a0 &#8212;\u00a0Sem\u00e0ntica de llenguatges de programaci\u00f3\u00a0 &#8212;\u00a0Construccions<\/sub><\/td><\/tr><tr><td>HI F.4<\/td><td>L\u00f2gica matem\u00e0tica i llenguatges formals<br><sub>L\u00f2gica matem\u00e0tica\u00a0 &#8212;\u00a0Gram\u00e0tiques i altres sistemes reescriptors\u00a0 &#8212;\u00a0Llenguatges formals\u00a0<\/sub><\/td><\/tr><tr><td>HI G.4<\/td><td>Matem\u00e0tiques de la inform\u00e0tica<\/td><\/tr><tr><td>HI G.1<\/td><td>An\u00e0lisi num\u00e8ric<\/td><\/tr><tr><td>HI G.2<\/td><td>Matem\u00e0tica discreta<\/td><\/tr><tr><td>HI G.3<\/td><td>Probabilitat i estad\u00edstica<\/td><\/tr><tr><td>HI G.4<\/td><td>Programari matem\u00e0tic<\/td><\/tr><tr><td>HI G.m             <\/td><td>Miscel\u00b7l\u00e0nies<\/td><\/tr><tr><td>HI H.0<\/td><td>Sistemes d&#8217; informaci\u00f3<\/td><\/tr><tr><td>HI H.1<\/td><td>Models i principis<br><sub>Teoria de la informaci\u00f3 i dels sistemes\u00a0 &#8212;\u00a0Sistemes usuari\/m\u00e0quina<\/sub><\/td><\/tr><tr><td>HI H.2<\/td><td>Gesti\u00f3 de bases de dades<br><sub>Disseny l\u00f2gic\u00a0 &#8212;\u00a0Disseny f\u00edsic\u00a0 &#8212;\u00a0Llenguatges\u00a0 &#8212;\u00a0Sistemes\u00a0 &#8212;\u00a0Bases de dades heterog\u00e8nies\u00a0 &#8212;\u00a0M\u00e0quines de bases de dades\u00a0 &#8212;\u00a0Administraci\u00f3 de bases de dades<\/sub><\/td><\/tr><tr><td>HI H.3<\/td><td>Emmagatzematge i recuperaci\u00f3 d&#8217; informaci\u00f3<br><sub>An\u00e0lisi de contingut i indexaci\u00f3\u00a0 &#8212;\u00a0Emmagatzematge de la informaci\u00f3\u00a0 &#8212;\u00a0Recerca i recuperaci\u00f3 de la informaci\u00f3\u00a0 &#8212;\u00a0Sistemes i programari\u00a0 &#8212;\u00a0Serveis de teledocumentaci\u00f3\u00a0 &#8212;\u00a0Automatitzaci\u00f3 de biblioteques<\/sub><\/td><\/tr><tr><td>HI H.4<\/td><td>Aplicacions de sistemes d&#8217; informaci\u00f3<br><sub>Automatitzaci\u00f3 d&#8217; oficines\u00a0 &#8212;\u00a0Tipus de sistemes\u00a0 &#8212;\u00a0Comunicacions<\/sub><\/td><\/tr><tr><td>HI H.5<\/td><td>Interf\u00edcies i presentaci\u00f3 de la informaci\u00f3<br><sub>Sistemes d&#8217; informaci\u00f3 multim\u00e8dia\u00a0 &#8212;\u00a0Interf\u00edcies d&#8217; usuaris\u00a0 &#8212;\u00a0Interf\u00edcies de grup i d&#8217; organitzaci\u00f3<\/sub><\/td><\/tr><tr><td>HI H.m            <\/td><td>Miscel\u00b7l\u00e0nia<\/td><\/tr><tr><td>HI I.0             <\/td><td>Metodologies de la inform\u00e0tica<\/td><\/tr><tr><td>HI I.1<\/td><td>Manipulaci\u00f3 algebraica<br><sub>Representaci\u00f3 d&#8217; expressions\u00a0 &#8212;\u00a0Algorismes\u00a0 &#8212;\u00a0Llenguatges i sistemes\u00a0 &#8212;\u00a0Aplicacions<\/sub><\/td><\/tr><tr><td>HI I.2<\/td><td>Intel\u00b7lig\u00e8ncia artificial<br><sub>Aplicacions i sistemes experts\u00a0 &#8212;\u00a0Programaci\u00f3 autom\u00e0tica\u00a0 &#8212;\u00a0Deducci\u00f3 i demostraci\u00f3 de teoremes\u00a0 &#8212;\u00a0Formulismes i m\u00e8todes de representaci\u00f3 de coneixements\u00a0 &#8212;\u00a0Llenguatges de programaci\u00f3 i software\u00a0 &#8212;\u00a0Aprenentatge\u00a0 &#8212;\u00a0Tractament del llenguatge natural\u00a0 &#8212;\u00a0Resoluci\u00f3 de problemes, exploraci\u00f3 i m\u00e8todes de control\u00a0 &#8212;\u00a0Rob\u00f2tica\u00a0 &#8212;\u00a0Visi\u00f3 i comprensi\u00f3 d&#8217; escenes\u00a0 &#8212;\u00a0Intel\u00b7lig\u00e8ncia artificial distribu\u00efda<\/sub><\/td><\/tr><tr><td>HI I.3<\/td><td>Inform\u00e0tica gr\u00e0fica<br><sub>Arquitectura de m\u00e0quina\u00a0 &#8212;\u00a0Sistemes gr\u00e0fics\u00a0 &#8212;\u00a0Generaci\u00f3 d&#8217;imatges\u00a0 &#8212;\u00a0Programes de serveis\/Utilitats\u00a0 &#8212;\u00a0Geometria inform\u00e0tica i modelitzaci\u00f3 d&#8217;objectes\u00a0 &#8212;\u00a0Metodologia i t\u00e8cniques\u00a0 &#8212;\u00a0Gr\u00e0fics tridimensionals i realisme\u00a0 &#8212;\u00a0Aplicacions<\/sub><\/td><\/tr><tr><td>HI I.4<\/td><td>Tractament de la imatge<br><sub><span class=\"noacceptats\">Digitalitzaci\u00f3<\/span>\u00a0 &#8212;\u00a0<span class=\"noacceptats\">Comprensi\u00f3 de codis<\/span>\u00a0 &#8212;\u00a0<span class=\"noacceptats\">Real\u00e7ament<\/span>\u00a0 &#8212;\u00a0<span class=\"noacceptats\">Restauraci\u00f3<\/span>\u00a0 &#8212;\u00a0<span class=\"noacceptats\">Reconstrucci\u00f3<\/span>\u00a0 &#8212;\u00a0<span class=\"noacceptats\">Segmentaci\u00f3<\/span>\u00a0 &#8212;\u00a0<span class=\"noacceptats\">Mesura de trets<\/span>\u00a0 &#8212;\u00a0<span class=\"noacceptats\">An\u00e0lisi d&#8217; escenes<\/span>\u00a0 &#8212;\u00a0<span class=\"noacceptats\">Aplicacions<\/span><\/sub><\/td><\/tr><tr><td>HI I.5<\/td><td>Reconeixement de formes<br><sub>Models\u00a0 &#8212;\u00a0Metodologia de disseny\u00a0 &#8212;\u00a0Classificaci\u00f3 autom\u00e0tica\u00a0 &#8212;\u00a0Aplicacions\u00a0 &#8212;\u00a0Implementaci\u00f3<\/sub><\/td><\/tr><tr><td>HI I.6<\/td><td>Simulaci\u00f3 i modelitzaci\u00f3<br><sub>Teoria de la simulaci\u00f3\u00a0 &#8212;\u00a0Llenguatge de simulaci\u00f3\u00a0 &#8212;\u00a0Aplicacions. Validaci\u00f3 i an\u00e0lisi de models\u00a0 &#8212;\u00a0Desenvolupament de models\u00a0 &#8212;\u00a0An\u00e0lisi de sortida (Simulaci\u00f3)\u00a0 &#8212;\u00a0Sistemes de suport de simulaci\u00f3\u00a0 &#8212;\u00a0Tipus de simulaci\u00f3<\/sub><\/td><\/tr><tr><td>HI I.7<\/td><td>Tractament de textos<br><sub>Edici\u00f3 de textos\u00a0 &#8212;\u00a0Preparaci\u00f3 de documents\u00a0 &#8212;\u00a0Generaci\u00f3 d&#8217; \u00edndexs<\/sub><\/td><\/tr><tr><td>HI J.0<\/td><td>Aplicacions dels ordinadors<\/td><\/tr><tr><td>HI J.1<\/td><td>Inform\u00e0tica de gesti\u00f3; administraci\u00f3 p\u00fablica<\/td><\/tr><tr><td>HI J.2<\/td><td>Ci\u00e8ncies f\u00edsiques i enginyeria<\/td><\/tr><tr><td>HI J.3<\/td><td>Ci\u00e8ncies biol\u00f2giques i m\u00e8diques<\/td><\/tr><tr><td>HI J.4<\/td><td>Ci\u00e8ncies socials i psicologia<\/td><\/tr><tr><td>HI J.5<\/td><td>Arts i humanitats<\/td><\/tr><tr><td>HI J.6<\/td><td>Ind\u00fastria<\/td><\/tr><tr><td>HI J.7<\/td><td>Ordinadors en altres sistemes<\/td><\/tr><tr><td>HI J.m<\/td><td>Miscel\u00b7l\u00e0nia<\/td><\/tr><tr><td>HI K.0<\/td><td>Altres aspectes de la inform\u00e0tica<\/td><\/tr><tr><td>HI K.1<\/td><td>La ind\u00fastria inform\u00e0tica<\/td><\/tr><tr><td>HI K.2<\/td><td>Hist\u00f2ria de la inform\u00e0tica<\/td><\/tr><tr><td>HI K.3<\/td><td>Inform\u00e0tica i ensenyament<br><sub>Utilitzaci\u00f3 de la inform\u00e0tica en l&#8217;ensenyament\u00a0 &#8212;\u00a0Ensenyament de la inform\u00e0tica<\/sub><\/td><\/tr><tr><td>HI K.4<\/td><td>Inform\u00e0tica i societat<br><sub>Aspectes de planificaci\u00f3 p\u00fablica\u00a0 &#8212;\u00a0Aspectes socials\u00a0 &#8212;\u00a0Impactes en organitzacions<\/sub><\/td><\/tr><tr><td>HI K.5<\/td><td>Aspectes jur\u00eddics<br><sub>Protecci\u00f3 legal dels programaris\u00a0 &#8212;\u00a0Aspectes pol\u00edtics<\/sub><\/td><\/tr><tr><td>HI K.6<\/td><td>Gesti\u00f3 de la inform\u00e0tica i sistemes d&#8217; informaci\u00f3<br><sub>Gesti\u00f3 de projectes i de personal\u00a0 &#8212;\u00a0Gesti\u00f3 d&#8217;instal\u00b7lacions\u00a0 &#8212;\u00a0Gesti\u00f3 de software\u00a0 &#8212;\u00a0Gesti\u00f3 de sistemes\u00a0 &#8212;\u00a0Seguretat i protecci\u00f3<\/sub><\/td><\/tr><tr><td>HI K.7<\/td><td>La professi\u00f3 inform\u00e0tica<br><sub>Tipus de feina\u00a0 &#8212;\u00a0Organitzacions\u00a0 &#8212;\u00a0Titulaci\u00f3<\/sub><\/td><\/tr><tr><td>HI K.8<\/td><td>Inform\u00e0tica personal<br><sub>Paquets d&#8217; aplicaci\u00f3\u00a0 &#8212;\u00a0Maquinari\u00a0 &#8212;\u00a0Gesti\u00f3 i manteniment<\/sub><\/td><\/tr><tr><td>HI K.m<\/td><td>Miscel\u00b7l\u00e0nia<\/td><\/tr><\/tbody><\/table><\/figure>\n\n\n\n<figure class=\"wp-block-table\"><table class=\"has-fixed-layout\"><tbody><tr><td><span style=\"font-family: Verdana, Arial, Helvetica, sans-serif;font-size: xx-small\"><strong>Concreci\u00f3&nbsp;<\/strong><\/span><span style=\"font-family: Verdana, Arial, Helvetica, sans-serif;font-size: xx-small\"><strong>Revisada el 21\/06\/2012<\/strong><\/span><\/td><\/tr><\/tbody><\/table><\/figure>\n","protected":false},"excerpt":{"rendered":"<p>El topogr\u00e0fic dels llibres d\u2019inform\u00e0tica esta format per tres parts: \u2022 Les lletres HI (Hist\u00f2ria de la Inform\u00e0tica)\u2022 Classificaci\u00f3 de la ACM (Association for Computing Machinery) versi\u00f3 1998 simplificada\u2022 Tres primeres lletres de l\u2019autor HI A.0 Bibliografia general: congressos, etc. HI A.1 Bibliografia introduct\u00f2ria i panor\u00e0mica HI A.2 Bibliografia de refer\u00e8ncia HI A.m Miscel\u00b7l\u00e0nia HI [&hellip;]<\/p>\n","protected":false},"author":20,"featured_media":0,"parent":0,"menu_order":0,"comment_status":"closed","ping_status":"closed","template":"","meta":{"footnotes":""},"class_list":["post-66","page","type-page","status-publish","hentry"],"_links":{"self":[{"href":"https:\/\/webs.uab.cat\/recursosbct\/wp-json\/wp\/v2\/pages\/66","targetHints":{"allow":["GET"]}}],"collection":[{"href":"https:\/\/webs.uab.cat\/recursosbct\/wp-json\/wp\/v2\/pages"}],"about":[{"href":"https:\/\/webs.uab.cat\/recursosbct\/wp-json\/wp\/v2\/types\/page"}],"author":[{"embeddable":true,"href":"https:\/\/webs.uab.cat\/recursosbct\/wp-json\/wp\/v2\/users\/20"}],"replies":[{"embeddable":true,"href":"https:\/\/webs.uab.cat\/recursosbct\/wp-json\/wp\/v2\/comments?post=66"}],"version-history":[{"count":3,"href":"https:\/\/webs.uab.cat\/recursosbct\/wp-json\/wp\/v2\/pages\/66\/revisions"}],"predecessor-version":[{"id":599,"href":"https:\/\/webs.uab.cat\/recursosbct\/wp-json\/wp\/v2\/pages\/66\/revisions\/599"}],"wp:attachment":[{"href":"https:\/\/webs.uab.cat\/recursosbct\/wp-json\/wp\/v2\/media?parent=66"}],"curies":[{"name":"wp","href":"https:\/\/api.w.org\/{rel}","templated":true}]}}