{"id":67,"date":"2020-03-24T11:46:18","date_gmt":"2020-03-24T11:46:18","guid":{"rendered":"https:\/\/webs.uab.cat\/recursosbct\/st\/"},"modified":"2020-03-24T11:46:18","modified_gmt":"2020-03-24T11:46:18","slug":"st","status":"publish","type":"page","link":"https:\/\/webs.uab.cat\/recursosbct\/st\/","title":{"rendered":"ST, SERVEIS T\u00c8CNICS"},"content":{"rendered":"<p>&nbsp;<\/p>\n<p class=\"text\">Els documents amb localitzaci\u00f3 Serveis T\u00e8cnics que siguin obres de refer\u00e8ncia i\/o de treball intern portaran un topogr\u00e0fic compost per:<\/p>\n<ul>\n<li class=\"text\">ST<\/li>\n<li class=\"text\">CDU<\/li>\n<li class=\"text\">Lletres de l&#8217; autor<\/li>\n<\/ul>\n<p align=\"left\" class=\"text\">Aix\u00f2 ho farem per tal de diferenciar els documents amb localitzaci\u00f3 Ci\u00e8ncies-Serveis T\u00e8cnics, dels que tenen temporalment aquesta localitzaci\u00f3 perqu\u00e8 estan pendents d&#8217; enquadernar, arreglar, etc.<\/p>\n<table align=\"left\" border=\"0\" width=\"800\">\n<tbody>\n<tr>\n<td class=\"text\">&nbsp;<\/td>\n<td class=\"text\">&nbsp;<\/td>\n<\/tr>\n<tr>\n<td class=\"text rteright\" colspan=\"2\"><font face=\"Verdana, Arial, Helvetica, sans-serif\" size=\"1\"><strong>Concreci\u00f3 <\/strong><\/font><font face=\"Verdana, Arial, Helvetica, sans-serif\" size=\"1\"><strong>Revisada el 21\/06\/2012<\/strong><\/font><\/td>\n<\/tr>\n<\/tbody>\n<\/table>\n","protected":false},"excerpt":{"rendered":"<p>&nbsp; Els documents amb localitzaci\u00f3 Serveis T\u00e8cnics que siguin obres de refer\u00e8ncia i\/o de treball intern portaran un topogr\u00e0fic compost per: ST CDU Lletres de l&#8217; autor Aix\u00f2 ho farem per tal de diferenciar els documents amb localitzaci\u00f3 Ci\u00e8ncies-Serveis T\u00e8cnics, dels que tenen temporalment aquesta localitzaci\u00f3 perqu\u00e8 estan pendents d&#8217; enquadernar, arreglar, etc. &nbsp; &nbsp; [&hellip;]<\/p>\n","protected":false},"author":20,"featured_media":0,"parent":0,"menu_order":0,"comment_status":"closed","ping_status":"closed","template":"","meta":{"footnotes":""},"class_list":["post-67","page","type-page","status-publish","hentry"],"_links":{"self":[{"href":"https:\/\/webs.uab.cat\/recursosbct\/wp-json\/wp\/v2\/pages\/67","targetHints":{"allow":["GET"]}}],"collection":[{"href":"https:\/\/webs.uab.cat\/recursosbct\/wp-json\/wp\/v2\/pages"}],"about":[{"href":"https:\/\/webs.uab.cat\/recursosbct\/wp-json\/wp\/v2\/types\/page"}],"author":[{"embeddable":true,"href":"https:\/\/webs.uab.cat\/recursosbct\/wp-json\/wp\/v2\/users\/20"}],"replies":[{"embeddable":true,"href":"https:\/\/webs.uab.cat\/recursosbct\/wp-json\/wp\/v2\/comments?post=67"}],"version-history":[{"count":0,"href":"https:\/\/webs.uab.cat\/recursosbct\/wp-json\/wp\/v2\/pages\/67\/revisions"}],"wp:attachment":[{"href":"https:\/\/webs.uab.cat\/recursosbct\/wp-json\/wp\/v2\/media?parent=67"}],"curies":[{"name":"wp","href":"https:\/\/api.w.org\/{rel}","templated":true}]}}