{"id":68,"date":"2020-03-24T12:01:30","date_gmt":"2020-03-24T12:01:30","guid":{"rendered":"https:\/\/webs.uab.cat\/recursosbct\/c_autors\/"},"modified":"2020-03-24T12:01:30","modified_gmt":"2020-03-24T12:01:30","slug":"c_autors","status":"publish","type":"page","link":"https:\/\/webs.uab.cat\/recursosbct\/c_autors\/","title":{"rendered":"AUTORS DE LA UAB"},"content":{"rendered":"<table align=\"left\" border=\"0\" class=\"text\" width=\"800\">\n<tbody>\n<tr>\n<td>\n<p>En aquells documents els autors dels quals siguin persones vinculades a la UAB farem una ENTRADA SECUND\u00c0RIA de tots els autors vinculats a la UAB.<\/p>\n<p>Quan hi hagi m\u00e9s de tres autors a l\u2019etiqueta 245 del MARC hi posem nom\u00e9s el primer autor, i posarem la resta d\u2019autors en una nota 508.00<br \/>\n\t\t\tExemple: 508.00 Altres autors: J.J.Martinez, M.M.Garcia, S.S. Rodriguez<\/p>\n<p>Aquesta concreci\u00f3 es far\u00e0 sempre que se s\u00e0piga o hi hagi indicis clars sobre els autors (documents editats per al UAB).<\/p>\n<\/td>\n<\/tr>\n<\/tbody>\n<\/table>\n<\/div>\n<p><!-- InstanceEndEditable --><\/p>\n<table align=\"center\" bgcolor=\"#ffffff\" border=\"0\" cellspacing=\"0\" width=\"800\">\n<tbody>\n<tr valign=\"TOP\">\n<td bordercolor=\"#c0c0c0\"><!-- InstanceBeginEditable name=\"aprovada\" --><\/p>\n<p class=\"rteright\"><font face=\"Verdana, Arial, Helvetica, sans-serif\" size=\"1\"><strong>Concreci\u00f3&nbsp;<\/strong><\/font><font face=\"Verdana, Arial, Helvetica, sans-serif\" size=\"1\"><strong>Revisada el <!-- InstanceBeginEditable name=\"data\" -->21\/06\/2012<!-- InstanceEndEditable --><\/strong><\/font><\/p>\n<\/td>\n<\/tr>\n<\/tbody>\n<tfoot>\n\t<\/tfoot>\n<\/table>\n","protected":false},"excerpt":{"rendered":"<p>En aquells documents els autors dels quals siguin persones vinculades a la UAB farem una ENTRADA SECUND\u00c0RIA de tots els autors vinculats a la UAB. Quan hi hagi m\u00e9s de tres autors a l\u2019etiqueta 245 del MARC hi posem nom\u00e9s el primer autor, i posarem la resta d\u2019autors en una nota 508.00 Exemple: 508.00 Altres [&hellip;]<\/p>\n","protected":false},"author":20,"featured_media":0,"parent":0,"menu_order":0,"comment_status":"closed","ping_status":"closed","template":"","meta":{"footnotes":""},"class_list":["post-68","page","type-page","status-publish","hentry"],"_links":{"self":[{"href":"https:\/\/webs.uab.cat\/recursosbct\/wp-json\/wp\/v2\/pages\/68","targetHints":{"allow":["GET"]}}],"collection":[{"href":"https:\/\/webs.uab.cat\/recursosbct\/wp-json\/wp\/v2\/pages"}],"about":[{"href":"https:\/\/webs.uab.cat\/recursosbct\/wp-json\/wp\/v2\/types\/page"}],"author":[{"embeddable":true,"href":"https:\/\/webs.uab.cat\/recursosbct\/wp-json\/wp\/v2\/users\/20"}],"replies":[{"embeddable":true,"href":"https:\/\/webs.uab.cat\/recursosbct\/wp-json\/wp\/v2\/comments?post=68"}],"version-history":[{"count":0,"href":"https:\/\/webs.uab.cat\/recursosbct\/wp-json\/wp\/v2\/pages\/68\/revisions"}],"wp:attachment":[{"href":"https:\/\/webs.uab.cat\/recursosbct\/wp-json\/wp\/v2\/media?parent=68"}],"curies":[{"name":"wp","href":"https:\/\/api.w.org\/{rel}","templated":true}]}}