{"id":70,"date":"2020-03-24T12:39:13","date_gmt":"2020-03-24T12:39:13","guid":{"rendered":"https:\/\/webs.uab.cat\/recursosbct\/c_exclos\/"},"modified":"2020-03-24T12:39:13","modified_gmt":"2020-03-24T12:39:13","slug":"c_exclos","status":"publish","type":"page","link":"https:\/\/webs.uab.cat\/recursosbct\/c_exclos\/","title":{"rendered":"DOCUMENTS EXCLOSOS DE PR\u00c9STEC"},"content":{"rendered":"<p>A fi de garantir tant la conservaci\u00f3 del patrimoni bibliogr\u00e0fic i documental, com l\u2019acc\u00e9s dels usuaris a la consulta dels documents, el Reglament del Servei de Biblioteques estableix en l\u2019article 26.2 que els usuaris poden utilitzar el servei de pr\u00e9stec que abasta els documents en qualsevol suport, amb les excepcions seg\u00fcents:<br \/>\nA sota de cada categoria es concreten els criteris que s\u2019utilitzen a la Biblioteca.<\/p>\n<ul>\n<li>Obres de refer\u00e8ncia (enciclop\u00e8dies, diccionaris, cat\u00e0legs, bibliografies, etc.):<br class=\"llista\" \/><br \/>\n\t&nbsp; &nbsp; &nbsp; &nbsp;Si hi ha m\u00e9s d\u2019un exemplar es poden prestar durant els caps de setmana<\/li>\n<li>Publicacions peri\u00f2diques:<br \/>\n\t&nbsp; &nbsp; &nbsp; &nbsp; Els monogr\u00e0fics de revisi\u00f3 sobre una disciplina (ex. Annual review, Advances, Progress) es deixen en pr\u00e9stec<\/li>\n<li>Documents antics, rars i preciosos:<br \/>\n\t&nbsp; &nbsp; &nbsp; &nbsp;Documents de la Secci\u00f3 de Reserva<\/li>\n<li>Documents moderns ja exhaurits i dif\u00edcilment reempla\u00e7ables<\/li>\n<li>Documents molt consultats o de cost molt elevat\n<ul>\n<li>Bibliografia \u201cb\u00e0sica\u201d recomanada a les assignatures de 1r i 2n cicle:<br \/>\n\t\t&nbsp; &nbsp; &nbsp; &nbsp;S\u2019exclour\u00e0 un exemplar de l\u2019edici\u00f3 m\u00e9s recent; els exemplars exclosos no s\u00f3n acumulatius \u00e9s a dir s\u2019alliberaran<br \/>\n\t\t&nbsp; &nbsp; &nbsp; &nbsp;exemplars exclosos quan arribi una nova edici\u00f3<\/li>\n<li>&nbsp; &nbsp; &nbsp; &nbsp;Els exclosos es poden prestar durant els caps de setmana<\/li>\n<li>Bibliografia \u201ccomplement\u00e0ria\u201d sols si el professorat recomana excloure de pr\u00e9stec algun exemplar o si l\u2019\u00fas,&nbsp;detectat des del pr\u00e9stec, aix\u00ed ho aconsella.<\/li>\n<li>Obres completes de la Secci\u00f3 d\u2019Hist\u00f2ria de les Ci\u00e8ncies<\/li>\n<li>Documents de treball intern de Serveis T\u00e8cnics<\/li>\n<\/ul>\n<\/li>\n<li>Documents amb fulls solts, diapositives, etc., que no s\u00f3n de lliure acc\u00e9s<\/li>\n<li>Documents no publicats:<br \/>\n\t&nbsp; &nbsp; &nbsp; &nbsp; En aquesta categoria hi incloem tesis doctorals, tesis de llicenciatura, treballs de recerca i projectes de fi de carrera<\/li>\n<li>Atles<\/li>\n<li>Fotogrames i imatges multiespectrals<\/li>\n<li>Dibuixos i estampes<\/li>\n<li>Mapes. Es poden prestar durant la nit, el cap de setmana i per\u00edodes de menys d\u2019un dia<\/li>\n<\/ul>\n<table align=\"left\" bgcolor=\"#ffffff\" border=\"0\" cellspacing=\"0\" width=\"800\">\n<tbody>\n<tr valign=\"TOP\">\n<td bordercolor=\"#c0c0c0\">\n<p class=\"rteright\"><font face=\"Verdana, Arial, Helvetica, sans-serif\" size=\"1\"><strong>Concreci\u00f3 <\/strong><\/font><font face=\"Verdana, Arial, Helvetica, sans-serif\" size=\"1\"><strong>Revisada el 21\/06\/2012<\/strong><\/font><\/p>\n<\/td>\n<\/tr>\n<\/tbody>\n<tfoot>\n\t<\/tfoot>\n<\/table>\n","protected":false},"excerpt":{"rendered":"<p>A fi de garantir tant la conservaci\u00f3 del patrimoni bibliogr\u00e0fic i documental, com l\u2019acc\u00e9s dels usuaris a la consulta dels documents, el Reglament del Servei de Biblioteques estableix en l\u2019article 26.2 que els usuaris poden utilitzar el servei de pr\u00e9stec que abasta els documents en qualsevol suport, amb les excepcions seg\u00fcents: A sota de cada [&hellip;]<\/p>\n","protected":false},"author":20,"featured_media":0,"parent":0,"menu_order":0,"comment_status":"closed","ping_status":"closed","template":"","meta":{"footnotes":""},"class_list":["post-70","page","type-page","status-publish","hentry"],"_links":{"self":[{"href":"https:\/\/webs.uab.cat\/recursosbct\/wp-json\/wp\/v2\/pages\/70","targetHints":{"allow":["GET"]}}],"collection":[{"href":"https:\/\/webs.uab.cat\/recursosbct\/wp-json\/wp\/v2\/pages"}],"about":[{"href":"https:\/\/webs.uab.cat\/recursosbct\/wp-json\/wp\/v2\/types\/page"}],"author":[{"embeddable":true,"href":"https:\/\/webs.uab.cat\/recursosbct\/wp-json\/wp\/v2\/users\/20"}],"replies":[{"embeddable":true,"href":"https:\/\/webs.uab.cat\/recursosbct\/wp-json\/wp\/v2\/comments?post=70"}],"version-history":[{"count":0,"href":"https:\/\/webs.uab.cat\/recursosbct\/wp-json\/wp\/v2\/pages\/70\/revisions"}],"wp:attachment":[{"href":"https:\/\/webs.uab.cat\/recursosbct\/wp-json\/wp\/v2\/media?parent=70"}],"curies":[{"name":"wp","href":"https:\/\/api.w.org\/{rel}","templated":true}]}}