{"id":71,"date":"2020-03-24T12:41:55","date_gmt":"2020-03-24T12:41:55","guid":{"rendered":"https:\/\/webs.uab.cat\/recursosbct\/c_fr\/"},"modified":"2025-02-14T17:05:12","modified_gmt":"2025-02-14T17:05:12","slug":"c_fr","status":"publish","type":"page","link":"https:\/\/webs.uab.cat\/recursosbct\/c_fr\/","title":{"rendered":"FR, Fons Antoni Reguant"},"content":{"rendered":"\n<p>Caracter\u00edstiques dels bibliogr\u00e0fics i exmplars del fons Reguant<\/p>\n\n\n\n<ul class=\"wp-block-list\">\n<li><strong>Posar en el llibre<\/strong>: \u201dFons Antoni Reguant\u201d en llapis<\/li>\n\n\n\n<li><strong>Registre bibliogr\u00e0fic<\/strong>: t\u00edtol adicional 730.0 Fons Antoni Reguant $$<span dir=\"auto\">5 <\/span> <span dir=\"auto\">ES-BaUAB<\/span><\/li>\n\n\n\n<li><strong>Registre d&#8217;exemplar. General<\/strong>:\n<ul class=\"wp-block-list\">\n<li>Pol\u00edtica de l&#8217;exemplar: Llibres &#8211; Excl\u00f2s<\/li>\n\n\n\n<li>Proced\u00e8ncia: Donatiu<\/li>\n\n\n\n<li>Ubicaci\u00f3 permanent, act10: Ci\u00e8ncia i Tecnol- Fons Personals<\/li>\n<\/ul>\n<\/li>\n\n\n\n<li><strong>Registre d&#8217;exemplar. Notes<\/strong>\n<ul class=\"wp-block-list\">\n<li>Nota p\u00fablica: Pr\u00e9stec restringit a professors i investigadors de la UAB 28 dies. Per a professors del CBUC\/CSUC demanar per Pr\u00e9stec Interbibliotecari<\/li>\n\n\n\n<li>Nota de serveis a l&#8217;usuari: Pr\u00e9stec restringit a professors i investigadors de la UAB 28 dies. Per a professors del CBUC\/CSUC demanar per Pr\u00e9stec Interbibliotecari<\/li>\n\n\n\n<li>Nota interna 2: Nota de fons: Antoni Reguant<\/li>\n\n\n\n<li>Nota interna 3: Donatiu Antoni Reguant<\/li>\n<\/ul>\n<\/li>\n\n\n\n<li>\u00a0<strong>Topogr\u00e0fic<\/strong>: FR + 3 numeros CDU + 3 primeres lletres<\/li>\n\n\n\n<li>L\u2019<strong>etiqueta <\/strong>\u00e9s posar\u00e0 sense punt vermell per q\u00fcesti\u00f3 log\u00edstica de pr\u00e9stec<\/li>\n<\/ul>\n\n\n\n<p class=\"has-text-align-right has-small-font-size\">Concreci\u00f3 revisada el 25\/02\/2025<\/p>\n","protected":false},"excerpt":{"rendered":"<p>Caracter\u00edstiques dels bibliogr\u00e0fics i exmplars del fons Reguant Concreci\u00f3 revisada el 25\/02\/2025<\/p>\n","protected":false},"author":20,"featured_media":0,"parent":0,"menu_order":0,"comment_status":"closed","ping_status":"closed","template":"","meta":{"footnotes":""},"class_list":["post-71","page","type-page","status-publish","hentry"],"_links":{"self":[{"href":"https:\/\/webs.uab.cat\/recursosbct\/wp-json\/wp\/v2\/pages\/71","targetHints":{"allow":["GET"]}}],"collection":[{"href":"https:\/\/webs.uab.cat\/recursosbct\/wp-json\/wp\/v2\/pages"}],"about":[{"href":"https:\/\/webs.uab.cat\/recursosbct\/wp-json\/wp\/v2\/types\/page"}],"author":[{"embeddable":true,"href":"https:\/\/webs.uab.cat\/recursosbct\/wp-json\/wp\/v2\/users\/20"}],"replies":[{"embeddable":true,"href":"https:\/\/webs.uab.cat\/recursosbct\/wp-json\/wp\/v2\/comments?post=71"}],"version-history":[{"count":3,"href":"https:\/\/webs.uab.cat\/recursosbct\/wp-json\/wp\/v2\/pages\/71\/revisions"}],"predecessor-version":[{"id":593,"href":"https:\/\/webs.uab.cat\/recursosbct\/wp-json\/wp\/v2\/pages\/71\/revisions\/593"}],"wp:attachment":[{"href":"https:\/\/webs.uab.cat\/recursosbct\/wp-json\/wp\/v2\/media?parent=71"}],"curies":[{"name":"wp","href":"https:\/\/api.w.org\/{rel}","templated":true}]}}